{"id":32755,"date":"2026-02-05T15:18:29","date_gmt":"2026-02-05T15:18:29","guid":{"rendered":"https:\/\/ccbs.web-devtesting.xyz\/tepelene\/"},"modified":"2026-03-06T11:28:07","modified_gmt":"2026-03-06T11:28:07","slug":"tepelene","status":"publish","type":"page","link":"https:\/\/ccbs.al\/sq\/tepelene\/","title":{"rendered":"Tepelene"},"content":{"rendered":"\t\t<div data-elementor-type=\"wp-page\" data-elementor-id=\"32755\" class=\"elementor elementor-32755 elementor-26608\" data-elementor-post-type=\"page\">\n\t\t\t\t<div class=\"elementor-element elementor-element-3698619e e-flex e-con-boxed e-con e-parent\" data-id=\"3698619e\" data-element_type=\"container\" data-e-type=\"container\" data-settings=\"{&quot;background_background&quot;:&quot;classic&quot;}\">\n\t\t\t\t\t<div class=\"e-con-inner\">\n\t\t\t\t\t<\/div>\n\t\t\t\t<\/div>\n\t\t<div class=\"elementor-element elementor-element-cfe74f4 e-flex e-con-boxed e-con e-parent\" data-id=\"cfe74f4\" data-element_type=\"container\" data-e-type=\"container\">\n\t\t\t\t\t<div class=\"e-con-inner\">\n\t\t<div class=\"elementor-element elementor-element-4a5e1984 e-con-full e-flex e-con e-child\" data-id=\"4a5e1984\" data-element_type=\"container\" data-e-type=\"container\">\n\t\t\t\t<div class=\"elementor-element elementor-element-703febca elementor-widget elementor-widget-heading\" data-id=\"703febca\" data-element_type=\"widget\" data-e-type=\"widget\" data-widget_type=\"heading.default\">\n\t\t\t\t\t<h2 class=\"elementor-heading-title elementor-size-default\">Tepelene<\/h2>\t\t\t\t<\/div>\n\t\t\t\t<div class=\"elementor-element elementor-element-6f576d71 elementor-widget elementor-widget-heading\" data-id=\"6f576d71\" data-element_type=\"widget\" data-e-type=\"widget\" data-widget_type=\"heading.default\">\n\t\t\t\t\t<h2 class=\"elementor-heading-title elementor-size-default\"><h2>Nj\u00eb burim mir\u00ebqenieje<span><\/span><\/h2><\/h2>\t\t\t\t<\/div>\n\t\t\t\t<div class=\"elementor-element elementor-element-2175dc68 elementor-widget__width-initial elementor-widget elementor-widget-text-editor\" data-id=\"2175dc68\" data-element_type=\"widget\" data-e-type=\"widget\" data-widget_type=\"text-editor.default\">\n\t\t\t\t\t\t\t\t\tMe origjin\u00eb nga burimi i Tepelen\u00ebs n\u00eb Shqip\u00ebri, uji mineral Tepelene ju ndihmon t\u00eb ndiheni n\u00eb form\u00eb optimale \u00e7do dit\u00eb. Me balanc\u00ebn perfekte t\u00eb krip\u00ebrave minerale, \u00ebsht\u00eb ideal si p\u00ebr t\u00eb rritur ashtu edhe p\u00ebr f\u00ebmij\u00eb.\t\t\t\t\t\t\t\t<\/div>\n\t\t\t\t<div class=\"elementor-element elementor-element-7e670299 elementor-align-left elementor-mobile-align-center elementor-widget elementor-widget-button\" data-id=\"7e670299\" data-element_type=\"widget\" data-e-type=\"widget\" data-widget_type=\"button.default\">\n\t\t\t\t\t\t\t\t\t\t<a class=\"elementor-button elementor-button-link elementor-size-sm\" href=\"#tastes\">\n\t\t\t\t\t\t<span class=\"elementor-button-content-wrapper\">\n\t\t\t\t\t\t<span class=\"elementor-button-icon\">\n\t\t\t\t<svg aria-hidden=\"true\" class=\"e-font-icon-svg e-fas-angle-right\" viewBox=\"0 0 256 512\" xmlns=\"http:\/\/www.w3.org\/2000\/svg\"><path d=\"M224.3 273l-136 136c-9.4 9.4-24.6 9.4-33.9 0l-22.6-22.6c-9.4-9.4-9.4-24.6 0-33.9l96.4-96.4-96.4-96.4c-9.4-9.4-9.4-24.6 0-33.9L54.3 103c9.4-9.4 24.6-9.4 33.9 0l136 136c9.5 9.4 9.5 24.6.1 34z\"><\/path><\/svg>\t\t\t<\/span>\n\t\t\t\t\t\t\t\t\t<span class=\"elementor-button-text\">Zbulo shijet<\/span>\n\t\t\t\t\t<\/span>\n\t\t\t\t\t<\/a>\n\t\t\t\t\t\t\t\t<\/div>\n\t\t\t\t<\/div>\n\t\t<div class=\"elementor-element elementor-element-71b6ec66 e-con-full e-flex e-con e-child\" data-id=\"71b6ec66\" data-element_type=\"container\" data-e-type=\"container\">\n\t\t\t\t<div class=\"elementor-element elementor-element-3d8c6805 elementor-widget elementor-widget-image\" data-id=\"3d8c6805\" data-element_type=\"widget\" data-e-type=\"widget\" data-widget_type=\"image.default\">\n\t\t\t\t\t\t\t\t\t\t\t\t\t\t\t<img fetchpriority=\"high\" decoding=\"async\" width=\"800\" height=\"800\" src=\"https:\/\/ccbs.al\/wp-content\/uploads\/2026\/02\/tepelene-1024x1024.jpg\" class=\"attachment-large size-large wp-image-29827\" alt=\"\" srcset=\"https:\/\/ccbs.al\/wp-content\/uploads\/2026\/02\/tepelene-1024x1024.jpg 1024w, https:\/\/ccbs.al\/wp-content\/uploads\/2026\/02\/tepelene-300x300.jpg 300w, https:\/\/ccbs.al\/wp-content\/uploads\/2026\/02\/tepelene-150x150.jpg 150w, https:\/\/ccbs.al\/wp-content\/uploads\/2026\/02\/tepelene-768x768.jpg 768w, https:\/\/ccbs.al\/wp-content\/uploads\/2026\/02\/tepelene.jpg 1200w\" sizes=\"(max-width: 800px) 100vw, 800px\" \/>\t\t\t\t\t\t\t\t\t\t\t\t\t\t\t<\/div>\n\t\t\t\t<\/div>\n\t\t\t\t\t<\/div>\n\t\t\t\t<\/div>\n\t\t<div class=\"elementor-element elementor-element-4aebd43f e-flex e-con-boxed e-con e-parent\" data-id=\"4aebd43f\" data-element_type=\"container\" data-e-type=\"container\">\n\t\t\t\t\t<div class=\"e-con-inner\">\n\t\t\t\t<div class=\"elementor-element elementor-element-449abb2c elementor-widget-divider--view-line elementor-widget elementor-widget-divider\" data-id=\"449abb2c\" data-element_type=\"widget\" data-e-type=\"widget\" data-widget_type=\"divider.default\">\n\t\t\t\t\t\t\t<div class=\"elementor-divider\">\n\t\t\t<span class=\"elementor-divider-separator\">\n\t\t\t\t\t\t<\/span>\n\t\t<\/div>\n\t\t\t\t\t\t<\/div>\n\t\t\t\t\t<\/div>\n\t\t\t\t<\/div>\n\t\t<div class=\"elementor-element elementor-element-719fd44a e-flex e-con-boxed e-con e-parent\" data-id=\"719fd44a\" data-element_type=\"container\" data-e-type=\"container\" id=\"tastes\">\n\t\t\t\t\t<div class=\"e-con-inner\">\n\t\t\t\t<div class=\"elementor-element elementor-element-f29f0e elementor-widget elementor-widget-heading\" data-id=\"f29f0e\" data-element_type=\"widget\" data-e-type=\"widget\" data-widget_type=\"heading.default\">\n\t\t\t\t\t<h2 class=\"elementor-heading-title elementor-size-default\"><div><div><h3>Zbulo versionet e ndryshme t\u00eb Ujit t\u00eb Ftoht\u00eb Tepelene<span><\/span><\/h3><\/div><\/div><\/h2>\t\t\t\t<\/div>\n\t\t\t\t<div class=\"elementor-element elementor-element-5af4c6ea elementor-widget elementor-widget-product_brand_list\" data-id=\"5af4c6ea\" data-element_type=\"widget\" data-e-type=\"widget\" data-widget_type=\"product_brand_list.default\">\n\t\t\t\t<div class=\"elementor-widget-container\">\n\t\t\t\t\t\r\n        <div class=\"product-brand-grid\">\r\n                            <div class=\"product-brand-card\">\r\n                    <a href=\"https:\/\/ccbs.al\/products\/tepelene\/tepelene-natural-water\/\" class=\"product-img-box\">\r\n                        <img decoding=\"async\" src=\"https:\/\/ccbs.al\/wp-content\/uploads\/2026\/02\/Tepelene-Uje-Natyral-500ml-QELQ-300x913px.png\" alt=\"Product\">\r\n                    <\/a>\r\n                    <h3 class=\"product-title\">Uj\u00eb Natyral Tepelene<\/h3>\r\n                    <div class=\"product-divider\"><\/div>\r\n                    <a href=\"https:\/\/ccbs.al\/products\/tepelene\/tepelene-natural-water\/\" class=\"product-view-link\">\r\n                        Lexo m\u00eb shum\u00eb <span class=\"arrow\">\u2192<\/span>\r\n                    <\/a>\r\n                <\/div>\r\n                            <div class=\"product-brand-card\">\r\n                    <a href=\"https:\/\/ccbs.al\/products\/tepelene\/tepelene-sparkling-water\/\" class=\"product-img-box\">\r\n                        <img decoding=\"async\" src=\"https:\/\/ccbs.al\/wp-content\/uploads\/2026\/02\/Tepelene-Uje-me-Gaz-500ml-QELQ-300x913px.png\" alt=\"Product\">\r\n                    <\/a>\r\n                    <h3 class=\"product-title\">Uj\u00eb i Gazuar Tepelene<\/h3>\r\n                    <div class=\"product-divider\"><\/div>\r\n                    <a href=\"https:\/\/ccbs.al\/products\/tepelene\/tepelene-sparkling-water\/\" class=\"product-view-link\">\r\n                        Lexo m\u00eb shum\u00eb <span class=\"arrow\">\u2192<\/span>\r\n                    <\/a>\r\n                <\/div>\r\n                            <div class=\"product-brand-card\">\r\n                    <a href=\"https:\/\/ccbs.al\/products\/tepelene\/tepelene-peach-vitamin-water\/\" class=\"product-img-box\">\r\n                        <img decoding=\"async\" src=\"https:\/\/ccbs.al\/wp-content\/uploads\/2026\/02\/Tepelene-Uje-Vitamina-Active-1.png\" alt=\"Product\">\r\n                    <\/a>\r\n                    <h3 class=\"product-title\">Uj\u00eb me Vitamina Tepelene me Shije Pjeshke<\/h3>\r\n                    <div class=\"product-divider\"><\/div>\r\n                    <a href=\"https:\/\/ccbs.al\/products\/tepelene\/tepelene-peach-vitamin-water\/\" class=\"product-view-link\">\r\n                        Lexo m\u00eb shum\u00eb <span class=\"arrow\">\u2192<\/span>\r\n                    <\/a>\r\n                <\/div>\r\n                            <div class=\"product-brand-card\">\r\n                    <a href=\"https:\/\/ccbs.al\/products\/tepelene\/tepelene-apple-vitamin-water\/\" class=\"product-img-box\">\r\n                        <img decoding=\"async\" src=\"https:\/\/ccbs.al\/wp-content\/uploads\/2026\/02\/Tepelene-Uje-Vitamina-Balance-1.png\" alt=\"Product\">\r\n                    <\/a>\r\n                    <h3 class=\"product-title\">Uj\u00eb me Vitamina Tepelene me Shije Molle<\/h3>\r\n                    <div class=\"product-divider\"><\/div>\r\n                    <a href=\"https:\/\/ccbs.al\/products\/tepelene\/tepelene-apple-vitamin-water\/\" class=\"product-view-link\">\r\n                        Lexo m\u00eb shum\u00eb <span class=\"arrow\">\u2192<\/span>\r\n                    <\/a>\r\n                <\/div>\r\n                            <div class=\"product-brand-card\">\r\n                    <a href=\"https:\/\/ccbs.al\/products\/tepelene\/tepelene-orange-vitamin-water\/\" class=\"product-img-box\">\r\n                        <img decoding=\"async\" src=\"https:\/\/ccbs.al\/wp-content\/uploads\/2026\/02\/Tepelene-Uje-Vitamina-Wellness-1.png\" alt=\"Product\">\r\n                    <\/a>\r\n                    <h3 class=\"product-title\">Uj\u00eb me Vitamina Tepelene me Shije Portokalli<\/h3>\r\n                    <div class=\"product-divider\"><\/div>\r\n                    <a href=\"https:\/\/ccbs.al\/products\/tepelene\/tepelene-orange-vitamin-water\/\" class=\"product-view-link\">\r\n                        Lexo m\u00eb shum\u00eb <span class=\"arrow\">\u2192<\/span>\r\n                    <\/a>\r\n                <\/div>\r\n                    <\/div>\r\n        \t\t\t\t<\/div>\n\t\t\t\t<\/div>\n\t\t\t\t\t<\/div>\n\t\t\t\t<\/div>\n\t\t<div class=\"elementor-element elementor-element-68d74e1 e-flex e-con-boxed e-con e-parent\" data-id=\"68d74e1\" data-element_type=\"container\" data-e-type=\"container\">\n\t\t\t\t\t<div class=\"e-con-inner\">\n\t\t\t\t<div class=\"elementor-element elementor-element-e5f8086 elementor-widget elementor-widget-shortcode\" data-id=\"e5f8086\" data-element_type=\"widget\" data-e-type=\"widget\" data-widget_type=\"shortcode.default\">\n\t\t\t\t\t\t\t<div class=\"elementor-shortcode\">\t\t<div data-elementor-type=\"section\" data-elementor-id=\"32020\" class=\"elementor elementor-32020 elementor-628\" data-elementor-post-type=\"elementor_library\">\n\t\t\t<div class=\"elementor-element elementor-element-28592c1 e-flex e-con-boxed e-con e-parent\" data-id=\"28592c1\" data-element_type=\"container\" data-e-type=\"container\">\n\t\t\t\t\t<div class=\"e-con-inner\">\n\t\t\t\t<div class=\"elementor-element elementor-element-1d759c6 elementor-widget elementor-widget-brands_slider\" data-id=\"1d759c6\" data-element_type=\"widget\" data-e-type=\"widget\" data-widget_type=\"brands_slider.default\">\n\t\t\t\t<div class=\"elementor-widget-container\">\n\t\t\t\t\t\r\n        <div class=\"brands-container\">\r\n            <div class=\"brands-header\">\r\n                <h2 class=\"brands-title\">BRANDET TONA<\/h2>\r\n                <div class=\"brands-navigation\">\r\n                    <div class=\"swiper-button-prev-custom\" id=\"prev-brands-slider-1d759c6\">\r\n                        <i class=\"fa fa-angle-left\"><\/i>\r\n                    <\/div>\r\n                    <div class=\"swiper-button-next-custom\" id=\"next-brands-slider-1d759c6\">\r\n                        <i class=\"fa fa-angle-right\"><\/i>\r\n                    <\/div>\r\n                <\/div>\r\n            <\/div>\r\n\r\n            <div class=\"brands-slider-wrapper\">\r\n                <div class=\"swiper\" id=\"brands-slider-1d759c6\"\r\n                     data-desktop=\"6\"\r\n                     data-tablet=\"3\"\r\n                     data-mobile=\"2\"\r\n                     data-space=\"40\">\r\n\r\n                    <div class=\"swiper-wrapper\">\r\n                                                    <div class=\"swiper-slide\">\r\n                                <a href=\"https:\/\/ccbs.al\/products\/coca-cola\/\">\r\n                                <img decoding=\"async\" src=\"https:\/\/ccbs.al\/wp-content\/uploads\/2026\/01\/Artboard-1-copy-3.png\" \r\n                                    alt=\"Coca Cola\">\r\n\r\n                                <\/a>                            <\/div>\r\n                                                    <div class=\"swiper-slide\">\r\n                                <a href=\"https:\/\/ccbs.al\/products\/coca-cola\/coca-cola-zero-sugar\/\">\r\n                                <img decoding=\"async\" src=\"https:\/\/ccbs.al\/wp-content\/uploads\/2026\/01\/Artboard-1-copy-4.png\" \r\n                                    alt=\"Coca Cola Zero\">\r\n\r\n                                <\/a>                            <\/div>\r\n                                                    <div class=\"swiper-slide\">\r\n                                <a href=\"https:\/\/ccbs.al\/products\/fanta\/\">\r\n                                <img decoding=\"async\" src=\"https:\/\/ccbs.al\/wp-content\/uploads\/2026\/01\/Artboard-1-copy-8.png\" \r\n                                    alt=\"Fanta\">\r\n\r\n                                <\/a>                            <\/div>\r\n                                                    <div class=\"swiper-slide\">\r\n                                <a href=\"https:\/\/ccbs.al\/products\/sprite\/\">\r\n                                <img decoding=\"async\" src=\"https:\/\/ccbs.al\/wp-content\/uploads\/2026\/01\/Artboard-1.png\" \r\n                                    alt=\"Sprite\">\r\n\r\n                                <\/a>                            <\/div>\r\n                                                    <div class=\"swiper-slide\">\r\n                                <a href=\"https:\/\/ccbs.al\/products\/schweppes\/\">\r\n                                <img decoding=\"async\" src=\"https:\/\/ccbs.al\/wp-content\/uploads\/2026\/01\/Artboard-1-copy.png\" \r\n                                    alt=\"Schweppes\">\r\n\r\n                                <\/a>                            <\/div>\r\n                                                    <div class=\"swiper-slide\">\r\n                                <a href=\"https:\/\/ccbs.al\/products\/powerade\/\">\r\n                                <img decoding=\"async\" src=\"https:\/\/ccbs.al\/wp-content\/uploads\/2026\/01\/Artboard-1-copy-5.png\" \r\n                                    alt=\"Power Ade\">\r\n\r\n                                <\/a>                            <\/div>\r\n                                                    <div class=\"swiper-slide\">\r\n                                <a href=\"https:\/\/ccbs.al\/products\/monster\/\">\r\n                                <img decoding=\"async\" src=\"https:\/\/ccbs.al\/wp-content\/uploads\/2026\/01\/Artboard-1-copy-9.png\" \r\n                                    alt=\"Monster\">\r\n\r\n                                <\/a>                            <\/div>\r\n                                                    <div class=\"swiper-slide\">\r\n                                <a href=\"https:\/\/ccbs.al\/products\/tomarchio\/\">\r\n                                <img decoding=\"async\" src=\"https:\/\/ccbs.al\/wp-content\/uploads\/2026\/01\/Artboard-1-copy-6.png\" \r\n                                    alt=\"Tomarchio\">\r\n\r\n                                <\/a>                            <\/div>\r\n                                                    <div class=\"swiper-slide\">\r\n                                <a href=\"https:\/\/ccbs.al\/products\/tepelene\/\">\r\n                                <img decoding=\"async\" src=\"https:\/\/ccbs.al\/wp-content\/uploads\/2026\/01\/Artboard-1-copy-7.png\" \r\n                                    alt=\"Tepelene\">\r\n\r\n                                <\/a>                            <\/div>\r\n                                                    <div class=\"swiper-slide\">\r\n                                <a href=\"#\">\r\n                                <img decoding=\"async\" src=\"https:\/\/ccbs.al\/wp-content\/uploads\/2026\/01\/Artboard-1-copy-2.png\" \r\n                                    alt=\"Cipriani\">\r\n\r\n                                <\/a>                            <\/div>\r\n                                            <\/div>\r\n                <\/div>\r\n            <\/div>\r\n        <\/div>\r\n\r\n        <script>\r\n            jQuery(document).ready(function ($) {\r\n\r\n            var initSlider = function () {\r\n                var $scope = $('#brands-slider-1d759c6');\r\n\r\n                if (typeof Swiper === 'undefined' || !$scope.length) return;\r\n\r\n                new Swiper($scope[0], {\r\n                    loop: true,\r\n                    slidesPerView: 3,\r\n                    spaceBetween: 20,\r\n                    navigation: {\r\n                        nextEl: '#next-brands-slider-1d759c6',\r\n                        prevEl: '#prev-brands-slider-1d759c6',\r\n                    },\r\n                    breakpoints: {\r\n                        768: { slidesPerView: 4, spaceBetween: 30 },\r\n                        1024: { slidesPerView: 8, spaceBetween: 40 }\r\n                    }\r\n                });\r\n            };\r\n\r\n            \/\/ Run on normal frontend load\r\n            initSlider();\r\n\r\n            \/\/ Elementor editor support (SAFE)\r\n            if (window.elementorFrontend) {\r\n                elementorFrontend.on('components:init', function () {\r\n                    elementorFrontend.hooks.addAction(\r\n                        'frontend\/element_ready\/brands_slider.default',\r\n                        initSlider\r\n                    );\r\n                });\r\n            }\r\n\r\n            });\r\n        <\/script>\r\n        \t\t\t\t<\/div>\n\t\t\t\t<\/div>\n\t\t\t\t\t<\/div>\n\t\t\t\t<\/div>\n\t\t\t\t<\/div>\n\t\t<\/div>\n\t\t\t\t\t\t<\/div>\n\t\t\t\t\t<\/div>\n\t\t\t\t<\/div>\n\t\t\t\t<\/div>\n\t\t","protected":false},"excerpt":{"rendered":"<p> [&hellip;]<\/p>\n","protected":false},"author":1,"featured_media":0,"parent":0,"menu_order":0,"comment_status":"closed","ping_status":"closed","template":"elementor_header_footer","meta":{"_acf_changed":false,"inline_featured_image":false,"footnotes":""},"class_list":["post-32755","page","type-page","status-publish","hentry"],"acf":[],"yoast_head":"<!-- This site is optimized with the Yoast SEO plugin v27.0 - https:\/\/yoast.com\/product\/yoast-seo-wordpress\/ -->\n<title>Tepelene - CCBS<\/title>\n<meta name=\"robots\" content=\"index, follow, max-snippet:-1, max-image-preview:large, max-video-preview:-1\" \/>\n<link rel=\"canonical\" href=\"https:\/\/ccbs.al\/sq\/tepelene\/\" \/>\n<meta property=\"og:locale\" content=\"sq_AL\" \/>\n<meta property=\"og:type\" content=\"article\" \/>\n<meta property=\"og:title\" content=\"Tepelene - CCBS\" \/>\n<meta property=\"og:description\" content=\"[&hellip;]\" \/>\n<meta property=\"og:url\" content=\"https:\/\/ccbs.al\/sq\/tepelene\/\" \/>\n<meta property=\"og:site_name\" content=\"CCBS\" \/>\n<meta property=\"article:modified_time\" content=\"2026-03-06T11:28:07+00:00\" \/>\n<meta property=\"og:image\" content=\"https:\/\/ccbs.al\/wp-content\/uploads\/2026\/02\/tepelene.jpg\" \/>\n\t<meta property=\"og:image:width\" content=\"1200\" \/>\n\t<meta property=\"og:image:height\" content=\"1200\" \/>\n\t<meta property=\"og:image:type\" content=\"image\/jpeg\" \/>\n<meta name=\"twitter:card\" content=\"summary_large_image\" \/>\n<script type=\"application\/ld+json\" class=\"yoast-schema-graph\">{\"@context\":\"https:\/\/schema.org\",\"@graph\":[{\"@type\":\"WebPage\",\"@id\":\"https:\/\/ccbs.al\/sq\/tepelene\/\",\"url\":\"https:\/\/ccbs.al\/sq\/tepelene\/\",\"name\":\"Tepelene - CCBS\",\"isPartOf\":{\"@id\":\"https:\/\/ccbs.al\/sq\/#website\"},\"primaryImageOfPage\":{\"@id\":\"https:\/\/ccbs.al\/sq\/tepelene\/#primaryimage\"},\"image\":{\"@id\":\"https:\/\/ccbs.al\/sq\/tepelene\/#primaryimage\"},\"thumbnailUrl\":\"https:\/\/ccbs.al\/wp-content\/uploads\/2026\/02\/tepelene-1024x1024.jpg\",\"datePublished\":\"2026-02-05T15:18:29+00:00\",\"dateModified\":\"2026-03-06T11:28:07+00:00\",\"breadcrumb\":{\"@id\":\"https:\/\/ccbs.al\/sq\/tepelene\/#breadcrumb\"},\"inLanguage\":\"sq\",\"potentialAction\":[{\"@type\":\"ReadAction\",\"target\":[\"https:\/\/ccbs.al\/sq\/tepelene\/\"]}]},{\"@type\":\"ImageObject\",\"inLanguage\":\"sq\",\"@id\":\"https:\/\/ccbs.al\/sq\/tepelene\/#primaryimage\",\"url\":\"https:\/\/ccbs.al\/wp-content\/uploads\/2026\/02\/tepelene-1024x1024.jpg\",\"contentUrl\":\"https:\/\/ccbs.al\/wp-content\/uploads\/2026\/02\/tepelene-1024x1024.jpg\"},{\"@type\":\"BreadcrumbList\",\"@id\":\"https:\/\/ccbs.al\/sq\/tepelene\/#breadcrumb\",\"itemListElement\":[{\"@type\":\"ListItem\",\"position\":1,\"name\":\"Home\",\"item\":\"https:\/\/ccbs.al\/sq\/\"},{\"@type\":\"ListItem\",\"position\":2,\"name\":\"Tepelene\"}]},{\"@type\":\"WebSite\",\"@id\":\"https:\/\/ccbs.al\/sq\/#website\",\"url\":\"https:\/\/ccbs.al\/sq\/\",\"name\":\"CCBS\",\"description\":\"\",\"potentialAction\":[{\"@type\":\"SearchAction\",\"target\":{\"@type\":\"EntryPoint\",\"urlTemplate\":\"https:\/\/ccbs.al\/sq\/?s={search_term_string}\"},\"query-input\":{\"@type\":\"PropertyValueSpecification\",\"valueRequired\":true,\"valueName\":\"search_term_string\"}}],\"inLanguage\":\"sq\"}]}<\/script>\n<!-- \/ Yoast SEO plugin. -->","yoast_head_json":{"title":"Tepelene - CCBS","robots":{"index":"index","follow":"follow","max-snippet":"max-snippet:-1","max-image-preview":"max-image-preview:large","max-video-preview":"max-video-preview:-1"},"canonical":"https:\/\/ccbs.al\/sq\/tepelene\/","og_locale":"sq_AL","og_type":"article","og_title":"Tepelene - CCBS","og_description":"[&hellip;]","og_url":"https:\/\/ccbs.al\/sq\/tepelene\/","og_site_name":"CCBS","article_modified_time":"2026-03-06T11:28:07+00:00","og_image":[{"width":1200,"height":1200,"url":"https:\/\/ccbs.al\/wp-content\/uploads\/2026\/02\/tepelene.jpg","type":"image\/jpeg"}],"twitter_card":"summary_large_image","schema":{"@context":"https:\/\/schema.org","@graph":[{"@type":"WebPage","@id":"https:\/\/ccbs.al\/sq\/tepelene\/","url":"https:\/\/ccbs.al\/sq\/tepelene\/","name":"Tepelene - CCBS","isPartOf":{"@id":"https:\/\/ccbs.al\/sq\/#website"},"primaryImageOfPage":{"@id":"https:\/\/ccbs.al\/sq\/tepelene\/#primaryimage"},"image":{"@id":"https:\/\/ccbs.al\/sq\/tepelene\/#primaryimage"},"thumbnailUrl":"https:\/\/ccbs.al\/wp-content\/uploads\/2026\/02\/tepelene-1024x1024.jpg","datePublished":"2026-02-05T15:18:29+00:00","dateModified":"2026-03-06T11:28:07+00:00","breadcrumb":{"@id":"https:\/\/ccbs.al\/sq\/tepelene\/#breadcrumb"},"inLanguage":"sq","potentialAction":[{"@type":"ReadAction","target":["https:\/\/ccbs.al\/sq\/tepelene\/"]}]},{"@type":"ImageObject","inLanguage":"sq","@id":"https:\/\/ccbs.al\/sq\/tepelene\/#primaryimage","url":"https:\/\/ccbs.al\/wp-content\/uploads\/2026\/02\/tepelene-1024x1024.jpg","contentUrl":"https:\/\/ccbs.al\/wp-content\/uploads\/2026\/02\/tepelene-1024x1024.jpg"},{"@type":"BreadcrumbList","@id":"https:\/\/ccbs.al\/sq\/tepelene\/#breadcrumb","itemListElement":[{"@type":"ListItem","position":1,"name":"Home","item":"https:\/\/ccbs.al\/sq\/"},{"@type":"ListItem","position":2,"name":"Tepelene"}]},{"@type":"WebSite","@id":"https:\/\/ccbs.al\/sq\/#website","url":"https:\/\/ccbs.al\/sq\/","name":"CCBS","description":"","potentialAction":[{"@type":"SearchAction","target":{"@type":"EntryPoint","urlTemplate":"https:\/\/ccbs.al\/sq\/?s={search_term_string}"},"query-input":{"@type":"PropertyValueSpecification","valueRequired":true,"valueName":"search_term_string"}}],"inLanguage":"sq"}]}},"_links":{"self":[{"href":"https:\/\/ccbs.al\/sq\/wp-json\/wp\/v2\/pages\/32755","targetHints":{"allow":["GET"]}}],"collection":[{"href":"https:\/\/ccbs.al\/sq\/wp-json\/wp\/v2\/pages"}],"about":[{"href":"https:\/\/ccbs.al\/sq\/wp-json\/wp\/v2\/types\/page"}],"author":[{"embeddable":true,"href":"https:\/\/ccbs.al\/sq\/wp-json\/wp\/v2\/users\/1"}],"replies":[{"embeddable":true,"href":"https:\/\/ccbs.al\/sq\/wp-json\/wp\/v2\/comments?post=32755"}],"version-history":[{"count":3,"href":"https:\/\/ccbs.al\/sq\/wp-json\/wp\/v2\/pages\/32755\/revisions"}],"predecessor-version":[{"id":32758,"href":"https:\/\/ccbs.al\/sq\/wp-json\/wp\/v2\/pages\/32755\/revisions\/32758"}],"wp:attachment":[{"href":"https:\/\/ccbs.al\/sq\/wp-json\/wp\/v2\/media?parent=32755"}],"curies":[{"name":"wp","href":"https:\/\/api.w.org\/{rel}","templated":true}]}}