{"id":29939,"date":"2026-01-13T13:41:30","date_gmt":"2026-01-13T13:41:30","guid":{"rendered":"https:\/\/ccbs.web-devtesting.xyz\/puno-me-ne\/"},"modified":"2026-03-04T15:00:59","modified_gmt":"2026-03-04T15:00:59","slug":"puno-me-ne","status":"publish","type":"page","link":"https:\/\/ccbs.al\/sq\/puno-me-ne\/","title":{"rendered":"Puno me ne"},"content":{"rendered":"\t\t<div data-elementor-type=\"wp-page\" data-elementor-id=\"29939\" class=\"elementor elementor-29939 elementor-246\" data-elementor-post-type=\"page\">\n\t\t\t\t<div class=\"elementor-element elementor-element-5e141f3 wavy-shape image-bg e-flex e-con-boxed e-con e-parent\" data-id=\"5e141f3\" data-element_type=\"container\" data-e-type=\"container\">\n\t\t\t\t\t<div class=\"e-con-inner\">\n\t\t\t\t\t<\/div>\n\t\t\t\t<\/div>\n\t\t<div class=\"elementor-element elementor-element-c1a18d0 e-flex e-con-boxed e-con e-parent\" data-id=\"c1a18d0\" data-element_type=\"container\" data-e-type=\"container\">\n\t\t\t\t\t<div class=\"e-con-inner\">\n\t\t<div class=\"elementor-element elementor-element-5f68f8f e-con-full e-flex e-con e-child\" data-id=\"5f68f8f\" data-element_type=\"container\" data-e-type=\"container\">\n\t\t\t\t<div class=\"elementor-element elementor-element-e6c6ab5 elementor-widget__width-initial elementor-widget elementor-widget-heading\" data-id=\"e6c6ab5\" data-element_type=\"widget\" data-e-type=\"widget\" data-widget_type=\"heading.default\">\n\t\t\t\t\t<h2 class=\"elementor-heading-title elementor-size-default\">Zbuloni pozicionet e lira<\/h2>\t\t\t\t<\/div>\n\t\t\t\t<div class=\"elementor-element elementor-element-842a937 elementor-widget__width-initial elementor-widget elementor-widget-text-editor\" data-id=\"842a937\" data-element_type=\"widget\" data-e-type=\"widget\" data-widget_type=\"text-editor.default\">\n\t\t\t\t\t\t\t\t\tKur pasioni, krenaria dhe d\u00ebshira p\u00ebr t\u00eb arritur rezultate bashkohen n\u00eb nj\u00eb, krijohen njer\u00ebzit e CCBS. Ne k\u00ebrkojm\u00eb profesionist\u00eb me p\u00ebrvoj\u00eb q\u00eb duan t\u00eb b\u00ebjn\u00eb diferenc\u00ebn, t\u00eb zhvillojn\u00eb dhe frym\u00ebzojn\u00eb t\u00eb tjer\u00ebt, t\u00eb inkurajojn\u00eb ide t\u00eb reja dhe t\u00eb sjellin rezultate \u2013 njer\u00ebz q\u00eb ndajn\u00eb dhe jetojn\u00eb vlerat tona.\t\t\t\t\t\t\t\t<\/div>\n\t\t\t\t<div class=\"elementor-element elementor-element-54a6e2d elementor-widget__width-initial elementor-widget elementor-widget-text-editor\" data-id=\"54a6e2d\" data-element_type=\"widget\" data-e-type=\"widget\" data-widget_type=\"text-editor.default\">\n\t\t\t\t\t\t\t\t\tN\u00eb CCBS, jemi t\u00eb p\u00ebrkushtuar p\u00ebr t\u00eb rritur biznesin ton\u00eb, p\u00ebr t\u00eb kontribuar n\u00eb komunitetin lokal dhe p\u00ebr t\u00eb zhvilluar njer\u00ebzit tan\u00eb p\u00ebrmes kapaciteteve t\u00eb forta organizative dhe vendosjes s\u00eb njer\u00ebzve t\u00eb duhur n\u00eb pozicionet e duhura.\t\t\t\t\t\t\t\t<\/div>\n\t\t\t\t<\/div>\n\t\t\t\t\t<\/div>\n\t\t\t\t<\/div>\n\t\t<div class=\"elementor-element elementor-element-a949868 e-flex e-con-boxed e-con e-parent\" data-id=\"a949868\" data-element_type=\"container\" data-e-type=\"container\">\n\t\t\t\t\t<div class=\"e-con-inner\">\n\t\t\t\t<div class=\"elementor-element elementor-element-369a886 elementor-widget elementor-widget-simple_apply_grid\" data-id=\"369a886\" data-element_type=\"widget\" data-e-type=\"widget\" data-widget_type=\"simple_apply_grid.default\">\n\t\t\t\t<div class=\"elementor-widget-container\">\n\t\t\t\t\t\r\n        <div class=\"apply-grid-wrapper\">\r\n            <div class=\"apply-grid\">\r\n                                    <div class=\"apply-card\">\r\n                        <a href=\"https:\/\/ccbs.al\/sq\/sales-executive-for-the-vlore-area-seasonal\/\" class=\"apply-title\">Ekzekutiv Shitje p\u00ebr Zon\u00ebn e Vlores (Sezonal)<\/a>\r\n                        \r\n                        <div class=\"apply-excerpt\">\r\n                            CCBS po k\u00ebrkon kandidat\u00eb t\u00eb p\u00ebrshtatsh\u00ebm n\u00eb pozicionin e pun\u00ebs:...                        <\/div>\r\n\r\n                        <a href=\"https:\/\/ccbs.al\/sq\/sales-executive-for-the-vlore-area-seasonal\/\" class=\"apply-btn\">\r\n                            Apliko                            <i class=\"fa fa-arrow-right\"><\/i>\r\n                        <\/a>\r\n                    <\/div>\r\n                                    <div class=\"apply-card\">\r\n                        <a href=\"https:\/\/ccbs.al\/sq\/ekzektiv-shitje-per-zonen-e-korces\/\" class=\"apply-title\">Ekzektiv Shitje p\u00ebr Zon\u00ebn e Korces<\/a>\r\n                        \r\n                        <div class=\"apply-excerpt\">\r\n                            CCBS po k\u00ebrkon kandidat\u00eb t\u00eb p\u00ebrshtatsh\u00ebm n\u00eb pozicionin e pun\u00ebs:...                        <\/div>\r\n\r\n                        <a href=\"https:\/\/ccbs.al\/sq\/ekzektiv-shitje-per-zonen-e-korces\/\" class=\"apply-btn\">\r\n                            Apliko                            <i class=\"fa fa-arrow-right\"><\/i>\r\n                        <\/a>\r\n                    <\/div>\r\n                                    <div class=\"apply-card\">\r\n                        <a href=\"https:\/\/ccbs.al\/sq\/ekzektiv-shitje-horeca-vlore\/\" class=\"apply-title\">Ekzektiv Shitje Horeca Vlore<\/a>\r\n                        \r\n                        <div class=\"apply-excerpt\">\r\n                            CCBS po k\u00ebrkon kandidat\u00eb t\u00eb p\u00ebrshtatsh\u00ebm n\u00eb pozicionin e pun\u00ebs:...                        <\/div>\r\n\r\n                        <a href=\"https:\/\/ccbs.al\/sq\/ekzektiv-shitje-horeca-vlore\/\" class=\"apply-btn\">\r\n                            Apliko                            <i class=\"fa fa-arrow-right\"><\/i>\r\n                        <\/a>\r\n                    <\/div>\r\n                                    <div class=\"apply-card\">\r\n                        <a href=\"https:\/\/ccbs.al\/sq\/graphic-designer-seasonal\/\" class=\"apply-title\">Graphic Designer Seasonal<\/a>\r\n                        \r\n                        <div class=\"apply-excerpt\">\r\n                            CCBS po k\u00ebrkon kandidat\u00eb t\u00eb p\u00ebrshtatsh\u00ebm n\u00eb pozicionin e pun\u00ebs:...                        <\/div>\r\n\r\n                        <a href=\"https:\/\/ccbs.al\/sq\/graphic-designer-seasonal\/\" class=\"apply-btn\">\r\n                            Apliko                            <i class=\"fa fa-arrow-right\"><\/i>\r\n                        <\/a>\r\n                    <\/div>\r\n                                    <div class=\"apply-card\">\r\n                        <a href=\"https:\/\/ccbs.al\/sq\/internship-hr\/\" class=\"apply-title\">Internship (HR)<\/a>\r\n                        \r\n                        <div class=\"apply-excerpt\">\r\n                            CCBS po ofron nj\u00eb mund\u00ebsi internship-i n\u00eb Departamentin e Burimeve...                        <\/div>\r\n\r\n                        <a href=\"https:\/\/ccbs.al\/sq\/internship-hr\/\" class=\"apply-btn\">\r\n                            Apliko                            <i class=\"fa fa-arrow-right\"><\/i>\r\n                        <\/a>\r\n                    <\/div>\r\n                                    <div class=\"apply-card\">\r\n                        <a href=\"https:\/\/ccbs.al\/sq\/it-support-specialist\/\" class=\"apply-title\">IT Support Specialist<\/a>\r\n                        \r\n                        <div class=\"apply-excerpt\">\r\n                            CCBS po k\u00ebrkon kandidat\u00eb t\u00eb p\u00ebrshtatsh\u00ebm n\u00eb pozicionin e pun\u00ebs:...                        <\/div>\r\n\r\n                        <a href=\"https:\/\/ccbs.al\/sq\/it-support-specialist\/\" class=\"apply-btn\">\r\n                            Apliko                            <i class=\"fa fa-arrow-right\"><\/i>\r\n                        <\/a>\r\n                    <\/div>\r\n                                    <div class=\"apply-card\">\r\n                        <a href=\"https:\/\/ccbs.al\/sq\/merchandiser-fier-vlore\/\" class=\"apply-title\">Merchandiser Fier- Vlore<\/a>\r\n                        \r\n                        <div class=\"apply-excerpt\">\r\n                            CCBS po k\u00ebrkon kandidat\u00eb t\u00eb p\u00ebrshtatsh\u00ebm n\u00eb pozicionin e pun\u00ebs:...                        <\/div>\r\n\r\n                        <a href=\"https:\/\/ccbs.al\/sq\/merchandiser-fier-vlore\/\" class=\"apply-btn\">\r\n                            Apliko                            <i class=\"fa fa-arrow-right\"><\/i>\r\n                        <\/a>\r\n                    <\/div>\r\n                                    <div class=\"apply-card\">\r\n                        <a href=\"https:\/\/ccbs.al\/sq\/assistant-warehouse-keeper\/\" class=\"apply-title\">Ndihm\u00ebs Magazinier<\/a>\r\n                        \r\n                        <div class=\"apply-excerpt\">\r\n                            CCBS po k\u00ebrkon kandidat\u00eb t\u00eb p\u00ebrshtatsh\u00ebm n\u00eb pozicionin e pun\u00ebs:...                        <\/div>\r\n\r\n                        <a href=\"https:\/\/ccbs.al\/sq\/assistant-warehouse-keeper\/\" class=\"apply-btn\">\r\n                            Apliko                            <i class=\"fa fa-arrow-right\"><\/i>\r\n                        <\/a>\r\n                    <\/div>\r\n                                    <div class=\"apply-card\">\r\n                        <a href=\"https:\/\/ccbs.al\/sq\/merchandiser-lezhe-lac\/\" class=\"apply-title\">Merchandiser (Lezh\u00eb \u2013 La\u00e7)<\/a>\r\n                        \r\n                        <div class=\"apply-excerpt\">\r\n                            CCBS po k\u00ebrkon kandidat\u00eb t\u00eb p\u00ebrshtatsh\u00ebm n\u00eb pozicionin e pun\u00ebs:...                        <\/div>\r\n\r\n                        <a href=\"https:\/\/ccbs.al\/sq\/merchandiser-lezhe-lac\/\" class=\"apply-btn\">\r\n                            Apliko                            <i class=\"fa fa-arrow-right\"><\/i>\r\n                        <\/a>\r\n                    <\/div>\r\n                                    <div class=\"apply-card\">\r\n                        <a href=\"https:\/\/ccbs.al\/sq\/warehouse-keeper\/\" class=\"apply-title\">Magazinier<\/a>\r\n                        \r\n                        <div class=\"apply-excerpt\">\r\n                            CCBS po k\u00ebrkon kandidat\u00eb t\u00eb p\u00ebrshtatsh\u00ebm n\u00eb pozicionin e pun\u00ebs:...                        <\/div>\r\n\r\n                        <a href=\"https:\/\/ccbs.al\/sq\/warehouse-keeper\/\" class=\"apply-btn\">\r\n                            Apliko                            <i class=\"fa fa-arrow-right\"><\/i>\r\n                        <\/a>\r\n                    <\/div>\r\n                                    <div class=\"apply-card\">\r\n                        <a href=\"https:\/\/ccbs.al\/sq\/sales-executive-for-the-fier-area\/\" class=\"apply-title\">Ekzektiv Shitje p\u00ebr Zon\u00ebn e Fierit<\/a>\r\n                        \r\n                        <div class=\"apply-excerpt\">\r\n                            CCBS po k\u00ebrkon kandidat\u00eb t\u00eb p\u00ebrshtatsh\u00ebm n\u00eb pozicionin e pun\u00ebs:...                        <\/div>\r\n\r\n                        <a href=\"https:\/\/ccbs.al\/sq\/sales-executive-for-the-fier-area\/\" class=\"apply-btn\">\r\n                            Apliko                            <i class=\"fa fa-arrow-right\"><\/i>\r\n                        <\/a>\r\n                    <\/div>\r\n                                    <div class=\"apply-card\">\r\n                        <a href=\"https:\/\/ccbs.al\/sq\/sales-executive-for-the-durres-area\/\" class=\"apply-title\">Ekzektiv Shitje p\u00ebr Zon\u00ebn e Durr\u00ebsit.<\/a>\r\n                        \r\n                        <div class=\"apply-excerpt\">\r\n                            CCBS po k\u00ebrkon kandidat\u00eb t\u00eb p\u00ebrshtatsh\u00ebm n\u00eb pozicionin e pun\u00ebs:...                        <\/div>\r\n\r\n                        <a href=\"https:\/\/ccbs.al\/sq\/sales-executive-for-the-durres-area\/\" class=\"apply-btn\">\r\n                            Apliko                            <i class=\"fa fa-arrow-right\"><\/i>\r\n                        <\/a>\r\n                    <\/div>\r\n                            <\/div>\r\n\r\n            <div class=\"news-pagination\">\r\n                <span aria-current=\"page\" class=\"page-numbers current\">1<\/span>\n<a class=\"page-numbers\" href=\"https:\/\/ccbs.al\/sq\/wp-json\/wp\/v2\/pages\/29939\/?paged=2\">2<\/a>\n<a class=\"next page-numbers\" href=\"https:\/\/ccbs.al\/sq\/wp-json\/wp\/v2\/pages\/29939\/?paged=2\"><i class=\"fa fa-angle-right\"><\/i><\/a>            <\/div>\r\n            \r\n                    <\/div>\r\n        \t\t\t\t<\/div>\n\t\t\t\t<\/div>\n\t\t\t\t\t<\/div>\n\t\t\t\t<\/div>\n\t\t<div class=\"elementor-element elementor-element-48edef8 news-banner e-flex e-con-boxed e-con e-parent\" data-id=\"48edef8\" data-element_type=\"container\" data-e-type=\"container\" data-settings=\"{&quot;background_background&quot;:&quot;classic&quot;,&quot;shape_divider_top&quot;:&quot;waves&quot;}\">\n\t\t\t\t\t<div class=\"e-con-inner\">\n\t\t\t\t<div class=\"elementor-shape elementor-shape-top\" aria-hidden=\"true\" data-negative=\"false\">\n\t\t\t<svg xmlns=\"http:\/\/www.w3.org\/2000\/svg\" viewBox=\"0 0 1000 100\" preserveAspectRatio=\"none\">\n\t<path class=\"elementor-shape-fill\" d=\"M421.9,6.5c22.6-2.5,51.5,0.4,75.5,5.3c23.6,4.9,70.9,23.5,100.5,35.7c75.8,32.2,133.7,44.5,192.6,49.7\n\tc23.6,2.1,48.7,3.5,103.4-2.5c54.7-6,106.2-25.6,106.2-25.6V0H0v30.3c0,0,72,32.6,158.4,30.5c39.2-0.7,92.8-6.7,134-22.4\n\tc21.2-8.1,52.2-18.2,79.7-24.2C399.3,7.9,411.6,7.5,421.9,6.5z\"\/>\n<\/svg>\t\t<\/div>\n\t\t\t\t<div class=\"elementor-element elementor-element-0bf14d0 elementor-widget__width-inherit elementor-widget elementor-widget-shortcode\" data-id=\"0bf14d0\" data-element_type=\"widget\" data-e-type=\"widget\" data-widget_type=\"shortcode.default\">\n\t\t\t\t\t\t\t<div class=\"elementor-shortcode\">    <div class=\"form-page\">\r\n        <div class=\"form-container\">\r\n            <h2 class=\"form-container__title\">Plot\u00ebso t\u00eb dh\u00ebnat<\/h2>\r\n            <hr class=\"form-container__hr\">\r\n            <div id=\"message\" class=\"form-container__message\"><\/div>\r\n            <form id=\"hrms-apply-form\" class=\"form-container__form\">\r\n                <div class=\"form-container__form-group\">\r\n                    <label for=\"name\" class=\"form-container__label\">Emri Mbiemri*<\/label>\r\n                    <input type=\"text\" name=\"name\" id=\"name\" class=\"form-container__input\" placeholder=\"Em\u00ebr Mbiem\u00ebr\" required>\r\n                <\/div>\r\n                <div class=\"form-container__form-group\">\r\n                    <label for=\"dob\" class=\"form-container__label\">Dat\u00eblindja*<\/label>\r\n                    <div class=\"form-container__input-wrapper\">\r\n                        <input type=\"date\" name=\"birthdate\" id=\"dob\" class=\"form-container__input\" required>\r\n                        <i class=\"fas fa-calendar-alt2 form-container__icon\"><\/i>\r\n                    <\/div>\r\n                <\/div>\r\n                <div class=\"form-container__form-group\">\r\n                    <label for=\"education\" class=\"form-container__label\">Arsimi*<\/label>\r\n                    <select name=\"education\" id=\"education\" class=\"form-container__select\" required>\r\n                        <option value=\"none\">None<\/option>\r\n                        <option value=\"High School\">High School<\/option>\r\n                        <option value=\"Bachelor\">Bachelor<\/option>\r\n                        <option value=\"Master\">Master<\/option>\r\n                        <option value=\"Doctorate\">Doctorate<\/option>\r\n                    <\/select>\r\n                <\/div>\r\n                <div class=\"form-container__form-group\">\r\n                    <label for=\"english-level\" class=\"form-container__label\">English Level*<\/label>\r\n                    <select name=\"english_level\" id=\"english-level\" class=\"form-container__select\" required>\r\n                        <option value=\"none\">None<\/option>\r\n                        <option value=\"A1\">A1<\/option>\r\n                        <option value=\"A2\">A2<\/option>\r\n                        <option value=\"B1\">B1<\/option>\r\n                        <option value=\"B2\">B2<\/option>\r\n                        <option value=\"C1\">C1<\/option>\r\n                        <option value=\"C2\">C2<\/option>\r\n                    <\/select>\r\n                <\/div>\r\n                <div class=\"form-container__form-group\">\r\n                    <label for=\"email\" class=\"form-container__label\">Email*<\/label>\r\n                    <div class=\"form-container__input-wrapper\">\r\n                        <input type=\"email\" name=\"email\" id=\"email\" class=\"form-container__input\" placeholder=\"emer.mbiemer@gmail.com\" required>\r\n                        <i class=\"fas fa-envelope2 form-container__icon\"><\/i>\r\n                    <\/div>\r\n                <\/div>\r\n                <div class=\"form-container__form-group\">\r\n                    <label for=\"phone\" class=\"form-container__label\">Nr telefonit*<\/label>\r\n                    <div class=\"form-container__input-wrapper\">\r\n                        <input type=\"tel\" name=\"phone\" id=\"phone\" class=\"form-container__input\" placeholder=\"069 00 00 000\" required>\r\n                        <i class=\"fas fa-phone2 form-container__icon\"><\/i>\r\n                    <\/div>\r\n                <\/div>\r\n                <div class=\"form-container__form-group\">\r\n                    <label for=\"position\" class=\"form-container__label\">Pozicioni*<\/label>\r\n                    <select name=\"job_id\" id=\"position\" class=\"form-container__select\" required>\r\n                        <option value=\"\" disabled selected>- None -<\/option>\r\n                                                                                <option value=\"33\">Ekzekutiv shitjesh p\u00ebr zon\u00ebn e Fierit<\/option>\r\n                                                                                <option value=\"31\">Brand Manager<\/option>\r\n                                                                                <option value=\"29\">Magazinier <\/option>\r\n                                            <\/select>\r\n                <\/div>\r\n                <div class=\"form-container__form-group\">\r\n                    <label for=\"cv\" class=\"form-container__label\">Curriculum (PDF)<\/label>\r\n                    <div class=\"custom-file-upload\">\r\n                        <span class=\"upload-text\">Ngarko PDF<\/span>\r\n                        <input type=\"file\" name=\"cv\" id=\"cv\" class=\"form-container__file-input\" accept=\"application\/pdf\">\r\n                    <\/div>\r\n                    <span id=\"file-name\" class=\"file-name\"><\/span>\r\n                <\/div>\r\n                <button type=\"submit\" class=\"form-container__button\">Apliko<\/button>\r\n            <\/form>\r\n            <p class=\"form-container__note\">P\u00ebr t\u00eb aplikuar ju lutem plot\u00ebsoni t\u00eb gjitha fushat e detyrueshme (*)<\/p>\r\n        <\/div>\r\n    <\/div>\r\n\r\n    <\/div>\n\t\t\t\t\t\t<\/div>\n\t\t\t\t\t<\/div>\n\t\t\t\t<\/div>\n\t\t\t\t<\/div>\n\t\t","protected":false},"excerpt":{"rendered":"<p> [&hellip;]<\/p>\n","protected":false},"author":1,"featured_media":0,"parent":0,"menu_order":0,"comment_status":"closed","ping_status":"closed","template":"elementor_header_footer","meta":{"_acf_changed":false,"inline_featured_image":false,"footnotes":""},"class_list":["post-29939","page","type-page","status-publish","hentry"],"acf":[],"yoast_head":"<!-- This site is optimized with the Yoast SEO plugin v27.0 - https:\/\/yoast.com\/product\/yoast-seo-wordpress\/ -->\n<title>Puno me ne - CCBS<\/title>\n<meta name=\"robots\" content=\"index, follow, max-snippet:-1, max-image-preview:large, max-video-preview:-1\" \/>\n<link rel=\"canonical\" href=\"https:\/\/ccbs.al\/sq\/puno-me-ne\/\" \/>\n<meta property=\"og:locale\" content=\"sq_AL\" \/>\n<meta property=\"og:type\" content=\"article\" \/>\n<meta property=\"og:title\" content=\"Puno me ne - CCBS\" \/>\n<meta property=\"og:description\" content=\"[&hellip;]\" \/>\n<meta property=\"og:url\" content=\"https:\/\/ccbs.al\/sq\/puno-me-ne\/\" \/>\n<meta property=\"og:site_name\" content=\"CCBS\" \/>\n<meta property=\"article:modified_time\" content=\"2026-03-04T15:00:59+00:00\" \/>\n<meta name=\"twitter:card\" content=\"summary_large_image\" \/>\n<meta name=\"twitter:label1\" content=\"Est. reading time\" \/>\n\t<meta name=\"twitter:data1\" content=\"1 minut\u00eb\" \/>\n<script type=\"application\/ld+json\" class=\"yoast-schema-graph\">{\"@context\":\"https:\/\/schema.org\",\"@graph\":[{\"@type\":\"WebPage\",\"@id\":\"https:\/\/ccbs.al\/sq\/puno-me-ne\/\",\"url\":\"https:\/\/ccbs.al\/sq\/puno-me-ne\/\",\"name\":\"Puno me ne - CCBS\",\"isPartOf\":{\"@id\":\"https:\/\/ccbs.al\/sq\/#website\"},\"datePublished\":\"2026-01-13T13:41:30+00:00\",\"dateModified\":\"2026-03-04T15:00:59+00:00\",\"breadcrumb\":{\"@id\":\"https:\/\/ccbs.al\/sq\/puno-me-ne\/#breadcrumb\"},\"inLanguage\":\"sq\",\"potentialAction\":[{\"@type\":\"ReadAction\",\"target\":[\"https:\/\/ccbs.al\/sq\/puno-me-ne\/\"]}]},{\"@type\":\"BreadcrumbList\",\"@id\":\"https:\/\/ccbs.al\/sq\/puno-me-ne\/#breadcrumb\",\"itemListElement\":[{\"@type\":\"ListItem\",\"position\":1,\"name\":\"Home\",\"item\":\"https:\/\/ccbs.al\/sq\/\"},{\"@type\":\"ListItem\",\"position\":2,\"name\":\"Puno me ne\"}]},{\"@type\":\"WebSite\",\"@id\":\"https:\/\/ccbs.al\/sq\/#website\",\"url\":\"https:\/\/ccbs.al\/sq\/\",\"name\":\"CCBS\",\"description\":\"\",\"potentialAction\":[{\"@type\":\"SearchAction\",\"target\":{\"@type\":\"EntryPoint\",\"urlTemplate\":\"https:\/\/ccbs.al\/sq\/?s={search_term_string}\"},\"query-input\":{\"@type\":\"PropertyValueSpecification\",\"valueRequired\":true,\"valueName\":\"search_term_string\"}}],\"inLanguage\":\"sq\"}]}<\/script>\n<!-- \/ Yoast SEO plugin. -->","yoast_head_json":{"title":"Puno me ne - CCBS","robots":{"index":"index","follow":"follow","max-snippet":"max-snippet:-1","max-image-preview":"max-image-preview:large","max-video-preview":"max-video-preview:-1"},"canonical":"https:\/\/ccbs.al\/sq\/puno-me-ne\/","og_locale":"sq_AL","og_type":"article","og_title":"Puno me ne - CCBS","og_description":"[&hellip;]","og_url":"https:\/\/ccbs.al\/sq\/puno-me-ne\/","og_site_name":"CCBS","article_modified_time":"2026-03-04T15:00:59+00:00","twitter_card":"summary_large_image","twitter_misc":{"Est. reading time":"1 minut\u00eb"},"schema":{"@context":"https:\/\/schema.org","@graph":[{"@type":"WebPage","@id":"https:\/\/ccbs.al\/sq\/puno-me-ne\/","url":"https:\/\/ccbs.al\/sq\/puno-me-ne\/","name":"Puno me ne - CCBS","isPartOf":{"@id":"https:\/\/ccbs.al\/sq\/#website"},"datePublished":"2026-01-13T13:41:30+00:00","dateModified":"2026-03-04T15:00:59+00:00","breadcrumb":{"@id":"https:\/\/ccbs.al\/sq\/puno-me-ne\/#breadcrumb"},"inLanguage":"sq","potentialAction":[{"@type":"ReadAction","target":["https:\/\/ccbs.al\/sq\/puno-me-ne\/"]}]},{"@type":"BreadcrumbList","@id":"https:\/\/ccbs.al\/sq\/puno-me-ne\/#breadcrumb","itemListElement":[{"@type":"ListItem","position":1,"name":"Home","item":"https:\/\/ccbs.al\/sq\/"},{"@type":"ListItem","position":2,"name":"Puno me ne"}]},{"@type":"WebSite","@id":"https:\/\/ccbs.al\/sq\/#website","url":"https:\/\/ccbs.al\/sq\/","name":"CCBS","description":"","potentialAction":[{"@type":"SearchAction","target":{"@type":"EntryPoint","urlTemplate":"https:\/\/ccbs.al\/sq\/?s={search_term_string}"},"query-input":{"@type":"PropertyValueSpecification","valueRequired":true,"valueName":"search_term_string"}}],"inLanguage":"sq"}]}},"_links":{"self":[{"href":"https:\/\/ccbs.al\/sq\/wp-json\/wp\/v2\/pages\/29939","targetHints":{"allow":["GET"]}}],"collection":[{"href":"https:\/\/ccbs.al\/sq\/wp-json\/wp\/v2\/pages"}],"about":[{"href":"https:\/\/ccbs.al\/sq\/wp-json\/wp\/v2\/types\/page"}],"author":[{"embeddable":true,"href":"https:\/\/ccbs.al\/sq\/wp-json\/wp\/v2\/users\/1"}],"replies":[{"embeddable":true,"href":"https:\/\/ccbs.al\/sq\/wp-json\/wp\/v2\/comments?post=29939"}],"version-history":[{"count":3,"href":"https:\/\/ccbs.al\/sq\/wp-json\/wp\/v2\/pages\/29939\/revisions"}],"predecessor-version":[{"id":32510,"href":"https:\/\/ccbs.al\/sq\/wp-json\/wp\/v2\/pages\/29939\/revisions\/32510"}],"wp:attachment":[{"href":"https:\/\/ccbs.al\/sq\/wp-json\/wp\/v2\/media?parent=29939"}],"curies":[{"name":"wp","href":"https:\/\/api.w.org\/{rel}","templated":true}]}}