{"id":29937,"date":"2026-01-13T13:39:58","date_gmt":"2026-01-13T13:39:58","guid":{"rendered":"https:\/\/ccbs.web-devtesting.xyz\/vizito-ccbs\/"},"modified":"2026-03-04T14:06:22","modified_gmt":"2026-03-04T14:06:22","slug":"vizito-ccbs","status":"publish","type":"page","link":"https:\/\/ccbs.al\/sq\/vizito-ccbs\/","title":{"rendered":"Vizito CCBS"},"content":{"rendered":"\t\t<div data-elementor-type=\"wp-page\" data-elementor-id=\"29937\" class=\"elementor elementor-29937 elementor-236\" data-elementor-post-type=\"page\">\n\t\t\t\t<div class=\"elementor-element elementor-element-85c9a4c e-flex e-con-boxed e-con e-parent\" data-id=\"85c9a4c\" data-element_type=\"container\" data-e-type=\"container\">\n\t\t\t\t\t<div class=\"e-con-inner\">\n\t\t<div class=\"elementor-element elementor-element-803983d e-con-full e-flex e-con e-child\" data-id=\"803983d\" data-element_type=\"container\" data-e-type=\"container\">\n\t\t\t\t<div class=\"elementor-element elementor-element-69b5103 elementor-widget__width-initial elementor-widget elementor-widget-heading\" data-id=\"69b5103\" data-element_type=\"widget\" data-e-type=\"widget\" data-widget_type=\"heading.default\">\n\t\t\t\t\t<h2 class=\"elementor-heading-title elementor-size-default\">CCBS ka ofruar dhe do t\u00eb vazhdoj\u00eb t\u00eb ofroj\u00eb vizita p\u00ebr student\u00eb dhe p\u00ebr k\u00ebdo q\u00eb d\u00ebshiron t\u00eb vizitoj\u00eb fabrik\u00ebn e prodhimit t\u00eb nj\u00eb prej pijeve m\u00eb t\u00eb famshme n\u00eb bot\u00eb!<\/h2>\t\t\t\t<\/div>\n\t\t\t\t<\/div>\n\t\t\t\t\t<\/div>\n\t\t\t\t<\/div>\n\t\t<div class=\"elementor-element elementor-element-6f75fba e-flex e-con-boxed e-con e-parent\" data-id=\"6f75fba\" data-element_type=\"container\" data-e-type=\"container\">\n\t\t\t\t\t<div class=\"e-con-inner\">\n\t\t\t\t<div class=\"elementor-element elementor-element-9b4da64 elementor-widget__width-initial elementor-widget elementor-widget-text-editor\" data-id=\"9b4da64\" data-element_type=\"widget\" data-e-type=\"widget\" data-widget_type=\"text-editor.default\">\n\t\t\t\t\t\t\t\t\t<p>Kjo vizit\u00eb i jep \u00e7do t\u00eb interesuari mund\u00ebsin\u00eb t\u00eb shoh\u00eb nga af\u00ebr ambientet e prodhimit dhe t\u00eb m\u00ebsoj\u00eb m\u00eb shum\u00eb rreth projekteve dhe nismave q\u00eb lidhen me P\u00ebrgjegj\u00ebsin\u00eb Sociale dhe Q\u00ebndrueshm\u00ebrin\u00eb q\u00eb CCBS ka nd\u00ebrmarr\u00eb nd\u00ebr vite. <\/p>\t\t\t\t\t\t\t\t<\/div>\n\t\t\t\t<div class=\"elementor-element elementor-element-184a468 gallery-spacing-custom gallery-height elementor-widget elementor-widget-image-gallery\" data-id=\"184a468\" data-element_type=\"widget\" data-e-type=\"widget\" data-widget_type=\"image-gallery.default\">\n\t\t\t\t\t\t\t<div class=\"elementor-image-gallery\">\n\t\t\t<div id='gallery-1' class='gallery galleryid-29937 gallery-columns-3 gallery-size-full'><figure class='gallery-item'>\n\t\t\t<div class='gallery-icon landscape'>\n\t\t\t\t<a data-elementor-open-lightbox=\"yes\" data-elementor-lightbox-slideshow=\"184a468\" data-elementor-lightbox-title=\"DSC_1955\" data-e-action-hash=\"#elementor-action%3Aaction%3Dlightbox%26settings%3DeyJpZCI6Mjc1MTUsInVybCI6Imh0dHBzOlwvXC9jY2JzLmFsXC93cC1jb250ZW50XC91cGxvYWRzXC8yMDI2XC8wMlwvRFNDXzE5NTUtc2NhbGVkLmpwZyIsInNsaWRlc2hvdyI6IjE4NGE0NjgifQ%3D%3D\" href='https:\/\/ccbs.al\/wp-content\/uploads\/2026\/02\/DSC_1955-scaled.jpg'><img fetchpriority=\"high\" width=\"2560\" height=\"1890\" src=\"https:\/\/ccbs.al\/wp-content\/uploads\/2026\/02\/DSC_1955-scaled.jpg\" class=\"attachment-full size-full\" alt=\"\" decoding=\"async\" srcset=\"https:\/\/ccbs.al\/wp-content\/uploads\/2026\/02\/DSC_1955-scaled.jpg 2560w, https:\/\/ccbs.al\/wp-content\/uploads\/2026\/02\/DSC_1955-300x221.jpg 300w, https:\/\/ccbs.al\/wp-content\/uploads\/2026\/02\/DSC_1955-1024x756.jpg 1024w, https:\/\/ccbs.al\/wp-content\/uploads\/2026\/02\/DSC_1955-768x567.jpg 768w, https:\/\/ccbs.al\/wp-content\/uploads\/2026\/02\/DSC_1955-1536x1134.jpg 1536w, https:\/\/ccbs.al\/wp-content\/uploads\/2026\/02\/DSC_1955-2048x1512.jpg 2048w\" sizes=\"(max-width: 2560px) 100vw, 2560px\" \/><\/a>\n\t\t\t<\/div><\/figure><figure class='gallery-item'>\n\t\t\t<div class='gallery-icon landscape'>\n\t\t\t\t<a data-elementor-open-lightbox=\"yes\" data-elementor-lightbox-slideshow=\"184a468\" data-elementor-lightbox-title=\"DSC_1981\" data-e-action-hash=\"#elementor-action%3Aaction%3Dlightbox%26settings%3DeyJpZCI6Mjc1MjAsInVybCI6Imh0dHBzOlwvXC9jY2JzLmFsXC93cC1jb250ZW50XC91cGxvYWRzXC8yMDI2XC8wMlwvRFNDXzE5ODEtc2NhbGVkLmpwZyIsInNsaWRlc2hvdyI6IjE4NGE0NjgifQ%3D%3D\" href='https:\/\/ccbs.al\/wp-content\/uploads\/2026\/02\/DSC_1981-scaled.jpg'><img width=\"2560\" height=\"1696\" src=\"https:\/\/ccbs.al\/wp-content\/uploads\/2026\/02\/DSC_1981-scaled.jpg\" class=\"attachment-full size-full\" alt=\"\" decoding=\"async\" srcset=\"https:\/\/ccbs.al\/wp-content\/uploads\/2026\/02\/DSC_1981-scaled.jpg 2560w, https:\/\/ccbs.al\/wp-content\/uploads\/2026\/02\/DSC_1981-300x199.jpg 300w, https:\/\/ccbs.al\/wp-content\/uploads\/2026\/02\/DSC_1981-1024x678.jpg 1024w, https:\/\/ccbs.al\/wp-content\/uploads\/2026\/02\/DSC_1981-768x509.jpg 768w, https:\/\/ccbs.al\/wp-content\/uploads\/2026\/02\/DSC_1981-1536x1017.jpg 1536w, https:\/\/ccbs.al\/wp-content\/uploads\/2026\/02\/DSC_1981-2048x1356.jpg 2048w\" sizes=\"(max-width: 2560px) 100vw, 2560px\" \/><\/a>\n\t\t\t<\/div><\/figure><figure class='gallery-item'>\n\t\t\t<div class='gallery-icon landscape'>\n\t\t\t\t<a data-elementor-open-lightbox=\"yes\" data-elementor-lightbox-slideshow=\"184a468\" data-elementor-lightbox-title=\"DSC_1952\" data-e-action-hash=\"#elementor-action%3Aaction%3Dlightbox%26settings%3DeyJpZCI6Mjc1MTYsInVybCI6Imh0dHBzOlwvXC9jY2JzLmFsXC93cC1jb250ZW50XC91cGxvYWRzXC8yMDI2XC8wMlwvRFNDXzE5NTItc2NhbGVkLmpwZyIsInNsaWRlc2hvdyI6IjE4NGE0NjgifQ%3D%3D\" href='https:\/\/ccbs.al\/wp-content\/uploads\/2026\/02\/DSC_1952-scaled.jpg'><img width=\"2560\" height=\"1501\" src=\"https:\/\/ccbs.al\/wp-content\/uploads\/2026\/02\/DSC_1952-scaled.jpg\" class=\"attachment-full size-full\" alt=\"\" decoding=\"async\" srcset=\"https:\/\/ccbs.al\/wp-content\/uploads\/2026\/02\/DSC_1952-scaled.jpg 2560w, https:\/\/ccbs.al\/wp-content\/uploads\/2026\/02\/DSC_1952-300x176.jpg 300w, https:\/\/ccbs.al\/wp-content\/uploads\/2026\/02\/DSC_1952-1024x600.jpg 1024w, https:\/\/ccbs.al\/wp-content\/uploads\/2026\/02\/DSC_1952-768x450.jpg 768w, https:\/\/ccbs.al\/wp-content\/uploads\/2026\/02\/DSC_1952-1536x901.jpg 1536w, https:\/\/ccbs.al\/wp-content\/uploads\/2026\/02\/DSC_1952-2048x1201.jpg 2048w\" sizes=\"(max-width: 2560px) 100vw, 2560px\" \/><\/a>\n\t\t\t<\/div><\/figure><figure class='gallery-item'>\n\t\t\t<div class='gallery-icon landscape'>\n\t\t\t\t<a data-elementor-open-lightbox=\"yes\" data-elementor-lightbox-slideshow=\"184a468\" data-elementor-lightbox-title=\"DSC_1928\" data-e-action-hash=\"#elementor-action%3Aaction%3Dlightbox%26settings%3DeyJpZCI6Mjc1MTQsInVybCI6Imh0dHBzOlwvXC9jY2JzLmFsXC93cC1jb250ZW50XC91cGxvYWRzXC8yMDI2XC8wMlwvRFNDXzE5Mjgtc2NhbGVkLmpwZyIsInNsaWRlc2hvdyI6IjE4NGE0NjgifQ%3D%3D\" href='https:\/\/ccbs.al\/wp-content\/uploads\/2026\/02\/DSC_1928-scaled.jpg'><img loading=\"lazy\" width=\"2560\" height=\"1425\" src=\"https:\/\/ccbs.al\/wp-content\/uploads\/2026\/02\/DSC_1928-scaled.jpg\" class=\"attachment-full size-full\" alt=\"\" decoding=\"async\" srcset=\"https:\/\/ccbs.al\/wp-content\/uploads\/2026\/02\/DSC_1928-scaled.jpg 2560w, https:\/\/ccbs.al\/wp-content\/uploads\/2026\/02\/DSC_1928-300x167.jpg 300w, https:\/\/ccbs.al\/wp-content\/uploads\/2026\/02\/DSC_1928-1024x570.jpg 1024w, https:\/\/ccbs.al\/wp-content\/uploads\/2026\/02\/DSC_1928-768x428.jpg 768w, https:\/\/ccbs.al\/wp-content\/uploads\/2026\/02\/DSC_1928-1536x855.jpg 1536w, https:\/\/ccbs.al\/wp-content\/uploads\/2026\/02\/DSC_1928-2048x1140.jpg 2048w\" sizes=\"(max-width: 2560px) 100vw, 2560px\" \/><\/a>\n\t\t\t<\/div><\/figure><figure class='gallery-item'>\n\t\t\t<div class='gallery-icon landscape'>\n\t\t\t\t<a data-elementor-open-lightbox=\"yes\" data-elementor-lightbox-slideshow=\"184a468\" data-elementor-lightbox-title=\"DSC_1910\" data-e-action-hash=\"#elementor-action%3Aaction%3Dlightbox%26settings%3DeyJpZCI6Mjc1MTcsInVybCI6Imh0dHBzOlwvXC9jY2JzLmFsXC93cC1jb250ZW50XC91cGxvYWRzXC8yMDI2XC8wMlwvRFNDXzE5MTAtc2NhbGVkLmpwZyIsInNsaWRlc2hvdyI6IjE4NGE0NjgifQ%3D%3D\" href='https:\/\/ccbs.al\/wp-content\/uploads\/2026\/02\/DSC_1910-scaled.jpg'><img loading=\"lazy\" width=\"2560\" height=\"1921\" src=\"https:\/\/ccbs.al\/wp-content\/uploads\/2026\/02\/DSC_1910-scaled.jpg\" class=\"attachment-full size-full\" alt=\"\" decoding=\"async\" srcset=\"https:\/\/ccbs.al\/wp-content\/uploads\/2026\/02\/DSC_1910-scaled.jpg 2560w, https:\/\/ccbs.al\/wp-content\/uploads\/2026\/02\/DSC_1910-300x225.jpg 300w, https:\/\/ccbs.al\/wp-content\/uploads\/2026\/02\/DSC_1910-1024x769.jpg 1024w, https:\/\/ccbs.al\/wp-content\/uploads\/2026\/02\/DSC_1910-768x576.jpg 768w, https:\/\/ccbs.al\/wp-content\/uploads\/2026\/02\/DSC_1910-1536x1153.jpg 1536w, https:\/\/ccbs.al\/wp-content\/uploads\/2026\/02\/DSC_1910-2048x1537.jpg 2048w\" sizes=\"(max-width: 2560px) 100vw, 2560px\" \/><\/a>\n\t\t\t<\/div><\/figure><figure class='gallery-item'>\n\t\t\t<div class='gallery-icon landscape'>\n\t\t\t\t<a data-elementor-open-lightbox=\"yes\" data-elementor-lightbox-slideshow=\"184a468\" data-elementor-lightbox-title=\"DSC_1871\" data-e-action-hash=\"#elementor-action%3Aaction%3Dlightbox%26settings%3DeyJpZCI6Mjc1MjIsInVybCI6Imh0dHBzOlwvXC9jY2JzLmFsXC93cC1jb250ZW50XC91cGxvYWRzXC8yMDI2XC8wMlwvRFNDXzE4NzEtc2NhbGVkLmpwZyIsInNsaWRlc2hvdyI6IjE4NGE0NjgifQ%3D%3D\" href='https:\/\/ccbs.al\/wp-content\/uploads\/2026\/02\/DSC_1871-scaled.jpg'><img loading=\"lazy\" width=\"2560\" height=\"1696\" src=\"https:\/\/ccbs.al\/wp-content\/uploads\/2026\/02\/DSC_1871-scaled.jpg\" class=\"attachment-full size-full\" alt=\"\" decoding=\"async\" srcset=\"https:\/\/ccbs.al\/wp-content\/uploads\/2026\/02\/DSC_1871-scaled.jpg 2560w, https:\/\/ccbs.al\/wp-content\/uploads\/2026\/02\/DSC_1871-300x199.jpg 300w, https:\/\/ccbs.al\/wp-content\/uploads\/2026\/02\/DSC_1871-1024x678.jpg 1024w, https:\/\/ccbs.al\/wp-content\/uploads\/2026\/02\/DSC_1871-768x509.jpg 768w, https:\/\/ccbs.al\/wp-content\/uploads\/2026\/02\/DSC_1871-1536x1017.jpg 1536w, https:\/\/ccbs.al\/wp-content\/uploads\/2026\/02\/DSC_1871-2048x1356.jpg 2048w\" sizes=\"(max-width: 2560px) 100vw, 2560px\" \/><\/a>\n\t\t\t<\/div><\/figure>\n\t\t<\/div>\n\t\t<\/div>\n\t\t\t\t\t\t<\/div>\n\t\t\t\t\t<\/div>\n\t\t\t\t<\/div>\n\t\t<div class=\"elementor-element elementor-element-456dc1e e-flex e-con-boxed e-con e-parent\" data-id=\"456dc1e\" data-element_type=\"container\" data-e-type=\"container\">\n\t\t\t\t\t<div class=\"e-con-inner\">\n\t\t\t\t<div class=\"elementor-element elementor-element-fc6f23b elementor-widget__width-initial elementor-widget elementor-widget-heading\" data-id=\"fc6f23b\" data-element_type=\"widget\" data-e-type=\"widget\" data-widget_type=\"heading.default\">\n\t\t\t\t\t<h2 class=\"elementor-heading-title elementor-size-default\">Nj\u00eb p\u00ebrvoj\u00eb q\u00eb do t\u2019ju mund\u00ebsoj\u00eb t\u00eb njihni CCBS m\u00eb nga af\u00ebr dhe ta mbani mend p\u00ebrgjithmon\u00eb. <\/h2>\t\t\t\t<\/div>\n\t\t\t\t<div class=\"elementor-element elementor-element-f2a9ee5 elementor-mobile-align-start elementor-icon-list--layout-traditional elementor-list-item-link-full_width elementor-widget elementor-widget-icon-list\" data-id=\"f2a9ee5\" data-element_type=\"widget\" data-e-type=\"widget\" data-widget_type=\"icon-list.default\">\n\t\t\t\t\t\t\t<ul class=\"elementor-icon-list-items\">\n\t\t\t\t\t\t\t<li class=\"elementor-icon-list-item\">\n\t\t\t\t\t\t\t\t\t\t\t<a href=\"mailto:info@cocacola.al\">\n\n\t\t\t\t\t\t\t\t\t\t\t\t<span class=\"elementor-icon-list-icon\">\n\t\t\t\t\t\t\t<svg aria-hidden=\"true\" class=\"e-font-icon-svg e-fas-envelope\" viewBox=\"0 0 512 512\" xmlns=\"http:\/\/www.w3.org\/2000\/svg\"><path d=\"M502.3 190.8c3.9-3.1 9.7-.2 9.7 4.7V400c0 26.5-21.5 48-48 48H48c-26.5 0-48-21.5-48-48V195.6c0-5 5.7-7.8 9.7-4.7 22.4 17.4 52.1 39.5 154.1 113.6 21.1 15.4 56.7 47.8 92.2 47.6 35.7.3 72-32.8 92.3-47.6 102-74.1 131.6-96.3 154-113.7zM256 320c23.2.4 56.6-29.2 73.4-41.4 132.7-96.3 142.8-104.7 173.4-128.7 5.8-4.5 9.2-11.5 9.2-18.9v-19c0-26.5-21.5-48-48-48H48C21.5 64 0 85.5 0 112v19c0 7.4 3.4 14.3 9.2 18.9 30.6 23.9 40.7 32.4 173.4 128.7 16.8 12.2 50.2 41.8 73.4 41.4z\"><\/path><\/svg>\t\t\t\t\t\t<\/span>\n\t\t\t\t\t\t\t\t\t\t<span class=\"elementor-icon-list-text\">P\u00ebr rezervime dhe informacion: <b>info@cocacola.al<\/b><\/span>\n\t\t\t\t\t\t\t\t\t\t\t<\/a>\n\t\t\t\t\t\t\t\t\t<\/li>\n\t\t\t\t\t\t<\/ul>\n\t\t\t\t\t\t<\/div>\n\t\t\t\t\t<\/div>\n\t\t\t\t<\/div>\n\t\t\t\t<\/div>\n\t\t","protected":false},"excerpt":{"rendered":"<p> [&hellip;]<\/p>\n","protected":false},"author":1,"featured_media":0,"parent":0,"menu_order":0,"comment_status":"closed","ping_status":"closed","template":"","meta":{"_acf_changed":false,"inline_featured_image":false,"footnotes":""},"class_list":["post-29937","page","type-page","status-publish","hentry"],"acf":[],"yoast_head":"<!-- This site is optimized with the Yoast SEO plugin v27.0 - https:\/\/yoast.com\/product\/yoast-seo-wordpress\/ -->\n<title>Vizito CCBS - CCBS<\/title>\n<meta name=\"robots\" content=\"index, follow, max-snippet:-1, max-image-preview:large, max-video-preview:-1\" \/>\n<link rel=\"canonical\" href=\"https:\/\/ccbs.al\/sq\/vizito-ccbs\/\" \/>\n<meta property=\"og:locale\" content=\"sq_AL\" \/>\n<meta property=\"og:type\" content=\"article\" \/>\n<meta property=\"og:title\" content=\"Vizito CCBS - CCBS\" \/>\n<meta property=\"og:description\" content=\"[&hellip;]\" \/>\n<meta property=\"og:url\" content=\"https:\/\/ccbs.al\/sq\/vizito-ccbs\/\" \/>\n<meta property=\"og:site_name\" content=\"CCBS\" \/>\n<meta property=\"article:modified_time\" content=\"2026-03-04T14:06:22+00:00\" \/>\n<meta property=\"og:image\" content=\"https:\/\/ccbs.al\/wp-content\/uploads\/2026\/02\/DSC_1955-scaled.jpg\" \/>\n<meta name=\"twitter:card\" content=\"summary_large_image\" \/>\n<meta name=\"twitter:label1\" content=\"Est. reading time\" \/>\n\t<meta name=\"twitter:data1\" content=\"1 minut\u00eb\" \/>\n<script type=\"application\/ld+json\" class=\"yoast-schema-graph\">{\"@context\":\"https:\/\/schema.org\",\"@graph\":[{\"@type\":\"WebPage\",\"@id\":\"https:\/\/ccbs.al\/sq\/vizito-ccbs\/\",\"url\":\"https:\/\/ccbs.al\/sq\/vizito-ccbs\/\",\"name\":\"Vizito CCBS - CCBS\",\"isPartOf\":{\"@id\":\"https:\/\/ccbs.al\/sq\/#website\"},\"primaryImageOfPage\":{\"@id\":\"https:\/\/ccbs.al\/sq\/vizito-ccbs\/#primaryimage\"},\"image\":{\"@id\":\"https:\/\/ccbs.al\/sq\/vizito-ccbs\/#primaryimage\"},\"thumbnailUrl\":\"https:\/\/ccbs.al\/wp-content\/uploads\/2026\/02\/DSC_1955-scaled.jpg\",\"datePublished\":\"2026-01-13T13:39:58+00:00\",\"dateModified\":\"2026-03-04T14:06:22+00:00\",\"breadcrumb\":{\"@id\":\"https:\/\/ccbs.al\/sq\/vizito-ccbs\/#breadcrumb\"},\"inLanguage\":\"sq\",\"potentialAction\":[{\"@type\":\"ReadAction\",\"target\":[\"https:\/\/ccbs.al\/sq\/vizito-ccbs\/\"]}]},{\"@type\":\"ImageObject\",\"inLanguage\":\"sq\",\"@id\":\"https:\/\/ccbs.al\/sq\/vizito-ccbs\/#primaryimage\",\"url\":\"https:\/\/ccbs.al\/wp-content\/uploads\/2026\/02\/DSC_1955-scaled.jpg\",\"contentUrl\":\"https:\/\/ccbs.al\/wp-content\/uploads\/2026\/02\/DSC_1955-scaled.jpg\"},{\"@type\":\"BreadcrumbList\",\"@id\":\"https:\/\/ccbs.al\/sq\/vizito-ccbs\/#breadcrumb\",\"itemListElement\":[{\"@type\":\"ListItem\",\"position\":1,\"name\":\"Home\",\"item\":\"https:\/\/ccbs.al\/sq\/\"},{\"@type\":\"ListItem\",\"position\":2,\"name\":\"Vizito CCBS\"}]},{\"@type\":\"WebSite\",\"@id\":\"https:\/\/ccbs.al\/sq\/#website\",\"url\":\"https:\/\/ccbs.al\/sq\/\",\"name\":\"CCBS\",\"description\":\"\",\"potentialAction\":[{\"@type\":\"SearchAction\",\"target\":{\"@type\":\"EntryPoint\",\"urlTemplate\":\"https:\/\/ccbs.al\/sq\/?s={search_term_string}\"},\"query-input\":{\"@type\":\"PropertyValueSpecification\",\"valueRequired\":true,\"valueName\":\"search_term_string\"}}],\"inLanguage\":\"sq\"}]}<\/script>\n<!-- \/ Yoast SEO plugin. -->","yoast_head_json":{"title":"Vizito CCBS - CCBS","robots":{"index":"index","follow":"follow","max-snippet":"max-snippet:-1","max-image-preview":"max-image-preview:large","max-video-preview":"max-video-preview:-1"},"canonical":"https:\/\/ccbs.al\/sq\/vizito-ccbs\/","og_locale":"sq_AL","og_type":"article","og_title":"Vizito CCBS - CCBS","og_description":"[&hellip;]","og_url":"https:\/\/ccbs.al\/sq\/vizito-ccbs\/","og_site_name":"CCBS","article_modified_time":"2026-03-04T14:06:22+00:00","og_image":[{"url":"https:\/\/ccbs.al\/wp-content\/uploads\/2026\/02\/DSC_1955-scaled.jpg","type":"","width":"","height":""}],"twitter_card":"summary_large_image","twitter_misc":{"Est. reading time":"1 minut\u00eb"},"schema":{"@context":"https:\/\/schema.org","@graph":[{"@type":"WebPage","@id":"https:\/\/ccbs.al\/sq\/vizito-ccbs\/","url":"https:\/\/ccbs.al\/sq\/vizito-ccbs\/","name":"Vizito CCBS - CCBS","isPartOf":{"@id":"https:\/\/ccbs.al\/sq\/#website"},"primaryImageOfPage":{"@id":"https:\/\/ccbs.al\/sq\/vizito-ccbs\/#primaryimage"},"image":{"@id":"https:\/\/ccbs.al\/sq\/vizito-ccbs\/#primaryimage"},"thumbnailUrl":"https:\/\/ccbs.al\/wp-content\/uploads\/2026\/02\/DSC_1955-scaled.jpg","datePublished":"2026-01-13T13:39:58+00:00","dateModified":"2026-03-04T14:06:22+00:00","breadcrumb":{"@id":"https:\/\/ccbs.al\/sq\/vizito-ccbs\/#breadcrumb"},"inLanguage":"sq","potentialAction":[{"@type":"ReadAction","target":["https:\/\/ccbs.al\/sq\/vizito-ccbs\/"]}]},{"@type":"ImageObject","inLanguage":"sq","@id":"https:\/\/ccbs.al\/sq\/vizito-ccbs\/#primaryimage","url":"https:\/\/ccbs.al\/wp-content\/uploads\/2026\/02\/DSC_1955-scaled.jpg","contentUrl":"https:\/\/ccbs.al\/wp-content\/uploads\/2026\/02\/DSC_1955-scaled.jpg"},{"@type":"BreadcrumbList","@id":"https:\/\/ccbs.al\/sq\/vizito-ccbs\/#breadcrumb","itemListElement":[{"@type":"ListItem","position":1,"name":"Home","item":"https:\/\/ccbs.al\/sq\/"},{"@type":"ListItem","position":2,"name":"Vizito CCBS"}]},{"@type":"WebSite","@id":"https:\/\/ccbs.al\/sq\/#website","url":"https:\/\/ccbs.al\/sq\/","name":"CCBS","description":"","potentialAction":[{"@type":"SearchAction","target":{"@type":"EntryPoint","urlTemplate":"https:\/\/ccbs.al\/sq\/?s={search_term_string}"},"query-input":{"@type":"PropertyValueSpecification","valueRequired":true,"valueName":"search_term_string"}}],"inLanguage":"sq"}]}},"_links":{"self":[{"href":"https:\/\/ccbs.al\/sq\/wp-json\/wp\/v2\/pages\/29937","targetHints":{"allow":["GET"]}}],"collection":[{"href":"https:\/\/ccbs.al\/sq\/wp-json\/wp\/v2\/pages"}],"about":[{"href":"https:\/\/ccbs.al\/sq\/wp-json\/wp\/v2\/types\/page"}],"author":[{"embeddable":true,"href":"https:\/\/ccbs.al\/sq\/wp-json\/wp\/v2\/users\/1"}],"replies":[{"embeddable":true,"href":"https:\/\/ccbs.al\/sq\/wp-json\/wp\/v2\/comments?post=29937"}],"version-history":[{"count":5,"href":"https:\/\/ccbs.al\/sq\/wp-json\/wp\/v2\/pages\/29937\/revisions"}],"predecessor-version":[{"id":32494,"href":"https:\/\/ccbs.al\/sq\/wp-json\/wp\/v2\/pages\/29937\/revisions\/32494"}],"wp:attachment":[{"href":"https:\/\/ccbs.al\/sq\/wp-json\/wp\/v2\/media?parent=29937"}],"curies":[{"name":"wp","href":"https:\/\/api.w.org\/{rel}","templated":true}]}}