{"id":29926,"date":"2026-01-13T13:40:46","date_gmt":"2026-01-13T13:40:46","guid":{"rendered":"https:\/\/ccbs.web-devtesting.xyz\/promocione\/"},"modified":"2026-03-03T14:07:04","modified_gmt":"2026-03-03T14:07:04","slug":"promocione","status":"publish","type":"page","link":"https:\/\/ccbs.al\/sq\/promocione\/","title":{"rendered":"Promocione"},"content":{"rendered":"\t\t<div data-elementor-type=\"wp-page\" data-elementor-id=\"29926\" class=\"elementor elementor-29926 elementor-242\" data-elementor-post-type=\"page\">\n\t\t\t\t<div class=\"elementor-element elementor-element-8a34a76 e-flex e-con-boxed e-con e-parent\" data-id=\"8a34a76\" data-element_type=\"container\" data-e-type=\"container\">\n\t\t\t\t\t<div class=\"e-con-inner\">\n\t\t<div class=\"elementor-element elementor-element-daf7202 e-con-full e-flex e-con e-child\" data-id=\"daf7202\" data-element_type=\"container\" data-e-type=\"container\">\n\t\t\t\t<div class=\"elementor-element elementor-element-0aa5ee3 elementor-widget__width-initial elementor-widget elementor-widget-heading\" data-id=\"0aa5ee3\" data-element_type=\"widget\" data-e-type=\"widget\" data-widget_type=\"heading.default\">\n\t\t\t\t\t<h2 class=\"elementor-heading-title elementor-size-default\">Promocione p\u00ebr konsumator\u00ebt<\/h2>\t\t\t\t<\/div>\n\t\t\t\t<\/div>\n\t\t\t\t\t<\/div>\n\t\t\t\t<\/div>\n\t\t<div class=\"elementor-element elementor-element-0e518d2 e-flex e-con-boxed e-con e-parent\" data-id=\"0e518d2\" data-element_type=\"container\" data-e-type=\"container\">\n\t\t\t\t\t<div class=\"e-con-inner\">\n\t\t\t\t<div class=\"elementor-element elementor-element-47c5c69 elementor-widget elementor-widget-news_layered_list\" data-id=\"47c5c69\" data-element_type=\"widget\" data-e-type=\"widget\" data-widget_type=\"news_layered_list.default\">\n\t\t\t\t<div class=\"elementor-widget-container\">\n\t\t\t\t\t\r\n        <style>\r\n            \/* Your existing styles remain exactly the same *\/\r\n            .news-list-wrapper { width: 100%; margin: 0 auto; }\r\n            .news-row-item { \r\n                display: flex; align-items: center; gap: 5%; margin-bottom: 30px; background: white; \r\n                box-shadow: 0 0.3rem 1.525rem -0.375rem rgba(51, 53, 77, 0.1), 0 0.25rem 0.8125rem -0.125rem rgba(51, 53, 77, 0.06) !important; \r\n                padding: 30px; \r\n            }\r\n            .news-row-item.is-reverse { flex-direction: row-reverse; }\r\n            .news-image-block { flex: 0 0 50%; position: relative; padding: 40px; display: flex; justify-content: center; align-items: center; }\r\n            .promotion-image { position: absolute; top: 0; left: 0; right: 0; bottom: 0; z-index: 1; opacity: 0.4; filter: blur(20px); }\r\n            .promotion-image img { width: 100%; height: 100%; object-fit: cover; }\r\n            .main-image { position: relative; z-index: 2; box-shadow: 0 15px 45px rgba(0, 0, 0, 0.1); line-height: 0; }\r\n            .main-image img { width: 100%; height: auto; border-radius: 4px; }\r\n            .news-content-block { flex: 0 0 45%; display: flex; flex-direction: column; }\r\n            .news-pill-date { background: var(--e-global-color-primary); color: #fff; padding: 5px 15px; border-radius: 50px; font-size: 13px; font-weight: 700; align-self: flex-start; margin-bottom: 20px; }\r\n            .news-row-title { font-size: 30px; font-weight: 800; color: var(--e-global-color-1e05808); line-height: 1.1; margin: 0 0 20px 0; text-transform: uppercase; }\r\n            .news-row-excerpt { font-size: 20px; color: #676767; line-height: 1.6; margin-bottom: 25px; }\r\n            .news-row-btn { color: var(--e-global-color-primary); text-decoration: none; font-weight: 700; font-size: 14px; text-transform: uppercase; display: flex; align-items: center; gap: 8px; }\r\n            .news-list-wrapper .main-image img { height: auto; width: 100%; object-fit: contain; max-height: 500px; }\r\n            .promotion-image img { height: auto; object-fit: cover; width: 100%; max-height: 500px; }\r\n\r\n            \/* Pagination Styling *\/\r\n            .news-pagination { text-align: center; margin-top: 40px; display: flex; justify-content: center; gap: 10px; }\r\n            .news-pagination .page-numbers { padding: 10px 15px; background: #fff; border: 1px solid #ddd; text-decoration: none; color: #333; border-radius: 4px; }\r\n            .news-pagination .page-numbers.current { background: var(--e-global-color-primary); color: #fff; border-color: var(--e-global-color-primary); }\r\n\r\n            @media (max-width: 991px) {\r\n                .news-row-item, .news-row-item.is-reverse { flex-direction: column; gap: 40px; }\r\n                .news-image-block, .news-content-block { flex: 0 0 100%; }\r\n            }\r\n        <\/style>\r\n\r\n        <div class=\"news-list-wrapper\">\r\n                            <div class=\"news-row-item \">\r\n                    <a href=\"https:\/\/ccbs.al\/sq\/promocioni-coke-meal-momente-te-shijshme-shperblime-emocionuese\/\" class=\"news-image-block\">\r\n                        <div class=\"promotion-image\">\r\n                            <img fetchpriority=\"high\" decoding=\"async\" width=\"300\" height=\"242\" src=\"https:\/\/ccbs.al\/wp-content\/uploads\/2026\/02\/1242x1000px_Coke-Mel-2026-300x242.png\" class=\"attachment-medium size-medium wp-post-image\" alt=\"\" srcset=\"https:\/\/ccbs.al\/wp-content\/uploads\/2026\/02\/1242x1000px_Coke-Mel-2026-300x242.png 300w, https:\/\/ccbs.al\/wp-content\/uploads\/2026\/02\/1242x1000px_Coke-Mel-2026-1024x824.png 1024w, https:\/\/ccbs.al\/wp-content\/uploads\/2026\/02\/1242x1000px_Coke-Mel-2026-768x618.png 768w, https:\/\/ccbs.al\/wp-content\/uploads\/2026\/02\/1242x1000px_Coke-Mel-2026.png 1242w\" sizes=\"(max-width: 300px) 100vw, 300px\" \/>                        <\/div>\r\n                        <div class=\"main-image\">\r\n                            <img decoding=\"async\" width=\"800\" height=\"644\" src=\"https:\/\/ccbs.al\/wp-content\/uploads\/2026\/02\/1242x1000px_Coke-Mel-2026-1024x824.png\" class=\"attachment-large size-large wp-post-image\" alt=\"\" srcset=\"https:\/\/ccbs.al\/wp-content\/uploads\/2026\/02\/1242x1000px_Coke-Mel-2026-1024x824.png 1024w, https:\/\/ccbs.al\/wp-content\/uploads\/2026\/02\/1242x1000px_Coke-Mel-2026-300x242.png 300w, https:\/\/ccbs.al\/wp-content\/uploads\/2026\/02\/1242x1000px_Coke-Mel-2026-768x618.png 768w, https:\/\/ccbs.al\/wp-content\/uploads\/2026\/02\/1242x1000px_Coke-Mel-2026.png 1242w\" sizes=\"(max-width: 800px) 100vw, 800px\" \/>                        <\/div>\r\n                    <\/a>\r\n                    <div class=\"news-content-block\">\r\n                        <div class=\"news-pill-date\">\r\n                            Deri n\u00eb 31 Mars, 2026                        <\/div>\r\n                        <h2 class=\"news-row-title\">Promocioni Coke &amp; Meal \u2013 Momente t\u00eb Shijshme, Shp\u00ebrblime Emocionuese<\/h2>\r\n                        <div class=\"news-row-excerpt\">\r\n                            Vaktet e mira meritojn\u00eb nj\u00eb pije t\u00eb mir\u00eb dhe tani mund t\u2019ju sjellin edhe shp\u00ebrblime fantastike. Me Promocionin Coke &amp; Meal, \u00e7do kafshat\u00eb dhe \u00e7do gll\u00ebnjk\u00eb mund t\u00eb...                        <\/div>\r\n                        <a href=\"https:\/\/ccbs.al\/sq\/promocioni-coke-meal-momente-te-shijshme-shperblime-emocionuese\/\" class=\"news-row-btn\">\r\n                            Shiko promocionin                            <i class=\"fa fa-arrow-right\"><\/i>\r\n                        <\/a>\r\n                    <\/div>\r\n                <\/div>\r\n                            <div class=\"news-row-item is-reverse\">\r\n                    <a href=\"https:\/\/ccbs.al\/sq\/promocioni-fanta-xbox-luaj-fito-perserit\/\" class=\"news-image-block\">\r\n                        <div class=\"promotion-image\">\r\n                            <img decoding=\"async\" width=\"300\" height=\"242\" src=\"https:\/\/ccbs.al\/wp-content\/uploads\/2026\/02\/1242x1000px-Fanta-Xbox-300x242.jpg\" class=\"attachment-medium size-medium wp-post-image\" alt=\"\" srcset=\"https:\/\/ccbs.al\/wp-content\/uploads\/2026\/02\/1242x1000px-Fanta-Xbox-300x242.jpg 300w, https:\/\/ccbs.al\/wp-content\/uploads\/2026\/02\/1242x1000px-Fanta-Xbox-768x618.jpg 768w, https:\/\/ccbs.al\/wp-content\/uploads\/2026\/02\/1242x1000px-Fanta-Xbox.jpg 800w\" sizes=\"(max-width: 300px) 100vw, 300px\" \/>                        <\/div>\r\n                        <div class=\"main-image\">\r\n                            <img loading=\"lazy\" decoding=\"async\" width=\"800\" height=\"644\" src=\"https:\/\/ccbs.al\/wp-content\/uploads\/2026\/02\/1242x1000px-Fanta-Xbox.jpg\" class=\"attachment-large size-large wp-post-image\" alt=\"\" srcset=\"https:\/\/ccbs.al\/wp-content\/uploads\/2026\/02\/1242x1000px-Fanta-Xbox.jpg 800w, https:\/\/ccbs.al\/wp-content\/uploads\/2026\/02\/1242x1000px-Fanta-Xbox-300x242.jpg 300w, https:\/\/ccbs.al\/wp-content\/uploads\/2026\/02\/1242x1000px-Fanta-Xbox-768x618.jpg 768w\" sizes=\"(max-width: 800px) 100vw, 800px\" \/>                        <\/div>\r\n                    <\/a>\r\n                    <div class=\"news-content-block\">\r\n                        <div class=\"news-pill-date\">\r\n                            Deri n\u00eb 28 Shkurt, 2026                        <\/div>\r\n                        <h2 class=\"news-row-title\">Promocioni Fanta Xbox \u2013 Luaj, Fito, P\u00ebrs\u00ebrit!<\/h2>\r\n                        <div class=\"news-row-excerpt\">\r\n                            B\u00ebhuni gati ta ktheni \u00e7do gll\u00ebnjk\u00eb n\u00eb nj\u00eb mund\u00ebsi p\u00ebr t\u00eb fituar! Me Promocionin Fanta Xbox, pija juaj e preferuar me flluska ju afron edhe m\u00eb shum\u00eb me...                        <\/div>\r\n                        <a href=\"https:\/\/ccbs.al\/sq\/promocioni-fanta-xbox-luaj-fito-perserit\/\" class=\"news-row-btn\">\r\n                            Shiko promocionin                            <i class=\"fa fa-arrow-right\"><\/i>\r\n                        <\/a>\r\n                    <\/div>\r\n                <\/div>\r\n                            <div class=\"news-row-item \">\r\n                    <a href=\"https:\/\/ccbs.al\/sq\/fushata-coke-meal\/\" class=\"news-image-block\">\r\n                        <div class=\"promotion-image\">\r\n                            <img loading=\"lazy\" decoding=\"async\" width=\"300\" height=\"242\" src=\"https:\/\/ccbs.al\/wp-content\/uploads\/2025\/03\/1242x1000px-300x242.jpg\" class=\"attachment-medium size-medium wp-post-image\" alt=\"\" srcset=\"https:\/\/ccbs.al\/wp-content\/uploads\/2025\/03\/1242x1000px-300x242.jpg 300w, https:\/\/ccbs.al\/wp-content\/uploads\/2025\/03\/1242x1000px-1024x824.jpg 1024w, https:\/\/ccbs.al\/wp-content\/uploads\/2025\/03\/1242x1000px-768x618.jpg 768w, https:\/\/ccbs.al\/wp-content\/uploads\/2025\/03\/1242x1000px.jpg 1242w\" sizes=\"(max-width: 300px) 100vw, 300px\" \/>                        <\/div>\r\n                        <div class=\"main-image\">\r\n                            <img loading=\"lazy\" decoding=\"async\" width=\"800\" height=\"644\" src=\"https:\/\/ccbs.al\/wp-content\/uploads\/2025\/03\/1242x1000px-1024x824.jpg\" class=\"attachment-large size-large wp-post-image\" alt=\"\" srcset=\"https:\/\/ccbs.al\/wp-content\/uploads\/2025\/03\/1242x1000px-1024x824.jpg 1024w, https:\/\/ccbs.al\/wp-content\/uploads\/2025\/03\/1242x1000px-300x242.jpg 300w, https:\/\/ccbs.al\/wp-content\/uploads\/2025\/03\/1242x1000px-768x618.jpg 768w, https:\/\/ccbs.al\/wp-content\/uploads\/2025\/03\/1242x1000px.jpg 1242w\" sizes=\"(max-width: 800px) 100vw, 800px\" \/>                        <\/div>\r\n                    <\/a>\r\n                    <div class=\"news-content-block\">\r\n                        <div class=\"news-pill-date\">\r\n                            Deri n\u00eb 21 Prill, 2025                        <\/div>\r\n                        <h2 class=\"news-row-title\">Fushata Coke &amp; Meal<\/h2>\r\n                        <div class=\"news-row-excerpt\">\r\n                            Nj\u00eb nga fushatat m\u00eb t\u00eb r\u00ebnd\u00ebsishme t\u00eb vitit, e aktivizuar n\u00eb t\u00eb gjitha kanalet e marketingut \u2013 Coke &amp; Meal!                        <\/div>\r\n                        <a href=\"https:\/\/ccbs.al\/sq\/fushata-coke-meal\/\" class=\"news-row-btn\">\r\n                            Shiko promocionin                            <i class=\"fa fa-arrow-right\"><\/i>\r\n                        <\/a>\r\n                    <\/div>\r\n                <\/div>\r\n            \r\n            <div class=\"news-pagination\">\r\n                <span aria-current=\"page\" class=\"page-numbers current\">1<\/span>\n<a class=\"page-numbers\" href=\"https:\/\/ccbs.al\/sq\/wp-json\/wp\/v2\/pages\/29926\/?paged=2\">2<\/a>\n<a class=\"next page-numbers\" href=\"https:\/\/ccbs.al\/sq\/wp-json\/wp\/v2\/pages\/29926\/?paged=2\"><i class=\"fa fa-angle-right\"><\/i><\/a>            <\/div>\r\n            \r\n                    <\/div>\r\n        \t\t\t\t<\/div>\n\t\t\t\t<\/div>\n\t\t\t\t\t<\/div>\n\t\t\t\t<\/div>\n\t\t\t\t<\/div>\n\t\t","protected":false},"excerpt":{"rendered":"<p> [&hellip;]<\/p>\n","protected":false},"author":1,"featured_media":0,"parent":0,"menu_order":0,"comment_status":"closed","ping_status":"closed","template":"","meta":{"_acf_changed":false,"inline_featured_image":false,"footnotes":""},"class_list":["post-29926","page","type-page","status-publish","hentry"],"acf":[],"yoast_head":"<!-- This site is optimized with the Yoast SEO plugin v27.0 - https:\/\/yoast.com\/product\/yoast-seo-wordpress\/ -->\n<title>Promocione - CCBS<\/title>\n<meta name=\"robots\" content=\"index, follow, max-snippet:-1, max-image-preview:large, max-video-preview:-1\" \/>\n<link rel=\"canonical\" href=\"https:\/\/ccbs.al\/sq\/promocione\/\" \/>\n<meta property=\"og:locale\" content=\"sq_AL\" \/>\n<meta property=\"og:type\" content=\"article\" \/>\n<meta property=\"og:title\" content=\"Promocione - CCBS\" \/>\n<meta property=\"og:description\" content=\"[&hellip;]\" \/>\n<meta property=\"og:url\" content=\"https:\/\/ccbs.al\/sq\/promocione\/\" \/>\n<meta property=\"og:site_name\" content=\"CCBS\" \/>\n<meta property=\"article:modified_time\" content=\"2026-03-03T14:07:04+00:00\" \/>\n<meta property=\"og:image\" content=\"https:\/\/ccbs.al\/wp-content\/uploads\/2026\/02\/1242x1000px_Coke-Mel-2026-300x242.png\" \/>\n<meta name=\"twitter:card\" content=\"summary_large_image\" \/>\n<meta name=\"twitter:label1\" content=\"Est. reading time\" \/>\n\t<meta name=\"twitter:data1\" content=\"1 minut\u00eb\" \/>\n<script type=\"application\/ld+json\" class=\"yoast-schema-graph\">{\"@context\":\"https:\/\/schema.org\",\"@graph\":[{\"@type\":\"WebPage\",\"@id\":\"https:\/\/ccbs.al\/sq\/promocione\/\",\"url\":\"https:\/\/ccbs.al\/sq\/promocione\/\",\"name\":\"Promocione - CCBS\",\"isPartOf\":{\"@id\":\"https:\/\/ccbs.al\/sq\/#website\"},\"primaryImageOfPage\":{\"@id\":\"https:\/\/ccbs.al\/sq\/promocione\/#primaryimage\"},\"image\":{\"@id\":\"https:\/\/ccbs.al\/sq\/promocione\/#primaryimage\"},\"thumbnailUrl\":\"https:\/\/ccbs.al\/wp-content\/uploads\/2026\/02\/1242x1000px_Coke-Mel-2026-300x242.png\",\"datePublished\":\"2026-01-13T13:40:46+00:00\",\"dateModified\":\"2026-03-03T14:07:04+00:00\",\"breadcrumb\":{\"@id\":\"https:\/\/ccbs.al\/sq\/promocione\/#breadcrumb\"},\"inLanguage\":\"sq\",\"potentialAction\":[{\"@type\":\"ReadAction\",\"target\":[\"https:\/\/ccbs.al\/sq\/promocione\/\"]}]},{\"@type\":\"ImageObject\",\"inLanguage\":\"sq\",\"@id\":\"https:\/\/ccbs.al\/sq\/promocione\/#primaryimage\",\"url\":\"https:\/\/ccbs.al\/wp-content\/uploads\/2026\/02\/1242x1000px_Coke-Mel-2026-300x242.png\",\"contentUrl\":\"https:\/\/ccbs.al\/wp-content\/uploads\/2026\/02\/1242x1000px_Coke-Mel-2026-300x242.png\"},{\"@type\":\"BreadcrumbList\",\"@id\":\"https:\/\/ccbs.al\/sq\/promocione\/#breadcrumb\",\"itemListElement\":[{\"@type\":\"ListItem\",\"position\":1,\"name\":\"Home\",\"item\":\"https:\/\/ccbs.al\/sq\/\"},{\"@type\":\"ListItem\",\"position\":2,\"name\":\"Promocione\"}]},{\"@type\":\"WebSite\",\"@id\":\"https:\/\/ccbs.al\/sq\/#website\",\"url\":\"https:\/\/ccbs.al\/sq\/\",\"name\":\"CCBS\",\"description\":\"\",\"potentialAction\":[{\"@type\":\"SearchAction\",\"target\":{\"@type\":\"EntryPoint\",\"urlTemplate\":\"https:\/\/ccbs.al\/sq\/?s={search_term_string}\"},\"query-input\":{\"@type\":\"PropertyValueSpecification\",\"valueRequired\":true,\"valueName\":\"search_term_string\"}}],\"inLanguage\":\"sq\"}]}<\/script>\n<!-- \/ Yoast SEO plugin. -->","yoast_head_json":{"title":"Promocione - CCBS","robots":{"index":"index","follow":"follow","max-snippet":"max-snippet:-1","max-image-preview":"max-image-preview:large","max-video-preview":"max-video-preview:-1"},"canonical":"https:\/\/ccbs.al\/sq\/promocione\/","og_locale":"sq_AL","og_type":"article","og_title":"Promocione - CCBS","og_description":"[&hellip;]","og_url":"https:\/\/ccbs.al\/sq\/promocione\/","og_site_name":"CCBS","article_modified_time":"2026-03-03T14:07:04+00:00","og_image":[{"url":"https:\/\/ccbs.al\/wp-content\/uploads\/2026\/02\/1242x1000px_Coke-Mel-2026-300x242.png","type":"","width":"","height":""}],"twitter_card":"summary_large_image","twitter_misc":{"Est. reading time":"1 minut\u00eb"},"schema":{"@context":"https:\/\/schema.org","@graph":[{"@type":"WebPage","@id":"https:\/\/ccbs.al\/sq\/promocione\/","url":"https:\/\/ccbs.al\/sq\/promocione\/","name":"Promocione - CCBS","isPartOf":{"@id":"https:\/\/ccbs.al\/sq\/#website"},"primaryImageOfPage":{"@id":"https:\/\/ccbs.al\/sq\/promocione\/#primaryimage"},"image":{"@id":"https:\/\/ccbs.al\/sq\/promocione\/#primaryimage"},"thumbnailUrl":"https:\/\/ccbs.al\/wp-content\/uploads\/2026\/02\/1242x1000px_Coke-Mel-2026-300x242.png","datePublished":"2026-01-13T13:40:46+00:00","dateModified":"2026-03-03T14:07:04+00:00","breadcrumb":{"@id":"https:\/\/ccbs.al\/sq\/promocione\/#breadcrumb"},"inLanguage":"sq","potentialAction":[{"@type":"ReadAction","target":["https:\/\/ccbs.al\/sq\/promocione\/"]}]},{"@type":"ImageObject","inLanguage":"sq","@id":"https:\/\/ccbs.al\/sq\/promocione\/#primaryimage","url":"https:\/\/ccbs.al\/wp-content\/uploads\/2026\/02\/1242x1000px_Coke-Mel-2026-300x242.png","contentUrl":"https:\/\/ccbs.al\/wp-content\/uploads\/2026\/02\/1242x1000px_Coke-Mel-2026-300x242.png"},{"@type":"BreadcrumbList","@id":"https:\/\/ccbs.al\/sq\/promocione\/#breadcrumb","itemListElement":[{"@type":"ListItem","position":1,"name":"Home","item":"https:\/\/ccbs.al\/sq\/"},{"@type":"ListItem","position":2,"name":"Promocione"}]},{"@type":"WebSite","@id":"https:\/\/ccbs.al\/sq\/#website","url":"https:\/\/ccbs.al\/sq\/","name":"CCBS","description":"","potentialAction":[{"@type":"SearchAction","target":{"@type":"EntryPoint","urlTemplate":"https:\/\/ccbs.al\/sq\/?s={search_term_string}"},"query-input":{"@type":"PropertyValueSpecification","valueRequired":true,"valueName":"search_term_string"}}],"inLanguage":"sq"}]}},"_links":{"self":[{"href":"https:\/\/ccbs.al\/sq\/wp-json\/wp\/v2\/pages\/29926","targetHints":{"allow":["GET"]}}],"collection":[{"href":"https:\/\/ccbs.al\/sq\/wp-json\/wp\/v2\/pages"}],"about":[{"href":"https:\/\/ccbs.al\/sq\/wp-json\/wp\/v2\/types\/page"}],"author":[{"embeddable":true,"href":"https:\/\/ccbs.al\/sq\/wp-json\/wp\/v2\/users\/1"}],"replies":[{"embeddable":true,"href":"https:\/\/ccbs.al\/sq\/wp-json\/wp\/v2\/comments?post=29926"}],"version-history":[{"count":3,"href":"https:\/\/ccbs.al\/sq\/wp-json\/wp\/v2\/pages\/29926\/revisions"}],"predecessor-version":[{"id":32383,"href":"https:\/\/ccbs.al\/sq\/wp-json\/wp\/v2\/pages\/29926\/revisions\/32383"}],"wp:attachment":[{"href":"https:\/\/ccbs.al\/sq\/wp-json\/wp\/v2\/media?parent=29926"}],"curies":[{"name":"wp","href":"https:\/\/api.w.org\/{rel}","templated":true}]}}