{"id":29801,"date":"2026-02-05T14:25:01","date_gmt":"2026-02-05T14:25:01","guid":{"rendered":"https:\/\/ccbs.web-devtesting.xyz\/sprite\/"},"modified":"2026-03-05T09:14:38","modified_gmt":"2026-03-05T09:14:38","slug":"sprite","status":"publish","type":"page","link":"https:\/\/ccbs.al\/sq\/sprite\/","title":{"rendered":"Sprite"},"content":{"rendered":"\t\t<div data-elementor-type=\"wp-page\" data-elementor-id=\"29801\" class=\"elementor elementor-29801 elementor-26573\" data-elementor-post-type=\"page\">\n\t\t\t\t<div class=\"elementor-element elementor-element-7d335151 e-flex e-con-boxed e-con e-parent\" data-id=\"7d335151\" data-element_type=\"container\" data-e-type=\"container\" data-settings=\"{&quot;background_background&quot;:&quot;classic&quot;}\">\n\t\t\t\t\t<div class=\"e-con-inner\">\n\t\t\t\t\t<\/div>\n\t\t\t\t<\/div>\n\t\t<div class=\"elementor-element elementor-element-65740cef e-flex e-con-boxed e-con e-parent\" data-id=\"65740cef\" data-element_type=\"container\" data-e-type=\"container\">\n\t\t\t\t\t<div class=\"e-con-inner\">\n\t\t<div class=\"elementor-element elementor-element-722ab9f2 e-con-full e-flex e-con e-child\" data-id=\"722ab9f2\" data-element_type=\"container\" data-e-type=\"container\">\n\t\t\t\t<div class=\"elementor-element elementor-element-56657643 elementor-widget elementor-widget-heading\" data-id=\"56657643\" data-element_type=\"widget\" data-e-type=\"widget\" data-widget_type=\"heading.default\">\n\t\t\t\t\t<h2 class=\"elementor-heading-title elementor-size-default\">Sprite<\/h2>\t\t\t\t<\/div>\n\t\t\t\t<div class=\"elementor-element elementor-element-2df51374 elementor-widget elementor-widget-heading\" data-id=\"2df51374\" data-element_type=\"widget\" data-e-type=\"widget\" data-widget_type=\"heading.default\">\n\t\t\t\t\t<h2 class=\"elementor-heading-title elementor-size-default\">Ana e gazuar e jet\u00ebs\n<\/h2>\t\t\t\t<\/div>\n\t\t\t\t<div class=\"elementor-element elementor-element-27796b7d elementor-widget__width-initial elementor-widget elementor-widget-text-editor\" data-id=\"27796b7d\" data-element_type=\"widget\" data-e-type=\"widget\" data-widget_type=\"text-editor.default\">\n\t\t\t\t\t\t\t\t\tLan\u00e7uar n\u00eb Gjermani n\u00eb vitin 1959 me emrin \u201cFanta klare zitrone\u201d (Fanta limon i past\u00ebr), pija u prezantua n\u00eb Shtetet e Bashkuara dy vjet m\u00eb von\u00eb. N\u00eb Itali u shfaq vet\u00ebm n\u00eb vitin 1981. P\u00ebr ta b\u00ebr\u00eb menj\u00ebher\u00eb t\u00eb dallueshme, produkti u tregtua n\u00eb nj\u00eb shishe t\u00eb ve\u00e7ant\u00eb jeshile me dizajn flluske ajri n\u00eb an\u00eb.  \t\t\t\t\t\t\t\t<\/div>\n\t\t\t\t<div class=\"elementor-element elementor-element-730a88aa elementor-align-left elementor-mobile-align-center elementor-widget elementor-widget-button\" data-id=\"730a88aa\" data-element_type=\"widget\" data-e-type=\"widget\" data-widget_type=\"button.default\">\n\t\t\t\t\t\t\t\t\t\t<a class=\"elementor-button elementor-button-link elementor-size-sm\" href=\"#taste\">\n\t\t\t\t\t\t<span class=\"elementor-button-content-wrapper\">\n\t\t\t\t\t\t<span class=\"elementor-button-icon\">\n\t\t\t\t<svg aria-hidden=\"true\" class=\"e-font-icon-svg e-fas-angle-right\" viewBox=\"0 0 256 512\" xmlns=\"http:\/\/www.w3.org\/2000\/svg\"><path d=\"M224.3 273l-136 136c-9.4 9.4-24.6 9.4-33.9 0l-22.6-22.6c-9.4-9.4-9.4-24.6 0-33.9l96.4-96.4-96.4-96.4c-9.4-9.4-9.4-24.6 0-33.9L54.3 103c9.4-9.4 24.6-9.4 33.9 0l136 136c9.5 9.4 9.5 24.6.1 34z\"><\/path><\/svg>\t\t\t<\/span>\n\t\t\t\t\t\t\t\t\t<span class=\"elementor-button-text\"> Zbulo shijet <\/span>\n\t\t\t\t\t<\/span>\n\t\t\t\t\t<\/a>\n\t\t\t\t\t\t\t\t<\/div>\n\t\t\t\t<\/div>\n\t\t<div class=\"elementor-element elementor-element-34af67a0 e-con-full e-flex e-con e-child\" data-id=\"34af67a0\" data-element_type=\"container\" data-e-type=\"container\">\n\t\t\t\t<div class=\"elementor-element elementor-element-7a0c4742 elementor-widget elementor-widget-image\" data-id=\"7a0c4742\" data-element_type=\"widget\" data-e-type=\"widget\" data-widget_type=\"image.default\">\n\t\t\t\t\t\t\t\t\t\t\t\t\t\t\t<img fetchpriority=\"high\" decoding=\"async\" width=\"800\" height=\"800\" src=\"https:\/\/ccbs.al\/wp-content\/uploads\/2026\/02\/sprite-immagine-consumo-1-1024x1024.jpg\" class=\"attachment-large size-large wp-image-29800\" alt=\"\" srcset=\"https:\/\/ccbs.al\/wp-content\/uploads\/2026\/02\/sprite-immagine-consumo-1-1024x1024.jpg 1024w, https:\/\/ccbs.al\/wp-content\/uploads\/2026\/02\/sprite-immagine-consumo-1-300x300.jpg 300w, https:\/\/ccbs.al\/wp-content\/uploads\/2026\/02\/sprite-immagine-consumo-1-150x150.jpg 150w, https:\/\/ccbs.al\/wp-content\/uploads\/2026\/02\/sprite-immagine-consumo-1-768x768.jpg 768w, https:\/\/ccbs.al\/wp-content\/uploads\/2026\/02\/sprite-immagine-consumo-1.jpg 1200w\" sizes=\"(max-width: 800px) 100vw, 800px\" \/>\t\t\t\t\t\t\t\t\t\t\t\t\t\t\t<\/div>\n\t\t\t\t<\/div>\n\t\t\t\t\t<\/div>\n\t\t\t\t<\/div>\n\t\t<div class=\"elementor-element elementor-element-2d53d8b1 e-flex e-con-boxed e-con e-parent\" data-id=\"2d53d8b1\" data-element_type=\"container\" data-e-type=\"container\">\n\t\t\t\t\t<div class=\"e-con-inner\">\n\t\t\t\t<div class=\"elementor-element elementor-element-47208bef elementor-widget-divider--view-line elementor-widget elementor-widget-divider\" data-id=\"47208bef\" data-element_type=\"widget\" data-e-type=\"widget\" data-widget_type=\"divider.default\">\n\t\t\t\t\t\t\t<div class=\"elementor-divider\">\n\t\t\t<span class=\"elementor-divider-separator\">\n\t\t\t\t\t\t<\/span>\n\t\t<\/div>\n\t\t\t\t\t\t<\/div>\n\t\t\t\t\t<\/div>\n\t\t\t\t<\/div>\n\t\t<div class=\"elementor-element elementor-element-137bf655 e-flex e-con-boxed e-con e-parent\" data-id=\"137bf655\" data-element_type=\"container\" data-e-type=\"container\" id=\"taste\">\n\t\t\t\t\t<div class=\"e-con-inner\">\n\t\t\t\t<div class=\"elementor-element elementor-element-2cc68466 elementor-widget elementor-widget-heading\" data-id=\"2cc68466\" data-element_type=\"widget\" data-e-type=\"widget\" data-widget_type=\"heading.default\">\n\t\t\t\t\t<h2 class=\"elementor-heading-title elementor-size-default\">Zbulo shijet e pijes m\u00eb t\u00eb gazuar n\u00eb planet\n<\/h2>\t\t\t\t<\/div>\n\t\t\t\t<div class=\"elementor-element elementor-element-429b4948 elementor-widget elementor-widget-product_brand_list\" data-id=\"429b4948\" data-element_type=\"widget\" data-e-type=\"widget\" data-widget_type=\"product_brand_list.default\">\n\t\t\t\t<div class=\"elementor-widget-container\">\n\t\t\t\t\t\r\n        <div class=\"product-brand-grid\">\r\n                            <div class=\"product-brand-card\">\r\n                    <a href=\"https:\/\/ccbs.al\/products\/sprite\/sprite\/\" class=\"product-img-box\">\r\n                        <img decoding=\"async\" src=\"https:\/\/ccbs.al\/wp-content\/uploads\/2026\/02\/sprite-1.png\" alt=\"Product\">\r\n                    <\/a>\r\n                    <h3 class=\"product-title\">Sprite<\/h3>\r\n                    <div class=\"product-divider\"><\/div>\r\n                    <a href=\"https:\/\/ccbs.al\/products\/sprite\/sprite\/\" class=\"product-view-link\">\r\n                        Lexo m\u00eb shum\u00eb <span class=\"arrow\">\u2192<\/span>\r\n                    <\/a>\r\n                <\/div>\r\n                    <\/div>\r\n        \t\t\t\t<\/div>\n\t\t\t\t<\/div>\n\t\t\t\t\t<\/div>\n\t\t\t\t<\/div>\n\t\t<div class=\"elementor-element elementor-element-4753ad35 e-flex e-con-boxed e-con e-parent\" data-id=\"4753ad35\" data-element_type=\"container\" data-e-type=\"container\">\n\t\t\t\t\t<div class=\"e-con-inner\">\n\t\t\t\t<div class=\"elementor-element elementor-element-66efce5a elementor-widget elementor-widget-shortcode\" data-id=\"66efce5a\" data-element_type=\"widget\" data-e-type=\"widget\" data-widget_type=\"shortcode.default\">\n\t\t\t\t\t\t\t<div class=\"elementor-shortcode\">\t\t<div data-elementor-type=\"section\" data-elementor-id=\"32020\" class=\"elementor elementor-32020 elementor-628\" data-elementor-post-type=\"elementor_library\">\n\t\t\t<div class=\"elementor-element elementor-element-28592c1 e-flex e-con-boxed e-con e-parent\" data-id=\"28592c1\" data-element_type=\"container\" data-e-type=\"container\">\n\t\t\t\t\t<div class=\"e-con-inner\">\n\t\t\t\t<div class=\"elementor-element elementor-element-1d759c6 elementor-widget elementor-widget-brands_slider\" data-id=\"1d759c6\" data-element_type=\"widget\" data-e-type=\"widget\" data-widget_type=\"brands_slider.default\">\n\t\t\t\t<div class=\"elementor-widget-container\">\n\t\t\t\t\t\r\n        <div class=\"brands-container\">\r\n            <div class=\"brands-header\">\r\n                <h2 class=\"brands-title\">BRANDET TONA<\/h2>\r\n                <div class=\"brands-navigation\">\r\n                    <div class=\"swiper-button-prev-custom\" id=\"prev-brands-slider-1d759c6\">\r\n                        <i class=\"fa fa-angle-left\"><\/i>\r\n                    <\/div>\r\n                    <div class=\"swiper-button-next-custom\" id=\"next-brands-slider-1d759c6\">\r\n                        <i class=\"fa fa-angle-right\"><\/i>\r\n                    <\/div>\r\n                <\/div>\r\n            <\/div>\r\n\r\n            <div class=\"brands-slider-wrapper\">\r\n                <div class=\"swiper\" id=\"brands-slider-1d759c6\"\r\n                     data-desktop=\"6\"\r\n                     data-tablet=\"3\"\r\n                     data-mobile=\"2\"\r\n                     data-space=\"40\">\r\n\r\n                    <div class=\"swiper-wrapper\">\r\n                                                    <div class=\"swiper-slide\">\r\n                                <a href=\"https:\/\/ccbs.al\/products\/coca-cola\/\">\r\n                                <img decoding=\"async\" src=\"https:\/\/ccbs.al\/wp-content\/uploads\/2026\/01\/Artboard-1-copy-3.png\" \r\n                                    alt=\"Coca Cola\">\r\n\r\n                                <\/a>                            <\/div>\r\n                                                    <div class=\"swiper-slide\">\r\n                                <a href=\"https:\/\/ccbs.al\/products\/coca-cola\/coca-cola-zero-sugar\/\">\r\n                                <img decoding=\"async\" src=\"https:\/\/ccbs.al\/wp-content\/uploads\/2026\/01\/Artboard-1-copy-4.png\" \r\n                                    alt=\"Coca Cola Zero\">\r\n\r\n                                <\/a>                            <\/div>\r\n                                                    <div class=\"swiper-slide\">\r\n                                <a href=\"https:\/\/ccbs.al\/products\/fanta\/\">\r\n                                <img decoding=\"async\" src=\"https:\/\/ccbs.al\/wp-content\/uploads\/2026\/01\/Artboard-1-copy-8.png\" \r\n                                    alt=\"Fanta\">\r\n\r\n                                <\/a>                            <\/div>\r\n                                                    <div class=\"swiper-slide\">\r\n                                <a href=\"https:\/\/ccbs.al\/products\/sprite\/\">\r\n                                <img decoding=\"async\" src=\"https:\/\/ccbs.al\/wp-content\/uploads\/2026\/01\/Artboard-1.png\" \r\n                                    alt=\"Sprite\">\r\n\r\n                                <\/a>                            <\/div>\r\n                                                    <div class=\"swiper-slide\">\r\n                                <a href=\"https:\/\/ccbs.al\/products\/schweppes\/\">\r\n                                <img decoding=\"async\" src=\"https:\/\/ccbs.al\/wp-content\/uploads\/2026\/01\/Artboard-1-copy.png\" \r\n                                    alt=\"Schweppes\">\r\n\r\n                                <\/a>                            <\/div>\r\n                                                    <div class=\"swiper-slide\">\r\n                                <a href=\"https:\/\/ccbs.al\/products\/powerade\/\">\r\n                                <img decoding=\"async\" src=\"https:\/\/ccbs.al\/wp-content\/uploads\/2026\/01\/Artboard-1-copy-5.png\" \r\n                                    alt=\"Power Ade\">\r\n\r\n                                <\/a>                            <\/div>\r\n                                                    <div class=\"swiper-slide\">\r\n                                <a href=\"https:\/\/ccbs.al\/products\/monster\/\">\r\n                                <img decoding=\"async\" src=\"https:\/\/ccbs.al\/wp-content\/uploads\/2026\/01\/Artboard-1-copy-9.png\" \r\n                                    alt=\"Monster\">\r\n\r\n                                <\/a>                            <\/div>\r\n                                                    <div class=\"swiper-slide\">\r\n                                <a href=\"https:\/\/ccbs.al\/products\/tomarchio\/\">\r\n                                <img decoding=\"async\" src=\"https:\/\/ccbs.al\/wp-content\/uploads\/2026\/01\/Artboard-1-copy-6.png\" \r\n                                    alt=\"Tomarchio\">\r\n\r\n                                <\/a>                            <\/div>\r\n                                                    <div class=\"swiper-slide\">\r\n                                <a href=\"https:\/\/ccbs.al\/products\/tepelene\/\">\r\n                                <img decoding=\"async\" src=\"https:\/\/ccbs.al\/wp-content\/uploads\/2026\/01\/Artboard-1-copy-7.png\" \r\n                                    alt=\"Tepelene\">\r\n\r\n                                <\/a>                            <\/div>\r\n                                                    <div class=\"swiper-slide\">\r\n                                <a href=\"#\">\r\n                                <img decoding=\"async\" src=\"https:\/\/ccbs.al\/wp-content\/uploads\/2026\/01\/Artboard-1-copy-2.png\" \r\n                                    alt=\"Cipriani\">\r\n\r\n                                <\/a>                            <\/div>\r\n                                            <\/div>\r\n                <\/div>\r\n            <\/div>\r\n        <\/div>\r\n\r\n        <script>\r\n            jQuery(document).ready(function ($) {\r\n\r\n            var initSlider = function () {\r\n                var $scope = $('#brands-slider-1d759c6');\r\n\r\n                if (typeof Swiper === 'undefined' || !$scope.length) return;\r\n\r\n                new Swiper($scope[0], {\r\n                    loop: true,\r\n                    slidesPerView: 3,\r\n                    spaceBetween: 20,\r\n                    navigation: {\r\n                        nextEl: '#next-brands-slider-1d759c6',\r\n                        prevEl: '#prev-brands-slider-1d759c6',\r\n                    },\r\n                    breakpoints: {\r\n                        768: { slidesPerView: 4, spaceBetween: 30 },\r\n                        1024: { slidesPerView: 8, spaceBetween: 40 }\r\n                    }\r\n                });\r\n            };\r\n\r\n            \/\/ Run on normal frontend load\r\n            initSlider();\r\n\r\n            \/\/ Elementor editor support (SAFE)\r\n            if (window.elementorFrontend) {\r\n                elementorFrontend.on('components:init', function () {\r\n                    elementorFrontend.hooks.addAction(\r\n                        'frontend\/element_ready\/brands_slider.default',\r\n                        initSlider\r\n                    );\r\n                });\r\n            }\r\n\r\n            });\r\n        <\/script>\r\n        \t\t\t\t<\/div>\n\t\t\t\t<\/div>\n\t\t\t\t\t<\/div>\n\t\t\t\t<\/div>\n\t\t\t\t<\/div>\n\t\t<\/div>\n\t\t\t\t\t\t<\/div>\n\t\t\t\t\t<\/div>\n\t\t\t\t<\/div>\n\t\t\t\t<\/div>\n\t\t","protected":false},"excerpt":{"rendered":"<p> [&hellip;]<\/p>\n","protected":false},"author":1,"featured_media":0,"parent":0,"menu_order":0,"comment_status":"closed","ping_status":"closed","template":"elementor_header_footer","meta":{"_acf_changed":false,"inline_featured_image":false,"footnotes":""},"class_list":["post-29801","page","type-page","status-publish","hentry"],"acf":[],"yoast_head":"<!-- This site is optimized with the Yoast SEO plugin v27.0 - https:\/\/yoast.com\/product\/yoast-seo-wordpress\/ -->\n<title>Sprite - CCBS<\/title>\n<meta name=\"robots\" content=\"index, follow, max-snippet:-1, max-image-preview:large, max-video-preview:-1\" \/>\n<link rel=\"canonical\" href=\"https:\/\/ccbs.al\/sq\/sprite\/\" \/>\n<meta property=\"og:locale\" content=\"sq_AL\" \/>\n<meta property=\"og:type\" content=\"article\" \/>\n<meta property=\"og:title\" content=\"Sprite - CCBS\" \/>\n<meta property=\"og:description\" content=\"[&hellip;]\" \/>\n<meta property=\"og:url\" content=\"https:\/\/ccbs.al\/sq\/sprite\/\" \/>\n<meta property=\"og:site_name\" content=\"CCBS\" \/>\n<meta property=\"article:modified_time\" content=\"2026-03-05T09:14:38+00:00\" \/>\n<meta property=\"og:image\" content=\"https:\/\/ccbs.al\/wp-content\/uploads\/2026\/02\/sprite-immagine-consumo-1.jpg\" \/>\n\t<meta property=\"og:image:width\" content=\"1200\" \/>\n\t<meta property=\"og:image:height\" content=\"1200\" \/>\n\t<meta property=\"og:image:type\" content=\"image\/jpeg\" \/>\n<meta name=\"twitter:card\" content=\"summary_large_image\" \/>\n<script type=\"application\/ld+json\" class=\"yoast-schema-graph\">{\"@context\":\"https:\/\/schema.org\",\"@graph\":[{\"@type\":\"WebPage\",\"@id\":\"https:\/\/ccbs.al\/sq\/sprite\/\",\"url\":\"https:\/\/ccbs.al\/sq\/sprite\/\",\"name\":\"Sprite - CCBS\",\"isPartOf\":{\"@id\":\"https:\/\/ccbs.al\/sq\/#website\"},\"primaryImageOfPage\":{\"@id\":\"https:\/\/ccbs.al\/sq\/sprite\/#primaryimage\"},\"image\":{\"@id\":\"https:\/\/ccbs.al\/sq\/sprite\/#primaryimage\"},\"thumbnailUrl\":\"https:\/\/ccbs.al\/wp-content\/uploads\/2026\/02\/sprite-immagine-consumo-1-1024x1024.jpg\",\"datePublished\":\"2026-02-05T14:25:01+00:00\",\"dateModified\":\"2026-03-05T09:14:38+00:00\",\"breadcrumb\":{\"@id\":\"https:\/\/ccbs.al\/sq\/sprite\/#breadcrumb\"},\"inLanguage\":\"sq\",\"potentialAction\":[{\"@type\":\"ReadAction\",\"target\":[\"https:\/\/ccbs.al\/sq\/sprite\/\"]}]},{\"@type\":\"ImageObject\",\"inLanguage\":\"sq\",\"@id\":\"https:\/\/ccbs.al\/sq\/sprite\/#primaryimage\",\"url\":\"https:\/\/ccbs.al\/wp-content\/uploads\/2026\/02\/sprite-immagine-consumo-1-1024x1024.jpg\",\"contentUrl\":\"https:\/\/ccbs.al\/wp-content\/uploads\/2026\/02\/sprite-immagine-consumo-1-1024x1024.jpg\"},{\"@type\":\"BreadcrumbList\",\"@id\":\"https:\/\/ccbs.al\/sq\/sprite\/#breadcrumb\",\"itemListElement\":[{\"@type\":\"ListItem\",\"position\":1,\"name\":\"Home\",\"item\":\"https:\/\/ccbs.al\/sq\/\"},{\"@type\":\"ListItem\",\"position\":2,\"name\":\"Sprite\"}]},{\"@type\":\"WebSite\",\"@id\":\"https:\/\/ccbs.al\/sq\/#website\",\"url\":\"https:\/\/ccbs.al\/sq\/\",\"name\":\"CCBS\",\"description\":\"\",\"potentialAction\":[{\"@type\":\"SearchAction\",\"target\":{\"@type\":\"EntryPoint\",\"urlTemplate\":\"https:\/\/ccbs.al\/sq\/?s={search_term_string}\"},\"query-input\":{\"@type\":\"PropertyValueSpecification\",\"valueRequired\":true,\"valueName\":\"search_term_string\"}}],\"inLanguage\":\"sq\"}]}<\/script>\n<!-- \/ Yoast SEO plugin. -->","yoast_head_json":{"title":"Sprite - CCBS","robots":{"index":"index","follow":"follow","max-snippet":"max-snippet:-1","max-image-preview":"max-image-preview:large","max-video-preview":"max-video-preview:-1"},"canonical":"https:\/\/ccbs.al\/sq\/sprite\/","og_locale":"sq_AL","og_type":"article","og_title":"Sprite - CCBS","og_description":"[&hellip;]","og_url":"https:\/\/ccbs.al\/sq\/sprite\/","og_site_name":"CCBS","article_modified_time":"2026-03-05T09:14:38+00:00","og_image":[{"width":1200,"height":1200,"url":"https:\/\/ccbs.al\/wp-content\/uploads\/2026\/02\/sprite-immagine-consumo-1.jpg","type":"image\/jpeg"}],"twitter_card":"summary_large_image","schema":{"@context":"https:\/\/schema.org","@graph":[{"@type":"WebPage","@id":"https:\/\/ccbs.al\/sq\/sprite\/","url":"https:\/\/ccbs.al\/sq\/sprite\/","name":"Sprite - CCBS","isPartOf":{"@id":"https:\/\/ccbs.al\/sq\/#website"},"primaryImageOfPage":{"@id":"https:\/\/ccbs.al\/sq\/sprite\/#primaryimage"},"image":{"@id":"https:\/\/ccbs.al\/sq\/sprite\/#primaryimage"},"thumbnailUrl":"https:\/\/ccbs.al\/wp-content\/uploads\/2026\/02\/sprite-immagine-consumo-1-1024x1024.jpg","datePublished":"2026-02-05T14:25:01+00:00","dateModified":"2026-03-05T09:14:38+00:00","breadcrumb":{"@id":"https:\/\/ccbs.al\/sq\/sprite\/#breadcrumb"},"inLanguage":"sq","potentialAction":[{"@type":"ReadAction","target":["https:\/\/ccbs.al\/sq\/sprite\/"]}]},{"@type":"ImageObject","inLanguage":"sq","@id":"https:\/\/ccbs.al\/sq\/sprite\/#primaryimage","url":"https:\/\/ccbs.al\/wp-content\/uploads\/2026\/02\/sprite-immagine-consumo-1-1024x1024.jpg","contentUrl":"https:\/\/ccbs.al\/wp-content\/uploads\/2026\/02\/sprite-immagine-consumo-1-1024x1024.jpg"},{"@type":"BreadcrumbList","@id":"https:\/\/ccbs.al\/sq\/sprite\/#breadcrumb","itemListElement":[{"@type":"ListItem","position":1,"name":"Home","item":"https:\/\/ccbs.al\/sq\/"},{"@type":"ListItem","position":2,"name":"Sprite"}]},{"@type":"WebSite","@id":"https:\/\/ccbs.al\/sq\/#website","url":"https:\/\/ccbs.al\/sq\/","name":"CCBS","description":"","potentialAction":[{"@type":"SearchAction","target":{"@type":"EntryPoint","urlTemplate":"https:\/\/ccbs.al\/sq\/?s={search_term_string}"},"query-input":{"@type":"PropertyValueSpecification","valueRequired":true,"valueName":"search_term_string"}}],"inLanguage":"sq"}]}},"_links":{"self":[{"href":"https:\/\/ccbs.al\/sq\/wp-json\/wp\/v2\/pages\/29801","targetHints":{"allow":["GET"]}}],"collection":[{"href":"https:\/\/ccbs.al\/sq\/wp-json\/wp\/v2\/pages"}],"about":[{"href":"https:\/\/ccbs.al\/sq\/wp-json\/wp\/v2\/types\/page"}],"author":[{"embeddable":true,"href":"https:\/\/ccbs.al\/sq\/wp-json\/wp\/v2\/users\/1"}],"replies":[{"embeddable":true,"href":"https:\/\/ccbs.al\/sq\/wp-json\/wp\/v2\/comments?post=29801"}],"version-history":[{"count":5,"href":"https:\/\/ccbs.al\/sq\/wp-json\/wp\/v2\/pages\/29801\/revisions"}],"predecessor-version":[{"id":32537,"href":"https:\/\/ccbs.al\/sq\/wp-json\/wp\/v2\/pages\/29801\/revisions\/32537"}],"wp:attachment":[{"href":"https:\/\/ccbs.al\/sq\/wp-json\/wp\/v2\/media?parent=29801"}],"curies":[{"name":"wp","href":"https:\/\/api.w.org\/{rel}","templated":true}]}}