{"id":29526,"date":"2026-01-19T14:38:54","date_gmt":"2026-01-19T14:38:54","guid":{"rendered":"https:\/\/ccbs.web-devtesting.xyz\/produktet\/"},"modified":"2026-03-04T14:52:30","modified_gmt":"2026-03-04T14:52:30","slug":"produktet","status":"publish","type":"page","link":"https:\/\/ccbs.al\/sq\/produktet\/","title":{"rendered":"Produktet"},"content":{"rendered":"\t\t<div data-elementor-type=\"wp-page\" data-elementor-id=\"29526\" class=\"elementor elementor-29526 elementor-528\" data-elementor-post-type=\"page\">\n\t\t\t\t<div class=\"elementor-element elementor-element-053d09f e-flex e-con-boxed e-con e-parent\" data-id=\"053d09f\" data-element_type=\"container\" data-e-type=\"container\">\n\t\t\t\t\t<div class=\"e-con-inner\">\n\t\t\t\t<div class=\"elementor-element elementor-element-2c69c58 elementor-widget elementor-widget-heading\" data-id=\"2c69c58\" data-element_type=\"widget\" data-e-type=\"widget\" data-widget_type=\"heading.default\">\n\t\t\t\t\t<h2 class=\"elementor-heading-title elementor-size-default\">Nj\u00eb portofol i gjer\u00eb<\/h2>\t\t\t\t<\/div>\n\t\t\t\t<div class=\"elementor-element elementor-element-38da26a elementor-widget__width-initial elementor-widget elementor-widget-text-editor\" data-id=\"38da26a\" data-element_type=\"widget\" data-e-type=\"widget\" data-widget_type=\"text-editor.default\">\n\t\t\t\t\t\t\t\t\t<p>Pije t\u00eb gazuara, \u00e7aj, pije energjike, pije sportive, l\u00ebngje dhe uj\u00eb mineral.<br>Marka dhe produkte t\u00eb njohura, t\u00eb dashura nga konsumator\u00ebt n\u00eb mbar\u00eb bot\u00ebn.<\/p>\t\t\t\t\t\t\t\t<\/div>\n\t\t\t\t\t<\/div>\n\t\t\t\t<\/div>\n\t\t<div class=\"elementor-element elementor-element-f63675a e-flex e-con-boxed e-con e-parent\" data-id=\"f63675a\" data-element_type=\"container\" data-e-type=\"container\">\n\t\t\t\t\t<div class=\"e-con-inner\">\n\t\t\t\t<div class=\"elementor-element elementor-element-452582c elementor-widget elementor-widget-brand_card\" data-id=\"452582c\" data-element_type=\"widget\" data-e-type=\"widget\" data-widget_type=\"brand_card.default\">\n\t\t\t\t<div class=\"elementor-widget-container\">\n\t\t\t\t\t\r\n        <div class=\"brand-cards-grid\">\r\n\r\n            \r\n                                    <div class=\"brand-card-wrapper\">\r\n                        <a class=\"card-wrapper\" href=\"https:\/\/ccbs.al\/products\/coca-cola\/\" target=\"\" rel=\"nofollow\" style=\"background-image:url(https:\/\/ccbs.al\/wp-content\/uploads\/2026\/02\/CC-prod.png);\">\r\n                \r\n                    <div class=\"brand-card-overlay\"><\/div>\r\n\r\n                                            <img decoding=\"async\"\r\n                            src=\"https:\/\/ccbs.al\/wp-content\/uploads\/2026\/01\/brand_coca-cola_logo_white.png\"\r\n                            class=\"brand-card-logo\"\r\n                            alt=\"Brand logo\"\r\n                        >\r\n                    \r\n                                        <\/a>\r\n                    <\/div>\r\n                \r\n            \r\n                                    <div class=\"brand-card-wrapper\">\r\n                        <a class=\"card-wrapper\" href=\"https:\/\/ccbs.al\/products\/fanta\/\" target=\"\" rel=\"nofollow\" style=\"background-image:url(https:\/\/ccbs.al\/wp-content\/uploads\/2026\/02\/Fanta-prod.png);\">\r\n                \r\n                    <div class=\"brand-card-overlay\"><\/div>\r\n\r\n                                            <img decoding=\"async\"\r\n                            src=\"https:\/\/ccbs.al\/wp-content\/uploads\/2026\/01\/new_brand_fanta_logo_white.png\"\r\n                            class=\"brand-card-logo\"\r\n                            alt=\"Brand logo\"\r\n                        >\r\n                    \r\n                                        <\/a>\r\n                    <\/div>\r\n                \r\n            \r\n                                    <div class=\"brand-card-wrapper\">\r\n                        <a class=\"card-wrapper\" href=\"https:\/\/ccbs.al\/products\/sprite\/\" target=\"\" rel=\"nofollow\" style=\"background-image:url(https:\/\/ccbs.al\/wp-content\/uploads\/2026\/02\/Sprite-2.png);\">\r\n                \r\n                    <div class=\"brand-card-overlay\"><\/div>\r\n\r\n                                            <img decoding=\"async\"\r\n                            src=\"https:\/\/ccbs.al\/wp-content\/uploads\/2026\/01\/brand_sprite_logo_white.png.png\"\r\n                            class=\"brand-card-logo\"\r\n                            alt=\"Brand logo\"\r\n                        >\r\n                    \r\n                                        <\/a>\r\n                    <\/div>\r\n                \r\n            \r\n                                    <div class=\"brand-card-wrapper\">\r\n                        <a class=\"card-wrapper\" href=\"https:\/\/ccbs.al\/products\/schweppes\/\" target=\"\" rel=\"nofollow\" style=\"background-image:url(https:\/\/ccbs.al\/wp-content\/uploads\/2026\/02\/Schweppes-prod.png);\">\r\n                \r\n                    <div class=\"brand-card-overlay\"><\/div>\r\n\r\n                                            <img decoding=\"async\"\r\n                            src=\"https:\/\/ccbs.al\/wp-content\/uploads\/2026\/02\/Products-480x480px-Schweppes-Logo.png\"\r\n                            class=\"brand-card-logo\"\r\n                            alt=\"Brand logo\"\r\n                        >\r\n                    \r\n                                        <\/a>\r\n                    <\/div>\r\n                \r\n            \r\n                                    <div class=\"brand-card-wrapper\">\r\n                        <a class=\"card-wrapper\" href=\"https:\/\/ccbs.al\/products\/powerade\/\" target=\"\" rel=\"nofollow\" style=\"background-image:url(https:\/\/ccbs.al\/wp-content\/uploads\/2026\/02\/Power-prod.png);\">\r\n                \r\n                    <div class=\"brand-card-overlay\"><\/div>\r\n\r\n                                            <img decoding=\"async\"\r\n                            src=\"https:\/\/ccbs.al\/wp-content\/uploads\/2026\/02\/Products-480x480px-Logo.png\"\r\n                            class=\"brand-card-logo\"\r\n                            alt=\"Brand logo\"\r\n                        >\r\n                    \r\n                                        <\/a>\r\n                    <\/div>\r\n                \r\n            \r\n                                    <div class=\"brand-card-wrapper\">\r\n                        <a class=\"card-wrapper\" href=\"https:\/\/ccbs.al\/products\/monster\/\" target=\"\" rel=\"nofollow\" style=\"background-image:url(https:\/\/ccbs.al\/wp-content\/uploads\/2026\/01\/brand_monster_img.jpg);\">\r\n                \r\n                    <div class=\"brand-card-overlay\"><\/div>\r\n\r\n                                            <img decoding=\"async\"\r\n                            src=\"https:\/\/ccbs.al\/wp-content\/uploads\/2026\/01\/brand_monster_logo_white.png\"\r\n                            class=\"brand-card-logo\"\r\n                            alt=\"Brand logo\"\r\n                        >\r\n                    \r\n                                        <\/a>\r\n                    <\/div>\r\n                \r\n            \r\n                                    <div class=\"brand-card-wrapper\">\r\n                        <a class=\"card-wrapper\" href=\"https:\/\/ccbs.al\/products\/tomarchio\/\" target=\"\" rel=\"nofollow\" style=\"background-image:url(https:\/\/ccbs.al\/wp-content\/uploads\/2026\/02\/Tom-prod.png);\">\r\n                \r\n                    <div class=\"brand-card-overlay\"><\/div>\r\n\r\n                                            <img decoding=\"async\"\r\n                            src=\"https:\/\/ccbs.al\/wp-content\/uploads\/2026\/02\/Tomarchio-logo-1.png\"\r\n                            class=\"brand-card-logo\"\r\n                            alt=\"Brand logo\"\r\n                        >\r\n                    \r\n                                        <\/a>\r\n                    <\/div>\r\n                \r\n            \r\n                                    <div class=\"brand-card-wrapper\">\r\n                        <a class=\"card-wrapper\" href=\"https:\/\/ccbs.al\/products\/tepelene\/\" target=\"\" rel=\"nofollow\" style=\"background-image:url(https:\/\/ccbs.al\/wp-content\/uploads\/2026\/01\/img_brand_kv-tepelene.jpg);\">\r\n                \r\n                    <div class=\"brand-card-overlay\"><\/div>\r\n\r\n                                            <img decoding=\"async\"\r\n                            src=\"https:\/\/ccbs.al\/wp-content\/uploads\/2026\/01\/brand_logo_negative-tepelene.png\"\r\n                            class=\"brand-card-logo\"\r\n                            alt=\"Brand logo\"\r\n                        >\r\n                    \r\n                                        <\/a>\r\n                    <\/div>\r\n                \r\n            \r\n        <\/div>\r\n\r\n        \t\t\t\t<\/div>\n\t\t\t\t<\/div>\n\t\t\t\t\t<\/div>\n\t\t\t\t<\/div>\n\t\t\t\t<\/div>\n\t\t","protected":false},"excerpt":{"rendered":"<p> [&hellip;]<\/p>\n","protected":false},"author":1,"featured_media":0,"parent":0,"menu_order":0,"comment_status":"closed","ping_status":"closed","template":"","meta":{"_acf_changed":false,"inline_featured_image":false,"footnotes":""},"class_list":["post-29526","page","type-page","status-publish","hentry"],"acf":[],"yoast_head":"<!-- This site is optimized with the Yoast SEO plugin v27.0 - https:\/\/yoast.com\/product\/yoast-seo-wordpress\/ -->\n<title>Produktet - CCBS<\/title>\n<meta name=\"robots\" content=\"index, follow, max-snippet:-1, max-image-preview:large, max-video-preview:-1\" \/>\n<link rel=\"canonical\" href=\"https:\/\/ccbs.al\/sq\/produktet\/\" \/>\n<meta property=\"og:locale\" content=\"sq_AL\" \/>\n<meta property=\"og:type\" content=\"article\" \/>\n<meta property=\"og:title\" content=\"Produktet - CCBS\" \/>\n<meta property=\"og:description\" content=\"[&hellip;]\" \/>\n<meta property=\"og:url\" content=\"https:\/\/ccbs.al\/sq\/produktet\/\" \/>\n<meta property=\"og:site_name\" content=\"CCBS\" \/>\n<meta property=\"article:modified_time\" content=\"2026-03-04T14:52:30+00:00\" \/>\n<meta name=\"twitter:card\" content=\"summary_large_image\" \/>\n<script type=\"application\/ld+json\" class=\"yoast-schema-graph\">{\"@context\":\"https:\/\/schema.org\",\"@graph\":[{\"@type\":\"WebPage\",\"@id\":\"https:\/\/ccbs.al\/sq\/produktet\/\",\"url\":\"https:\/\/ccbs.al\/sq\/produktet\/\",\"name\":\"Produktet - CCBS\",\"isPartOf\":{\"@id\":\"https:\/\/ccbs.al\/sq\/#website\"},\"datePublished\":\"2026-01-19T14:38:54+00:00\",\"dateModified\":\"2026-03-04T14:52:30+00:00\",\"breadcrumb\":{\"@id\":\"https:\/\/ccbs.al\/sq\/produktet\/#breadcrumb\"},\"inLanguage\":\"sq\",\"potentialAction\":[{\"@type\":\"ReadAction\",\"target\":[\"https:\/\/ccbs.al\/sq\/produktet\/\"]}]},{\"@type\":\"BreadcrumbList\",\"@id\":\"https:\/\/ccbs.al\/sq\/produktet\/#breadcrumb\",\"itemListElement\":[{\"@type\":\"ListItem\",\"position\":1,\"name\":\"Home\",\"item\":\"https:\/\/ccbs.al\/sq\/\"},{\"@type\":\"ListItem\",\"position\":2,\"name\":\"Produktet\"}]},{\"@type\":\"WebSite\",\"@id\":\"https:\/\/ccbs.al\/sq\/#website\",\"url\":\"https:\/\/ccbs.al\/sq\/\",\"name\":\"CCBS\",\"description\":\"\",\"potentialAction\":[{\"@type\":\"SearchAction\",\"target\":{\"@type\":\"EntryPoint\",\"urlTemplate\":\"https:\/\/ccbs.al\/sq\/?s={search_term_string}\"},\"query-input\":{\"@type\":\"PropertyValueSpecification\",\"valueRequired\":true,\"valueName\":\"search_term_string\"}}],\"inLanguage\":\"sq\"}]}<\/script>\n<!-- \/ Yoast SEO plugin. -->","yoast_head_json":{"title":"Produktet - CCBS","robots":{"index":"index","follow":"follow","max-snippet":"max-snippet:-1","max-image-preview":"max-image-preview:large","max-video-preview":"max-video-preview:-1"},"canonical":"https:\/\/ccbs.al\/sq\/produktet\/","og_locale":"sq_AL","og_type":"article","og_title":"Produktet - CCBS","og_description":"[&hellip;]","og_url":"https:\/\/ccbs.al\/sq\/produktet\/","og_site_name":"CCBS","article_modified_time":"2026-03-04T14:52:30+00:00","twitter_card":"summary_large_image","schema":{"@context":"https:\/\/schema.org","@graph":[{"@type":"WebPage","@id":"https:\/\/ccbs.al\/sq\/produktet\/","url":"https:\/\/ccbs.al\/sq\/produktet\/","name":"Produktet - CCBS","isPartOf":{"@id":"https:\/\/ccbs.al\/sq\/#website"},"datePublished":"2026-01-19T14:38:54+00:00","dateModified":"2026-03-04T14:52:30+00:00","breadcrumb":{"@id":"https:\/\/ccbs.al\/sq\/produktet\/#breadcrumb"},"inLanguage":"sq","potentialAction":[{"@type":"ReadAction","target":["https:\/\/ccbs.al\/sq\/produktet\/"]}]},{"@type":"BreadcrumbList","@id":"https:\/\/ccbs.al\/sq\/produktet\/#breadcrumb","itemListElement":[{"@type":"ListItem","position":1,"name":"Home","item":"https:\/\/ccbs.al\/sq\/"},{"@type":"ListItem","position":2,"name":"Produktet"}]},{"@type":"WebSite","@id":"https:\/\/ccbs.al\/sq\/#website","url":"https:\/\/ccbs.al\/sq\/","name":"CCBS","description":"","potentialAction":[{"@type":"SearchAction","target":{"@type":"EntryPoint","urlTemplate":"https:\/\/ccbs.al\/sq\/?s={search_term_string}"},"query-input":{"@type":"PropertyValueSpecification","valueRequired":true,"valueName":"search_term_string"}}],"inLanguage":"sq"}]}},"_links":{"self":[{"href":"https:\/\/ccbs.al\/sq\/wp-json\/wp\/v2\/pages\/29526","targetHints":{"allow":["GET"]}}],"collection":[{"href":"https:\/\/ccbs.al\/sq\/wp-json\/wp\/v2\/pages"}],"about":[{"href":"https:\/\/ccbs.al\/sq\/wp-json\/wp\/v2\/types\/page"}],"author":[{"embeddable":true,"href":"https:\/\/ccbs.al\/sq\/wp-json\/wp\/v2\/users\/1"}],"replies":[{"embeddable":true,"href":"https:\/\/ccbs.al\/sq\/wp-json\/wp\/v2\/comments?post=29526"}],"version-history":[{"count":7,"href":"https:\/\/ccbs.al\/sq\/wp-json\/wp\/v2\/pages\/29526\/revisions"}],"predecessor-version":[{"id":32504,"href":"https:\/\/ccbs.al\/sq\/wp-json\/wp\/v2\/pages\/29526\/revisions\/32504"}],"wp:attachment":[{"href":"https:\/\/ccbs.al\/sq\/wp-json\/wp\/v2\/media?parent=29526"}],"curies":[{"name":"wp","href":"https:\/\/api.w.org\/{rel}","templated":true}]}}