{"id":29504,"date":"2026-01-13T13:34:15","date_gmt":"2026-01-13T13:34:15","guid":{"rendered":"https:\/\/ccbs.web-devtesting.xyz\/roli-yne\/"},"modified":"2026-03-06T15:24:34","modified_gmt":"2026-03-06T15:24:34","slug":"roli-yne","status":"publish","type":"page","link":"https:\/\/ccbs.al\/sq\/roli-yne\/","title":{"rendered":"Roli Yn\u00eb"},"content":{"rendered":"\t\t<div data-elementor-type=\"wp-page\" data-elementor-id=\"29504\" class=\"elementor elementor-29504 elementor-228\" data-elementor-post-type=\"page\">\n\t\t\t\t<div class=\"elementor-element elementor-element-bd753b1 wavy-shape image-bg e-flex e-con-boxed e-con e-parent\" data-id=\"bd753b1\" data-element_type=\"container\" data-e-type=\"container\" data-settings=\"{&quot;background_background&quot;:&quot;classic&quot;}\">\n\t\t\t\t\t<div class=\"e-con-inner\">\n\t\t\t\t\t<\/div>\n\t\t\t\t<\/div>\n\t\t<div class=\"elementor-element elementor-element-c3f1952 e-flex e-con-boxed e-con e-parent\" data-id=\"c3f1952\" data-element_type=\"container\" data-e-type=\"container\">\n\t\t\t\t\t<div class=\"e-con-inner\">\n\t\t<div class=\"elementor-element elementor-element-d4cfb53 e-con-full e-flex e-con e-child\" data-id=\"d4cfb53\" data-element_type=\"container\" data-e-type=\"container\">\n\t\t\t\t<div class=\"elementor-element elementor-element-da2ae74 elementor-widget__width-initial elementor-widget elementor-widget-heading\" data-id=\"da2ae74\" data-element_type=\"widget\" data-e-type=\"widget\" data-widget_type=\"heading.default\">\n\t\t\t\t\t<h2 class=\"elementor-heading-title elementor-size-default\">Vizioni dhe angazhimi yn\u00eb<\/h2>\t\t\t\t<\/div>\n\t\t\t\t<\/div>\n\t\t<div class=\"elementor-element elementor-element-6e4919b e-con-full e-flex e-con e-child\" data-id=\"6e4919b\" data-element_type=\"container\" data-e-type=\"container\">\n\t\t<div class=\"elementor-element elementor-element-2ba9685 e-con-full e-flex e-con e-child\" data-id=\"2ba9685\" data-element_type=\"container\" data-e-type=\"container\">\n\t\t\t\t<div class=\"elementor-element elementor-element-a4dedbe elementor-widget elementor-widget-image\" data-id=\"a4dedbe\" data-element_type=\"widget\" data-e-type=\"widget\" data-widget_type=\"image.default\">\n\t\t\t\t\t\t\t\t\t\t\t\t\t\t\t<img fetchpriority=\"high\" decoding=\"async\" width=\"522\" height=\"523\" src=\"https:\/\/ccbs.al\/wp-content\/uploads\/2026\/01\/CCBS-Companyimg.png\" class=\"attachment-full size-full wp-image-29279\" alt=\"\" srcset=\"https:\/\/ccbs.al\/wp-content\/uploads\/2026\/01\/CCBS-Companyimg.png 522w, https:\/\/ccbs.al\/wp-content\/uploads\/2026\/01\/CCBS-Companyimg-300x300.png 300w, https:\/\/ccbs.al\/wp-content\/uploads\/2026\/01\/CCBS-Companyimg-150x150.png 150w\" sizes=\"(max-width: 522px) 100vw, 522px\" \/>\t\t\t\t\t\t\t\t\t\t\t\t\t\t\t<\/div>\n\t\t\t\t<\/div>\n\t\t<div class=\"elementor-element elementor-element-3e5c46e e-con-full e-flex e-con e-child\" data-id=\"3e5c46e\" data-element_type=\"container\" data-e-type=\"container\">\n\t\t\t\t<div class=\"elementor-element elementor-element-8d543d2 elementor-widget elementor-widget-heading\" data-id=\"8d543d2\" data-element_type=\"widget\" data-e-type=\"widget\" data-widget_type=\"heading.default\">\n\t\t\t\t\t<h2 class=\"elementor-heading-title elementor-size-default\">Rreth Nesh<br>\n<\/h2>\t\t\t\t<\/div>\n\t\t\t\t<div class=\"elementor-element elementor-element-9f8862d elementor-widget__width-initial elementor-widget elementor-widget-text-editor\" data-id=\"9f8862d\" data-element_type=\"widget\" data-e-type=\"widget\" data-widget_type=\"text-editor.default\">\n\t\t\t\t\t\t\t\t\t<p>Si nj\u00eb nga kompanit\u00eb lider n\u00eb Shqip\u00ebri, Coca-Cola Bottling Shqip\u00ebria (CCBS) ka luajtur nj\u00eb rol t\u00eb r\u00ebnd\u00ebsish\u00ebm n\u00eb form\u00ebsimin e tregut t\u00eb pijeve n\u00eb vend dhe n\u00eb mb\u00ebshtetjen e zhvillimit t\u00eb sektorit HoReCa. Q\u00eb nga vitet e para t\u00eb pranis\u00eb s\u00eb saj n\u00eb Shqip\u00ebri, kompania ka investuar n\u00eb impiante moderne prodhimi, rrjete profesionale, shp\u00ebrndarjeje dhe praktika tregtare t\u00eb orientuara drejt klientit, duke kontribuar n\u00eb p\u00ebrmir\u00ebsimin e aksesit n\u00eb treg dhe t\u00eb standardeve t\u00eb sh\u00ebrbimit n\u00eb mbar\u00eb vendin.  <\/p>\t\t\t\t\t\t\t\t<\/div>\n\t\t\t\t<\/div>\n\t\t\t\t<\/div>\n\t\t<div class=\"elementor-element elementor-element-6b1bcdc e-con-full e-flex e-con e-child\" data-id=\"6b1bcdc\" data-element_type=\"container\" data-e-type=\"container\">\n\t\t<div class=\"elementor-element elementor-element-9f1d9a9 e-con-full e-flex e-con e-child\" data-id=\"9f1d9a9\" data-element_type=\"container\" data-e-type=\"container\">\n\t\t\t\t<div class=\"elementor-element elementor-element-201b337 elementor-widget elementor-widget-heading\" data-id=\"201b337\" data-element_type=\"widget\" data-e-type=\"widget\" data-widget_type=\"heading.default\">\n\t\t\t\t\t<h2 class=\"elementor-heading-title elementor-size-default\">Sot, <span style=\"color:#ee3124\"><strong>CCBS<\/strong><\/span> vazhdon t\u00eb pozicionohet jo vet\u00ebm si nj\u00eb prodhues dhe shp\u00ebrndar\u00ebs lider i pijeve, por edhe si nj\u00eb <span style=\"color:#ee3124\"><strong>aktor i p\u00ebrgjegjsh\u00ebm<\/strong><\/span> dhe partner i besuesh\u00ebm n\u00eb zhvillimin ekonomik t\u00eb Shqip\u00ebris\u00eb, duke mb\u00ebshtetur klient\u00ebt, duke forcuar tregjet lokale dhe duke kontribuar n\u00eb nj\u00eb mjedis biznesi t\u00eb q\u00ebndruesh\u00ebm, modern dhe t\u00eb orientuar drejt s\u00eb ardhmes.<\/h2>\t\t\t\t<\/div>\n\t\t\t\t<\/div>\n\t\t\t\t<\/div>\n\t\t\t\t\t<\/div>\n\t\t\t\t<\/div>\n\t\t<div class=\"elementor-element elementor-element-a8a7120 e-flex e-con-boxed e-con e-parent\" data-id=\"a8a7120\" data-element_type=\"container\" data-e-type=\"container\" data-settings=\"{&quot;background_background&quot;:&quot;classic&quot;,&quot;shape_divider_top&quot;:&quot;waves&quot;,&quot;shape_divider_bottom&quot;:&quot;waves&quot;}\">\n\t\t\t\t\t<div class=\"e-con-inner\">\n\t\t\t\t<div class=\"elementor-shape elementor-shape-top\" aria-hidden=\"true\" data-negative=\"false\">\n\t\t\t<svg xmlns=\"http:\/\/www.w3.org\/2000\/svg\" viewBox=\"0 0 1000 100\" preserveAspectRatio=\"none\">\n\t<path class=\"elementor-shape-fill\" d=\"M421.9,6.5c22.6-2.5,51.5,0.4,75.5,5.3c23.6,4.9,70.9,23.5,100.5,35.7c75.8,32.2,133.7,44.5,192.6,49.7\n\tc23.6,2.1,48.7,3.5,103.4-2.5c54.7-6,106.2-25.6,106.2-25.6V0H0v30.3c0,0,72,32.6,158.4,30.5c39.2-0.7,92.8-6.7,134-22.4\n\tc21.2-8.1,52.2-18.2,79.7-24.2C399.3,7.9,411.6,7.5,421.9,6.5z\"\/>\n<\/svg>\t\t<\/div>\n\t\t\t\t<div class=\"elementor-shape elementor-shape-bottom\" aria-hidden=\"true\" data-negative=\"false\">\n\t\t\t<svg xmlns=\"http:\/\/www.w3.org\/2000\/svg\" viewBox=\"0 0 1000 100\" preserveAspectRatio=\"none\">\n\t<path class=\"elementor-shape-fill\" d=\"M421.9,6.5c22.6-2.5,51.5,0.4,75.5,5.3c23.6,4.9,70.9,23.5,100.5,35.7c75.8,32.2,133.7,44.5,192.6,49.7\n\tc23.6,2.1,48.7,3.5,103.4-2.5c54.7-6,106.2-25.6,106.2-25.6V0H0v30.3c0,0,72,32.6,158.4,30.5c39.2-0.7,92.8-6.7,134-22.4\n\tc21.2-8.1,52.2-18.2,79.7-24.2C399.3,7.9,411.6,7.5,421.9,6.5z\"\/>\n<\/svg>\t\t<\/div>\n\t\t<div class=\"elementor-element elementor-element-74be9db e-con-full e-flex e-con e-child\" data-id=\"74be9db\" data-element_type=\"container\" data-e-type=\"container\">\n\t\t<div class=\"elementor-element elementor-element-5114057 e-con-full e-flex e-con e-child\" data-id=\"5114057\" data-element_type=\"container\" data-e-type=\"container\">\n\t\t\t\t<div class=\"elementor-element elementor-element-72a3713 elementor-widget elementor-widget-image\" data-id=\"72a3713\" data-element_type=\"widget\" data-e-type=\"widget\" data-widget_type=\"image.default\">\n\t\t\t\t\t\t\t\t\t\t\t\t\t\t\t<img decoding=\"async\" width=\"512\" height=\"512\" src=\"https:\/\/ccbs.al\/wp-content\/uploads\/2026\/02\/Mission-icon.png\" class=\"attachment-full size-full wp-image-29499\" alt=\"\" srcset=\"https:\/\/ccbs.al\/wp-content\/uploads\/2026\/02\/Mission-icon.png 512w, https:\/\/ccbs.al\/wp-content\/uploads\/2026\/02\/Mission-icon-300x300.png 300w, https:\/\/ccbs.al\/wp-content\/uploads\/2026\/02\/Mission-icon-150x150.png 150w\" sizes=\"(max-width: 512px) 100vw, 512px\" \/>\t\t\t\t\t\t\t\t\t\t\t\t\t\t\t<\/div>\n\t\t\t\t<div class=\"elementor-element elementor-element-cde3b20 elementor-widget elementor-widget-heading\" data-id=\"cde3b20\" data-element_type=\"widget\" data-e-type=\"widget\" data-widget_type=\"heading.default\">\n\t\t\t\t\t<h2 class=\"elementor-heading-title elementor-size-default\">MISIONI<\/h2>\t\t\t\t<\/div>\n\t\t\t\t<div class=\"elementor-element elementor-element-3d7707c elementor-widget__width-initial elementor-widget elementor-widget-text-editor\" data-id=\"3d7707c\" data-element_type=\"widget\" data-e-type=\"widget\" data-widget_type=\"text-editor.default\">\n\t\t\t\t\t\t\t\t\tMisioni yn\u00eb \u00ebsht\u00eb t\u2019u ofrojm\u00eb konsumator\u00ebve shqiptar\u00eb pijen e duhur, n\u00eb koh\u00ebn e duhur, n\u00eb vendin e duhur dhe me \u00e7mimin e duhur, duke operuar n\u00eb m\u00ebnyr\u00eb efikase dhe duke krijuar vler\u00eb p\u00ebr ekonomin\u00eb vendase.\t\t\t\t\t\t\t\t<\/div>\n\t\t\t\t<\/div>\n\t\t<div class=\"elementor-element elementor-element-edf748f e-con-full e-flex e-con e-child\" data-id=\"edf748f\" data-element_type=\"container\" data-e-type=\"container\">\n\t\t\t\t<div class=\"elementor-element elementor-element-6bbf3bd elementor-widget elementor-widget-image\" data-id=\"6bbf3bd\" data-element_type=\"widget\" data-e-type=\"widget\" data-widget_type=\"image.default\">\n\t\t\t\t\t\t\t\t\t\t\t\t\t\t\t<img decoding=\"async\" width=\"260\" height=\"260\" src=\"https:\/\/ccbs.al\/wp-content\/uploads\/2026\/02\/Vision-icon.png\" class=\"attachment-large size-large wp-image-29500\" alt=\"\" srcset=\"https:\/\/ccbs.al\/wp-content\/uploads\/2026\/02\/Vision-icon.png 260w, https:\/\/ccbs.al\/wp-content\/uploads\/2026\/02\/Vision-icon-150x150.png 150w\" sizes=\"(max-width: 260px) 100vw, 260px\" \/>\t\t\t\t\t\t\t\t\t\t\t\t\t\t\t<\/div>\n\t\t\t\t<div class=\"elementor-element elementor-element-0cc884f elementor-widget elementor-widget-heading\" data-id=\"0cc884f\" data-element_type=\"widget\" data-e-type=\"widget\" data-widget_type=\"heading.default\">\n\t\t\t\t\t<h2 class=\"elementor-heading-title elementor-size-default\">VIZIONI<br><\/h2>\t\t\t\t<\/div>\n\t\t\t\t<div class=\"elementor-element elementor-element-71873ca elementor-widget__width-initial elementor-widget elementor-widget-text-editor\" data-id=\"71873ca\" data-element_type=\"widget\" data-e-type=\"widget\" data-widget_type=\"text-editor.default\">\n\t\t\t\t\t\t\t\t\tSynojm\u00eb t\u00eb jemi lider n\u00eb Shqip\u00ebri p\u00ebrmes pranis\u00eb s\u00eb fort\u00eb n\u00eb treg, ekspertiz\u00ebs, inovacionit dhe p\u00ebrgjegj\u00ebsis\u00eb mjedisore, duke ofruar produkte me cil\u00ebsi t\u00eb lart\u00eb me koston m\u00eb t\u00eb ul\u00ebt t\u00eb mundshme.\t\t\t\t\t\t\t\t<\/div>\n\t\t\t\t<\/div>\n\t\t\t\t<\/div>\n\t\t\t\t\t<\/div>\n\t\t\t\t<\/div>\n\t\t<div class=\"elementor-element elementor-element-2d7bc30 e-flex e-con-boxed e-con e-parent\" data-id=\"2d7bc30\" data-element_type=\"container\" data-e-type=\"container\">\n\t\t\t\t\t<div class=\"e-con-inner\">\n\t\t<div class=\"elementor-element elementor-element-d38f575 e-con-full e-flex e-con e-child\" data-id=\"d38f575\" data-element_type=\"container\" data-e-type=\"container\">\n\t\t\t\t<div class=\"elementor-element elementor-element-eac2c7d elementor-widget elementor-widget-image\" data-id=\"eac2c7d\" data-element_type=\"widget\" data-e-type=\"widget\" data-widget_type=\"image.default\">\n\t\t\t\t\t\t\t\t\t\t\t\t\t\t\t<img loading=\"lazy\" decoding=\"async\" width=\"53\" height=\"50\" src=\"https:\/\/ccbs.al\/wp-content\/uploads\/2026\/01\/quote-1.png\" class=\"attachment-full size-full wp-image-29501\" alt=\"\" \/>\t\t\t\t\t\t\t\t\t\t\t\t\t\t\t<\/div>\n\t\t\t\t<div class=\"elementor-element elementor-element-0f96716 elementor-widget elementor-widget-text-editor\" data-id=\"0f96716\" data-element_type=\"widget\" data-e-type=\"widget\" data-widget_type=\"text-editor.default\">\n\t\t\t\t\t\t\t\t\t<p>Ne jemi nj\u00eb <strong>biznes familjar, me podhim lokal (Km0),<\/strong> i angazhuar p\u00ebr t\u2019u b\u00ebr\u00eb industria e par\u00eb n\u00eb Shqip\u00ebri <strong>&#8220;Carbon-Neutral&#8221; Scope 1, 2, 3 (duke p\u00ebrfshir\u00eb kompensimin) <\/strong>deri n\u00eb vitin 2030. Ne operojm\u00eb n\u00eb p\u00ebrputhje me vlerat e konsumator\u00ebve shqiptar\u00eb q\u00eb besojn\u00eb tek ne. <\/p>\t\t\t\t\t\t\t\t<\/div>\n\t\t\t\t<div class=\"elementor-element elementor-element-0be208c elementor-widget elementor-widget-image\" data-id=\"0be208c\" data-element_type=\"widget\" data-e-type=\"widget\" data-widget_type=\"image.default\">\n\t\t\t\t\t\t\t\t\t\t\t\t\t\t\t<img loading=\"lazy\" decoding=\"async\" width=\"53\" height=\"50\" src=\"https:\/\/ccbs.al\/wp-content\/uploads\/2026\/01\/quote-2.png\" class=\"attachment-full size-full wp-image-29502\" alt=\"\" \/>\t\t\t\t\t\t\t\t\t\t\t\t\t\t\t<\/div>\n\t\t\t\t<div class=\"elementor-element elementor-element-9544534 elementor-widget elementor-widget-heading\" data-id=\"9544534\" data-element_type=\"widget\" data-e-type=\"widget\" data-widget_type=\"heading.default\">\n\t\t\t\t\t<h2 class=\"elementor-heading-title elementor-size-default\">LUCA BUSI\n<\/h2>\t\t\t\t<\/div>\n\t\t\t\t<\/div>\n\t\t<div class=\"elementor-element elementor-element-08462bf e-con-full e-flex e-con e-child\" data-id=\"08462bf\" data-element_type=\"container\" data-e-type=\"container\">\n\t\t\t\t<div class=\"elementor-element elementor-element-a2569ee elementor-widget elementor-widget-image\" data-id=\"a2569ee\" data-element_type=\"widget\" data-e-type=\"widget\" data-widget_type=\"image.default\">\n\t\t\t\t\t\t\t\t\t\t\t\t\t\t\t<img loading=\"lazy\" decoding=\"async\" width=\"600\" height=\"670\" src=\"https:\/\/ccbs.al\/wp-content\/uploads\/2026\/01\/luca-busi-1.png\" class=\"attachment-full size-full wp-image-29503\" alt=\"\" srcset=\"https:\/\/ccbs.al\/wp-content\/uploads\/2026\/01\/luca-busi-1.png 600w, https:\/\/ccbs.al\/wp-content\/uploads\/2026\/01\/luca-busi-1-269x300.png 269w\" sizes=\"(max-width: 600px) 100vw, 600px\" \/>\t\t\t\t\t\t\t\t\t\t\t\t\t\t\t<\/div>\n\t\t\t\t<\/div>\n\t\t\t\t\t<\/div>\n\t\t\t\t<\/div>\n\t\t\t\t<\/div>\n\t\t","protected":false},"excerpt":{"rendered":"<p> [&hellip;]<\/p>\n","protected":false},"author":1,"featured_media":0,"parent":0,"menu_order":0,"comment_status":"closed","ping_status":"closed","template":"elementor_header_footer","meta":{"_acf_changed":false,"inline_featured_image":false,"footnotes":""},"class_list":["post-29504","page","type-page","status-publish","hentry"],"acf":[],"yoast_head":"<!-- This site is optimized with the Yoast SEO plugin v27.0 - https:\/\/yoast.com\/product\/yoast-seo-wordpress\/ -->\n<title>Roli Yn\u00eb - CCBS<\/title>\n<meta name=\"robots\" content=\"index, follow, max-snippet:-1, max-image-preview:large, max-video-preview:-1\" \/>\n<link rel=\"canonical\" href=\"https:\/\/ccbs.al\/sq\/roli-yne\/\" \/>\n<meta property=\"og:locale\" content=\"sq_AL\" \/>\n<meta property=\"og:type\" content=\"article\" \/>\n<meta property=\"og:title\" content=\"Roli Yn\u00eb - CCBS\" \/>\n<meta property=\"og:description\" content=\"[&hellip;]\" \/>\n<meta property=\"og:url\" content=\"https:\/\/ccbs.al\/sq\/roli-yne\/\" \/>\n<meta property=\"og:site_name\" content=\"CCBS\" \/>\n<meta property=\"article:modified_time\" content=\"2026-03-06T15:24:34+00:00\" \/>\n<meta property=\"og:image\" content=\"https:\/\/ccbs.al\/wp-content\/uploads\/2026\/01\/CCBS-Companyimg.png\" \/>\n\t<meta property=\"og:image:width\" content=\"522\" \/>\n\t<meta property=\"og:image:height\" content=\"523\" \/>\n\t<meta property=\"og:image:type\" content=\"image\/png\" \/>\n<meta name=\"twitter:card\" content=\"summary_large_image\" \/>\n<meta name=\"twitter:label1\" content=\"Est. reading time\" \/>\n\t<meta name=\"twitter:data1\" content=\"3 minuta\" \/>\n<script type=\"application\/ld+json\" class=\"yoast-schema-graph\">{\"@context\":\"https:\/\/schema.org\",\"@graph\":[{\"@type\":\"WebPage\",\"@id\":\"https:\/\/ccbs.al\/sq\/roli-yne\/\",\"url\":\"https:\/\/ccbs.al\/sq\/roli-yne\/\",\"name\":\"Roli Yn\u00eb - CCBS\",\"isPartOf\":{\"@id\":\"https:\/\/ccbs.al\/sq\/#website\"},\"primaryImageOfPage\":{\"@id\":\"https:\/\/ccbs.al\/sq\/roli-yne\/#primaryimage\"},\"image\":{\"@id\":\"https:\/\/ccbs.al\/sq\/roli-yne\/#primaryimage\"},\"thumbnailUrl\":\"https:\/\/ccbs.al\/wp-content\/uploads\/2026\/01\/CCBS-Companyimg.png\",\"datePublished\":\"2026-01-13T13:34:15+00:00\",\"dateModified\":\"2026-03-06T15:24:34+00:00\",\"breadcrumb\":{\"@id\":\"https:\/\/ccbs.al\/sq\/roli-yne\/#breadcrumb\"},\"inLanguage\":\"sq\",\"potentialAction\":[{\"@type\":\"ReadAction\",\"target\":[\"https:\/\/ccbs.al\/sq\/roli-yne\/\"]}]},{\"@type\":\"ImageObject\",\"inLanguage\":\"sq\",\"@id\":\"https:\/\/ccbs.al\/sq\/roli-yne\/#primaryimage\",\"url\":\"https:\/\/ccbs.al\/wp-content\/uploads\/2026\/01\/CCBS-Companyimg.png\",\"contentUrl\":\"https:\/\/ccbs.al\/wp-content\/uploads\/2026\/01\/CCBS-Companyimg.png\"},{\"@type\":\"BreadcrumbList\",\"@id\":\"https:\/\/ccbs.al\/sq\/roli-yne\/#breadcrumb\",\"itemListElement\":[{\"@type\":\"ListItem\",\"position\":1,\"name\":\"Home\",\"item\":\"https:\/\/ccbs.al\/sq\/\"},{\"@type\":\"ListItem\",\"position\":2,\"name\":\"Roli Yn\u00eb\"}]},{\"@type\":\"WebSite\",\"@id\":\"https:\/\/ccbs.al\/sq\/#website\",\"url\":\"https:\/\/ccbs.al\/sq\/\",\"name\":\"CCBS\",\"description\":\"\",\"potentialAction\":[{\"@type\":\"SearchAction\",\"target\":{\"@type\":\"EntryPoint\",\"urlTemplate\":\"https:\/\/ccbs.al\/sq\/?s={search_term_string}\"},\"query-input\":{\"@type\":\"PropertyValueSpecification\",\"valueRequired\":true,\"valueName\":\"search_term_string\"}}],\"inLanguage\":\"sq\"}]}<\/script>\n<!-- \/ Yoast SEO plugin. -->","yoast_head_json":{"title":"Roli Yn\u00eb - CCBS","robots":{"index":"index","follow":"follow","max-snippet":"max-snippet:-1","max-image-preview":"max-image-preview:large","max-video-preview":"max-video-preview:-1"},"canonical":"https:\/\/ccbs.al\/sq\/roli-yne\/","og_locale":"sq_AL","og_type":"article","og_title":"Roli Yn\u00eb - CCBS","og_description":"[&hellip;]","og_url":"https:\/\/ccbs.al\/sq\/roli-yne\/","og_site_name":"CCBS","article_modified_time":"2026-03-06T15:24:34+00:00","og_image":[{"width":522,"height":523,"url":"https:\/\/ccbs.al\/wp-content\/uploads\/2026\/01\/CCBS-Companyimg.png","type":"image\/png"}],"twitter_card":"summary_large_image","twitter_misc":{"Est. reading time":"3 minuta"},"schema":{"@context":"https:\/\/schema.org","@graph":[{"@type":"WebPage","@id":"https:\/\/ccbs.al\/sq\/roli-yne\/","url":"https:\/\/ccbs.al\/sq\/roli-yne\/","name":"Roli Yn\u00eb - CCBS","isPartOf":{"@id":"https:\/\/ccbs.al\/sq\/#website"},"primaryImageOfPage":{"@id":"https:\/\/ccbs.al\/sq\/roli-yne\/#primaryimage"},"image":{"@id":"https:\/\/ccbs.al\/sq\/roli-yne\/#primaryimage"},"thumbnailUrl":"https:\/\/ccbs.al\/wp-content\/uploads\/2026\/01\/CCBS-Companyimg.png","datePublished":"2026-01-13T13:34:15+00:00","dateModified":"2026-03-06T15:24:34+00:00","breadcrumb":{"@id":"https:\/\/ccbs.al\/sq\/roli-yne\/#breadcrumb"},"inLanguage":"sq","potentialAction":[{"@type":"ReadAction","target":["https:\/\/ccbs.al\/sq\/roli-yne\/"]}]},{"@type":"ImageObject","inLanguage":"sq","@id":"https:\/\/ccbs.al\/sq\/roli-yne\/#primaryimage","url":"https:\/\/ccbs.al\/wp-content\/uploads\/2026\/01\/CCBS-Companyimg.png","contentUrl":"https:\/\/ccbs.al\/wp-content\/uploads\/2026\/01\/CCBS-Companyimg.png"},{"@type":"BreadcrumbList","@id":"https:\/\/ccbs.al\/sq\/roli-yne\/#breadcrumb","itemListElement":[{"@type":"ListItem","position":1,"name":"Home","item":"https:\/\/ccbs.al\/sq\/"},{"@type":"ListItem","position":2,"name":"Roli Yn\u00eb"}]},{"@type":"WebSite","@id":"https:\/\/ccbs.al\/sq\/#website","url":"https:\/\/ccbs.al\/sq\/","name":"CCBS","description":"","potentialAction":[{"@type":"SearchAction","target":{"@type":"EntryPoint","urlTemplate":"https:\/\/ccbs.al\/sq\/?s={search_term_string}"},"query-input":{"@type":"PropertyValueSpecification","valueRequired":true,"valueName":"search_term_string"}}],"inLanguage":"sq"}]}},"_links":{"self":[{"href":"https:\/\/ccbs.al\/sq\/wp-json\/wp\/v2\/pages\/29504","targetHints":{"allow":["GET"]}}],"collection":[{"href":"https:\/\/ccbs.al\/sq\/wp-json\/wp\/v2\/pages"}],"about":[{"href":"https:\/\/ccbs.al\/sq\/wp-json\/wp\/v2\/types\/page"}],"author":[{"embeddable":true,"href":"https:\/\/ccbs.al\/sq\/wp-json\/wp\/v2\/users\/1"}],"replies":[{"embeddable":true,"href":"https:\/\/ccbs.al\/sq\/wp-json\/wp\/v2\/comments?post=29504"}],"version-history":[{"count":23,"href":"https:\/\/ccbs.al\/sq\/wp-json\/wp\/v2\/pages\/29504\/revisions"}],"predecessor-version":[{"id":33169,"href":"https:\/\/ccbs.al\/sq\/wp-json\/wp\/v2\/pages\/29504\/revisions\/33169"}],"wp:attachment":[{"href":"https:\/\/ccbs.al\/sq\/wp-json\/wp\/v2\/media?parent=29504"}],"curies":[{"name":"wp","href":"https:\/\/api.w.org\/{rel}","templated":true}]}}