{"id":29486,"date":"2026-01-13T13:42:22","date_gmt":"2026-01-13T13:42:22","guid":{"rendered":"https:\/\/ccbs.web-devtesting.xyz\/kontakt\/"},"modified":"2026-03-06T10:51:30","modified_gmt":"2026-03-06T10:51:30","slug":"kontakt","status":"publish","type":"page","link":"https:\/\/ccbs.al\/sq\/kontakt\/","title":{"rendered":"Kontakt"},"content":{"rendered":"\t\t<div data-elementor-type=\"wp-page\" data-elementor-id=\"29486\" class=\"elementor elementor-29486 elementor-248\" data-elementor-post-type=\"page\">\n\t\t\t\t<div class=\"elementor-element elementor-element-ec4fdf5 e-flex e-con-boxed e-con e-parent\" data-id=\"ec4fdf5\" data-element_type=\"container\" data-e-type=\"container\">\n\t\t\t\t\t<div class=\"e-con-inner\">\n\t\t<div class=\"elementor-element elementor-element-ed484a7 e-con-full e-flex e-con e-child\" data-id=\"ed484a7\" data-element_type=\"container\" data-e-type=\"container\">\n\t\t\t\t<div class=\"elementor-element elementor-element-f95a645 elementor-widget__width-initial elementor-widget elementor-widget-heading\" data-id=\"f95a645\" data-element_type=\"widget\" data-e-type=\"widget\" data-widget_type=\"heading.default\">\n\t\t\t\t\t<h2 class=\"elementor-heading-title elementor-size-default\">Gjithmon\u00eb pran\u00eb jush<\/h2>\t\t\t\t<\/div>\n\t\t\t\t<\/div>\n\t\t\t\t\t<\/div>\n\t\t\t\t<\/div>\n\t\t<div class=\"elementor-element elementor-element-79c1446 e-flex e-con-boxed e-con e-parent\" data-id=\"79c1446\" data-element_type=\"container\" data-e-type=\"container\">\n\t\t\t\t\t<div class=\"e-con-inner\">\n\t\t<div class=\"elementor-element elementor-element-e662344 e-con-full color-link e-flex e-con e-child\" data-id=\"e662344\" data-element_type=\"container\" data-e-type=\"container\">\n\t\t\t\t<div class=\"elementor-element elementor-element-ca22ca3 elementor-widget__width-initial elementor-widget elementor-widget-heading\" data-id=\"ca22ca3\" data-element_type=\"widget\" data-e-type=\"widget\" data-widget_type=\"heading.default\">\n\t\t\t\t\t<h2 class=\"elementor-heading-title elementor-size-default\">ZYRA QENDRORE<br><\/h2>\t\t\t\t<\/div>\n\t\t\t\t<div class=\"elementor-element elementor-element-730b93a elementor-widget__width-initial elementor-widget elementor-widget-text-editor\" data-id=\"730b93a\" data-element_type=\"widget\" data-e-type=\"widget\" data-widget_type=\"text-editor.default\">\n\t\t\t\t\t\t\t\t\t<p><b>Coca-Cola Bottling Shqip\u00ebria<\/b><br>Rruga Komb\u00ebtare Tiran\u00eb\u2013Durr\u00ebs, km 5, Kashar, Tiran\u00eb.<\/p>\t\t\t\t\t\t\t\t<\/div>\n\t\t\t\t<div class=\"elementor-element elementor-element-22e86ae elementor-widget__width-initial elementor-widget elementor-widget-text-editor\" data-id=\"22e86ae\" data-element_type=\"widget\" data-e-type=\"widget\" data-widget_type=\"text-editor.default\">\n\t\t\t\t\t\t\t\t\t<p><em><strong>Zyra Administrative<\/strong><\/em><\/p><p>E-mail: <a href=\"mailto:info@cocacola.al\">info@cocacola.al<\/a><br>Numri i telefonit: <strong>+355 45 60 6060<\/strong><\/p>\t\t\t\t\t\t\t\t<\/div>\n\t\t\t\t<div class=\"elementor-element elementor-element-bac4b1b elementor-widget__width-initial elementor-widget elementor-widget-text-editor\" data-id=\"bac4b1b\" data-element_type=\"widget\" data-e-type=\"widget\" data-widget_type=\"text-editor.default\">\n\t\t\t\t\t\t\t\t\t<p>CV-t\u00eb e d\u00ebrguara n\u00eb k\u00ebt\u00eb adres\u00eb emaili nuk do t\u00eb lexohen. Ju lutemi p\u00ebrdorni seksionin <a href=\"https:\/\/ccbs.al\/sq\/puno-me-ne\/\">\u201cPuno me ne\u201d <\/a>n\u00eb faqen e internetit. <\/p>\t\t\t\t\t\t\t\t<\/div>\n\t\t\t\t<\/div>\n\t\t<div class=\"elementor-element elementor-element-76188c2 e-con-full e-flex e-con e-child\" data-id=\"76188c2\" data-element_type=\"container\" data-e-type=\"container\">\n\t\t\t\t<div class=\"elementor-element elementor-element-742a85b elementor-widget elementor-widget-google_maps\" data-id=\"742a85b\" data-element_type=\"widget\" data-e-type=\"widget\" data-widget_type=\"google_maps.default\">\n\t\t\t\t\t\t\t<div class=\"elementor-custom-embed\">\n\t\t\t<iframe loading=\"lazy\"\n\t\t\t\t\tsrc=\"https:\/\/maps.google.com\/maps?q=Coca-Cola%20Bottling%20Shqip%C3%ABria&#038;t=m&#038;z=15&#038;output=embed&#038;iwloc=near\"\n\t\t\t\t\ttitle=\"Coca-Cola Bottling Shqip\u00ebria\"\n\t\t\t\t\taria-label=\"Coca-Cola Bottling Shqip\u00ebria\"\n\t\t\t><\/iframe>\n\t\t<\/div>\n\t\t\t\t\t\t<\/div>\n\t\t\t\t<\/div>\n\t\t\t\t\t<\/div>\n\t\t\t\t<\/div>\n\t\t\t\t<\/div>\n\t\t","protected":false},"excerpt":{"rendered":"<p> [&hellip;]<\/p>\n","protected":false},"author":1,"featured_media":0,"parent":0,"menu_order":0,"comment_status":"closed","ping_status":"closed","template":"","meta":{"_acf_changed":false,"inline_featured_image":false,"footnotes":""},"class_list":["post-29486","page","type-page","status-publish","hentry"],"acf":[],"yoast_head":"<!-- This site is optimized with the Yoast SEO plugin v27.0 - https:\/\/yoast.com\/product\/yoast-seo-wordpress\/ -->\n<title>Kontakt - CCBS<\/title>\n<meta name=\"robots\" content=\"index, follow, max-snippet:-1, max-image-preview:large, max-video-preview:-1\" \/>\n<link rel=\"canonical\" href=\"https:\/\/ccbs.al\/sq\/kontakt\/\" \/>\n<meta property=\"og:locale\" content=\"sq_AL\" \/>\n<meta property=\"og:type\" content=\"article\" \/>\n<meta property=\"og:title\" content=\"Kontakt - CCBS\" \/>\n<meta property=\"og:description\" content=\"[&hellip;]\" \/>\n<meta property=\"og:url\" content=\"https:\/\/ccbs.al\/sq\/kontakt\/\" \/>\n<meta property=\"og:site_name\" content=\"CCBS\" \/>\n<meta property=\"article:modified_time\" content=\"2026-03-06T10:51:30+00:00\" \/>\n<meta name=\"twitter:card\" content=\"summary_large_image\" \/>\n<script type=\"application\/ld+json\" class=\"yoast-schema-graph\">{\"@context\":\"https:\/\/schema.org\",\"@graph\":[{\"@type\":\"WebPage\",\"@id\":\"https:\/\/ccbs.al\/sq\/kontakt\/\",\"url\":\"https:\/\/ccbs.al\/sq\/kontakt\/\",\"name\":\"Kontakt - CCBS\",\"isPartOf\":{\"@id\":\"https:\/\/ccbs.al\/sq\/#website\"},\"datePublished\":\"2026-01-13T13:42:22+00:00\",\"dateModified\":\"2026-03-06T10:51:30+00:00\",\"breadcrumb\":{\"@id\":\"https:\/\/ccbs.al\/sq\/kontakt\/#breadcrumb\"},\"inLanguage\":\"sq\",\"potentialAction\":[{\"@type\":\"ReadAction\",\"target\":[\"https:\/\/ccbs.al\/sq\/kontakt\/\"]}]},{\"@type\":\"BreadcrumbList\",\"@id\":\"https:\/\/ccbs.al\/sq\/kontakt\/#breadcrumb\",\"itemListElement\":[{\"@type\":\"ListItem\",\"position\":1,\"name\":\"Home\",\"item\":\"https:\/\/ccbs.al\/sq\/\"},{\"@type\":\"ListItem\",\"position\":2,\"name\":\"Kontakt\"}]},{\"@type\":\"WebSite\",\"@id\":\"https:\/\/ccbs.al\/sq\/#website\",\"url\":\"https:\/\/ccbs.al\/sq\/\",\"name\":\"CCBS\",\"description\":\"\",\"potentialAction\":[{\"@type\":\"SearchAction\",\"target\":{\"@type\":\"EntryPoint\",\"urlTemplate\":\"https:\/\/ccbs.al\/sq\/?s={search_term_string}\"},\"query-input\":{\"@type\":\"PropertyValueSpecification\",\"valueRequired\":true,\"valueName\":\"search_term_string\"}}],\"inLanguage\":\"sq\"}]}<\/script>\n<!-- \/ Yoast SEO plugin. -->","yoast_head_json":{"title":"Kontakt - CCBS","robots":{"index":"index","follow":"follow","max-snippet":"max-snippet:-1","max-image-preview":"max-image-preview:large","max-video-preview":"max-video-preview:-1"},"canonical":"https:\/\/ccbs.al\/sq\/kontakt\/","og_locale":"sq_AL","og_type":"article","og_title":"Kontakt - CCBS","og_description":"[&hellip;]","og_url":"https:\/\/ccbs.al\/sq\/kontakt\/","og_site_name":"CCBS","article_modified_time":"2026-03-06T10:51:30+00:00","twitter_card":"summary_large_image","schema":{"@context":"https:\/\/schema.org","@graph":[{"@type":"WebPage","@id":"https:\/\/ccbs.al\/sq\/kontakt\/","url":"https:\/\/ccbs.al\/sq\/kontakt\/","name":"Kontakt - CCBS","isPartOf":{"@id":"https:\/\/ccbs.al\/sq\/#website"},"datePublished":"2026-01-13T13:42:22+00:00","dateModified":"2026-03-06T10:51:30+00:00","breadcrumb":{"@id":"https:\/\/ccbs.al\/sq\/kontakt\/#breadcrumb"},"inLanguage":"sq","potentialAction":[{"@type":"ReadAction","target":["https:\/\/ccbs.al\/sq\/kontakt\/"]}]},{"@type":"BreadcrumbList","@id":"https:\/\/ccbs.al\/sq\/kontakt\/#breadcrumb","itemListElement":[{"@type":"ListItem","position":1,"name":"Home","item":"https:\/\/ccbs.al\/sq\/"},{"@type":"ListItem","position":2,"name":"Kontakt"}]},{"@type":"WebSite","@id":"https:\/\/ccbs.al\/sq\/#website","url":"https:\/\/ccbs.al\/sq\/","name":"CCBS","description":"","potentialAction":[{"@type":"SearchAction","target":{"@type":"EntryPoint","urlTemplate":"https:\/\/ccbs.al\/sq\/?s={search_term_string}"},"query-input":{"@type":"PropertyValueSpecification","valueRequired":true,"valueName":"search_term_string"}}],"inLanguage":"sq"}]}},"_links":{"self":[{"href":"https:\/\/ccbs.al\/sq\/wp-json\/wp\/v2\/pages\/29486","targetHints":{"allow":["GET"]}}],"collection":[{"href":"https:\/\/ccbs.al\/sq\/wp-json\/wp\/v2\/pages"}],"about":[{"href":"https:\/\/ccbs.al\/sq\/wp-json\/wp\/v2\/types\/page"}],"author":[{"embeddable":true,"href":"https:\/\/ccbs.al\/sq\/wp-json\/wp\/v2\/users\/1"}],"replies":[{"embeddable":true,"href":"https:\/\/ccbs.al\/sq\/wp-json\/wp\/v2\/comments?post=29486"}],"version-history":[{"count":3,"href":"https:\/\/ccbs.al\/sq\/wp-json\/wp\/v2\/pages\/29486\/revisions"}],"predecessor-version":[{"id":32717,"href":"https:\/\/ccbs.al\/sq\/wp-json\/wp\/v2\/pages\/29486\/revisions\/32717"}],"wp:attachment":[{"href":"https:\/\/ccbs.al\/sq\/wp-json\/wp\/v2\/media?parent=29486"}],"curies":[{"name":"wp","href":"https:\/\/api.w.org\/{rel}","templated":true}]}}