{"id":29472,"date":"2026-01-13T13:35:22","date_gmt":"2026-01-13T13:35:22","guid":{"rendered":"https:\/\/ccbs.web-devtesting.xyz\/certifikime\/"},"modified":"2026-03-04T13:07:16","modified_gmt":"2026-03-04T13:07:16","slug":"certifikime","status":"publish","type":"page","link":"https:\/\/ccbs.al\/sq\/certifikime\/","title":{"rendered":"Certifikime"},"content":{"rendered":"\t\t<div data-elementor-type=\"wp-page\" data-elementor-id=\"29472\" class=\"elementor elementor-29472 elementor-234\" data-elementor-post-type=\"page\">\n\t\t\t\t<div class=\"elementor-element elementor-element-2552ca1 wavy-shape image-bg e-flex e-con-boxed e-con e-parent\" data-id=\"2552ca1\" data-element_type=\"container\" data-e-type=\"container\">\n\t\t\t\t\t<div class=\"e-con-inner\">\n\t\t\t\t\t<\/div>\n\t\t\t\t<\/div>\n\t\t<div class=\"elementor-element elementor-element-891d0e0 e-flex e-con-boxed e-con e-parent\" data-id=\"891d0e0\" data-element_type=\"container\" data-e-type=\"container\">\n\t\t\t\t\t<div class=\"e-con-inner\">\n\t\t<div class=\"elementor-element elementor-element-6d89d59 e-con-full e-flex e-con e-child\" data-id=\"6d89d59\" data-element_type=\"container\" data-e-type=\"container\">\n\t\t\t\t<div class=\"elementor-element elementor-element-96a1db9 elementor-widget__width-initial elementor-widget elementor-widget-heading\" data-id=\"96a1db9\" data-element_type=\"widget\" data-e-type=\"widget\" data-widget_type=\"heading.default\">\n\t\t\t\t\t<h2 class=\"elementor-heading-title elementor-size-default\">Cil\u00ebsi me Transparenc\u00eb\n<\/h2>\t\t\t\t<\/div>\n\t\t\t\t<div class=\"elementor-element elementor-element-502edca elementor-widget__width-initial elementor-widget elementor-widget-text-editor\" data-id=\"502edca\" data-element_type=\"widget\" data-e-type=\"widget\" data-widget_type=\"text-editor.default\">\n\t\t\t\t\t\t\t\t\t<p data-start=\"154\" data-end=\"475\">N\u00eb CCBS, cil\u00ebsia, siguria dhe p\u00ebrgjegjshm\u00ebria udh\u00ebheqin \u00e7do hap t\u00eb operacioneve tona. Sistemet tona t\u00eb integruara t\u00eb menaxhimit jan\u00eb t\u00eb certifikuara sipas standardeve t\u00eb njohura nd\u00ebrkomb\u00ebtarisht, duke garantuar ekselenc\u00eb n\u00eb cil\u00ebsi, siguri ushqimore, siguri t\u00eb informacionit, efikasitet energjetik, menaxhim mjedisor dhe sh\u00ebndet e siguri n\u00eb pun\u00eb. <\/p><p data-start=\"477\" data-end=\"829\">Nga p\u00ebrzgjedhja e kujdesshme e furnitor\u00ebve dhe l\u00ebnd\u00ebve t\u00eb para deri te prodhimi, shp\u00ebrndarja dhe mbrojtja e t\u00eb dh\u00ebnave, \u00e7do proces \u00ebsht\u00eb i strukturuar, i monitoruar dhe i p\u00ebrmir\u00ebsuar vazhdimisht. K\u00ebto certifikime pasqyrojn\u00eb angazhimin ton\u00eb p\u00ebr t\u00eb prodhuar pije t\u00eb sigurta dhe me cil\u00ebsi t\u00eb lart\u00eb, p\u00ebr t\u00eb mbrojtur njer\u00ebzit tan\u00eb dhe mjedisin, si dhe p\u00ebr t\u00eb operuar me efikasitet dhe transparenc\u00eb. <\/p><p data-start=\"831\" data-end=\"1075\">N\u00eb p\u00ebrputhje me standardet e \u201cThe Coca-Cola Company\u201d dhe praktikat m\u00eb t\u00eb mira globale, sistemet tona t\u00eb certifikuara sigurojn\u00eb p\u00ebrputhshm\u00ebri me rregulloret nd\u00ebrkomb\u00ebtare, duke krijuar nj\u00ebkoh\u00ebsisht vler\u00eb t\u00eb q\u00ebndrueshme p\u00ebr konsumator\u00ebt, punonj\u00ebsit, partner\u00ebt dhe komunitetet q\u00eb ne sh\u00ebrbejm\u00eb.<\/p>\t\t\t\t\t\t\t\t<\/div>\n\t\t\t\t<\/div>\n\t\t\t\t\t<\/div>\n\t\t\t\t<\/div>\n\t\t<div class=\"elementor-element elementor-element-ca7014c e-flex e-con-boxed e-con e-parent\" data-id=\"ca7014c\" data-element_type=\"container\" data-e-type=\"container\">\n\t\t\t\t\t<div class=\"e-con-inner\">\n\t\t<div class=\"elementor-element elementor-element-8476551 e-con-full e-flex e-con e-child\" data-id=\"8476551\" data-element_type=\"container\" data-e-type=\"container\">\n\t\t<div class=\"elementor-element elementor-element-8233ca9 e-con-full e-flex e-con e-child\" data-id=\"8233ca9\" data-element_type=\"container\" data-e-type=\"container\">\n\t\t\t\t<div class=\"elementor-element elementor-element-81f10e3 elementor-widget elementor-widget-image\" data-id=\"81f10e3\" data-element_type=\"widget\" data-e-type=\"widget\" data-widget_type=\"image.default\">\n\t\t\t\t\t\t\t\t\t\t\t\t\t\t\t<img fetchpriority=\"high\" decoding=\"async\" width=\"680\" height=\"281\" src=\"https:\/\/ccbs.al\/wp-content\/uploads\/2026\/02\/2.png\" class=\"attachment-full size-full wp-image-29465\" alt=\"\" srcset=\"https:\/\/ccbs.al\/wp-content\/uploads\/2026\/02\/2.png 680w, https:\/\/ccbs.al\/wp-content\/uploads\/2026\/02\/2-300x124.png 300w\" sizes=\"(max-width: 680px) 100vw, 680px\" \/>\t\t\t\t\t\t\t\t\t\t\t\t\t\t\t<\/div>\n\t\t\t\t<div class=\"elementor-element elementor-element-f11f07e elementor-widget__width-initial elementor-widget elementor-widget-heading\" data-id=\"f11f07e\" data-element_type=\"widget\" data-e-type=\"widget\" data-widget_type=\"heading.default\">\n\t\t\t\t\t<h2 class=\"elementor-heading-title elementor-size-default\">UNI EN ISO 9001:2015 \u2013 SISTEMI I MENAXHIMIT T\u00cb CIL\u00cbSIS\u00cb\n<\/h2>\t\t\t\t<\/div>\n\t\t\t\t<div class=\"elementor-element elementor-element-997fd54 elementor-widget__width-initial elementor-widget elementor-widget-text-editor\" data-id=\"997fd54\" data-element_type=\"widget\" data-e-type=\"widget\" data-widget_type=\"text-editor.default\">\n\t\t\t\t\t\t\t\t\t<p>Ne jemi t\u00eb certifikuar sipas<strong> ISO 9001<\/strong>, standardi nd\u00ebrkomb\u00ebtar p\u00ebr sistemet e menaxhimit t\u00eb cil\u00ebsis\u00eb, duke demonstruar angazhimin ton\u00eb p\u00ebr<strong> cil\u00ebsi t\u00eb q\u00ebndrueshme t\u00eb produktit, k\u00ebnaq\u00ebsi t\u00eb klientit dhe p\u00ebrmir\u00ebsim t\u00eb vazhduesh\u00ebm.<\/strong> Standardi siguron q\u00eb proceset tona jan\u00eb t\u00eb p\u00ebrcaktuara qart\u00eb, t\u00eb kontrolluara dhe t\u00eb monitoruara vazhdimisht p\u00ebr t\u00eb p\u00ebrmbushur k\u00ebrkesat e klient\u00ebve, ligjore dhe t\u00eb sistemit Coca-Cola. P\u00ebrmes monitorimit t\u00eb strukturuar t\u00eb performanc\u00ebs dhe veprimeve korrigjuese, ne ruajm\u00eb ekselenc\u00ebn operacionale.  <\/p><p> <\/p>\t\t\t\t\t\t\t\t<\/div>\n\t\t\t\t<\/div>\n\t\t<div class=\"elementor-element elementor-element-858da2e e-con-full e-flex e-con e-child\" data-id=\"858da2e\" data-element_type=\"container\" data-e-type=\"container\">\n\t\t\t\t<div class=\"elementor-element elementor-element-8885ae0 elementor-widget elementor-widget-image\" data-id=\"8885ae0\" data-element_type=\"widget\" data-e-type=\"widget\" data-widget_type=\"image.default\">\n\t\t\t\t\t\t\t\t\t\t\t\t\t\t\t<img decoding=\"async\" width=\"680\" height=\"281\" src=\"https:\/\/ccbs.al\/wp-content\/uploads\/2026\/02\/1.png\" class=\"attachment-full size-full wp-image-29466\" alt=\"\" srcset=\"https:\/\/ccbs.al\/wp-content\/uploads\/2026\/02\/1.png 680w, https:\/\/ccbs.al\/wp-content\/uploads\/2026\/02\/1-300x124.png 300w\" sizes=\"(max-width: 680px) 100vw, 680px\" \/>\t\t\t\t\t\t\t\t\t\t\t\t\t\t\t<\/div>\n\t\t\t\t<div class=\"elementor-element elementor-element-3d985ea elementor-widget__width-initial elementor-widget elementor-widget-heading\" data-id=\"3d985ea\" data-element_type=\"widget\" data-e-type=\"widget\" data-widget_type=\"heading.default\">\n\t\t\t\t\t<h2 class=\"elementor-heading-title elementor-size-default\">FSSC 22000 \u2013 CERTIFIKIMI I SISTEMIT T\u00cb SIGURIS\u00cb USHQIMORE<br>\n<\/h2>\t\t\t\t<\/div>\n\t\t\t\t<div class=\"elementor-element elementor-element-a760bac elementor-widget__width-initial elementor-widget elementor-widget-text-editor\" data-id=\"a760bac\" data-element_type=\"widget\" data-e-type=\"widget\" data-widget_type=\"text-editor.default\">\n\t\t\t\t\t\t\t\t\t<p>Me krenari, jemi t\u00eb certifikuar sipas <strong>FSSC 22000 Versioni 6<\/strong>, nj\u00eb skem\u00eb globale e njohur e siguris\u00eb ushqimore e harmonizuar me k\u00ebrkesat ISO dhe GFSI. Ky certifikim demonstron angazhimin ton\u00eb t\u00eb fort\u00eb p\u00ebr <strong>prodhimin e pijeve t\u00eb sigurta, n\u00eb p\u00ebrputhje me ligjin dhe me cil\u00ebsi t\u00eb lart\u00eb<\/strong>, si dhe p\u00ebr p\u00ebrmbushjen e t\u00eb gjitha pritshm\u00ebrive t\u00eb TCCC p\u00ebr Cil\u00ebsin\u00eb dhe Sigurin\u00eb Ushqimore. Sistemi yn\u00eb integron kontrolle rigoroze, nj\u00eb qasje t\u00eb bazuar n\u00eb analizen e riskut, duke p\u00ebrfshir\u00eb programe t\u00eb forta paraprake (PRP), HACCP, kontrollin e furnitor\u00ebve, mbrojtjen e ushqimit dhe parandalimin e mashtrimit ushqimor, monitorimin mjedisor dhe nj\u00eb kultur\u00eb t\u00eb fort\u00eb t\u00eb siguris\u00eb ushqimore dhe cil\u00ebsis\u00eb.   <\/p>\t\t\t\t\t\t\t\t<\/div>\n\t\t\t\t<\/div>\n\t\t\t\t<\/div>\n\t\t<div class=\"elementor-element elementor-element-8249c18 e-con-full e-flex e-con e-child\" data-id=\"8249c18\" data-element_type=\"container\" data-e-type=\"container\">\n\t\t<div class=\"elementor-element elementor-element-e650eb1 e-con-full e-flex e-con e-child\" data-id=\"e650eb1\" data-element_type=\"container\" data-e-type=\"container\">\n\t\t\t\t<div class=\"elementor-element elementor-element-c492c5b elementor-widget elementor-widget-image\" data-id=\"c492c5b\" data-element_type=\"widget\" data-e-type=\"widget\" data-widget_type=\"image.default\">\n\t\t\t\t\t\t\t\t\t\t\t\t\t\t\t<img decoding=\"async\" width=\"680\" height=\"281\" src=\"https:\/\/ccbs.al\/wp-content\/uploads\/2026\/02\/5.png\" class=\"attachment-full size-full wp-image-29467\" alt=\"\" srcset=\"https:\/\/ccbs.al\/wp-content\/uploads\/2026\/02\/5.png 680w, https:\/\/ccbs.al\/wp-content\/uploads\/2026\/02\/5-300x124.png 300w\" sizes=\"(max-width: 680px) 100vw, 680px\" \/>\t\t\t\t\t\t\t\t\t\t\t\t\t\t\t<\/div>\n\t\t\t\t<div class=\"elementor-element elementor-element-6254170 elementor-widget__width-initial elementor-widget elementor-widget-heading\" data-id=\"6254170\" data-element_type=\"widget\" data-e-type=\"widget\" data-widget_type=\"heading.default\">\n\t\t\t\t\t<h2 class=\"elementor-heading-title elementor-size-default\">SISTEMI I MENAXHIMIT T\u00cb SIGURIS\u00cb S\u00cb INFORMACIONIT\n<\/h2>\t\t\t\t<\/div>\n\t\t\t\t<div class=\"elementor-element elementor-element-c613f23 elementor-widget__width-initial elementor-widget elementor-widget-text-editor\" data-id=\"c613f23\" data-element_type=\"widget\" data-e-type=\"widget\" data-widget_type=\"text-editor.default\">\n\t\t\t\t\t\t\t\t\t<p>Ne jemi t\u00eb certifikuar sipas<strong> ISO 27001<\/strong>, standardi nd\u00ebrkomb\u00ebtar p\u00ebr menaxhimin e siguris\u00eb s\u00eb informacionit, <strong>duke garantuar konfidencialitetin, integritetin dhe disponueshm\u00ebrin\u00eb e informacionit.<\/strong> Rreziqet e siguris\u00eb s\u00eb informacionit identifikohen dhe menaxhohen p\u00ebrmes kontrolleve t\u00eb strukturuara q\u00eb mbulojn\u00eb njer\u00ebzit, proceset dhe teknologjin\u00eb. Sistemi mbron t\u00eb dh\u00ebnat e ndjeshme t\u00eb biznesit, operacionale dhe t\u00eb pal\u00ebve t\u00eb interest, n\u00eb p\u00ebrputhje me k\u00ebrkesat ligjore dhe korporative.  <\/p>\t\t\t\t\t\t\t\t<\/div>\n\t\t\t\t<\/div>\n\t\t<div class=\"elementor-element elementor-element-066426c e-con-full e-flex e-con e-child\" data-id=\"066426c\" data-element_type=\"container\" data-e-type=\"container\">\n\t\t\t\t<div class=\"elementor-element elementor-element-0443ca8 elementor-widget elementor-widget-image\" data-id=\"0443ca8\" data-element_type=\"widget\" data-e-type=\"widget\" data-widget_type=\"image.default\">\n\t\t\t\t\t\t\t\t\t\t\t\t\t\t\t<img loading=\"lazy\" decoding=\"async\" width=\"680\" height=\"281\" src=\"https:\/\/ccbs.al\/wp-content\/uploads\/2026\/02\/6.png\" class=\"attachment-full size-full wp-image-29468\" alt=\"\" srcset=\"https:\/\/ccbs.al\/wp-content\/uploads\/2026\/02\/6.png 680w, https:\/\/ccbs.al\/wp-content\/uploads\/2026\/02\/6-300x124.png 300w\" sizes=\"(max-width: 680px) 100vw, 680px\" \/>\t\t\t\t\t\t\t\t\t\t\t\t\t\t\t<\/div>\n\t\t\t\t<div class=\"elementor-element elementor-element-7557751 elementor-widget__width-initial elementor-widget elementor-widget-heading\" data-id=\"7557751\" data-element_type=\"widget\" data-e-type=\"widget\" data-widget_type=\"heading.default\">\n\t\t\t\t\t<h2 class=\"elementor-heading-title elementor-size-default\">SISTEMI I MENAXHIMIT T\u00cb EFI\u00c7ENC\u00cbS S\u00cb ENERGJIS\u00cb<\/h2>\t\t\t\t<\/div>\n\t\t\t\t<div class=\"elementor-element elementor-element-eae1cef elementor-widget__width-initial elementor-widget elementor-widget-text-editor\" data-id=\"eae1cef\" data-element_type=\"widget\" data-e-type=\"widget\" data-widget_type=\"text-editor.default\">\n\t\t\t\t\t\t\t\t\t<p>Ne jemi t\u00eb certifikuar sipas<strong> ISO 50001<\/strong>, duke demonstruar angazhimin ton\u00eb p\u00ebr p\u00ebrdorim <strong>efikas t\u00eb energjis\u00eb dhe p\u00ebrmir\u00ebsim t\u00eb vazhduesh\u00ebm t\u00eb performanc\u00ebs energjetike.<\/strong> Ky standard siguron monitorim, analiz\u00eb dhe optimizim t\u00eb strukturuar t\u00eb konsumit t\u00eb energjis\u00eb n\u00eb t\u00eb gjith\u00eb operacionet tona. Objektivat energjetike, planet e veprimit dhe treguesit e performanc\u00ebs p\u00ebrcaktohen duke p\u00ebrdorur nj\u00eb qasje t\u00eb bazuar n\u00eb t\u00eb dh\u00ebna dhe n\u00eb analiz\u00ebn e riskut.   <\/p><p> <\/p>\t\t\t\t\t\t\t\t<\/div>\n\t\t\t\t<\/div>\n\t\t\t\t<\/div>\n\t\t<div class=\"elementor-element elementor-element-72f6503 e-con-full e-flex e-con e-child\" data-id=\"72f6503\" data-element_type=\"container\" data-e-type=\"container\">\n\t\t<div class=\"elementor-element elementor-element-3b86bdc e-con-full e-flex e-con e-child\" data-id=\"3b86bdc\" data-element_type=\"container\" data-e-type=\"container\">\n\t\t\t\t<div class=\"elementor-element elementor-element-41cb22f elementor-widget elementor-widget-image\" data-id=\"41cb22f\" data-element_type=\"widget\" data-e-type=\"widget\" data-widget_type=\"image.default\">\n\t\t\t\t\t\t\t\t\t\t\t\t\t\t\t<img loading=\"lazy\" decoding=\"async\" width=\"680\" height=\"281\" src=\"https:\/\/ccbs.al\/wp-content\/uploads\/2026\/02\/3.png\" class=\"attachment-full size-full wp-image-29469\" alt=\"\" srcset=\"https:\/\/ccbs.al\/wp-content\/uploads\/2026\/02\/3.png 680w, https:\/\/ccbs.al\/wp-content\/uploads\/2026\/02\/3-300x124.png 300w\" sizes=\"(max-width: 680px) 100vw, 680px\" \/>\t\t\t\t\t\t\t\t\t\t\t\t\t\t\t<\/div>\n\t\t\t\t<div class=\"elementor-element elementor-element-d279036 elementor-widget__width-initial elementor-widget elementor-widget-heading\" data-id=\"d279036\" data-element_type=\"widget\" data-e-type=\"widget\" data-widget_type=\"heading.default\">\n\t\t\t\t\t<h2 class=\"elementor-heading-title elementor-size-default\">SISTEMI I MENAXHIMIT MJEDISOR<br><\/h2>\t\t\t\t<\/div>\n\t\t\t\t<div class=\"elementor-element elementor-element-ec89d43 elementor-widget__width-initial elementor-widget elementor-widget-text-editor\" data-id=\"ec89d43\" data-element_type=\"widget\" data-e-type=\"widget\" data-widget_type=\"text-editor.default\">\n\t\t\t\t\t\t\t\t\t<p>CCBS mban me krenari <strong>UNI EN ISO 14001:2015<\/strong>, duke demonstruar angazhimin ton\u00eb t\u00eb fort\u00eb p\u00ebr <strong>menaxhim t\u00eb p\u00ebrgjegjsh\u00ebm mjedisor.<\/strong> Ne punojm\u00eb vazhdimisht p\u00ebr t\u00eb reduktuar emetimet, p\u00ebr t\u00eb optimizuar p\u00ebrdorimin e burimeve, p\u00ebr t\u00eb mbrojtur ujin dhe p\u00ebr t\u00eb minimizuar mbetjet n\u00eb t\u00eb gjith\u00eb operacionet tona. Objektivat tona mjedisore monitorohen nga af\u00ebr p\u00ebr t\u00eb siguruar p\u00ebrmir\u00ebsim t\u00eb vazhduesh\u00ebm dhe p\u00ebrputhshm\u00ebri t\u00eb plot\u00eb me k\u00ebrkesat ligjore, standardet e TCCC dhe politikat e brendshme t\u00eb q\u00ebndrueshm\u00ebris\u00eb.  <\/p><p> <\/p>\t\t\t\t\t\t\t\t<\/div>\n\t\t\t\t<\/div>\n\t\t<div class=\"elementor-element elementor-element-66f966a e-con-full e-flex e-con e-child\" data-id=\"66f966a\" data-element_type=\"container\" data-e-type=\"container\">\n\t\t\t\t<div class=\"elementor-element elementor-element-cf5946b elementor-widget elementor-widget-image\" data-id=\"cf5946b\" data-element_type=\"widget\" data-e-type=\"widget\" data-widget_type=\"image.default\">\n\t\t\t\t\t\t\t\t\t\t\t\t\t\t\t<img loading=\"lazy\" decoding=\"async\" width=\"680\" height=\"281\" src=\"https:\/\/ccbs.al\/wp-content\/uploads\/2026\/02\/4.png\" class=\"attachment-full size-full wp-image-29470\" alt=\"\" srcset=\"https:\/\/ccbs.al\/wp-content\/uploads\/2026\/02\/4.png 680w, https:\/\/ccbs.al\/wp-content\/uploads\/2026\/02\/4-300x124.png 300w\" sizes=\"(max-width: 680px) 100vw, 680px\" \/>\t\t\t\t\t\t\t\t\t\t\t\t\t\t\t<\/div>\n\t\t\t\t<div class=\"elementor-element elementor-element-6aac543 elementor-widget__width-initial elementor-widget elementor-widget-heading\" data-id=\"6aac543\" data-element_type=\"widget\" data-e-type=\"widget\" data-widget_type=\"heading.default\">\n\t\t\t\t\t<h2 class=\"elementor-heading-title elementor-size-default\">SISTEMI I MENAXHIMIT T\u00cb SH\u00cbNDETIT DHE SIGURIS\u00cb N\u00cb PUN\u00cb <\/h2>\t\t\t\t<\/div>\n\t\t\t\t<div class=\"elementor-element elementor-element-7f2150c elementor-widget__width-initial elementor-widget elementor-widget-text-editor\" data-id=\"7f2150c\" data-element_type=\"widget\" data-e-type=\"widget\" data-widget_type=\"text-editor.default\">\n\t\t\t\t\t\t\t\t\t<p>Certifikimi yn\u00eb<strong> ISO 45001 <\/strong>demonstron p\u00ebrkushtimin ton\u00eb p\u00ebr t\u00eb garantuar nj\u00eb <strong>mjedis pune t\u00eb sigurt dhe t\u00eb sh\u00ebndetsh\u00ebm <\/strong>p\u00ebr t\u00eb gjith\u00eb punonj\u00ebsit. Ai ofron nj\u00eb korniz\u00eb t\u00eb strukturuar p\u00ebr identifikimin e rreziqeve, parandalimin e incidenteve dhe promovimin e nj\u00eb kulture t\u00eb fort\u00eb sigurie. P\u00ebrmes kontrollit proaktiv t\u00eb rreziqeve dhe trajnimit t\u00eb vazhduesh\u00ebm, ne mbrojm\u00eb fuqin\u00eb ton\u00eb pun\u00ebtore dhe forcojm\u00eb besueshm\u00ebrin\u00eb operacionale. Ky standard siguron p\u00ebrputhshm\u00ebri me rregulloret e siguris\u00eb n\u00eb pun\u00eb dhe praktikat m\u00eb t\u00eb mira globale. Ai p\u00ebrforcon bindjen ton\u00eb se siguria e punonj\u00ebsve \u00ebsht\u00eb prioritet kryesor.    <\/p>\t\t\t\t\t\t\t\t<\/div>\n\t\t\t\t<\/div>\n\t\t\t\t<\/div>\n\t\t\t\t\t<\/div>\n\t\t\t\t<\/div>\n\t\t<div class=\"elementor-element elementor-element-a5c9eac e-flex e-con-boxed e-con e-parent\" data-id=\"a5c9eac\" data-element_type=\"container\" data-e-type=\"container\" data-settings=\"{&quot;background_background&quot;:&quot;classic&quot;}\">\n\t\t\t\t\t<div class=\"e-con-inner\">\n\t\t\t\t<div class=\"elementor-element elementor-element-5351970 elementor-widget__width-initial elementor-widget elementor-widget-text-editor\" data-id=\"5351970\" data-element_type=\"widget\" data-e-type=\"widget\" data-widget_type=\"text-editor.default\">\n\t\t\t\t\t\t\t\t\t<p>Sistemi yn\u00eb i integruar i menaxhimit pasqyron angazhimin ton\u00eb t\u00eb vazhduesh\u00ebm p\u00ebr cil\u00ebsi, siguri, mbrojtje dhe q\u00ebndrueshm\u00ebri n\u00eb \u00e7do faz\u00eb t\u00eb operacioneve tona dhe p\u00ebrgjat\u00eb gjith\u00eb zinxhirit t\u00eb furnizimit. Ai q\u00ebndron si nj\u00eb garanci e ekselenc\u00ebs p\u00ebr partner\u00ebt, klient\u00ebt dhe konsumator\u00ebt tan\u00eb. <\/p>\t\t\t\t\t\t\t\t<\/div>\n\t\t\t\t\t<\/div>\n\t\t\t\t<\/div>\n\t\t\t\t<\/div>\n\t\t","protected":false},"excerpt":{"rendered":"<p> [&hellip;]<\/p>\n","protected":false},"author":1,"featured_media":0,"parent":0,"menu_order":0,"comment_status":"closed","ping_status":"closed","template":"elementor_header_footer","meta":{"_acf_changed":false,"inline_featured_image":false,"footnotes":""},"class_list":["post-29472","page","type-page","status-publish","hentry"],"acf":[],"yoast_head":"<!-- This site is optimized with the Yoast SEO plugin v27.0 - https:\/\/yoast.com\/product\/yoast-seo-wordpress\/ -->\n<title>Certifikime - CCBS<\/title>\n<meta name=\"robots\" content=\"index, follow, max-snippet:-1, max-image-preview:large, max-video-preview:-1\" \/>\n<link rel=\"canonical\" href=\"https:\/\/ccbs.al\/sq\/certifikime\/\" \/>\n<meta property=\"og:locale\" content=\"sq_AL\" \/>\n<meta property=\"og:type\" content=\"article\" \/>\n<meta property=\"og:title\" content=\"Certifikime - CCBS\" \/>\n<meta property=\"og:description\" content=\"[&hellip;]\" \/>\n<meta property=\"og:url\" content=\"https:\/\/ccbs.al\/sq\/certifikime\/\" \/>\n<meta property=\"og:site_name\" content=\"CCBS\" \/>\n<meta property=\"article:modified_time\" content=\"2026-03-04T13:07:16+00:00\" \/>\n<meta property=\"og:image\" content=\"https:\/\/ccbs.al\/wp-content\/uploads\/2026\/02\/2.png\" \/>\n\t<meta property=\"og:image:width\" content=\"680\" \/>\n\t<meta property=\"og:image:height\" content=\"281\" \/>\n\t<meta property=\"og:image:type\" content=\"image\/png\" \/>\n<meta name=\"twitter:card\" content=\"summary_large_image\" \/>\n<meta name=\"twitter:label1\" content=\"Est. reading time\" \/>\n\t<meta name=\"twitter:data1\" content=\"4 minuta\" \/>\n<script type=\"application\/ld+json\" class=\"yoast-schema-graph\">{\"@context\":\"https:\/\/schema.org\",\"@graph\":[{\"@type\":\"WebPage\",\"@id\":\"https:\/\/ccbs.al\/sq\/certifikime\/\",\"url\":\"https:\/\/ccbs.al\/sq\/certifikime\/\",\"name\":\"Certifikime - CCBS\",\"isPartOf\":{\"@id\":\"https:\/\/ccbs.al\/sq\/#website\"},\"primaryImageOfPage\":{\"@id\":\"https:\/\/ccbs.al\/sq\/certifikime\/#primaryimage\"},\"image\":{\"@id\":\"https:\/\/ccbs.al\/sq\/certifikime\/#primaryimage\"},\"thumbnailUrl\":\"https:\/\/ccbs.al\/wp-content\/uploads\/2026\/02\/2.png\",\"datePublished\":\"2026-01-13T13:35:22+00:00\",\"dateModified\":\"2026-03-04T13:07:16+00:00\",\"breadcrumb\":{\"@id\":\"https:\/\/ccbs.al\/sq\/certifikime\/#breadcrumb\"},\"inLanguage\":\"sq\",\"potentialAction\":[{\"@type\":\"ReadAction\",\"target\":[\"https:\/\/ccbs.al\/sq\/certifikime\/\"]}]},{\"@type\":\"ImageObject\",\"inLanguage\":\"sq\",\"@id\":\"https:\/\/ccbs.al\/sq\/certifikime\/#primaryimage\",\"url\":\"https:\/\/ccbs.al\/wp-content\/uploads\/2026\/02\/2.png\",\"contentUrl\":\"https:\/\/ccbs.al\/wp-content\/uploads\/2026\/02\/2.png\"},{\"@type\":\"BreadcrumbList\",\"@id\":\"https:\/\/ccbs.al\/sq\/certifikime\/#breadcrumb\",\"itemListElement\":[{\"@type\":\"ListItem\",\"position\":1,\"name\":\"Home\",\"item\":\"https:\/\/ccbs.al\/sq\/\"},{\"@type\":\"ListItem\",\"position\":2,\"name\":\"Certifikime\"}]},{\"@type\":\"WebSite\",\"@id\":\"https:\/\/ccbs.al\/sq\/#website\",\"url\":\"https:\/\/ccbs.al\/sq\/\",\"name\":\"CCBS\",\"description\":\"\",\"potentialAction\":[{\"@type\":\"SearchAction\",\"target\":{\"@type\":\"EntryPoint\",\"urlTemplate\":\"https:\/\/ccbs.al\/sq\/?s={search_term_string}\"},\"query-input\":{\"@type\":\"PropertyValueSpecification\",\"valueRequired\":true,\"valueName\":\"search_term_string\"}}],\"inLanguage\":\"sq\"}]}<\/script>\n<!-- \/ Yoast SEO plugin. -->","yoast_head_json":{"title":"Certifikime - CCBS","robots":{"index":"index","follow":"follow","max-snippet":"max-snippet:-1","max-image-preview":"max-image-preview:large","max-video-preview":"max-video-preview:-1"},"canonical":"https:\/\/ccbs.al\/sq\/certifikime\/","og_locale":"sq_AL","og_type":"article","og_title":"Certifikime - CCBS","og_description":"[&hellip;]","og_url":"https:\/\/ccbs.al\/sq\/certifikime\/","og_site_name":"CCBS","article_modified_time":"2026-03-04T13:07:16+00:00","og_image":[{"width":680,"height":281,"url":"https:\/\/ccbs.al\/wp-content\/uploads\/2026\/02\/2.png","type":"image\/png"}],"twitter_card":"summary_large_image","twitter_misc":{"Est. reading time":"4 minuta"},"schema":{"@context":"https:\/\/schema.org","@graph":[{"@type":"WebPage","@id":"https:\/\/ccbs.al\/sq\/certifikime\/","url":"https:\/\/ccbs.al\/sq\/certifikime\/","name":"Certifikime - CCBS","isPartOf":{"@id":"https:\/\/ccbs.al\/sq\/#website"},"primaryImageOfPage":{"@id":"https:\/\/ccbs.al\/sq\/certifikime\/#primaryimage"},"image":{"@id":"https:\/\/ccbs.al\/sq\/certifikime\/#primaryimage"},"thumbnailUrl":"https:\/\/ccbs.al\/wp-content\/uploads\/2026\/02\/2.png","datePublished":"2026-01-13T13:35:22+00:00","dateModified":"2026-03-04T13:07:16+00:00","breadcrumb":{"@id":"https:\/\/ccbs.al\/sq\/certifikime\/#breadcrumb"},"inLanguage":"sq","potentialAction":[{"@type":"ReadAction","target":["https:\/\/ccbs.al\/sq\/certifikime\/"]}]},{"@type":"ImageObject","inLanguage":"sq","@id":"https:\/\/ccbs.al\/sq\/certifikime\/#primaryimage","url":"https:\/\/ccbs.al\/wp-content\/uploads\/2026\/02\/2.png","contentUrl":"https:\/\/ccbs.al\/wp-content\/uploads\/2026\/02\/2.png"},{"@type":"BreadcrumbList","@id":"https:\/\/ccbs.al\/sq\/certifikime\/#breadcrumb","itemListElement":[{"@type":"ListItem","position":1,"name":"Home","item":"https:\/\/ccbs.al\/sq\/"},{"@type":"ListItem","position":2,"name":"Certifikime"}]},{"@type":"WebSite","@id":"https:\/\/ccbs.al\/sq\/#website","url":"https:\/\/ccbs.al\/sq\/","name":"CCBS","description":"","potentialAction":[{"@type":"SearchAction","target":{"@type":"EntryPoint","urlTemplate":"https:\/\/ccbs.al\/sq\/?s={search_term_string}"},"query-input":{"@type":"PropertyValueSpecification","valueRequired":true,"valueName":"search_term_string"}}],"inLanguage":"sq"}]}},"_links":{"self":[{"href":"https:\/\/ccbs.al\/sq\/wp-json\/wp\/v2\/pages\/29472","targetHints":{"allow":["GET"]}}],"collection":[{"href":"https:\/\/ccbs.al\/sq\/wp-json\/wp\/v2\/pages"}],"about":[{"href":"https:\/\/ccbs.al\/sq\/wp-json\/wp\/v2\/types\/page"}],"author":[{"embeddable":true,"href":"https:\/\/ccbs.al\/sq\/wp-json\/wp\/v2\/users\/1"}],"replies":[{"embeddable":true,"href":"https:\/\/ccbs.al\/sq\/wp-json\/wp\/v2\/comments?post=29472"}],"version-history":[{"count":5,"href":"https:\/\/ccbs.al\/sq\/wp-json\/wp\/v2\/pages\/29472\/revisions"}],"predecessor-version":[{"id":32492,"href":"https:\/\/ccbs.al\/sq\/wp-json\/wp\/v2\/pages\/29472\/revisions\/32492"}],"wp:attachment":[{"href":"https:\/\/ccbs.al\/sq\/wp-json\/wp\/v2\/media?parent=29472"}],"curies":[{"name":"wp","href":"https:\/\/api.w.org\/{rel}","templated":true}]}}