{"id":29446,"date":"2026-01-27T09:41:47","date_gmt":"2026-01-27T09:41:47","guid":{"rendered":"https:\/\/ccbs.web-devtesting.xyz\/apliko\/"},"modified":"2026-02-19T13:29:30","modified_gmt":"2026-02-19T13:29:30","slug":"apliko","status":"publish","type":"page","link":"https:\/\/ccbs.al\/sq\/apliko\/","title":{"rendered":"Apliko"},"content":{"rendered":"\t\t<div data-elementor-type=\"wp-page\" data-elementor-id=\"29446\" class=\"elementor elementor-29446 elementor-1416\" data-elementor-post-type=\"page\">\n\t\t\t\t<div class=\"elementor-element elementor-element-20de464 e-flex e-con-boxed e-con e-parent\" data-id=\"20de464\" data-element_type=\"container\" data-e-type=\"container\">\n\t\t\t\t\t<div class=\"e-con-inner\">\n\t\t\t\t<div class=\"elementor-element elementor-element-292cb27 elementor-widget elementor-widget-shortcode\" data-id=\"292cb27\" data-element_type=\"widget\" data-e-type=\"widget\" data-widget_type=\"shortcode.default\">\n\t\t\t\t\t\t\t<div class=\"elementor-shortcode\">    <div class=\"form-page\">\r\n        <div class=\"form-container\">\r\n            <h2 class=\"form-container__title\">Plot\u00ebso t\u00eb dh\u00ebnat<\/h2>\r\n            <hr class=\"form-container__hr\">\r\n            <div id=\"message\" class=\"form-container__message\"><\/div>\r\n            <form id=\"hrms-apply-form\" class=\"form-container__form\">\r\n                <div class=\"form-container__form-group\">\r\n                    <label for=\"name\" class=\"form-container__label\">Emri Mbiemri*<\/label>\r\n                    <input type=\"text\" name=\"name\" id=\"name\" class=\"form-container__input\" placeholder=\"Em\u00ebr Mbiem\u00ebr\" required>\r\n                <\/div>\r\n                <div class=\"form-container__form-group\">\r\n                    <label for=\"dob\" class=\"form-container__label\">Dat\u00eblindja*<\/label>\r\n                    <div class=\"form-container__input-wrapper\">\r\n                        <input type=\"date\" name=\"birthdate\" id=\"dob\" class=\"form-container__input\" required>\r\n                        <i class=\"fas fa-calendar-alt2 form-container__icon\"><\/i>\r\n                    <\/div>\r\n                <\/div>\r\n                <div class=\"form-container__form-group\">\r\n                    <label for=\"education\" class=\"form-container__label\">Arsimi*<\/label>\r\n                    <select name=\"education\" id=\"education\" class=\"form-container__select\" required>\r\n                        <option value=\"none\">None<\/option>\r\n                        <option value=\"High School\">High School<\/option>\r\n                        <option value=\"Bachelor\">Bachelor<\/option>\r\n                        <option value=\"Master\">Master<\/option>\r\n                        <option value=\"Doctorate\">Doctorate<\/option>\r\n                    <\/select>\r\n                <\/div>\r\n                <div class=\"form-container__form-group\">\r\n                    <label for=\"english-level\" class=\"form-container__label\">English Level*<\/label>\r\n                    <select name=\"english_level\" id=\"english-level\" class=\"form-container__select\" required>\r\n                        <option value=\"none\">None<\/option>\r\n                        <option value=\"A1\">A1<\/option>\r\n                        <option value=\"A2\">A2<\/option>\r\n                        <option value=\"B1\">B1<\/option>\r\n                        <option value=\"B2\">B2<\/option>\r\n                        <option value=\"C1\">C1<\/option>\r\n                        <option value=\"C2\">C2<\/option>\r\n                    <\/select>\r\n                <\/div>\r\n                <div class=\"form-container__form-group\">\r\n                    <label for=\"email\" class=\"form-container__label\">Email*<\/label>\r\n                    <div class=\"form-container__input-wrapper\">\r\n                        <input type=\"email\" name=\"email\" id=\"email\" class=\"form-container__input\" placeholder=\"emer.mbiemer@gmail.com\" required>\r\n                        <i class=\"fas fa-envelope2 form-container__icon\"><\/i>\r\n                    <\/div>\r\n                <\/div>\r\n                <div class=\"form-container__form-group\">\r\n                    <label for=\"phone\" class=\"form-container__label\">Nr telefonit*<\/label>\r\n                    <div class=\"form-container__input-wrapper\">\r\n                        <input type=\"tel\" name=\"phone\" id=\"phone\" class=\"form-container__input\" placeholder=\"069 00 00 000\" required>\r\n                        <i class=\"fas fa-phone2 form-container__icon\"><\/i>\r\n                    <\/div>\r\n                <\/div>\r\n                <div class=\"form-container__form-group\">\r\n                    <label for=\"position\" class=\"form-container__label\">Pozicioni*<\/label>\r\n                    <select name=\"job_id\" id=\"position\" class=\"form-container__select\" required>\r\n                        <option value=\"\" disabled selected>- None -<\/option>\r\n                                                                                <option value=\"33\">Ekzekutiv shitjesh p\u00ebr zon\u00ebn e Fierit<\/option>\r\n                                                                                <option value=\"31\">Brand Manager<\/option>\r\n                                                                                <option value=\"29\">Magazinier <\/option>\r\n                                            <\/select>\r\n                <\/div>\r\n                <div class=\"form-container__form-group\">\r\n                    <label for=\"cv\" class=\"form-container__label\">Curriculum (PDF)<\/label>\r\n                    <div class=\"custom-file-upload\">\r\n                        <span class=\"upload-text\">Ngarko PDF<\/span>\r\n                        <input type=\"file\" name=\"cv\" id=\"cv\" class=\"form-container__file-input\" accept=\"application\/pdf\">\r\n                    <\/div>\r\n                    <span id=\"file-name\" class=\"file-name\"><\/span>\r\n                <\/div>\r\n                <button type=\"submit\" class=\"form-container__button\">Apliko<\/button>\r\n            <\/form>\r\n            <p class=\"form-container__note\">P\u00ebr t\u00eb aplikuar ju lutem plot\u00ebsoni t\u00eb gjitha fushat e detyrueshme (*)<\/p>\r\n        <\/div>\r\n    <\/div>\r\n\r\n    <\/div>\n\t\t\t\t\t\t<\/div>\n\t\t\t\t\t<\/div>\n\t\t\t\t<\/div>\n\t\t\t\t<\/div>\n\t\t","protected":false},"excerpt":{"rendered":"","protected":false},"author":1,"featured_media":0,"parent":0,"menu_order":0,"comment_status":"closed","ping_status":"closed","template":"","meta":{"_acf_changed":false,"inline_featured_image":false,"footnotes":""},"class_list":["post-29446","page","type-page","status-publish","hentry"],"acf":[],"yoast_head":"<!-- This site is optimized with the Yoast SEO plugin v27.0 - https:\/\/yoast.com\/product\/yoast-seo-wordpress\/ -->\n<title>Apliko - CCBS<\/title>\n<meta name=\"robots\" content=\"index, follow, max-snippet:-1, max-image-preview:large, max-video-preview:-1\" \/>\n<link rel=\"canonical\" href=\"https:\/\/ccbs.al\/sq\/apliko\/\" \/>\n<meta property=\"og:locale\" content=\"sq_AL\" \/>\n<meta property=\"og:type\" content=\"article\" \/>\n<meta property=\"og:title\" content=\"Apliko - CCBS\" \/>\n<meta property=\"og:url\" content=\"https:\/\/ccbs.al\/sq\/apliko\/\" \/>\n<meta property=\"og:site_name\" content=\"CCBS\" \/>\n<meta property=\"article:modified_time\" content=\"2026-02-19T13:29:30+00:00\" \/>\n<meta name=\"twitter:card\" content=\"summary_large_image\" \/>\n<script type=\"application\/ld+json\" class=\"yoast-schema-graph\">{\"@context\":\"https:\/\/schema.org\",\"@graph\":[{\"@type\":\"WebPage\",\"@id\":\"https:\/\/ccbs.al\/sq\/apliko\/\",\"url\":\"https:\/\/ccbs.al\/sq\/apliko\/\",\"name\":\"Apliko - CCBS\",\"isPartOf\":{\"@id\":\"https:\/\/ccbs.al\/sq\/#website\"},\"datePublished\":\"2026-01-27T09:41:47+00:00\",\"dateModified\":\"2026-02-19T13:29:30+00:00\",\"breadcrumb\":{\"@id\":\"https:\/\/ccbs.al\/sq\/apliko\/#breadcrumb\"},\"inLanguage\":\"sq\",\"potentialAction\":[{\"@type\":\"ReadAction\",\"target\":[\"https:\/\/ccbs.al\/sq\/apliko\/\"]}]},{\"@type\":\"BreadcrumbList\",\"@id\":\"https:\/\/ccbs.al\/sq\/apliko\/#breadcrumb\",\"itemListElement\":[{\"@type\":\"ListItem\",\"position\":1,\"name\":\"Home\",\"item\":\"https:\/\/ccbs.al\/sq\/\"},{\"@type\":\"ListItem\",\"position\":2,\"name\":\"Apliko\"}]},{\"@type\":\"WebSite\",\"@id\":\"https:\/\/ccbs.al\/sq\/#website\",\"url\":\"https:\/\/ccbs.al\/sq\/\",\"name\":\"CCBS\",\"description\":\"\",\"potentialAction\":[{\"@type\":\"SearchAction\",\"target\":{\"@type\":\"EntryPoint\",\"urlTemplate\":\"https:\/\/ccbs.al\/sq\/?s={search_term_string}\"},\"query-input\":{\"@type\":\"PropertyValueSpecification\",\"valueRequired\":true,\"valueName\":\"search_term_string\"}}],\"inLanguage\":\"sq\"}]}<\/script>\n<!-- \/ Yoast SEO plugin. -->","yoast_head_json":{"title":"Apliko - CCBS","robots":{"index":"index","follow":"follow","max-snippet":"max-snippet:-1","max-image-preview":"max-image-preview:large","max-video-preview":"max-video-preview:-1"},"canonical":"https:\/\/ccbs.al\/sq\/apliko\/","og_locale":"sq_AL","og_type":"article","og_title":"Apliko - CCBS","og_url":"https:\/\/ccbs.al\/sq\/apliko\/","og_site_name":"CCBS","article_modified_time":"2026-02-19T13:29:30+00:00","twitter_card":"summary_large_image","schema":{"@context":"https:\/\/schema.org","@graph":[{"@type":"WebPage","@id":"https:\/\/ccbs.al\/sq\/apliko\/","url":"https:\/\/ccbs.al\/sq\/apliko\/","name":"Apliko - CCBS","isPartOf":{"@id":"https:\/\/ccbs.al\/sq\/#website"},"datePublished":"2026-01-27T09:41:47+00:00","dateModified":"2026-02-19T13:29:30+00:00","breadcrumb":{"@id":"https:\/\/ccbs.al\/sq\/apliko\/#breadcrumb"},"inLanguage":"sq","potentialAction":[{"@type":"ReadAction","target":["https:\/\/ccbs.al\/sq\/apliko\/"]}]},{"@type":"BreadcrumbList","@id":"https:\/\/ccbs.al\/sq\/apliko\/#breadcrumb","itemListElement":[{"@type":"ListItem","position":1,"name":"Home","item":"https:\/\/ccbs.al\/sq\/"},{"@type":"ListItem","position":2,"name":"Apliko"}]},{"@type":"WebSite","@id":"https:\/\/ccbs.al\/sq\/#website","url":"https:\/\/ccbs.al\/sq\/","name":"CCBS","description":"","potentialAction":[{"@type":"SearchAction","target":{"@type":"EntryPoint","urlTemplate":"https:\/\/ccbs.al\/sq\/?s={search_term_string}"},"query-input":{"@type":"PropertyValueSpecification","valueRequired":true,"valueName":"search_term_string"}}],"inLanguage":"sq"}]}},"_links":{"self":[{"href":"https:\/\/ccbs.al\/sq\/wp-json\/wp\/v2\/pages\/29446","targetHints":{"allow":["GET"]}}],"collection":[{"href":"https:\/\/ccbs.al\/sq\/wp-json\/wp\/v2\/pages"}],"about":[{"href":"https:\/\/ccbs.al\/sq\/wp-json\/wp\/v2\/types\/page"}],"author":[{"embeddable":true,"href":"https:\/\/ccbs.al\/sq\/wp-json\/wp\/v2\/users\/1"}],"replies":[{"embeddable":true,"href":"https:\/\/ccbs.al\/sq\/wp-json\/wp\/v2\/comments?post=29446"}],"version-history":[{"count":3,"href":"https:\/\/ccbs.al\/sq\/wp-json\/wp\/v2\/pages\/29446\/revisions"}],"predecessor-version":[{"id":29453,"href":"https:\/\/ccbs.al\/sq\/wp-json\/wp\/v2\/pages\/29446\/revisions\/29453"}],"wp:attachment":[{"href":"https:\/\/ccbs.al\/sq\/wp-json\/wp\/v2\/media?parent=29446"}],"curies":[{"name":"wp","href":"https:\/\/api.w.org\/{rel}","templated":true}]}}