{"id":29364,"date":"2026-01-13T13:34:54","date_gmt":"2026-01-13T13:34:54","guid":{"rendered":"https:\/\/ccbs.web-devtesting.xyz\/socio-economic-impact\/"},"modified":"2026-03-10T14:13:55","modified_gmt":"2026-03-10T14:13:55","slug":"ndikimi-socio-ekonomik","status":"publish","type":"page","link":"https:\/\/ccbs.al\/sq\/ndikimi-socio-ekonomik\/","title":{"rendered":"Ndikimi socio-ekonomik"},"content":{"rendered":"\t\t<div data-elementor-type=\"wp-page\" data-elementor-id=\"29364\" class=\"elementor elementor-29364 elementor-230\" data-elementor-post-type=\"page\">\n\t\t\t\t<div class=\"elementor-element elementor-element-07bb571 e-flex e-con-boxed e-con e-parent\" data-id=\"07bb571\" data-element_type=\"container\" data-e-type=\"container\">\n\t\t\t\t\t<div class=\"e-con-inner\">\n\t\t<div class=\"elementor-element elementor-element-d0e077d e-con-full e-flex e-con e-child\" data-id=\"d0e077d\" data-element_type=\"container\" data-e-type=\"container\">\n\t\t\t\t<div class=\"elementor-element elementor-element-db68298 elementor-widget__width-initial elementor-widget elementor-widget-heading\" data-id=\"db68298\" data-element_type=\"widget\" data-e-type=\"widget\" data-widget_type=\"heading.default\">\n\t\t\t\t\t<h2 class=\"elementor-heading-title elementor-size-default\">Ndikimi socio-ekonomik i <br>Coca-Cola Bottling Shqip\u00ebria\n<\/h2>\t\t\t\t<\/div>\n\t\t\t\t<div class=\"elementor-element elementor-element-f429a3d elementor-widget__width-initial elementor-widget elementor-widget-text-editor\" data-id=\"f429a3d\" data-element_type=\"widget\" data-e-type=\"widget\" data-widget_type=\"text-editor.default\">\n\t\t\t\t\t\t\t\t\t<div class=\"flex flex-col text-sm pb-25\"><article class=\"text-token-text-primary w-full focus:outline-none [--shadow-height:45px] has-data-writing-block:pointer-events-none has-data-writing-block:-mt-(--shadow-height) has-data-writing-block:pt-(--shadow-height) [&amp;:has([data-writing-block])&gt;*]:pointer-events-auto scroll-mt-[calc(var(--header-height)+min(200px,max(70px,20svh)))]\" dir=\"auto\" tabindex=\"-1\" data-turn-id=\"request-WEB:7704da34-6783-441b-89a3-6ed473e27f82-60\" data-testid=\"conversation-turn-6\" data-scroll-anchor=\"true\" data-turn=\"assistant\"><div class=\"text-base my-auto mx-auto pb-10 [--thread-content-margin:--spacing(4)] @w-sm\/main:[--thread-content-margin:--spacing(6)] @w-lg\/main:[--thread-content-margin:--spacing(16)] px-(--thread-content-margin)\"><div class=\"[--thread-content-max-width:40rem] @w-lg\/main:[--thread-content-max-width:48rem] mx-auto max-w-(--thread-content-max-width) flex-1 group\/turn-messages focus-visible:outline-hidden relative flex w-full min-w-0 flex-col agent-turn\" tabindex=\"-1\"><div class=\"flex max-w-full flex-col grow\"><div class=\"min-h-8 text-message relative flex w-full flex-col items-end gap-2 text-start break-words whitespace-normal [.text-message+&amp;]:mt-1\" dir=\"auto\" data-message-author-role=\"assistant\" data-message-id=\"8d00e6f4-1ee0-411c-8e20-e8ced23a745d\" data-message-model-slug=\"gpt-5-2\"><div class=\"flex w-full flex-col gap-1 empty:hidden first:pt-[1px]\"><div class=\"markdown prose dark:prose-invert w-full wrap-break-word light markdown-new-styling\"><p data-start=\"0\" data-end=\"271\" data-is-last-node=\"\" data-is-only-node=\"\">Nj\u00eb studim i kryer nga SDA Bocconi School of Management ka vler\u00ebsuar ndikimin e kompanis\u00eb n\u00eb ekonomin\u00eb e vendit, duke theksuar vendet e pun\u00ebs dhe t\u00eb ardhurat e gjeneruara fal\u00eb pranis\u00eb s\u00eb Coca-Cola n\u00eb Shqip\u00ebri, si edhe ndikimin social dhe angazhimin konkret ndaj mjedisit.<\/p><\/div><\/div><\/div><\/div><\/div><\/div><\/article><\/div>\t\t\t\t\t\t\t\t<\/div>\n\t\t\t\t<\/div>\n\t\t<div class=\"elementor-element elementor-element-9a3a71d e-con-full e-flex e-con e-child\" data-id=\"9a3a71d\" data-element_type=\"container\" data-e-type=\"container\">\n\t\t\t\t<div class=\"elementor-element elementor-element-eda8bd7 elementor-widget__width-initial elementor-widget elementor-widget-heading\" data-id=\"eda8bd7\" data-element_type=\"widget\" data-e-type=\"widget\" data-widget_type=\"heading.default\">\n\t\t\t\t\t<h2 class=\"elementor-heading-title elementor-size-default\">Coca-Cola, m\u00eb shqiptare nga \u00e7\u2019mendon<\/h2>\t\t\t\t<\/div>\n\t\t\t\t<div class=\"elementor-element elementor-element-698749e elementor-widget elementor-widget-image\" data-id=\"698749e\" data-element_type=\"widget\" data-e-type=\"widget\" data-widget_type=\"image.default\">\n\t\t\t\t\t\t\t\t\t\t\t\t\t\t\t<img fetchpriority=\"high\" decoding=\"async\" width=\"1607\" height=\"2560\" src=\"https:\/\/ccbs.al\/wp-content\/uploads\/2026\/03\/Socio_Economic-Impact-Albanese-1-scaled.png\" class=\"attachment-full size-full wp-image-33233\" alt=\"\" srcset=\"https:\/\/ccbs.al\/wp-content\/uploads\/2026\/03\/Socio_Economic-Impact-Albanese-1-scaled.png 1607w, https:\/\/ccbs.al\/wp-content\/uploads\/2026\/03\/Socio_Economic-Impact-Albanese-1-188x300.png 188w, https:\/\/ccbs.al\/wp-content\/uploads\/2026\/03\/Socio_Economic-Impact-Albanese-1-643x1024.png 643w, https:\/\/ccbs.al\/wp-content\/uploads\/2026\/03\/Socio_Economic-Impact-Albanese-1-768x1224.png 768w, https:\/\/ccbs.al\/wp-content\/uploads\/2026\/03\/Socio_Economic-Impact-Albanese-1-964x1536.png 964w, https:\/\/ccbs.al\/wp-content\/uploads\/2026\/03\/Socio_Economic-Impact-Albanese-1-1285x2048.png 1285w\" sizes=\"(max-width: 1607px) 100vw, 1607px\" \/>\t\t\t\t\t\t\t\t\t\t\t\t\t\t\t<\/div>\n\t\t\t\t<div class=\"elementor-element elementor-element-f9a4ded elementor-cta--layout-image-left cta-ccbs elementor-cta--mobile-layout-image-above elementor-cta--skin-classic elementor-animated-content elementor-bg-transform elementor-bg-transform-zoom-in elementor-widget elementor-widget-call-to-action\" data-id=\"f9a4ded\" data-element_type=\"widget\" data-e-type=\"widget\" data-widget_type=\"call-to-action.default\">\n\t\t\t\t\t\t\t<div class=\"elementor-cta\">\n\t\t\t\t\t<div class=\"elementor-cta__bg-wrapper\">\n\t\t\t\t<div class=\"elementor-cta__bg elementor-bg\" style=\"background-image: url(https:\/\/ccbs.al\/wp-content\/uploads\/2026\/02\/SEIA-Mockup-2021-612x492px.jpg);\" role=\"img\" aria-label=\"SEIA Mockup-2021 612x492px\"><\/div>\n\t\t\t\t<div class=\"elementor-cta__bg-overlay\"><\/div>\n\t\t\t<\/div>\n\t\t\t\t\t\t\t<div class=\"elementor-cta__content\">\n\t\t\t\t\n\t\t\t\t\t\t\t\t\t<h2 class=\"elementor-cta__title elementor-cta__content-item elementor-content-item\">\n\t\t\t\t\t\tRaporti i ndikimit socio-ekonomik 2020\t\t\t\t\t<\/h2>\n\t\t\t\t\n\t\t\t\t\n\t\t\t\t\t\t\t\t\t<div class=\"elementor-cta__button-wrapper elementor-cta__content-item elementor-content-item \">\n\t\t\t\t\t<a class=\"elementor-cta__button elementor-button elementor-size-\" href=\"\/wp-content\/uploads\/2026\/02\/SEIA-AnnualReport-110821-1.pdf\" target=\"_blank\">\n\t\t\t\t\t\tShkarko\t\t\t\t\t<\/a>\n\t\t\t\t\t<\/div>\n\t\t\t\t\t\t\t<\/div>\n\t\t\t\t\t\t<\/div>\n\t\t\t\t\t\t<\/div>\n\t\t\t\t<\/div>\n\t\t\t\t\t<\/div>\n\t\t\t\t<\/div>\n\t\t\t\t<\/div>\n\t\t","protected":false},"excerpt":{"rendered":"<p> [&hellip;]<\/p>\n","protected":false},"author":1,"featured_media":0,"parent":0,"menu_order":0,"comment_status":"closed","ping_status":"closed","template":"","meta":{"_acf_changed":false,"inline_featured_image":false,"footnotes":""},"class_list":["post-29364","page","type-page","status-publish","hentry"],"acf":[],"yoast_head":"<!-- This site is optimized with the Yoast SEO plugin v27.0 - https:\/\/yoast.com\/product\/yoast-seo-wordpress\/ -->\n<title>Ndikimi socio-ekonomik - CCBS<\/title>\n<meta name=\"robots\" content=\"index, follow, max-snippet:-1, max-image-preview:large, max-video-preview:-1\" \/>\n<link rel=\"canonical\" href=\"https:\/\/ccbs.al\/sq\/ndikimi-socio-ekonomik\/\" \/>\n<meta property=\"og:locale\" content=\"sq_AL\" \/>\n<meta property=\"og:type\" content=\"article\" \/>\n<meta property=\"og:title\" content=\"Ndikimi socio-ekonomik - CCBS\" \/>\n<meta property=\"og:description\" content=\"[&hellip;]\" \/>\n<meta property=\"og:url\" content=\"https:\/\/ccbs.al\/sq\/ndikimi-socio-ekonomik\/\" \/>\n<meta property=\"og:site_name\" content=\"CCBS\" \/>\n<meta property=\"article:modified_time\" content=\"2026-03-10T14:13:55+00:00\" \/>\n<meta property=\"og:image\" content=\"https:\/\/ccbs.al\/wp-content\/uploads\/2026\/03\/Socio_Economic-Impact-Albanese-1-scaled.png\" \/>\n<meta name=\"twitter:card\" content=\"summary_large_image\" \/>\n<meta name=\"twitter:label1\" content=\"Est. reading time\" \/>\n\t<meta name=\"twitter:data1\" content=\"1 minut\u00eb\" \/>\n<script type=\"application\/ld+json\" class=\"yoast-schema-graph\">{\"@context\":\"https:\/\/schema.org\",\"@graph\":[{\"@type\":\"WebPage\",\"@id\":\"https:\/\/ccbs.al\/sq\/ndikimi-socio-ekonomik\/\",\"url\":\"https:\/\/ccbs.al\/sq\/ndikimi-socio-ekonomik\/\",\"name\":\"Ndikimi socio-ekonomik - CCBS\",\"isPartOf\":{\"@id\":\"https:\/\/ccbs.al\/sq\/#website\"},\"primaryImageOfPage\":{\"@id\":\"https:\/\/ccbs.al\/sq\/ndikimi-socio-ekonomik\/#primaryimage\"},\"image\":{\"@id\":\"https:\/\/ccbs.al\/sq\/ndikimi-socio-ekonomik\/#primaryimage\"},\"thumbnailUrl\":\"https:\/\/ccbs.al\/wp-content\/uploads\/2026\/03\/Socio_Economic-Impact-Albanese-1-scaled.png\",\"datePublished\":\"2026-01-13T13:34:54+00:00\",\"dateModified\":\"2026-03-10T14:13:55+00:00\",\"breadcrumb\":{\"@id\":\"https:\/\/ccbs.al\/sq\/ndikimi-socio-ekonomik\/#breadcrumb\"},\"inLanguage\":\"sq\",\"potentialAction\":[{\"@type\":\"ReadAction\",\"target\":[\"https:\/\/ccbs.al\/sq\/ndikimi-socio-ekonomik\/\"]}]},{\"@type\":\"ImageObject\",\"inLanguage\":\"sq\",\"@id\":\"https:\/\/ccbs.al\/sq\/ndikimi-socio-ekonomik\/#primaryimage\",\"url\":\"https:\/\/ccbs.al\/wp-content\/uploads\/2026\/03\/Socio_Economic-Impact-Albanese-1-scaled.png\",\"contentUrl\":\"https:\/\/ccbs.al\/wp-content\/uploads\/2026\/03\/Socio_Economic-Impact-Albanese-1-scaled.png\"},{\"@type\":\"BreadcrumbList\",\"@id\":\"https:\/\/ccbs.al\/sq\/ndikimi-socio-ekonomik\/#breadcrumb\",\"itemListElement\":[{\"@type\":\"ListItem\",\"position\":1,\"name\":\"Home\",\"item\":\"https:\/\/ccbs.al\/sq\/\"},{\"@type\":\"ListItem\",\"position\":2,\"name\":\"Ndikimi socio-ekonomik\"}]},{\"@type\":\"WebSite\",\"@id\":\"https:\/\/ccbs.al\/sq\/#website\",\"url\":\"https:\/\/ccbs.al\/sq\/\",\"name\":\"CCBS\",\"description\":\"\",\"potentialAction\":[{\"@type\":\"SearchAction\",\"target\":{\"@type\":\"EntryPoint\",\"urlTemplate\":\"https:\/\/ccbs.al\/sq\/?s={search_term_string}\"},\"query-input\":{\"@type\":\"PropertyValueSpecification\",\"valueRequired\":true,\"valueName\":\"search_term_string\"}}],\"inLanguage\":\"sq\"}]}<\/script>\n<!-- \/ Yoast SEO plugin. -->","yoast_head_json":{"title":"Ndikimi socio-ekonomik - CCBS","robots":{"index":"index","follow":"follow","max-snippet":"max-snippet:-1","max-image-preview":"max-image-preview:large","max-video-preview":"max-video-preview:-1"},"canonical":"https:\/\/ccbs.al\/sq\/ndikimi-socio-ekonomik\/","og_locale":"sq_AL","og_type":"article","og_title":"Ndikimi socio-ekonomik - CCBS","og_description":"[&hellip;]","og_url":"https:\/\/ccbs.al\/sq\/ndikimi-socio-ekonomik\/","og_site_name":"CCBS","article_modified_time":"2026-03-10T14:13:55+00:00","og_image":[{"url":"https:\/\/ccbs.al\/wp-content\/uploads\/2026\/03\/Socio_Economic-Impact-Albanese-1-scaled.png","type":"","width":"","height":""}],"twitter_card":"summary_large_image","twitter_misc":{"Est. reading time":"1 minut\u00eb"},"schema":{"@context":"https:\/\/schema.org","@graph":[{"@type":"WebPage","@id":"https:\/\/ccbs.al\/sq\/ndikimi-socio-ekonomik\/","url":"https:\/\/ccbs.al\/sq\/ndikimi-socio-ekonomik\/","name":"Ndikimi socio-ekonomik - CCBS","isPartOf":{"@id":"https:\/\/ccbs.al\/sq\/#website"},"primaryImageOfPage":{"@id":"https:\/\/ccbs.al\/sq\/ndikimi-socio-ekonomik\/#primaryimage"},"image":{"@id":"https:\/\/ccbs.al\/sq\/ndikimi-socio-ekonomik\/#primaryimage"},"thumbnailUrl":"https:\/\/ccbs.al\/wp-content\/uploads\/2026\/03\/Socio_Economic-Impact-Albanese-1-scaled.png","datePublished":"2026-01-13T13:34:54+00:00","dateModified":"2026-03-10T14:13:55+00:00","breadcrumb":{"@id":"https:\/\/ccbs.al\/sq\/ndikimi-socio-ekonomik\/#breadcrumb"},"inLanguage":"sq","potentialAction":[{"@type":"ReadAction","target":["https:\/\/ccbs.al\/sq\/ndikimi-socio-ekonomik\/"]}]},{"@type":"ImageObject","inLanguage":"sq","@id":"https:\/\/ccbs.al\/sq\/ndikimi-socio-ekonomik\/#primaryimage","url":"https:\/\/ccbs.al\/wp-content\/uploads\/2026\/03\/Socio_Economic-Impact-Albanese-1-scaled.png","contentUrl":"https:\/\/ccbs.al\/wp-content\/uploads\/2026\/03\/Socio_Economic-Impact-Albanese-1-scaled.png"},{"@type":"BreadcrumbList","@id":"https:\/\/ccbs.al\/sq\/ndikimi-socio-ekonomik\/#breadcrumb","itemListElement":[{"@type":"ListItem","position":1,"name":"Home","item":"https:\/\/ccbs.al\/sq\/"},{"@type":"ListItem","position":2,"name":"Ndikimi socio-ekonomik"}]},{"@type":"WebSite","@id":"https:\/\/ccbs.al\/sq\/#website","url":"https:\/\/ccbs.al\/sq\/","name":"CCBS","description":"","potentialAction":[{"@type":"SearchAction","target":{"@type":"EntryPoint","urlTemplate":"https:\/\/ccbs.al\/sq\/?s={search_term_string}"},"query-input":{"@type":"PropertyValueSpecification","valueRequired":true,"valueName":"search_term_string"}}],"inLanguage":"sq"}]}},"_links":{"self":[{"href":"https:\/\/ccbs.al\/sq\/wp-json\/wp\/v2\/pages\/29364","targetHints":{"allow":["GET"]}}],"collection":[{"href":"https:\/\/ccbs.al\/sq\/wp-json\/wp\/v2\/pages"}],"about":[{"href":"https:\/\/ccbs.al\/sq\/wp-json\/wp\/v2\/types\/page"}],"author":[{"embeddable":true,"href":"https:\/\/ccbs.al\/sq\/wp-json\/wp\/v2\/users\/1"}],"replies":[{"embeddable":true,"href":"https:\/\/ccbs.al\/sq\/wp-json\/wp\/v2\/comments?post=29364"}],"version-history":[{"count":13,"href":"https:\/\/ccbs.al\/sq\/wp-json\/wp\/v2\/pages\/29364\/revisions"}],"predecessor-version":[{"id":33236,"href":"https:\/\/ccbs.al\/sq\/wp-json\/wp\/v2\/pages\/29364\/revisions\/33236"}],"wp:attachment":[{"href":"https:\/\/ccbs.al\/sq\/wp-json\/wp\/v2\/media?parent=29364"}],"curies":[{"name":"wp","href":"https:\/\/api.w.org\/{rel}","templated":true}]}}