{"id":29299,"date":"2026-01-13T13:33:38","date_gmt":"2026-01-13T13:33:38","guid":{"rendered":"https:\/\/ccbs.web-devtesting.xyz\/history\/"},"modified":"2026-03-04T10:53:34","modified_gmt":"2026-03-04T10:53:34","slug":"historia","status":"publish","type":"page","link":"https:\/\/ccbs.al\/sq\/historia\/","title":{"rendered":"Historia"},"content":{"rendered":"\t\t<div data-elementor-type=\"wp-page\" data-elementor-id=\"29299\" class=\"elementor elementor-29299 elementor-226\" data-elementor-post-type=\"page\">\n\t\t\t\t<div class=\"elementor-element elementor-element-7f5025c e-flex e-con-boxed e-con e-parent\" data-id=\"7f5025c\" data-element_type=\"container\" data-e-type=\"container\">\n\t\t\t\t\t<div class=\"e-con-inner\">\n\t\t\t\t<div class=\"elementor-element elementor-element-a6a63d6 elementor-widget__width-initial elementor-widget elementor-widget-heading\" data-id=\"a6a63d6\" data-element_type=\"widget\" data-e-type=\"widget\" data-widget_type=\"heading.default\">\n\t\t\t\t\t<h2 class=\"elementor-heading-title elementor-size-default\">Coca-Cola n\u00eb Shqip\u00ebri q\u00eb nga viti 1994<\/h2>\t\t\t\t<\/div>\n\t\t\t\t\t<\/div>\n\t\t\t\t<\/div>\n\t\t<div class=\"elementor-element elementor-element-057716f e-flex e-con-boxed e-con e-parent\" data-id=\"057716f\" data-element_type=\"container\" data-e-type=\"container\">\n\t\t\t\t\t<div class=\"e-con-inner\">\n\t\t\t\t<div class=\"elementor-element elementor-element-ee646d4 elementor-widget elementor-widget-akt_timeline_history\" data-id=\"ee646d4\" data-element_type=\"widget\" data-e-type=\"widget\" data-widget_type=\"akt_timeline_history.default\">\n\t\t\t\t<div class=\"elementor-widget-container\">\n\t\t\t\t\t    \r\n        <div class=\"akt-timeline-wrapper\">\r\n                            <div class=\"akt-timeline-item \">\r\n                    \r\n                    <div class=\"akt-timeline-year-col\">\r\n                        <div class=\"akt-year-circle\">\r\n                            1994                         <\/div>\r\n                                                    <div class=\"akt-line-connector\"><\/div>\r\n                                            <\/div>\r\n    \r\n                    <div class=\"akt-timeline-image-col\">\r\n                                                    <img decoding=\"async\" src=\"https:\/\/ccbs.al\/wp-content\/uploads\/2026\/02\/1994-e1770805677576.jpg\" alt=\"THEMELIMI DHE FILLIMI I OPERACIONEVE\">\r\n                                            <\/div>\r\n    \r\n                    <div class=\"akt-timeline-content-col\">\r\n                                                    <h3 class=\"akt-title\">THEMELIMI DHE FILLIMI I OPERACIONEVE<\/h3>\r\n                            \r\n                                                    <div class=\"akt-description\">\r\n                                Coca-Cola Bottling Shqip\u00ebria (CCBS) u themelua dhe nisi zyrtarisht operacionet n\u00eb Shqip\u00ebri.                            <\/div>\r\n                                            <\/div>\r\n    \r\n                <\/div>\r\n                            <div class=\"akt-timeline-item \">\r\n                    \r\n                    <div class=\"akt-timeline-year-col\">\r\n                        <div class=\"akt-year-circle\">\r\n                            1997                        <\/div>\r\n                                                    <div class=\"akt-line-connector\"><\/div>\r\n                                            <\/div>\r\n    \r\n                    <div class=\"akt-timeline-image-col\">\r\n                                                    <img decoding=\"async\" src=\"https:\/\/ccbs.al\/wp-content\/uploads\/2026\/02\/1997.jpg\" alt=\"KONSOLIDIMI I MARK\u00cbS COCA-COLA\">\r\n                                            <\/div>\r\n    \r\n                    <div class=\"akt-timeline-content-col\">\r\n                                                    <h3 class=\"akt-title\">KONSOLIDIMI I MARK\u00cbS COCA-COLA<\/h3>\r\n                            \r\n                                                    <div class=\"akt-description\">\r\n                                Coca-Cola pozicionohet shpejt si nj\u00eb mark\u00eb ikonike n\u00eb tregun shqiptar.\nNis nd\u00ebrtimi i rrjetit t\u00eb par\u00eb komb\u00ebtar t\u00eb shp\u00ebrndarjes, duke mbuluar pikat ky\u00e7e t\u00eb shitjes dhe konsumin jasht\u00eb sht\u00ebpis\u00eb (HoReCa).                            <\/div>\r\n                                            <\/div>\r\n    \r\n                <\/div>\r\n                            <div class=\"akt-timeline-item \">\r\n                    \r\n                    <div class=\"akt-timeline-year-col\">\r\n                        <div class=\"akt-year-circle\">\r\n                            2000                        <\/div>\r\n                                                    <div class=\"akt-line-connector\"><\/div>\r\n                                            <\/div>\r\n    \r\n                    <div class=\"akt-timeline-image-col\">\r\n                                                    <img decoding=\"async\" src=\"https:\/\/ccbs.al\/wp-content\/uploads\/2026\/02\/2000-2010-e1770805757269.jpg\" alt=\"INVESTIME DHE ZGJERIM PAS KRIZ\u00cbS\">\r\n                                            <\/div>\r\n    \r\n                    <div class=\"akt-timeline-content-col\">\r\n                                                    <h3 class=\"akt-title\">INVESTIME DHE ZGJERIM PAS KRIZ\u00cbS<\/h3>\r\n                            \r\n                                                    <div class=\"akt-description\">\r\n                                Pas vitit 1997, CCBS investon n\u00eb:\n\n<ul> <li>Linja t\u00eb reja prodhimi<\/li> <li>Rritje t\u00eb kapaciteteve<\/li> <li>Stabilizim operacional<\/li> <li>Portofoli zgjerohet me markat Fanta dhe Sprite, duke forcuar pranin\u00eb n\u00eb treg.<\/li> <\/ul>                            <\/div>\r\n                                            <\/div>\r\n    \r\n                <\/div>\r\n                            <div class=\"akt-timeline-item \">\r\n                    \r\n                    <div class=\"akt-timeline-year-col\">\r\n                        <div class=\"akt-year-circle\">\r\n                            2000 - 2010                         <\/div>\r\n                                                    <div class=\"akt-line-connector\"><\/div>\r\n                                            <\/div>\r\n    \r\n                    <div class=\"akt-timeline-image-col\">\r\n                                                    <img decoding=\"async\" src=\"https:\/\/ccbs.al\/wp-content\/uploads\/2026\/02\/2000-e1770805710782.jpg\" alt=\"ND\u00cbRTIMI I NJ\u00cb MODELI MODERN BIZNESI\">\r\n                                            <\/div>\r\n    \r\n                    <div class=\"akt-timeline-content-col\">\r\n                                                    <h3 class=\"akt-title\">ND\u00cbRTIMI I NJ\u00cb MODELI MODERN BIZNESI<\/h3>\r\n                            \r\n                                                    <div class=\"akt-description\">\r\n                                CCBS kalon nga nj\u00eb operacion fillestar n\u00eb nj\u00eb model biznesi nd\u00ebrkomb\u00ebtar t\u00eb strukturuar. Portofoli zgjerohet me marka si Schweppes dhe Uji Tepelene. <br>\nInvestime t\u00eb vazhdueshme b\u00ebhen n\u00eb:\n\n<ul> <li>Teknologjin\u00eb e prodhimit<\/li> <li>Standardet e cil\u00ebsis\u00eb dhe siguris\u00eb ushqimore<\/li> <li>Logjistik\u00eb dhe shp\u00ebrndarje<\/li> <li>Kompania b\u00ebhet nj\u00eb aktor ky\u00e7 n\u00eb zhvillimin e tregut t\u00eb pijeve joalkoolike n\u00eb Shqip\u00ebri.<\/li> <\/ul>                            <\/div>\r\n                                            <\/div>\r\n    \r\n                <\/div>\r\n                            <div class=\"akt-timeline-item \">\r\n                    \r\n                    <div class=\"akt-timeline-year-col\">\r\n                        <div class=\"akt-year-circle\">\r\n                            2010 \u2013 2014                        <\/div>\r\n                                                    <div class=\"akt-line-connector\"><\/div>\r\n                                            <\/div>\r\n    \r\n                    <div class=\"akt-timeline-image-col\">\r\n                                                    <img decoding=\"async\" src=\"https:\/\/ccbs.al\/wp-content\/uploads\/2026\/02\/2010-2014.jpg\" alt=\"LIDERSHIP N\u00cb TREG dhe 20-VJETORI\">\r\n                                            <\/div>\r\n    \r\n                    <div class=\"akt-timeline-content-col\">\r\n                                                    <h3 class=\"akt-title\">LIDERSHIP N\u00cb TREG dhe 20-VJETORI<\/h3>\r\n                            \r\n                                                    <div class=\"akt-description\">\r\n                                CCBS feston 20-vjetorin n\u00eb vitin 2014 dhe lan\u00e7on \"Project 100%\", nj\u00eb nism\u00eb q\u00eb synon arritjen e mbulimit t\u00eb plot\u00eb t\u00eb tregut shqiptar. <br>\nInvestimet totale tejkalojn\u00eb 50 milion\u00eb USD. <br>\n                             <\/div>\r\n                                            <\/div>\r\n    \r\n                <\/div>\r\n                            <div class=\"akt-timeline-item \">\r\n                    \r\n                    <div class=\"akt-timeline-year-col\">\r\n                        <div class=\"akt-year-circle\">\r\n                            2015 \u2013 2020                        <\/div>\r\n                                                    <div class=\"akt-line-connector\"><\/div>\r\n                                            <\/div>\r\n    \r\n                    <div class=\"akt-timeline-image-col\">\r\n                                                    <img decoding=\"async\" src=\"https:\/\/ccbs.al\/wp-content\/uploads\/2026\/02\/2015-2020.jpg\" alt=\"DIVERSIFIKIMI I PORTOFOLIT\">\r\n                                            <\/div>\r\n    \r\n                    <div class=\"akt-timeline-content-col\">\r\n                                                    <h3 class=\"akt-title\">DIVERSIFIKIMI I PORTOFOLIT<\/h3>\r\n                            \r\n                                                    <div class=\"akt-description\">\r\n                                Portofoli zgjerohet me Monster Energy dhe CCBS forcon rolin e saj n\u00eb: HoReCa, tregtin\u00eb moderne me pakic\u00eb  dhe evente.                             <\/div>\r\n                                            <\/div>\r\n    \r\n                <\/div>\r\n                            <div class=\"akt-timeline-item \">\r\n                    \r\n                    <div class=\"akt-timeline-year-col\">\r\n                        <div class=\"akt-year-circle\">\r\n                            2020 \u2013 2023                        <\/div>\r\n                                                    <div class=\"akt-line-connector\"><\/div>\r\n                                            <\/div>\r\n    \r\n                    <div class=\"akt-timeline-image-col\">\r\n                                                    <img decoding=\"async\" src=\"https:\/\/ccbs.al\/wp-content\/uploads\/2026\/02\/Raporti-i-Qendrueshmerise-2022-Mockup-612x492px.jpg\" alt=\"Q\u00cbNDRUESHM\u00cbRI &amp; P\u00cbRGJEGJSHM\u00cbRI\">\r\n                                            <\/div>\r\n    \r\n                    <div class=\"akt-timeline-content-col\">\r\n                                                    <h3 class=\"akt-title\">Q\u00cbNDRUESHM\u00cbRI &amp; P\u00cbRGJEGJSHM\u00cbRI<\/h3>\r\n                            \r\n                                                    <div class=\"akt-description\">\r\n                                CCBS p\u00ebrforcon pozicionin e saj si nj\u00eb kompani me ndikim real ekonomik dhe social. <br> Publikohet Raporti i par\u00eb vullnetar i Q\u00ebndrueshm\u00ebris\u00eb. P\u00ebrqendrim i fort\u00eb n\u00eb: mjedis, komunitet dhe standardet ESG.                            <\/div>\r\n                                            <\/div>\r\n    \r\n                <\/div>\r\n                            <div class=\"akt-timeline-item is-last\">\r\n                    \r\n                    <div class=\"akt-timeline-year-col\">\r\n                        <div class=\"akt-year-circle\">\r\n                            2024 \u2013  2026                        <\/div>\r\n                                            <\/div>\r\n    \r\n                    <div class=\"akt-timeline-image-col\">\r\n                                                    <img decoding=\"async\" src=\"https:\/\/ccbs.al\/wp-content\/uploads\/2026\/02\/Foto-Fasada-3-scaled.jpg\" alt=\"AMBICIA P\u00cbR &quot;Carbon-Neutral&quot;\">\r\n                                            <\/div>\r\n    \r\n                    <div class=\"akt-timeline-content-col\">\r\n                                                    <h3 class=\"akt-title\">AMBICIA P\u00cbR &quot;Carbon-Neutral&quot;<\/h3>\r\n                            \r\n                                                    <div class=\"akt-description\">\r\n                                CCBS shpall objektivin e saj p\u00ebr t\u2019u b\u00ebr\u00eb kompania e par\u00eb \"Carbon-Neutral\" n\u00eb Shqip\u00ebri deri n\u00eb vitin 2030. <br>\nDuke udh\u00ebhequr modelin e saj t\u00eb biznesit n\u00eb Shqip\u00ebri, CCBS synon t\u00eb kaloj\u00eb n\u00eb nj\u00eb nivel tjet\u00ebr, duke u b\u00ebr\u00eb kompania e par\u00eb q\u00eb arrin \"Carbon-Neutral\" deri n\u00eb vitin 2030, me nj\u00eb plan t\u00eb qart\u00eb veprimesh dhe investimesh, duke kontribuar k\u00ebshtu n\u00eb nj\u00eb shoq\u00ebri shqiptare m\u00eb t\u00eb q\u00ebndrueshme.                             <\/div>\r\n                                            <\/div>\r\n    \r\n                <\/div>\r\n                    <\/div>\r\n        \t\t\t\t<\/div>\n\t\t\t\t<\/div>\n\t\t\t\t\t<\/div>\n\t\t\t\t<\/div>\n\t\t\t\t<\/div>\n\t\t","protected":false},"excerpt":{"rendered":"<p> [&hellip;]<\/p>\n","protected":false},"author":1,"featured_media":0,"parent":0,"menu_order":0,"comment_status":"closed","ping_status":"closed","template":"","meta":{"_acf_changed":false,"inline_featured_image":false,"footnotes":""},"class_list":["post-29299","page","type-page","status-publish","hentry"],"acf":[],"yoast_head":"<!-- This site is optimized with the Yoast SEO plugin v27.0 - https:\/\/yoast.com\/product\/yoast-seo-wordpress\/ -->\n<title>Historia - CCBS<\/title>\n<meta name=\"robots\" content=\"index, follow, max-snippet:-1, max-image-preview:large, max-video-preview:-1\" \/>\n<link rel=\"canonical\" href=\"https:\/\/ccbs.al\/sq\/historia\/\" \/>\n<meta property=\"og:locale\" content=\"sq_AL\" \/>\n<meta property=\"og:type\" content=\"article\" \/>\n<meta property=\"og:title\" content=\"Historia - CCBS\" \/>\n<meta property=\"og:description\" content=\"[&hellip;]\" \/>\n<meta property=\"og:url\" content=\"https:\/\/ccbs.al\/sq\/historia\/\" \/>\n<meta property=\"og:site_name\" content=\"CCBS\" \/>\n<meta property=\"article:modified_time\" content=\"2026-03-04T10:53:34+00:00\" \/>\n<meta property=\"og:image\" content=\"https:\/\/ccbs.al\/wp-content\/uploads\/2026\/02\/1994-e1770805677576.jpg\" \/>\n<meta name=\"twitter:card\" content=\"summary_large_image\" \/>\n<meta name=\"twitter:label1\" content=\"Est. reading time\" \/>\n\t<meta name=\"twitter:data1\" content=\"4 minuta\" \/>\n<script type=\"application\/ld+json\" class=\"yoast-schema-graph\">{\"@context\":\"https:\/\/schema.org\",\"@graph\":[{\"@type\":\"WebPage\",\"@id\":\"https:\/\/ccbs.al\/sq\/historia\/\",\"url\":\"https:\/\/ccbs.al\/sq\/historia\/\",\"name\":\"Historia - CCBS\",\"isPartOf\":{\"@id\":\"https:\/\/ccbs.al\/sq\/#website\"},\"primaryImageOfPage\":{\"@id\":\"https:\/\/ccbs.al\/sq\/historia\/#primaryimage\"},\"image\":{\"@id\":\"https:\/\/ccbs.al\/sq\/historia\/#primaryimage\"},\"thumbnailUrl\":\"https:\/\/ccbs.al\/wp-content\/uploads\/2026\/02\/1994-e1770805677576.jpg\",\"datePublished\":\"2026-01-13T13:33:38+00:00\",\"dateModified\":\"2026-03-04T10:53:34+00:00\",\"breadcrumb\":{\"@id\":\"https:\/\/ccbs.al\/sq\/historia\/#breadcrumb\"},\"inLanguage\":\"sq\",\"potentialAction\":[{\"@type\":\"ReadAction\",\"target\":[\"https:\/\/ccbs.al\/sq\/historia\/\"]}]},{\"@type\":\"ImageObject\",\"inLanguage\":\"sq\",\"@id\":\"https:\/\/ccbs.al\/sq\/historia\/#primaryimage\",\"url\":\"https:\/\/ccbs.al\/wp-content\/uploads\/2026\/02\/1994-e1770805677576.jpg\",\"contentUrl\":\"https:\/\/ccbs.al\/wp-content\/uploads\/2026\/02\/1994-e1770805677576.jpg\"},{\"@type\":\"BreadcrumbList\",\"@id\":\"https:\/\/ccbs.al\/sq\/historia\/#breadcrumb\",\"itemListElement\":[{\"@type\":\"ListItem\",\"position\":1,\"name\":\"Home\",\"item\":\"https:\/\/ccbs.al\/sq\/\"},{\"@type\":\"ListItem\",\"position\":2,\"name\":\"Historia\"}]},{\"@type\":\"WebSite\",\"@id\":\"https:\/\/ccbs.al\/sq\/#website\",\"url\":\"https:\/\/ccbs.al\/sq\/\",\"name\":\"CCBS\",\"description\":\"\",\"potentialAction\":[{\"@type\":\"SearchAction\",\"target\":{\"@type\":\"EntryPoint\",\"urlTemplate\":\"https:\/\/ccbs.al\/sq\/?s={search_term_string}\"},\"query-input\":{\"@type\":\"PropertyValueSpecification\",\"valueRequired\":true,\"valueName\":\"search_term_string\"}}],\"inLanguage\":\"sq\"}]}<\/script>\n<!-- \/ Yoast SEO plugin. -->","yoast_head_json":{"title":"Historia - CCBS","robots":{"index":"index","follow":"follow","max-snippet":"max-snippet:-1","max-image-preview":"max-image-preview:large","max-video-preview":"max-video-preview:-1"},"canonical":"https:\/\/ccbs.al\/sq\/historia\/","og_locale":"sq_AL","og_type":"article","og_title":"Historia - CCBS","og_description":"[&hellip;]","og_url":"https:\/\/ccbs.al\/sq\/historia\/","og_site_name":"CCBS","article_modified_time":"2026-03-04T10:53:34+00:00","og_image":[{"url":"https:\/\/ccbs.al\/wp-content\/uploads\/2026\/02\/1994-e1770805677576.jpg","type":"","width":"","height":""}],"twitter_card":"summary_large_image","twitter_misc":{"Est. reading time":"4 minuta"},"schema":{"@context":"https:\/\/schema.org","@graph":[{"@type":"WebPage","@id":"https:\/\/ccbs.al\/sq\/historia\/","url":"https:\/\/ccbs.al\/sq\/historia\/","name":"Historia - CCBS","isPartOf":{"@id":"https:\/\/ccbs.al\/sq\/#website"},"primaryImageOfPage":{"@id":"https:\/\/ccbs.al\/sq\/historia\/#primaryimage"},"image":{"@id":"https:\/\/ccbs.al\/sq\/historia\/#primaryimage"},"thumbnailUrl":"https:\/\/ccbs.al\/wp-content\/uploads\/2026\/02\/1994-e1770805677576.jpg","datePublished":"2026-01-13T13:33:38+00:00","dateModified":"2026-03-04T10:53:34+00:00","breadcrumb":{"@id":"https:\/\/ccbs.al\/sq\/historia\/#breadcrumb"},"inLanguage":"sq","potentialAction":[{"@type":"ReadAction","target":["https:\/\/ccbs.al\/sq\/historia\/"]}]},{"@type":"ImageObject","inLanguage":"sq","@id":"https:\/\/ccbs.al\/sq\/historia\/#primaryimage","url":"https:\/\/ccbs.al\/wp-content\/uploads\/2026\/02\/1994-e1770805677576.jpg","contentUrl":"https:\/\/ccbs.al\/wp-content\/uploads\/2026\/02\/1994-e1770805677576.jpg"},{"@type":"BreadcrumbList","@id":"https:\/\/ccbs.al\/sq\/historia\/#breadcrumb","itemListElement":[{"@type":"ListItem","position":1,"name":"Home","item":"https:\/\/ccbs.al\/sq\/"},{"@type":"ListItem","position":2,"name":"Historia"}]},{"@type":"WebSite","@id":"https:\/\/ccbs.al\/sq\/#website","url":"https:\/\/ccbs.al\/sq\/","name":"CCBS","description":"","potentialAction":[{"@type":"SearchAction","target":{"@type":"EntryPoint","urlTemplate":"https:\/\/ccbs.al\/sq\/?s={search_term_string}"},"query-input":{"@type":"PropertyValueSpecification","valueRequired":true,"valueName":"search_term_string"}}],"inLanguage":"sq"}]}},"_links":{"self":[{"href":"https:\/\/ccbs.al\/sq\/wp-json\/wp\/v2\/pages\/29299","targetHints":{"allow":["GET"]}}],"collection":[{"href":"https:\/\/ccbs.al\/sq\/wp-json\/wp\/v2\/pages"}],"about":[{"href":"https:\/\/ccbs.al\/sq\/wp-json\/wp\/v2\/types\/page"}],"author":[{"embeddable":true,"href":"https:\/\/ccbs.al\/sq\/wp-json\/wp\/v2\/users\/1"}],"replies":[{"embeddable":true,"href":"https:\/\/ccbs.al\/sq\/wp-json\/wp\/v2\/comments?post=29299"}],"version-history":[{"count":13,"href":"https:\/\/ccbs.al\/sq\/wp-json\/wp\/v2\/pages\/29299\/revisions"}],"predecessor-version":[{"id":32489,"href":"https:\/\/ccbs.al\/sq\/wp-json\/wp\/v2\/pages\/29299\/revisions\/32489"}],"wp:attachment":[{"href":"https:\/\/ccbs.al\/sq\/wp-json\/wp\/v2\/media?parent=29299"}],"curies":[{"name":"wp","href":"https:\/\/api.w.org\/{rel}","templated":true}]}}