{"id":30486,"date":"2026-01-13T13:41:30","date_gmt":"2026-01-13T13:41:30","guid":{"rendered":"https:\/\/ccbs.web-devtesting.xyz\/lavora-con-noi\/"},"modified":"2026-03-05T14:59:37","modified_gmt":"2026-03-05T14:59:37","slug":"lavora-con-noi","status":"publish","type":"page","link":"https:\/\/ccbs.al\/it\/lavora-con-noi\/","title":{"rendered":"Lavora con noi"},"content":{"rendered":"\t\t<div data-elementor-type=\"wp-page\" data-elementor-id=\"30486\" class=\"elementor elementor-30486 elementor-246\" data-elementor-post-type=\"page\">\n\t\t\t\t<div class=\"elementor-element elementor-element-5e141f3 wavy-shape image-bg e-flex e-con-boxed e-con e-parent\" data-id=\"5e141f3\" data-element_type=\"container\" data-e-type=\"container\">\n\t\t\t\t\t<div class=\"e-con-inner\">\n\t\t\t\t\t<\/div>\n\t\t\t\t<\/div>\n\t\t<div class=\"elementor-element elementor-element-c1a18d0 e-flex e-con-boxed e-con e-parent\" data-id=\"c1a18d0\" data-element_type=\"container\" data-e-type=\"container\">\n\t\t\t\t\t<div class=\"e-con-inner\">\n\t\t<div class=\"elementor-element elementor-element-5f68f8f e-con-full e-flex e-con e-child\" data-id=\"5f68f8f\" data-element_type=\"container\" data-e-type=\"container\">\n\t\t\t\t<div class=\"elementor-element elementor-element-e6c6ab5 elementor-widget__width-initial elementor-widget elementor-widget-heading\" data-id=\"e6c6ab5\" data-element_type=\"widget\" data-e-type=\"widget\" data-widget_type=\"heading.default\">\n\t\t\t\t\t<h2 class=\"elementor-heading-title elementor-size-default\">Esplora le posizioni disponibili<\/h2>\t\t\t\t<\/div>\n\t\t\t\t<div class=\"elementor-element elementor-element-842a937 elementor-widget__width-initial elementor-widget elementor-widget-text-editor\" data-id=\"842a937\" data-element_type=\"widget\" data-e-type=\"widget\" data-widget_type=\"text-editor.default\">\n\t\t\t\t\t\t\t\t\tQuando la passione, l&#8217;orgoglio e il desiderio di raggiungere i risultati si fondono insieme, ottieni le persone di CCBS. Siamo alla ricerca di professionisti esperti che vogliono fare la differenza, sviluppare e ispirare gli altri, incoraggiare nuove idee e fornire risultati, persone che si allineano e vivono i nostri valori.\t\t\t\t\t\t\t\t<\/div>\n\t\t\t\t<div class=\"elementor-element elementor-element-54a6e2d elementor-widget__width-initial elementor-widget elementor-widget-text-editor\" data-id=\"54a6e2d\" data-element_type=\"widget\" data-e-type=\"widget\" data-widget_type=\"text-editor.default\">\n\t\t\t\t\t\t\t\t\tIn CCBS, ci impegniamo a far crescere la nostra attivit\u00e0, a contribuire alla nostra comunit\u00e0 locale e a sviluppare le nostre persone avendo forti capacit\u00e0 organizzative e mettendo le persone giuste nelle posizioni giuste.\t\t\t\t\t\t\t\t<\/div>\n\t\t\t\t<\/div>\n\t\t\t\t\t<\/div>\n\t\t\t\t<\/div>\n\t\t<div class=\"elementor-element elementor-element-a949868 e-flex e-con-boxed e-con e-parent\" data-id=\"a949868\" data-element_type=\"container\" data-e-type=\"container\">\n\t\t\t\t\t<div class=\"e-con-inner\">\n\t\t\t\t<div class=\"elementor-element elementor-element-369a886 elementor-widget elementor-widget-simple_apply_grid\" data-id=\"369a886\" data-element_type=\"widget\" data-e-type=\"widget\" data-widget_type=\"simple_apply_grid.default\">\n\t\t\t\t<div class=\"elementor-widget-container\">\n\t\t\t\t\t\r\n        <div class=\"apply-grid-wrapper\">\r\n            <div class=\"apply-grid\">\r\n                                    <div class=\"apply-card\">\r\n                        <a href=\"https:\/\/ccbs.al\/it\/sales-executive-for-the-vlore-area-seasonal\/\" class=\"apply-title\">Sales Executive per l\u2019area di Vlore (Stagionale)<\/a>\r\n                        \r\n                        <div class=\"apply-excerpt\">\r\n                            CCBS \u00e8 alla ricerca di candidati idonei per la posizione:...                        <\/div>\r\n\r\n                        <a href=\"https:\/\/ccbs.al\/it\/sales-executive-for-the-vlore-area-seasonal\/\" class=\"apply-btn\">\r\n                            Aplica Ora                            <i class=\"fa fa-arrow-right\"><\/i>\r\n                        <\/a>\r\n                    <\/div>\r\n                                    <div class=\"apply-card\">\r\n                        <a href=\"https:\/\/ccbs.al\/it\/sales-executive-per-larea-di-korca\/\" class=\"apply-title\">Sales Executive per l\u2019area di Kor\u00e7a<\/a>\r\n                        \r\n                        <div class=\"apply-excerpt\">\r\n                            CCBS \u00e8 alla ricerca di candidati idonei per la posizione:...                        <\/div>\r\n\r\n                        <a href=\"https:\/\/ccbs.al\/it\/sales-executive-per-larea-di-korca\/\" class=\"apply-btn\">\r\n                            Aplica Ora                            <i class=\"fa fa-arrow-right\"><\/i>\r\n                        <\/a>\r\n                    <\/div>\r\n                                    <div class=\"apply-card\">\r\n                        <a href=\"https:\/\/ccbs.al\/it\/horeca-sales-executive-vlore\/\" class=\"apply-title\">Horeca Sales Executive Vlore<\/a>\r\n                        \r\n                        <div class=\"apply-excerpt\">\r\n                            CCBS \u00e8 alla ricerca di candidati idonei per la posizione:...                        <\/div>\r\n\r\n                        <a href=\"https:\/\/ccbs.al\/it\/horeca-sales-executive-vlore\/\" class=\"apply-btn\">\r\n                            Aplica Ora                            <i class=\"fa fa-arrow-right\"><\/i>\r\n                        <\/a>\r\n                    <\/div>\r\n                                    <div class=\"apply-card\">\r\n                        <a href=\"https:\/\/ccbs.al\/it\/graphic-designer-seasonal\/\" class=\"apply-title\">Graphic Designer Seasonal<\/a>\r\n                        \r\n                        <div class=\"apply-excerpt\">\r\n                            CCBS \u00e8 alla ricerca di candidati idonei per la posizione:...                        <\/div>\r\n\r\n                        <a href=\"https:\/\/ccbs.al\/it\/graphic-designer-seasonal\/\" class=\"apply-btn\">\r\n                            Aplica Ora                            <i class=\"fa fa-arrow-right\"><\/i>\r\n                        <\/a>\r\n                    <\/div>\r\n                                    <div class=\"apply-card\">\r\n                        <a href=\"https:\/\/ccbs.al\/it\/internship-hr\/\" class=\"apply-title\">Internship HR<\/a>\r\n                        \r\n                        <div class=\"apply-excerpt\">\r\n                            CCBS offre un\u2019opportunit\u00e0 di stage nel Dipartimento delle Risorse Umane.Lo...                        <\/div>\r\n\r\n                        <a href=\"https:\/\/ccbs.al\/it\/internship-hr\/\" class=\"apply-btn\">\r\n                            Aplica Ora                            <i class=\"fa fa-arrow-right\"><\/i>\r\n                        <\/a>\r\n                    <\/div>\r\n                                    <div class=\"apply-card\">\r\n                        <a href=\"https:\/\/ccbs.al\/it\/it-support-specialist\/\" class=\"apply-title\">IT Support Specialist<\/a>\r\n                        \r\n                        <div class=\"apply-excerpt\">\r\n                            CCBS \u00e8 alla ricerca di candidati idonei per la posizione:...                        <\/div>\r\n\r\n                        <a href=\"https:\/\/ccbs.al\/it\/it-support-specialist\/\" class=\"apply-btn\">\r\n                            Aplica Ora                            <i class=\"fa fa-arrow-right\"><\/i>\r\n                        <\/a>\r\n                    <\/div>\r\n                                    <div class=\"apply-card\">\r\n                        <a href=\"https:\/\/ccbs.al\/it\/merchandiser-fier-vlore\/\" class=\"apply-title\">Merchandiser Fier\u2013Vlore<\/a>\r\n                        \r\n                        <div class=\"apply-excerpt\">\r\n                            CCBS \u00e8 alla ricerca di candidati idonei per la posizione...                        <\/div>\r\n\r\n                        <a href=\"https:\/\/ccbs.al\/it\/merchandiser-fier-vlore\/\" class=\"apply-btn\">\r\n                            Aplica Ora                            <i class=\"fa fa-arrow-right\"><\/i>\r\n                        <\/a>\r\n                    <\/div>\r\n                                    <div class=\"apply-card\">\r\n                        <a href=\"https:\/\/ccbs.al\/it\/assistant-warehouse-keeper\/\" class=\"apply-title\">Assistente di Magazzino<\/a>\r\n                        \r\n                        <div class=\"apply-excerpt\">\r\n                            CCBS \u00e8 alla ricerca di candidati idonei per la posizione:...                        <\/div>\r\n\r\n                        <a href=\"https:\/\/ccbs.al\/it\/assistant-warehouse-keeper\/\" class=\"apply-btn\">\r\n                            Aplica Ora                            <i class=\"fa fa-arrow-right\"><\/i>\r\n                        <\/a>\r\n                    <\/div>\r\n                                    <div class=\"apply-card\">\r\n                        <a href=\"https:\/\/ccbs.al\/it\/merchandiser-lezhe-lac\/\" class=\"apply-title\">Merchandiser (Lezh\u00eb \u2013 La\u00e7)<\/a>\r\n                        \r\n                        <div class=\"apply-excerpt\">\r\n                            CCBS \u00e8 alla ricerca di candidati idonei per la posizione:...                        <\/div>\r\n\r\n                        <a href=\"https:\/\/ccbs.al\/it\/merchandiser-lezhe-lac\/\" class=\"apply-btn\">\r\n                            Aplica Ora                            <i class=\"fa fa-arrow-right\"><\/i>\r\n                        <\/a>\r\n                    <\/div>\r\n                                    <div class=\"apply-card\">\r\n                        <a href=\"https:\/\/ccbs.al\/it\/warehouse-keeper\/\" class=\"apply-title\">Magazziniere<\/a>\r\n                        \r\n                        <div class=\"apply-excerpt\">\r\n                            CCBS \u00e8 alla ricerca di candidati idonei per la posizione:...                        <\/div>\r\n\r\n                        <a href=\"https:\/\/ccbs.al\/it\/warehouse-keeper\/\" class=\"apply-btn\">\r\n                            Aplica Ora                            <i class=\"fa fa-arrow-right\"><\/i>\r\n                        <\/a>\r\n                    <\/div>\r\n                                    <div class=\"apply-card\">\r\n                        <a href=\"https:\/\/ccbs.al\/it\/sales-executive-for-the-fier-area\/\" class=\"apply-title\">Sales Executive per l\u2019area di Fier<\/a>\r\n                        \r\n                        <div class=\"apply-excerpt\">\r\n                            CCBS \u00e8 alla ricerca di candidati idonei per la posizione:...                        <\/div>\r\n\r\n                        <a href=\"https:\/\/ccbs.al\/it\/sales-executive-for-the-fier-area\/\" class=\"apply-btn\">\r\n                            Aplica Ora                            <i class=\"fa fa-arrow-right\"><\/i>\r\n                        <\/a>\r\n                    <\/div>\r\n                                    <div class=\"apply-card\">\r\n                        <a href=\"https:\/\/ccbs.al\/it\/sales-executive-for-the-durres-area\/\" class=\"apply-title\">Sales Executive per l\u2019area di Durazzo<\/a>\r\n                        \r\n                        <div class=\"apply-excerpt\">\r\n                            CCBS \u00e8 alla ricerca di candidati idonei per la posizione:...                        <\/div>\r\n\r\n                        <a href=\"https:\/\/ccbs.al\/it\/sales-executive-for-the-durres-area\/\" class=\"apply-btn\">\r\n                            Aplica Ora                            <i class=\"fa fa-arrow-right\"><\/i>\r\n                        <\/a>\r\n                    <\/div>\r\n                            <\/div>\r\n\r\n            <div class=\"news-pagination\">\r\n                <span aria-current=\"page\" class=\"page-numbers current\">1<\/span>\n<a class=\"page-numbers\" href=\"https:\/\/ccbs.al\/it\/wp-json\/wp\/v2\/pages\/30486\/?paged=2\">2<\/a>\n<a class=\"next page-numbers\" href=\"https:\/\/ccbs.al\/it\/wp-json\/wp\/v2\/pages\/30486\/?paged=2\"><i class=\"fa fa-angle-right\"><\/i><\/a>            <\/div>\r\n            \r\n                    <\/div>\r\n        \t\t\t\t<\/div>\n\t\t\t\t<\/div>\n\t\t\t\t\t<\/div>\n\t\t\t\t<\/div>\n\t\t<div class=\"elementor-element elementor-element-48edef8 news-banner e-flex e-con-boxed e-con e-parent\" data-id=\"48edef8\" data-element_type=\"container\" data-e-type=\"container\" data-settings=\"{&quot;background_background&quot;:&quot;classic&quot;,&quot;shape_divider_top&quot;:&quot;waves&quot;}\">\n\t\t\t\t\t<div class=\"e-con-inner\">\n\t\t\t\t<div class=\"elementor-shape elementor-shape-top\" aria-hidden=\"true\" data-negative=\"false\">\n\t\t\t<svg xmlns=\"http:\/\/www.w3.org\/2000\/svg\" viewBox=\"0 0 1000 100\" preserveAspectRatio=\"none\">\n\t<path class=\"elementor-shape-fill\" d=\"M421.9,6.5c22.6-2.5,51.5,0.4,75.5,5.3c23.6,4.9,70.9,23.5,100.5,35.7c75.8,32.2,133.7,44.5,192.6,49.7\n\tc23.6,2.1,48.7,3.5,103.4-2.5c54.7-6,106.2-25.6,106.2-25.6V0H0v30.3c0,0,72,32.6,158.4,30.5c39.2-0.7,92.8-6.7,134-22.4\n\tc21.2-8.1,52.2-18.2,79.7-24.2C399.3,7.9,411.6,7.5,421.9,6.5z\"\/>\n<\/svg>\t\t<\/div>\n\t\t\t\t<div class=\"elementor-element elementor-element-0bf14d0 elementor-widget__width-inherit elementor-widget elementor-widget-shortcode\" data-id=\"0bf14d0\" data-element_type=\"widget\" data-e-type=\"widget\" data-widget_type=\"shortcode.default\">\n\t\t\t\t\t\t\t<div class=\"elementor-shortcode\">    <div class=\"form-page\">\r\n        <div class=\"form-container\">\r\n            <h2 class=\"form-container__title\">Compila i dati<\/h2>\r\n            <hr class=\"form-container__hr\">\r\n            <div id=\"message\" class=\"form-container__message\"><\/div>\r\n            <form id=\"hrms-apply-form\" class=\"form-container__form\">\r\n                <div class=\"form-container__form-group\">\r\n                    <label for=\"name\" class=\"form-container__label\">Nome & Cognome*<\/label>\r\n                    <input type=\"text\" name=\"name\" id=\"name\" class=\"form-container__input\" placeholder=\"Em\u00ebr Mbiem\u00ebr\" required>\r\n                <\/div>\r\n                <div class=\"form-container__form-group\">\r\n                    <label for=\"dob\" class=\"form-container__label\">Data di nascita<\/label>\r\n                    <div class=\"form-container__input-wrapper\">\r\n                        <input type=\"date\" name=\"birthdate\" id=\"dob\" class=\"form-container__input\" required>\r\n                        <i class=\"fas fa-calendar-alt2 form-container__icon\"><\/i>\r\n                    <\/div>\r\n                <\/div>\r\n                <div class=\"form-container__form-group\">\r\n                    <label for=\"education\" class=\"form-container__label\">Istruzione<\/label>\r\n                    <select name=\"education\" id=\"education\" class=\"form-container__select\" required>\r\n                        <option value=\"none\">None<\/option>\r\n                        <option value=\"High School\">High School<\/option>\r\n                        <option value=\"Bachelor\">Bachelor<\/option>\r\n                        <option value=\"Master\">Master<\/option>\r\n                        <option value=\"Doctorate\">Doctorate<\/option>\r\n                    <\/select>\r\n                <\/div>\r\n                <div class=\"form-container__form-group\">\r\n                    <label for=\"english-level\" class=\"form-container__label\">Livello di inglese*<\/label>\r\n                    <select name=\"english_level\" id=\"english-level\" class=\"form-container__select\" required>\r\n                        <option value=\"none\">None<\/option>\r\n                        <option value=\"A1\">A1<\/option>\r\n                        <option value=\"A2\">A2<\/option>\r\n                        <option value=\"B1\">B1<\/option>\r\n                        <option value=\"B2\">B2<\/option>\r\n                        <option value=\"C1\">C1<\/option>\r\n                        <option value=\"C2\">C2<\/option>\r\n                    <\/select>\r\n                <\/div>\r\n                <div class=\"form-container__form-group\">\r\n                    <label for=\"email\" class=\"form-container__label\">Email*<\/label>\r\n                    <div class=\"form-container__input-wrapper\">\r\n                        <input type=\"email\" name=\"email\" id=\"email\" class=\"form-container__input\" placeholder=\"emer.mbiemer@gmail.com\" required>\r\n                        <i class=\"fas fa-envelope2 form-container__icon\"><\/i>\r\n                    <\/div>\r\n                <\/div>\r\n                <div class=\"form-container__form-group\">\r\n                    <label for=\"phone\" class=\"form-container__label\">Numero di telefono*<\/label>\r\n                    <div class=\"form-container__input-wrapper\">\r\n                        <input type=\"tel\" name=\"phone\" id=\"phone\" class=\"form-container__input\" placeholder=\"069 00 00 000\" required>\r\n                        <i class=\"fas fa-phone2 form-container__icon\"><\/i>\r\n                    <\/div>\r\n                <\/div>\r\n                <div class=\"form-container__form-group\">\r\n                    <label for=\"position\" class=\"form-container__label\">Posizione*<\/label>\r\n                    <select name=\"job_id\" id=\"position\" class=\"form-container__select\" required>\r\n                        <option value=\"\" disabled selected>- None -<\/option>\r\n                                                                                <option value=\"33\">Ekzekutiv shitjesh p\u00ebr zon\u00ebn e Fierit<\/option>\r\n                                                                                <option value=\"31\">Brand Manager<\/option>\r\n                                                                                <option value=\"29\">Magazinier <\/option>\r\n                                            <\/select>\r\n                <\/div>\r\n                <div class=\"form-container__form-group\">\r\n                    <label for=\"cv\" class=\"form-container__label\">Curriculum (PDF)<\/label>\r\n                    <div class=\"custom-file-upload\">\r\n                        <span class=\"upload-text\">Allega file<\/span>\r\n                        <input type=\"file\" name=\"cv\" id=\"cv\" class=\"form-container__file-input\" accept=\"application\/pdf\">\r\n                    <\/div>\r\n                    <span id=\"file-name\" class=\"file-name\"><\/span>\r\n                <\/div>\r\n                <button type=\"submit\" class=\"form-container__button\">Aplica<\/button>\r\n            <\/form>\r\n            <p class=\"form-container__note\">Per candidarsi, si prega di compilare tutti i campi obbligatori (*)<\/p>\r\n        <\/div>\r\n    <\/div>\r\n\r\n    <\/div>\n\t\t\t\t\t\t<\/div>\n\t\t\t\t\t<\/div>\n\t\t\t\t<\/div>\n\t\t\t\t<\/div>\n\t\t","protected":false},"excerpt":{"rendered":"<p> [&hellip;]<\/p>\n","protected":false},"author":1,"featured_media":0,"parent":0,"menu_order":0,"comment_status":"closed","ping_status":"closed","template":"elementor_header_footer","meta":{"_acf_changed":false,"inline_featured_image":false,"footnotes":""},"class_list":["post-30486","page","type-page","status-publish","hentry"],"acf":[],"yoast_head":"<!-- This site is optimized with the Yoast SEO plugin v27.0 - https:\/\/yoast.com\/product\/yoast-seo-wordpress\/ -->\n<title>Lavora con noi - CCBS<\/title>\n<meta name=\"robots\" content=\"index, follow, max-snippet:-1, max-image-preview:large, max-video-preview:-1\" \/>\n<link rel=\"canonical\" href=\"https:\/\/ccbs.al\/it\/lavora-con-noi\/\" \/>\n<meta property=\"og:locale\" content=\"it_IT\" \/>\n<meta property=\"og:type\" content=\"article\" \/>\n<meta property=\"og:title\" content=\"Lavora con noi - CCBS\" \/>\n<meta property=\"og:description\" content=\"[&hellip;]\" \/>\n<meta property=\"og:url\" content=\"https:\/\/ccbs.al\/it\/lavora-con-noi\/\" \/>\n<meta property=\"og:site_name\" content=\"CCBS\" \/>\n<meta property=\"article:modified_time\" content=\"2026-03-05T14:59:37+00:00\" \/>\n<meta name=\"twitter:card\" content=\"summary_large_image\" \/>\n<meta name=\"twitter:label1\" content=\"Est. reading time\" \/>\n\t<meta name=\"twitter:data1\" content=\"1 minuto\" \/>\n<script type=\"application\/ld+json\" class=\"yoast-schema-graph\">{\"@context\":\"https:\/\/schema.org\",\"@graph\":[{\"@type\":\"WebPage\",\"@id\":\"https:\/\/ccbs.al\/it\/lavora-con-noi\/\",\"url\":\"https:\/\/ccbs.al\/it\/lavora-con-noi\/\",\"name\":\"Lavora con noi - CCBS\",\"isPartOf\":{\"@id\":\"https:\/\/ccbs.al\/it\/#website\"},\"datePublished\":\"2026-01-13T13:41:30+00:00\",\"dateModified\":\"2026-03-05T14:59:37+00:00\",\"breadcrumb\":{\"@id\":\"https:\/\/ccbs.al\/it\/lavora-con-noi\/#breadcrumb\"},\"inLanguage\":\"it-IT\",\"potentialAction\":[{\"@type\":\"ReadAction\",\"target\":[\"https:\/\/ccbs.al\/it\/lavora-con-noi\/\"]}]},{\"@type\":\"BreadcrumbList\",\"@id\":\"https:\/\/ccbs.al\/it\/lavora-con-noi\/#breadcrumb\",\"itemListElement\":[{\"@type\":\"ListItem\",\"position\":1,\"name\":\"Home\",\"item\":\"https:\/\/ccbs.al\/it\/\"},{\"@type\":\"ListItem\",\"position\":2,\"name\":\"Lavora con noi\"}]},{\"@type\":\"WebSite\",\"@id\":\"https:\/\/ccbs.al\/it\/#website\",\"url\":\"https:\/\/ccbs.al\/it\/\",\"name\":\"CCBS\",\"description\":\"\",\"potentialAction\":[{\"@type\":\"SearchAction\",\"target\":{\"@type\":\"EntryPoint\",\"urlTemplate\":\"https:\/\/ccbs.al\/it\/?s={search_term_string}\"},\"query-input\":{\"@type\":\"PropertyValueSpecification\",\"valueRequired\":true,\"valueName\":\"search_term_string\"}}],\"inLanguage\":\"it-IT\"}]}<\/script>\n<!-- \/ Yoast SEO plugin. -->","yoast_head_json":{"title":"Lavora con noi - CCBS","robots":{"index":"index","follow":"follow","max-snippet":"max-snippet:-1","max-image-preview":"max-image-preview:large","max-video-preview":"max-video-preview:-1"},"canonical":"https:\/\/ccbs.al\/it\/lavora-con-noi\/","og_locale":"it_IT","og_type":"article","og_title":"Lavora con noi - CCBS","og_description":"[&hellip;]","og_url":"https:\/\/ccbs.al\/it\/lavora-con-noi\/","og_site_name":"CCBS","article_modified_time":"2026-03-05T14:59:37+00:00","twitter_card":"summary_large_image","twitter_misc":{"Est. reading time":"1 minuto"},"schema":{"@context":"https:\/\/schema.org","@graph":[{"@type":"WebPage","@id":"https:\/\/ccbs.al\/it\/lavora-con-noi\/","url":"https:\/\/ccbs.al\/it\/lavora-con-noi\/","name":"Lavora con noi - CCBS","isPartOf":{"@id":"https:\/\/ccbs.al\/it\/#website"},"datePublished":"2026-01-13T13:41:30+00:00","dateModified":"2026-03-05T14:59:37+00:00","breadcrumb":{"@id":"https:\/\/ccbs.al\/it\/lavora-con-noi\/#breadcrumb"},"inLanguage":"it-IT","potentialAction":[{"@type":"ReadAction","target":["https:\/\/ccbs.al\/it\/lavora-con-noi\/"]}]},{"@type":"BreadcrumbList","@id":"https:\/\/ccbs.al\/it\/lavora-con-noi\/#breadcrumb","itemListElement":[{"@type":"ListItem","position":1,"name":"Home","item":"https:\/\/ccbs.al\/it\/"},{"@type":"ListItem","position":2,"name":"Lavora con noi"}]},{"@type":"WebSite","@id":"https:\/\/ccbs.al\/it\/#website","url":"https:\/\/ccbs.al\/it\/","name":"CCBS","description":"","potentialAction":[{"@type":"SearchAction","target":{"@type":"EntryPoint","urlTemplate":"https:\/\/ccbs.al\/it\/?s={search_term_string}"},"query-input":{"@type":"PropertyValueSpecification","valueRequired":true,"valueName":"search_term_string"}}],"inLanguage":"it-IT"}]}},"_links":{"self":[{"href":"https:\/\/ccbs.al\/it\/wp-json\/wp\/v2\/pages\/30486","targetHints":{"allow":["GET"]}}],"collection":[{"href":"https:\/\/ccbs.al\/it\/wp-json\/wp\/v2\/pages"}],"about":[{"href":"https:\/\/ccbs.al\/it\/wp-json\/wp\/v2\/types\/page"}],"author":[{"embeddable":true,"href":"https:\/\/ccbs.al\/it\/wp-json\/wp\/v2\/users\/1"}],"replies":[{"embeddable":true,"href":"https:\/\/ccbs.al\/it\/wp-json\/wp\/v2\/comments?post=30486"}],"version-history":[{"count":3,"href":"https:\/\/ccbs.al\/it\/wp-json\/wp\/v2\/pages\/30486\/revisions"}],"predecessor-version":[{"id":32616,"href":"https:\/\/ccbs.al\/it\/wp-json\/wp\/v2\/pages\/30486\/revisions\/32616"}],"wp:attachment":[{"href":"https:\/\/ccbs.al\/it\/wp-json\/wp\/v2\/media?parent=30486"}],"curies":[{"name":"wp","href":"https:\/\/api.w.org\/{rel}","templated":true}]}}