{"id":30310,"date":"2026-02-05T14:55:44","date_gmt":"2026-02-05T14:55:44","guid":{"rendered":"https:\/\/ccbs.web-devtesting.xyz\/schweppes\/"},"modified":"2026-03-06T13:41:02","modified_gmt":"2026-03-06T13:41:02","slug":"schweppes","status":"publish","type":"page","link":"https:\/\/ccbs.al\/it\/schweppes\/","title":{"rendered":"Schweppes"},"content":{"rendered":"\t\t<div data-elementor-type=\"wp-page\" data-elementor-id=\"30310\" class=\"elementor elementor-30310 elementor-26598\" data-elementor-post-type=\"page\">\n\t\t\t\t<div class=\"elementor-element elementor-element-7a01b651 e-flex e-con-boxed e-con e-parent\" data-id=\"7a01b651\" data-element_type=\"container\" data-e-type=\"container\" data-settings=\"{&quot;background_background&quot;:&quot;classic&quot;}\">\n\t\t\t\t\t<div class=\"e-con-inner\">\n\t\t\t\t\t<\/div>\n\t\t\t\t<\/div>\n\t\t<div class=\"elementor-element elementor-element-13da0eb7 e-flex e-con-boxed e-con e-parent\" data-id=\"13da0eb7\" data-element_type=\"container\" data-e-type=\"container\">\n\t\t\t\t\t<div class=\"e-con-inner\">\n\t\t<div class=\"elementor-element elementor-element-3782da9e e-con-full e-flex e-con e-child\" data-id=\"3782da9e\" data-element_type=\"container\" data-e-type=\"container\">\n\t\t\t\t<div class=\"elementor-element elementor-element-1a449361 elementor-widget elementor-widget-heading\" data-id=\"1a449361\" data-element_type=\"widget\" data-e-type=\"widget\" data-widget_type=\"heading.default\">\n\t\t\t\t\t<h2 class=\"elementor-heading-title elementor-size-default\">Schweppes <\/h2>\t\t\t\t<\/div>\n\t\t\t\t<div class=\"elementor-element elementor-element-368d433b elementor-widget elementor-widget-heading\" data-id=\"368d433b\" data-element_type=\"widget\" data-e-type=\"widget\" data-widget_type=\"heading.default\">\n\t\t\t\t\t<h2 class=\"elementor-heading-title elementor-size-default\"><p><strong>UN SIMBOLO DI RAFFINATEZZA <\/strong><\/p><\/h2>\t\t\t\t<\/div>\n\t\t\t\t<div class=\"elementor-element elementor-element-6de8d727 elementor-widget__width-initial elementor-widget elementor-widget-text-editor\" data-id=\"6de8d727\" data-element_type=\"widget\" data-e-type=\"widget\" data-widget_type=\"text-editor.default\">\n\t\t\t\t\t\t\t\t\t<p>Creata nel 1783 dall&#8217;orologiaio e scienziato svizzero Johann Jacob Schweppe, Schweppes \u00e8 stata la prima bevanda gassata al mondo prodotta su scala commerciale. Quella che nacque come una rivoluzionaria acqua minerale effervescente si \u00e8 presto evoluta in una gamma raffinata di mixer e bibite, apprezzata tanto nei bar pi\u00f9 iconici del pianeta quanto nell&#8217;intimit\u00e0 di casa. Grazie al suo gusto frizzante, a un\u2019eredit\u00e0 d&#8217;eccellenza e a uno stile inconfondibile, Schweppes \u00e8 diventata un simbolo di raffinatezza e qualit\u00e0, capace di elevare ogni momento di convivialit\u00e0.<\/p>\t\t\t\t\t\t\t\t<\/div>\n\t\t\t\t<div class=\"elementor-element elementor-element-393042d elementor-align-left elementor-mobile-align-center elementor-widget elementor-widget-button\" data-id=\"393042d\" data-element_type=\"widget\" data-e-type=\"widget\" data-widget_type=\"button.default\">\n\t\t\t\t\t\t\t\t\t\t<a class=\"elementor-button elementor-button-link elementor-size-sm\" href=\"#taste\">\n\t\t\t\t\t\t<span class=\"elementor-button-content-wrapper\">\n\t\t\t\t\t\t<span class=\"elementor-button-icon\">\n\t\t\t\t<svg aria-hidden=\"true\" class=\"e-font-icon-svg e-fas-angle-right\" viewBox=\"0 0 256 512\" xmlns=\"http:\/\/www.w3.org\/2000\/svg\"><path d=\"M224.3 273l-136 136c-9.4 9.4-24.6 9.4-33.9 0l-22.6-22.6c-9.4-9.4-9.4-24.6 0-33.9l96.4-96.4-96.4-96.4c-9.4-9.4-9.4-24.6 0-33.9L54.3 103c9.4-9.4 24.6-9.4 33.9 0l136 136c9.5 9.4 9.5 24.6.1 34z\"><\/path><\/svg>\t\t\t<\/span>\n\t\t\t\t\t\t\t\t\t<span class=\"elementor-button-text\">SCOPRI I SAPORI<\/span>\n\t\t\t\t\t<\/span>\n\t\t\t\t\t<\/a>\n\t\t\t\t\t\t\t\t<\/div>\n\t\t\t\t<\/div>\n\t\t<div class=\"elementor-element elementor-element-1c376279 e-con-full e-flex e-con e-child\" data-id=\"1c376279\" data-element_type=\"container\" data-e-type=\"container\">\n\t\t\t\t<div class=\"elementor-element elementor-element-1d590160 elementor-widget elementor-widget-image\" data-id=\"1d590160\" data-element_type=\"widget\" data-e-type=\"widget\" data-widget_type=\"image.default\">\n\t\t\t\t\t\t\t\t\t\t\t\t\t\t\t<img fetchpriority=\"high\" decoding=\"async\" width=\"800\" height=\"800\" src=\"https:\/\/ccbs.al\/wp-content\/uploads\/2026\/02\/1200x1200px-Schweppes-1024x1024.jpg\" class=\"attachment-large size-large wp-image-30309\" alt=\"\" srcset=\"https:\/\/ccbs.al\/wp-content\/uploads\/2026\/02\/1200x1200px-Schweppes-1024x1024.jpg 1024w, https:\/\/ccbs.al\/wp-content\/uploads\/2026\/02\/1200x1200px-Schweppes-300x300.jpg 300w, https:\/\/ccbs.al\/wp-content\/uploads\/2026\/02\/1200x1200px-Schweppes-150x150.jpg 150w, https:\/\/ccbs.al\/wp-content\/uploads\/2026\/02\/1200x1200px-Schweppes-768x768.jpg 768w, https:\/\/ccbs.al\/wp-content\/uploads\/2026\/02\/1200x1200px-Schweppes.jpg 1200w\" sizes=\"(max-width: 800px) 100vw, 800px\" \/>\t\t\t\t\t\t\t\t\t\t\t\t\t\t\t<\/div>\n\t\t\t\t<\/div>\n\t\t\t\t\t<\/div>\n\t\t\t\t<\/div>\n\t\t<div class=\"elementor-element elementor-element-2d951b47 e-flex e-con-boxed e-con e-parent\" data-id=\"2d951b47\" data-element_type=\"container\" data-e-type=\"container\">\n\t\t\t\t\t<div class=\"e-con-inner\">\n\t\t\t\t<div class=\"elementor-element elementor-element-38656a9c elementor-widget-divider--view-line elementor-widget elementor-widget-divider\" data-id=\"38656a9c\" data-element_type=\"widget\" data-e-type=\"widget\" data-widget_type=\"divider.default\">\n\t\t\t\t\t\t\t<div class=\"elementor-divider\">\n\t\t\t<span class=\"elementor-divider-separator\">\n\t\t\t\t\t\t<\/span>\n\t\t<\/div>\n\t\t\t\t\t\t<\/div>\n\t\t\t\t\t<\/div>\n\t\t\t\t<\/div>\n\t\t<div class=\"elementor-element elementor-element-473287c5 e-flex e-con-boxed e-con e-parent\" data-id=\"473287c5\" data-element_type=\"container\" data-e-type=\"container\" id=\"taste\">\n\t\t\t\t\t<div class=\"e-con-inner\">\n\t\t\t\t<div class=\"elementor-element elementor-element-615d2d5b elementor-widget elementor-widget-heading\" data-id=\"615d2d5b\" data-element_type=\"widget\" data-e-type=\"widget\" data-widget_type=\"heading.default\">\n\t\t\t\t\t<h2 class=\"elementor-heading-title elementor-size-default\">Scopri i sapori della bevanda pi\u00f9 famosa al mondo\n<\/h2>\t\t\t\t<\/div>\n\t\t\t\t<div class=\"elementor-element elementor-element-31343466 elementor-widget elementor-widget-product_brand_list\" data-id=\"31343466\" data-element_type=\"widget\" data-e-type=\"widget\" data-widget_type=\"product_brand_list.default\">\n\t\t\t\t<div class=\"elementor-widget-container\">\n\t\t\t\t\t\r\n        <div class=\"product-brand-grid\">\r\n                            <div class=\"product-brand-card\">\r\n                    <a href=\"https:\/\/ccbs.al\/products\/schweppes\/schweppes-indian-tonic\/\" class=\"product-img-box\">\r\n                        <img decoding=\"async\" src=\"https:\/\/ccbs.al\/wp-content\/uploads\/2026\/02\/1-1.png\" alt=\"Product\">\r\n                    <\/a>\r\n                    <h3 class=\"product-title\">Schweppes Indian Tonic <\/h3>\r\n                    <div class=\"product-divider\"><\/div>\r\n                    <a href=\"https:\/\/ccbs.al\/products\/schweppes\/schweppes-indian-tonic\/\" class=\"product-view-link\">\r\n                        Visualizza <span class=\"arrow\">\u2192<\/span>\r\n                    <\/a>\r\n                <\/div>\r\n                            <div class=\"product-brand-card\">\r\n                    <a href=\"https:\/\/ccbs.al\/products\/schweppes\/schweppes-bitter-lemon\/\" class=\"product-img-box\">\r\n                        <img decoding=\"async\" src=\"https:\/\/ccbs.al\/wp-content\/uploads\/2026\/02\/2-1.png\" alt=\"Product\">\r\n                    <\/a>\r\n                    <h3 class=\"product-title\">Schweppes Bitter Lemon<\/h3>\r\n                    <div class=\"product-divider\"><\/div>\r\n                    <a href=\"https:\/\/ccbs.al\/products\/schweppes\/schweppes-bitter-lemon\/\" class=\"product-view-link\">\r\n                        Visualizza <span class=\"arrow\">\u2192<\/span>\r\n                    <\/a>\r\n                <\/div>\r\n                            <div class=\"product-brand-card\">\r\n                    <a href=\"https:\/\/ccbs.al\/products\/schweppes\/schweppes-soda-water\/\" class=\"product-img-box\">\r\n                        <img decoding=\"async\" src=\"https:\/\/ccbs.al\/wp-content\/uploads\/2026\/02\/3-1.png\" alt=\"Product\">\r\n                    <\/a>\r\n                    <h3 class=\"product-title\">Schweppes Soda Water<\/h3>\r\n                    <div class=\"product-divider\"><\/div>\r\n                    <a href=\"https:\/\/ccbs.al\/products\/schweppes\/schweppes-soda-water\/\" class=\"product-view-link\">\r\n                        Visualizza <span class=\"arrow\">\u2192<\/span>\r\n                    <\/a>\r\n                <\/div>\r\n                            <div class=\"product-brand-card\">\r\n                    <a href=\"https:\/\/ccbs.al\/products\/schweppes\/schweppes-pink-grapefruit\/\" class=\"product-img-box\">\r\n                        <img decoding=\"async\" src=\"https:\/\/ccbs.al\/wp-content\/uploads\/2026\/02\/4-1.png\" alt=\"Product\">\r\n                    <\/a>\r\n                    <h3 class=\"product-title\">Schweppes Pink Grapefruit<\/h3>\r\n                    <div class=\"product-divider\"><\/div>\r\n                    <a href=\"https:\/\/ccbs.al\/products\/schweppes\/schweppes-pink-grapefruit\/\" class=\"product-view-link\">\r\n                        Visualizza <span class=\"arrow\">\u2192<\/span>\r\n                    <\/a>\r\n                <\/div>\r\n                    <\/div>\r\n        \t\t\t\t<\/div>\n\t\t\t\t<\/div>\n\t\t\t\t\t<\/div>\n\t\t\t\t<\/div>\n\t\t<div class=\"elementor-element elementor-element-1027306a e-flex e-con-boxed e-con e-parent\" data-id=\"1027306a\" data-element_type=\"container\" data-e-type=\"container\">\n\t\t\t\t\t<div class=\"e-con-inner\">\n\t\t\t\t<div class=\"elementor-element elementor-element-d397b6 elementor-widget elementor-widget-shortcode\" data-id=\"d397b6\" data-element_type=\"widget\" data-e-type=\"widget\" data-widget_type=\"shortcode.default\">\n\t\t\t\t\t\t\t<div class=\"elementor-shortcode\">\t\t<div data-elementor-type=\"section\" data-elementor-id=\"32022\" class=\"elementor elementor-32022 elementor-628\" data-elementor-post-type=\"elementor_library\">\n\t\t\t<div class=\"elementor-element elementor-element-28592c1 e-flex e-con-boxed e-con e-parent\" data-id=\"28592c1\" data-element_type=\"container\" data-e-type=\"container\">\n\t\t\t\t\t<div class=\"e-con-inner\">\n\t\t\t\t<div class=\"elementor-element elementor-element-1d759c6 elementor-widget elementor-widget-brands_slider\" data-id=\"1d759c6\" data-element_type=\"widget\" data-e-type=\"widget\" data-widget_type=\"brands_slider.default\">\n\t\t\t\t<div class=\"elementor-widget-container\">\n\t\t\t\t\t\r\n        <div class=\"brands-container\">\r\n            <div class=\"brands-header\">\r\n                <h2 class=\"brands-title\">I NOSTRI MARCHI<\/h2>\r\n                <div class=\"brands-navigation\">\r\n                    <div class=\"swiper-button-prev-custom\" id=\"prev-brands-slider-1d759c6\">\r\n                        <i class=\"fa fa-angle-left\"><\/i>\r\n                    <\/div>\r\n                    <div class=\"swiper-button-next-custom\" id=\"next-brands-slider-1d759c6\">\r\n                        <i class=\"fa fa-angle-right\"><\/i>\r\n                    <\/div>\r\n                <\/div>\r\n            <\/div>\r\n\r\n            <div class=\"brands-slider-wrapper\">\r\n                <div class=\"swiper\" id=\"brands-slider-1d759c6\"\r\n                     data-desktop=\"6\"\r\n                     data-tablet=\"3\"\r\n                     data-mobile=\"2\"\r\n                     data-space=\"40\">\r\n\r\n                    <div class=\"swiper-wrapper\">\r\n                                                    <div class=\"swiper-slide\">\r\n                                <a href=\"https:\/\/ccbs.al\/products\/coca-cola\/\">\r\n                                <img decoding=\"async\" src=\"https:\/\/ccbs.al\/wp-content\/uploads\/2026\/01\/Artboard-1-copy-3.png\" \r\n                                    alt=\"Coca Cola\">\r\n\r\n                                <\/a>                            <\/div>\r\n                                                    <div class=\"swiper-slide\">\r\n                                <a href=\"https:\/\/ccbs.al\/products\/coca-cola\/coca-cola-zero-sugar\/\">\r\n                                <img decoding=\"async\" src=\"https:\/\/ccbs.al\/wp-content\/uploads\/2026\/01\/Artboard-1-copy-4.png\" \r\n                                    alt=\"Coca Cola Zero\">\r\n\r\n                                <\/a>                            <\/div>\r\n                                                    <div class=\"swiper-slide\">\r\n                                <a href=\"https:\/\/ccbs.al\/products\/fanta\/\">\r\n                                <img decoding=\"async\" src=\"https:\/\/ccbs.al\/wp-content\/uploads\/2026\/01\/Artboard-1-copy-8.png\" \r\n                                    alt=\"Fanta\">\r\n\r\n                                <\/a>                            <\/div>\r\n                                                    <div class=\"swiper-slide\">\r\n                                <a href=\"https:\/\/ccbs.al\/products\/sprite\/\">\r\n                                <img decoding=\"async\" src=\"https:\/\/ccbs.al\/wp-content\/uploads\/2026\/01\/Artboard-1.png\" \r\n                                    alt=\"Sprite\">\r\n\r\n                                <\/a>                            <\/div>\r\n                                                    <div class=\"swiper-slide\">\r\n                                <a href=\"https:\/\/ccbs.al\/products\/schweppes\/\">\r\n                                <img decoding=\"async\" src=\"https:\/\/ccbs.al\/wp-content\/uploads\/2026\/01\/Artboard-1-copy.png\" \r\n                                    alt=\"Schweppes\">\r\n\r\n                                <\/a>                            <\/div>\r\n                                                    <div class=\"swiper-slide\">\r\n                                <a href=\"https:\/\/ccbs.al\/products\/powerade\/\">\r\n                                <img decoding=\"async\" src=\"https:\/\/ccbs.al\/wp-content\/uploads\/2026\/01\/Artboard-1-copy-5.png\" \r\n                                    alt=\"Power Ade\">\r\n\r\n                                <\/a>                            <\/div>\r\n                                                    <div class=\"swiper-slide\">\r\n                                <a href=\"https:\/\/ccbs.al\/products\/monster\/\">\r\n                                <img decoding=\"async\" src=\"https:\/\/ccbs.al\/wp-content\/uploads\/2026\/01\/Artboard-1-copy-9.png\" \r\n                                    alt=\"Monster\">\r\n\r\n                                <\/a>                            <\/div>\r\n                                                    <div class=\"swiper-slide\">\r\n                                <a href=\"https:\/\/ccbs.al\/products\/tomarchio\/\">\r\n                                <img decoding=\"async\" src=\"https:\/\/ccbs.al\/wp-content\/uploads\/2026\/01\/Artboard-1-copy-6.png\" \r\n                                    alt=\"Tomarchio\">\r\n\r\n                                <\/a>                            <\/div>\r\n                                                    <div class=\"swiper-slide\">\r\n                                <a href=\"https:\/\/ccbs.al\/products\/tepelene\/\">\r\n                                <img decoding=\"async\" src=\"https:\/\/ccbs.al\/wp-content\/uploads\/2026\/01\/Artboard-1-copy-7.png\" \r\n                                    alt=\"Tepelene\">\r\n\r\n                                <\/a>                            <\/div>\r\n                                                    <div class=\"swiper-slide\">\r\n                                <a href=\"#\">\r\n                                <img decoding=\"async\" src=\"https:\/\/ccbs.al\/wp-content\/uploads\/2026\/01\/Artboard-1-copy-2.png\" \r\n                                    alt=\"Cipriani\">\r\n\r\n                                <\/a>                            <\/div>\r\n                                            <\/div>\r\n                <\/div>\r\n            <\/div>\r\n        <\/div>\r\n\r\n        <script>\r\n            jQuery(document).ready(function ($) {\r\n\r\n            var initSlider = function () {\r\n                var $scope = $('#brands-slider-1d759c6');\r\n\r\n                if (typeof Swiper === 'undefined' || !$scope.length) return;\r\n\r\n                new Swiper($scope[0], {\r\n                    loop: true,\r\n                    slidesPerView: 3,\r\n                    spaceBetween: 20,\r\n                    navigation: {\r\n                        nextEl: '#next-brands-slider-1d759c6',\r\n                        prevEl: '#prev-brands-slider-1d759c6',\r\n                    },\r\n                    breakpoints: {\r\n                        768: { slidesPerView: 4, spaceBetween: 30 },\r\n                        1024: { slidesPerView: 8, spaceBetween: 40 }\r\n                    }\r\n                });\r\n            };\r\n\r\n            \/\/ Run on normal frontend load\r\n            initSlider();\r\n\r\n            \/\/ Elementor editor support (SAFE)\r\n            if (window.elementorFrontend) {\r\n                elementorFrontend.on('components:init', function () {\r\n                    elementorFrontend.hooks.addAction(\r\n                        'frontend\/element_ready\/brands_slider.default',\r\n                        initSlider\r\n                    );\r\n                });\r\n            }\r\n\r\n            });\r\n        <\/script>\r\n        \t\t\t\t<\/div>\n\t\t\t\t<\/div>\n\t\t\t\t\t<\/div>\n\t\t\t\t<\/div>\n\t\t\t\t<\/div>\n\t\t<\/div>\n\t\t\t\t\t\t<\/div>\n\t\t\t\t\t<\/div>\n\t\t\t\t<\/div>\n\t\t\t\t<\/div>\n\t\t","protected":false},"excerpt":{"rendered":"<p> [&hellip;]<\/p>\n","protected":false},"author":1,"featured_media":0,"parent":0,"menu_order":0,"comment_status":"closed","ping_status":"closed","template":"elementor_header_footer","meta":{"_acf_changed":false,"inline_featured_image":false,"footnotes":""},"class_list":["post-30310","page","type-page","status-publish","hentry"],"acf":[],"yoast_head":"<!-- This site is optimized with the Yoast SEO plugin v27.0 - https:\/\/yoast.com\/product\/yoast-seo-wordpress\/ -->\n<title>Schweppes - CCBS<\/title>\n<meta name=\"robots\" content=\"index, follow, max-snippet:-1, max-image-preview:large, max-video-preview:-1\" \/>\n<link rel=\"canonical\" href=\"https:\/\/ccbs.al\/it\/schweppes\/\" \/>\n<meta property=\"og:locale\" content=\"it_IT\" \/>\n<meta property=\"og:type\" content=\"article\" \/>\n<meta property=\"og:title\" content=\"Schweppes - CCBS\" \/>\n<meta property=\"og:description\" content=\"[&hellip;]\" \/>\n<meta property=\"og:url\" content=\"https:\/\/ccbs.al\/it\/schweppes\/\" \/>\n<meta property=\"og:site_name\" content=\"CCBS\" \/>\n<meta property=\"article:modified_time\" content=\"2026-03-06T13:41:02+00:00\" \/>\n<meta property=\"og:image\" content=\"https:\/\/ccbs.al\/wp-content\/uploads\/2026\/02\/1200x1200px-Schweppes.jpg\" \/>\n\t<meta property=\"og:image:width\" content=\"1200\" \/>\n\t<meta property=\"og:image:height\" content=\"1200\" \/>\n\t<meta property=\"og:image:type\" content=\"image\/jpeg\" \/>\n<meta name=\"twitter:card\" content=\"summary_large_image\" \/>\n<meta name=\"twitter:label1\" content=\"Est. reading time\" \/>\n\t<meta name=\"twitter:data1\" content=\"1 minuto\" \/>\n<script type=\"application\/ld+json\" class=\"yoast-schema-graph\">{\"@context\":\"https:\/\/schema.org\",\"@graph\":[{\"@type\":\"WebPage\",\"@id\":\"https:\/\/ccbs.al\/it\/schweppes\/\",\"url\":\"https:\/\/ccbs.al\/it\/schweppes\/\",\"name\":\"Schweppes - CCBS\",\"isPartOf\":{\"@id\":\"https:\/\/ccbs.al\/it\/#website\"},\"primaryImageOfPage\":{\"@id\":\"https:\/\/ccbs.al\/it\/schweppes\/#primaryimage\"},\"image\":{\"@id\":\"https:\/\/ccbs.al\/it\/schweppes\/#primaryimage\"},\"thumbnailUrl\":\"https:\/\/ccbs.al\/wp-content\/uploads\/2026\/02\/1200x1200px-Schweppes-1024x1024.jpg\",\"datePublished\":\"2026-02-05T14:55:44+00:00\",\"dateModified\":\"2026-03-06T13:41:02+00:00\",\"breadcrumb\":{\"@id\":\"https:\/\/ccbs.al\/it\/schweppes\/#breadcrumb\"},\"inLanguage\":\"it-IT\",\"potentialAction\":[{\"@type\":\"ReadAction\",\"target\":[\"https:\/\/ccbs.al\/it\/schweppes\/\"]}]},{\"@type\":\"ImageObject\",\"inLanguage\":\"it-IT\",\"@id\":\"https:\/\/ccbs.al\/it\/schweppes\/#primaryimage\",\"url\":\"https:\/\/ccbs.al\/wp-content\/uploads\/2026\/02\/1200x1200px-Schweppes-1024x1024.jpg\",\"contentUrl\":\"https:\/\/ccbs.al\/wp-content\/uploads\/2026\/02\/1200x1200px-Schweppes-1024x1024.jpg\"},{\"@type\":\"BreadcrumbList\",\"@id\":\"https:\/\/ccbs.al\/it\/schweppes\/#breadcrumb\",\"itemListElement\":[{\"@type\":\"ListItem\",\"position\":1,\"name\":\"Home\",\"item\":\"https:\/\/ccbs.al\/it\/\"},{\"@type\":\"ListItem\",\"position\":2,\"name\":\"Schweppes\"}]},{\"@type\":\"WebSite\",\"@id\":\"https:\/\/ccbs.al\/it\/#website\",\"url\":\"https:\/\/ccbs.al\/it\/\",\"name\":\"CCBS\",\"description\":\"\",\"potentialAction\":[{\"@type\":\"SearchAction\",\"target\":{\"@type\":\"EntryPoint\",\"urlTemplate\":\"https:\/\/ccbs.al\/it\/?s={search_term_string}\"},\"query-input\":{\"@type\":\"PropertyValueSpecification\",\"valueRequired\":true,\"valueName\":\"search_term_string\"}}],\"inLanguage\":\"it-IT\"}]}<\/script>\n<!-- \/ Yoast SEO plugin. -->","yoast_head_json":{"title":"Schweppes - CCBS","robots":{"index":"index","follow":"follow","max-snippet":"max-snippet:-1","max-image-preview":"max-image-preview:large","max-video-preview":"max-video-preview:-1"},"canonical":"https:\/\/ccbs.al\/it\/schweppes\/","og_locale":"it_IT","og_type":"article","og_title":"Schweppes - CCBS","og_description":"[&hellip;]","og_url":"https:\/\/ccbs.al\/it\/schweppes\/","og_site_name":"CCBS","article_modified_time":"2026-03-06T13:41:02+00:00","og_image":[{"width":1200,"height":1200,"url":"https:\/\/ccbs.al\/wp-content\/uploads\/2026\/02\/1200x1200px-Schweppes.jpg","type":"image\/jpeg"}],"twitter_card":"summary_large_image","twitter_misc":{"Est. reading time":"1 minuto"},"schema":{"@context":"https:\/\/schema.org","@graph":[{"@type":"WebPage","@id":"https:\/\/ccbs.al\/it\/schweppes\/","url":"https:\/\/ccbs.al\/it\/schweppes\/","name":"Schweppes - CCBS","isPartOf":{"@id":"https:\/\/ccbs.al\/it\/#website"},"primaryImageOfPage":{"@id":"https:\/\/ccbs.al\/it\/schweppes\/#primaryimage"},"image":{"@id":"https:\/\/ccbs.al\/it\/schweppes\/#primaryimage"},"thumbnailUrl":"https:\/\/ccbs.al\/wp-content\/uploads\/2026\/02\/1200x1200px-Schweppes-1024x1024.jpg","datePublished":"2026-02-05T14:55:44+00:00","dateModified":"2026-03-06T13:41:02+00:00","breadcrumb":{"@id":"https:\/\/ccbs.al\/it\/schweppes\/#breadcrumb"},"inLanguage":"it-IT","potentialAction":[{"@type":"ReadAction","target":["https:\/\/ccbs.al\/it\/schweppes\/"]}]},{"@type":"ImageObject","inLanguage":"it-IT","@id":"https:\/\/ccbs.al\/it\/schweppes\/#primaryimage","url":"https:\/\/ccbs.al\/wp-content\/uploads\/2026\/02\/1200x1200px-Schweppes-1024x1024.jpg","contentUrl":"https:\/\/ccbs.al\/wp-content\/uploads\/2026\/02\/1200x1200px-Schweppes-1024x1024.jpg"},{"@type":"BreadcrumbList","@id":"https:\/\/ccbs.al\/it\/schweppes\/#breadcrumb","itemListElement":[{"@type":"ListItem","position":1,"name":"Home","item":"https:\/\/ccbs.al\/it\/"},{"@type":"ListItem","position":2,"name":"Schweppes"}]},{"@type":"WebSite","@id":"https:\/\/ccbs.al\/it\/#website","url":"https:\/\/ccbs.al\/it\/","name":"CCBS","description":"","potentialAction":[{"@type":"SearchAction","target":{"@type":"EntryPoint","urlTemplate":"https:\/\/ccbs.al\/it\/?s={search_term_string}"},"query-input":{"@type":"PropertyValueSpecification","valueRequired":true,"valueName":"search_term_string"}}],"inLanguage":"it-IT"}]}},"_links":{"self":[{"href":"https:\/\/ccbs.al\/it\/wp-json\/wp\/v2\/pages\/30310","targetHints":{"allow":["GET"]}}],"collection":[{"href":"https:\/\/ccbs.al\/it\/wp-json\/wp\/v2\/pages"}],"about":[{"href":"https:\/\/ccbs.al\/it\/wp-json\/wp\/v2\/types\/page"}],"author":[{"embeddable":true,"href":"https:\/\/ccbs.al\/it\/wp-json\/wp\/v2\/users\/1"}],"replies":[{"embeddable":true,"href":"https:\/\/ccbs.al\/it\/wp-json\/wp\/v2\/comments?post=30310"}],"version-history":[{"count":4,"href":"https:\/\/ccbs.al\/it\/wp-json\/wp\/v2\/pages\/30310\/revisions"}],"predecessor-version":[{"id":32911,"href":"https:\/\/ccbs.al\/it\/wp-json\/wp\/v2\/pages\/30310\/revisions\/32911"}],"wp:attachment":[{"href":"https:\/\/ccbs.al\/it\/wp-json\/wp\/v2\/media?parent=30310"}],"curies":[{"name":"wp","href":"https:\/\/api.w.org\/{rel}","templated":true}]}}