{"id":30257,"date":"2026-02-05T15:21:54","date_gmt":"2026-02-05T15:21:54","guid":{"rendered":"https:\/\/ccbs.web-devtesting.xyz\/monster\/"},"modified":"2026-03-06T08:41:15","modified_gmt":"2026-03-06T08:41:15","slug":"monster","status":"publish","type":"page","link":"https:\/\/ccbs.al\/it\/monster\/","title":{"rendered":"Monster"},"content":{"rendered":"\t\t<div data-elementor-type=\"wp-page\" data-elementor-id=\"30257\" class=\"elementor elementor-30257 elementor-26617\" data-elementor-post-type=\"page\">\n\t\t\t\t<div class=\"elementor-element elementor-element-1ae9bbfc e-flex e-con-boxed e-con e-parent\" data-id=\"1ae9bbfc\" data-element_type=\"container\" data-e-type=\"container\" data-settings=\"{&quot;background_background&quot;:&quot;classic&quot;}\">\n\t\t\t\t\t<div class=\"e-con-inner\">\n\t\t\t\t\t<\/div>\n\t\t\t\t<\/div>\n\t\t<div class=\"elementor-element elementor-element-30abca45 e-flex e-con-boxed e-con e-parent\" data-id=\"30abca45\" data-element_type=\"container\" data-e-type=\"container\">\n\t\t\t\t\t<div class=\"e-con-inner\">\n\t\t<div class=\"elementor-element elementor-element-1b016cc8 e-con-full e-flex e-con e-child\" data-id=\"1b016cc8\" data-element_type=\"container\" data-e-type=\"container\">\n\t\t\t\t<div class=\"elementor-element elementor-element-1ffe1930 elementor-widget elementor-widget-heading\" data-id=\"1ffe1930\" data-element_type=\"widget\" data-e-type=\"widget\" data-widget_type=\"heading.default\">\n\t\t\t\t\t<h2 class=\"elementor-heading-title elementor-size-default\">Monster<\/h2>\t\t\t\t<\/div>\n\t\t\t\t<div class=\"elementor-element elementor-element-3377cb85 elementor-widget elementor-widget-heading\" data-id=\"3377cb85\" data-element_type=\"widget\" data-e-type=\"widget\" data-widget_type=\"heading.default\">\n\t\t\t\t\t<h2 class=\"elementor-heading-title elementor-size-default\"><h2>Mostruosamente buono!<span><\/span><\/h2><\/h2>\t\t\t\t<\/div>\n\t\t\t\t<div class=\"elementor-element elementor-element-50847288 elementor-widget__width-initial elementor-widget elementor-widget-text-editor\" data-id=\"50847288\" data-element_type=\"widget\" data-e-type=\"widget\" data-widget_type=\"text-editor.default\">\n\t\t\t\t\t\t\t\t\t<div class=\"col-md-10 col-lg-5 text-center text-sm-start mb-3 mb-sm-0 text-center text-lg-start \"><div class=\"fs-3 mb-4 text-center text-lg-start\">Monster \u00e8 la bevanda energetica analcolica a base di ginseng e caffeina che ti d\u00e0 il brusio di cui hai bisogno in qualsiasi momento della giornata. Disponibile in una variet\u00e0 di gusti, il suo sapore unico lo ha reso una delle bevande energetiche pi\u00f9 popolari al mondo.<\/div><\/div>\t\t\t\t\t\t\t\t<\/div>\n\t\t\t\t<div class=\"elementor-element elementor-element-310f3668 elementor-align-left elementor-mobile-align-center elementor-widget elementor-widget-button\" data-id=\"310f3668\" data-element_type=\"widget\" data-e-type=\"widget\" data-widget_type=\"button.default\">\n\t\t\t\t\t\t\t\t\t\t<a class=\"elementor-button elementor-button-link elementor-size-sm\" href=\"#taste\">\n\t\t\t\t\t\t<span class=\"elementor-button-content-wrapper\">\n\t\t\t\t\t\t<span class=\"elementor-button-icon\">\n\t\t\t\t<svg aria-hidden=\"true\" class=\"e-font-icon-svg e-fas-angle-right\" viewBox=\"0 0 256 512\" xmlns=\"http:\/\/www.w3.org\/2000\/svg\"><path d=\"M224.3 273l-136 136c-9.4 9.4-24.6 9.4-33.9 0l-22.6-22.6c-9.4-9.4-9.4-24.6 0-33.9l96.4-96.4-96.4-96.4c-9.4-9.4-9.4-24.6 0-33.9L54.3 103c9.4-9.4 24.6-9.4 33.9 0l136 136c9.5 9.4 9.5 24.6.1 34z\"><\/path><\/svg>\t\t\t<\/span>\n\t\t\t\t\t\t\t\t\t<span class=\"elementor-button-text\"> SCOPRI I SAPORI <\/span>\n\t\t\t\t\t<\/span>\n\t\t\t\t\t<\/a>\n\t\t\t\t\t\t\t\t<\/div>\n\t\t\t\t<\/div>\n\t\t<div class=\"elementor-element elementor-element-694abab5 e-con-full e-flex e-con e-child\" data-id=\"694abab5\" data-element_type=\"container\" data-e-type=\"container\">\n\t\t\t\t<div class=\"elementor-element elementor-element-6902fea8 elementor-widget elementor-widget-image\" data-id=\"6902fea8\" data-element_type=\"widget\" data-e-type=\"widget\" data-widget_type=\"image.default\">\n\t\t\t\t\t\t\t\t\t\t\t\t\t\t\t<img fetchpriority=\"high\" decoding=\"async\" width=\"800\" height=\"800\" src=\"https:\/\/ccbs.al\/wp-content\/uploads\/2026\/02\/1200x1200px-Monster-1024x1024.jpg\" class=\"attachment-large size-large wp-image-30256\" alt=\"\" srcset=\"https:\/\/ccbs.al\/wp-content\/uploads\/2026\/02\/1200x1200px-Monster-1024x1024.jpg 1024w, https:\/\/ccbs.al\/wp-content\/uploads\/2026\/02\/1200x1200px-Monster-300x300.jpg 300w, https:\/\/ccbs.al\/wp-content\/uploads\/2026\/02\/1200x1200px-Monster-150x150.jpg 150w, https:\/\/ccbs.al\/wp-content\/uploads\/2026\/02\/1200x1200px-Monster-768x768.jpg 768w, https:\/\/ccbs.al\/wp-content\/uploads\/2026\/02\/1200x1200px-Monster.jpg 1200w\" sizes=\"(max-width: 800px) 100vw, 800px\" \/>\t\t\t\t\t\t\t\t\t\t\t\t\t\t\t<\/div>\n\t\t\t\t<\/div>\n\t\t\t\t\t<\/div>\n\t\t\t\t<\/div>\n\t\t<div class=\"elementor-element elementor-element-303e0d87 e-flex e-con-boxed e-con e-parent\" data-id=\"303e0d87\" data-element_type=\"container\" data-e-type=\"container\">\n\t\t\t\t\t<div class=\"e-con-inner\">\n\t\t\t\t<div class=\"elementor-element elementor-element-3971a40c elementor-widget-divider--view-line elementor-widget elementor-widget-divider\" data-id=\"3971a40c\" data-element_type=\"widget\" data-e-type=\"widget\" data-widget_type=\"divider.default\">\n\t\t\t\t\t\t\t<div class=\"elementor-divider\">\n\t\t\t<span class=\"elementor-divider-separator\">\n\t\t\t\t\t\t<\/span>\n\t\t<\/div>\n\t\t\t\t\t\t<\/div>\n\t\t\t\t\t<\/div>\n\t\t\t\t<\/div>\n\t\t<div class=\"elementor-element elementor-element-5da3e519 e-flex e-con-boxed e-con e-parent\" data-id=\"5da3e519\" data-element_type=\"container\" data-e-type=\"container\" id=\"taste\">\n\t\t\t\t\t<div class=\"e-con-inner\">\n\t\t\t\t<div class=\"elementor-element elementor-element-5263da16 elementor-widget elementor-widget-heading\" data-id=\"5263da16\" data-element_type=\"widget\" data-e-type=\"widget\" data-widget_type=\"heading.default\">\n\t\t\t\t\t<h2 class=\"elementor-heading-title elementor-size-default\"><div><div><h3>Scopri i sapori delle bevande energetiche che colpiscono nel segno<span><\/span><\/h3><\/div><\/div><\/h2>\t\t\t\t<\/div>\n\t\t\t\t<div class=\"elementor-element elementor-element-27d8c979 elementor-widget elementor-widget-product_brand_list\" data-id=\"27d8c979\" data-element_type=\"widget\" data-e-type=\"widget\" data-widget_type=\"product_brand_list.default\">\n\t\t\t\t<div class=\"elementor-widget-container\">\n\t\t\t\t\t\r\n        <div class=\"product-brand-grid\">\r\n                            <div class=\"product-brand-card\">\r\n                    <a href=\"https:\/\/ccbs.al\/products\/monster\/monster-energy\/\" class=\"product-img-box\">\r\n                        <img decoding=\"async\" src=\"https:\/\/ccbs.al\/wp-content\/uploads\/2026\/02\/monster-energy-feature-img.png\" alt=\"Product\">\r\n                    <\/a>\r\n                    <h3 class=\"product-title\">Monster Energy<\/h3>\r\n                    <div class=\"product-divider\"><\/div>\r\n                    <a href=\"https:\/\/ccbs.al\/products\/monster\/monster-energy\/\" class=\"product-view-link\">\r\n                        Visualizza <span class=\"arrow\">\u2192<\/span>\r\n                    <\/a>\r\n                <\/div>\r\n                            <div class=\"product-brand-card\">\r\n                    <a href=\"https:\/\/ccbs.al\/products\/monster\/monster-ultra-white\/\" class=\"product-img-box\">\r\n                        <img decoding=\"async\" src=\"https:\/\/ccbs.al\/wp-content\/uploads\/2026\/02\/monster-ultra-white.png\" alt=\"Product\">\r\n                    <\/a>\r\n                    <h3 class=\"product-title\">Monster Ultra White<\/h3>\r\n                    <div class=\"product-divider\"><\/div>\r\n                    <a href=\"https:\/\/ccbs.al\/products\/monster\/monster-ultra-white\/\" class=\"product-view-link\">\r\n                        Visualizza <span class=\"arrow\">\u2192<\/span>\r\n                    <\/a>\r\n                <\/div>\r\n                            <div class=\"product-brand-card\">\r\n                    <a href=\"https:\/\/ccbs.al\/products\/monster\/monster-full-throttle-zero\/\" class=\"product-img-box\">\r\n                        <img decoding=\"async\" src=\"https:\/\/ccbs.al\/wp-content\/uploads\/2026\/02\/full-throttle.png\" alt=\"Product\">\r\n                    <\/a>\r\n                    <h3 class=\"product-title\">Monster Full Throttle Zero<\/h3>\r\n                    <div class=\"product-divider\"><\/div>\r\n                    <a href=\"https:\/\/ccbs.al\/products\/monster\/monster-full-throttle-zero\/\" class=\"product-view-link\">\r\n                        Visualizza <span class=\"arrow\">\u2192<\/span>\r\n                    <\/a>\r\n                <\/div>\r\n                            <div class=\"product-brand-card\">\r\n                    <a href=\"https:\/\/ccbs.al\/products\/monster\/monster-mango-loco\/\" class=\"product-img-box\">\r\n                        <img decoding=\"async\" src=\"https:\/\/ccbs.al\/wp-content\/uploads\/2026\/02\/monster-mango-loco.png\" alt=\"Product\">\r\n                    <\/a>\r\n                    <h3 class=\"product-title\">Monster Mango Loco<\/h3>\r\n                    <div class=\"product-divider\"><\/div>\r\n                    <a href=\"https:\/\/ccbs.al\/products\/monster\/monster-mango-loco\/\" class=\"product-view-link\">\r\n                        Visualizza <span class=\"arrow\">\u2192<\/span>\r\n                    <\/a>\r\n                <\/div>\r\n                    <\/div>\r\n        \t\t\t\t<\/div>\n\t\t\t\t<\/div>\n\t\t\t\t\t<\/div>\n\t\t\t\t<\/div>\n\t\t<div class=\"elementor-element elementor-element-7b277e4e e-flex e-con-boxed e-con e-parent\" data-id=\"7b277e4e\" data-element_type=\"container\" data-e-type=\"container\">\n\t\t\t\t\t<div class=\"e-con-inner\">\n\t\t\t\t<div class=\"elementor-element elementor-element-127aabd7 elementor-widget elementor-widget-shortcode\" data-id=\"127aabd7\" data-element_type=\"widget\" data-e-type=\"widget\" data-widget_type=\"shortcode.default\">\n\t\t\t\t\t\t\t<div class=\"elementor-shortcode\">\t\t<div data-elementor-type=\"section\" data-elementor-id=\"32022\" class=\"elementor elementor-32022 elementor-628\" data-elementor-post-type=\"elementor_library\">\n\t\t\t<div class=\"elementor-element elementor-element-28592c1 e-flex e-con-boxed e-con e-parent\" data-id=\"28592c1\" data-element_type=\"container\" data-e-type=\"container\">\n\t\t\t\t\t<div class=\"e-con-inner\">\n\t\t\t\t<div class=\"elementor-element elementor-element-1d759c6 elementor-widget elementor-widget-brands_slider\" data-id=\"1d759c6\" data-element_type=\"widget\" data-e-type=\"widget\" data-widget_type=\"brands_slider.default\">\n\t\t\t\t<div class=\"elementor-widget-container\">\n\t\t\t\t\t\r\n        <div class=\"brands-container\">\r\n            <div class=\"brands-header\">\r\n                <h2 class=\"brands-title\">I NOSTRI MARCHI<\/h2>\r\n                <div class=\"brands-navigation\">\r\n                    <div class=\"swiper-button-prev-custom\" id=\"prev-brands-slider-1d759c6\">\r\n                        <i class=\"fa fa-angle-left\"><\/i>\r\n                    <\/div>\r\n                    <div class=\"swiper-button-next-custom\" id=\"next-brands-slider-1d759c6\">\r\n                        <i class=\"fa fa-angle-right\"><\/i>\r\n                    <\/div>\r\n                <\/div>\r\n            <\/div>\r\n\r\n            <div class=\"brands-slider-wrapper\">\r\n                <div class=\"swiper\" id=\"brands-slider-1d759c6\"\r\n                     data-desktop=\"6\"\r\n                     data-tablet=\"3\"\r\n                     data-mobile=\"2\"\r\n                     data-space=\"40\">\r\n\r\n                    <div class=\"swiper-wrapper\">\r\n                                                    <div class=\"swiper-slide\">\r\n                                <a href=\"https:\/\/ccbs.al\/products\/coca-cola\/\">\r\n                                <img decoding=\"async\" src=\"https:\/\/ccbs.al\/wp-content\/uploads\/2026\/01\/Artboard-1-copy-3.png\" \r\n                                    alt=\"Coca Cola\">\r\n\r\n                                <\/a>                            <\/div>\r\n                                                    <div class=\"swiper-slide\">\r\n                                <a href=\"https:\/\/ccbs.al\/products\/coca-cola\/coca-cola-zero-sugar\/\">\r\n                                <img decoding=\"async\" src=\"https:\/\/ccbs.al\/wp-content\/uploads\/2026\/01\/Artboard-1-copy-4.png\" \r\n                                    alt=\"Coca Cola Zero\">\r\n\r\n                                <\/a>                            <\/div>\r\n                                                    <div class=\"swiper-slide\">\r\n                                <a href=\"https:\/\/ccbs.al\/products\/fanta\/\">\r\n                                <img decoding=\"async\" src=\"https:\/\/ccbs.al\/wp-content\/uploads\/2026\/01\/Artboard-1-copy-8.png\" \r\n                                    alt=\"Fanta\">\r\n\r\n                                <\/a>                            <\/div>\r\n                                                    <div class=\"swiper-slide\">\r\n                                <a href=\"https:\/\/ccbs.al\/products\/sprite\/\">\r\n                                <img decoding=\"async\" src=\"https:\/\/ccbs.al\/wp-content\/uploads\/2026\/01\/Artboard-1.png\" \r\n                                    alt=\"Sprite\">\r\n\r\n                                <\/a>                            <\/div>\r\n                                                    <div class=\"swiper-slide\">\r\n                                <a href=\"https:\/\/ccbs.al\/products\/schweppes\/\">\r\n                                <img decoding=\"async\" src=\"https:\/\/ccbs.al\/wp-content\/uploads\/2026\/01\/Artboard-1-copy.png\" \r\n                                    alt=\"Schweppes\">\r\n\r\n                                <\/a>                            <\/div>\r\n                                                    <div class=\"swiper-slide\">\r\n                                <a href=\"https:\/\/ccbs.al\/products\/powerade\/\">\r\n                                <img decoding=\"async\" src=\"https:\/\/ccbs.al\/wp-content\/uploads\/2026\/01\/Artboard-1-copy-5.png\" \r\n                                    alt=\"Power Ade\">\r\n\r\n                                <\/a>                            <\/div>\r\n                                                    <div class=\"swiper-slide\">\r\n                                <a href=\"https:\/\/ccbs.al\/products\/monster\/\">\r\n                                <img decoding=\"async\" src=\"https:\/\/ccbs.al\/wp-content\/uploads\/2026\/01\/Artboard-1-copy-9.png\" \r\n                                    alt=\"Monster\">\r\n\r\n                                <\/a>                            <\/div>\r\n                                                    <div class=\"swiper-slide\">\r\n                                <a href=\"https:\/\/ccbs.al\/products\/tomarchio\/\">\r\n                                <img decoding=\"async\" src=\"https:\/\/ccbs.al\/wp-content\/uploads\/2026\/01\/Artboard-1-copy-6.png\" \r\n                                    alt=\"Tomarchio\">\r\n\r\n                                <\/a>                            <\/div>\r\n                                                    <div class=\"swiper-slide\">\r\n                                <a href=\"https:\/\/ccbs.al\/products\/tepelene\/\">\r\n                                <img decoding=\"async\" src=\"https:\/\/ccbs.al\/wp-content\/uploads\/2026\/01\/Artboard-1-copy-7.png\" \r\n                                    alt=\"Tepelene\">\r\n\r\n                                <\/a>                            <\/div>\r\n                                                    <div class=\"swiper-slide\">\r\n                                <a href=\"#\">\r\n                                <img decoding=\"async\" src=\"https:\/\/ccbs.al\/wp-content\/uploads\/2026\/01\/Artboard-1-copy-2.png\" \r\n                                    alt=\"Cipriani\">\r\n\r\n                                <\/a>                            <\/div>\r\n                                            <\/div>\r\n                <\/div>\r\n            <\/div>\r\n        <\/div>\r\n\r\n        <script>\r\n            jQuery(document).ready(function ($) {\r\n\r\n            var initSlider = function () {\r\n                var $scope = $('#brands-slider-1d759c6');\r\n\r\n                if (typeof Swiper === 'undefined' || !$scope.length) return;\r\n\r\n                new Swiper($scope[0], {\r\n                    loop: true,\r\n                    slidesPerView: 3,\r\n                    spaceBetween: 20,\r\n                    navigation: {\r\n                        nextEl: '#next-brands-slider-1d759c6',\r\n                        prevEl: '#prev-brands-slider-1d759c6',\r\n                    },\r\n                    breakpoints: {\r\n                        768: { slidesPerView: 4, spaceBetween: 30 },\r\n                        1024: { slidesPerView: 8, spaceBetween: 40 }\r\n                    }\r\n                });\r\n            };\r\n\r\n            \/\/ Run on normal frontend load\r\n            initSlider();\r\n\r\n            \/\/ Elementor editor support (SAFE)\r\n            if (window.elementorFrontend) {\r\n                elementorFrontend.on('components:init', function () {\r\n                    elementorFrontend.hooks.addAction(\r\n                        'frontend\/element_ready\/brands_slider.default',\r\n                        initSlider\r\n                    );\r\n                });\r\n            }\r\n\r\n            });\r\n        <\/script>\r\n        \t\t\t\t<\/div>\n\t\t\t\t<\/div>\n\t\t\t\t\t<\/div>\n\t\t\t\t<\/div>\n\t\t\t\t<\/div>\n\t\t<\/div>\n\t\t\t\t\t\t<\/div>\n\t\t\t\t\t<\/div>\n\t\t\t\t<\/div>\n\t\t\t\t<\/div>\n\t\t","protected":false},"excerpt":{"rendered":"<p> [&hellip;]<\/p>\n","protected":false},"author":1,"featured_media":0,"parent":0,"menu_order":0,"comment_status":"closed","ping_status":"closed","template":"elementor_header_footer","meta":{"_acf_changed":false,"inline_featured_image":false,"footnotes":""},"class_list":["post-30257","page","type-page","status-publish","hentry"],"acf":[],"yoast_head":"<!-- This site is optimized with the Yoast SEO plugin v27.0 - https:\/\/yoast.com\/product\/yoast-seo-wordpress\/ -->\n<title>Monster - CCBS<\/title>\n<meta name=\"robots\" content=\"index, follow, max-snippet:-1, max-image-preview:large, max-video-preview:-1\" \/>\n<link rel=\"canonical\" href=\"https:\/\/ccbs.al\/it\/monster\/\" \/>\n<meta property=\"og:locale\" content=\"it_IT\" \/>\n<meta property=\"og:type\" content=\"article\" \/>\n<meta property=\"og:title\" content=\"Monster - CCBS\" \/>\n<meta property=\"og:description\" content=\"[&hellip;]\" \/>\n<meta property=\"og:url\" content=\"https:\/\/ccbs.al\/it\/monster\/\" \/>\n<meta property=\"og:site_name\" content=\"CCBS\" \/>\n<meta property=\"article:modified_time\" content=\"2026-03-06T08:41:15+00:00\" \/>\n<meta property=\"og:image\" content=\"https:\/\/ccbs.al\/wp-content\/uploads\/2026\/02\/1200x1200px-Monster.jpg\" \/>\n\t<meta property=\"og:image:width\" content=\"1200\" \/>\n\t<meta property=\"og:image:height\" content=\"1200\" \/>\n\t<meta property=\"og:image:type\" content=\"image\/jpeg\" \/>\n<meta name=\"twitter:card\" content=\"summary_large_image\" \/>\n<script type=\"application\/ld+json\" class=\"yoast-schema-graph\">{\"@context\":\"https:\/\/schema.org\",\"@graph\":[{\"@type\":\"WebPage\",\"@id\":\"https:\/\/ccbs.al\/it\/monster\/\",\"url\":\"https:\/\/ccbs.al\/it\/monster\/\",\"name\":\"Monster - CCBS\",\"isPartOf\":{\"@id\":\"https:\/\/ccbs.al\/it\/#website\"},\"primaryImageOfPage\":{\"@id\":\"https:\/\/ccbs.al\/it\/monster\/#primaryimage\"},\"image\":{\"@id\":\"https:\/\/ccbs.al\/it\/monster\/#primaryimage\"},\"thumbnailUrl\":\"https:\/\/ccbs.al\/wp-content\/uploads\/2026\/02\/1200x1200px-Monster-1024x1024.jpg\",\"datePublished\":\"2026-02-05T15:21:54+00:00\",\"dateModified\":\"2026-03-06T08:41:15+00:00\",\"breadcrumb\":{\"@id\":\"https:\/\/ccbs.al\/it\/monster\/#breadcrumb\"},\"inLanguage\":\"it-IT\",\"potentialAction\":[{\"@type\":\"ReadAction\",\"target\":[\"https:\/\/ccbs.al\/it\/monster\/\"]}]},{\"@type\":\"ImageObject\",\"inLanguage\":\"it-IT\",\"@id\":\"https:\/\/ccbs.al\/it\/monster\/#primaryimage\",\"url\":\"https:\/\/ccbs.al\/wp-content\/uploads\/2026\/02\/1200x1200px-Monster-1024x1024.jpg\",\"contentUrl\":\"https:\/\/ccbs.al\/wp-content\/uploads\/2026\/02\/1200x1200px-Monster-1024x1024.jpg\"},{\"@type\":\"BreadcrumbList\",\"@id\":\"https:\/\/ccbs.al\/it\/monster\/#breadcrumb\",\"itemListElement\":[{\"@type\":\"ListItem\",\"position\":1,\"name\":\"Home\",\"item\":\"https:\/\/ccbs.al\/it\/\"},{\"@type\":\"ListItem\",\"position\":2,\"name\":\"Monster\"}]},{\"@type\":\"WebSite\",\"@id\":\"https:\/\/ccbs.al\/it\/#website\",\"url\":\"https:\/\/ccbs.al\/it\/\",\"name\":\"CCBS\",\"description\":\"\",\"potentialAction\":[{\"@type\":\"SearchAction\",\"target\":{\"@type\":\"EntryPoint\",\"urlTemplate\":\"https:\/\/ccbs.al\/it\/?s={search_term_string}\"},\"query-input\":{\"@type\":\"PropertyValueSpecification\",\"valueRequired\":true,\"valueName\":\"search_term_string\"}}],\"inLanguage\":\"it-IT\"}]}<\/script>\n<!-- \/ Yoast SEO plugin. -->","yoast_head_json":{"title":"Monster - CCBS","robots":{"index":"index","follow":"follow","max-snippet":"max-snippet:-1","max-image-preview":"max-image-preview:large","max-video-preview":"max-video-preview:-1"},"canonical":"https:\/\/ccbs.al\/it\/monster\/","og_locale":"it_IT","og_type":"article","og_title":"Monster - CCBS","og_description":"[&hellip;]","og_url":"https:\/\/ccbs.al\/it\/monster\/","og_site_name":"CCBS","article_modified_time":"2026-03-06T08:41:15+00:00","og_image":[{"width":1200,"height":1200,"url":"https:\/\/ccbs.al\/wp-content\/uploads\/2026\/02\/1200x1200px-Monster.jpg","type":"image\/jpeg"}],"twitter_card":"summary_large_image","schema":{"@context":"https:\/\/schema.org","@graph":[{"@type":"WebPage","@id":"https:\/\/ccbs.al\/it\/monster\/","url":"https:\/\/ccbs.al\/it\/monster\/","name":"Monster - CCBS","isPartOf":{"@id":"https:\/\/ccbs.al\/it\/#website"},"primaryImageOfPage":{"@id":"https:\/\/ccbs.al\/it\/monster\/#primaryimage"},"image":{"@id":"https:\/\/ccbs.al\/it\/monster\/#primaryimage"},"thumbnailUrl":"https:\/\/ccbs.al\/wp-content\/uploads\/2026\/02\/1200x1200px-Monster-1024x1024.jpg","datePublished":"2026-02-05T15:21:54+00:00","dateModified":"2026-03-06T08:41:15+00:00","breadcrumb":{"@id":"https:\/\/ccbs.al\/it\/monster\/#breadcrumb"},"inLanguage":"it-IT","potentialAction":[{"@type":"ReadAction","target":["https:\/\/ccbs.al\/it\/monster\/"]}]},{"@type":"ImageObject","inLanguage":"it-IT","@id":"https:\/\/ccbs.al\/it\/monster\/#primaryimage","url":"https:\/\/ccbs.al\/wp-content\/uploads\/2026\/02\/1200x1200px-Monster-1024x1024.jpg","contentUrl":"https:\/\/ccbs.al\/wp-content\/uploads\/2026\/02\/1200x1200px-Monster-1024x1024.jpg"},{"@type":"BreadcrumbList","@id":"https:\/\/ccbs.al\/it\/monster\/#breadcrumb","itemListElement":[{"@type":"ListItem","position":1,"name":"Home","item":"https:\/\/ccbs.al\/it\/"},{"@type":"ListItem","position":2,"name":"Monster"}]},{"@type":"WebSite","@id":"https:\/\/ccbs.al\/it\/#website","url":"https:\/\/ccbs.al\/it\/","name":"CCBS","description":"","potentialAction":[{"@type":"SearchAction","target":{"@type":"EntryPoint","urlTemplate":"https:\/\/ccbs.al\/it\/?s={search_term_string}"},"query-input":{"@type":"PropertyValueSpecification","valueRequired":true,"valueName":"search_term_string"}}],"inLanguage":"it-IT"}]}},"_links":{"self":[{"href":"https:\/\/ccbs.al\/it\/wp-json\/wp\/v2\/pages\/30257","targetHints":{"allow":["GET"]}}],"collection":[{"href":"https:\/\/ccbs.al\/it\/wp-json\/wp\/v2\/pages"}],"about":[{"href":"https:\/\/ccbs.al\/it\/wp-json\/wp\/v2\/types\/page"}],"author":[{"embeddable":true,"href":"https:\/\/ccbs.al\/it\/wp-json\/wp\/v2\/users\/1"}],"replies":[{"embeddable":true,"href":"https:\/\/ccbs.al\/it\/wp-json\/wp\/v2\/comments?post=30257"}],"version-history":[{"count":5,"href":"https:\/\/ccbs.al\/it\/wp-json\/wp\/v2\/pages\/30257\/revisions"}],"predecessor-version":[{"id":32661,"href":"https:\/\/ccbs.al\/it\/wp-json\/wp\/v2\/pages\/30257\/revisions\/32661"}],"wp:attachment":[{"href":"https:\/\/ccbs.al\/it\/wp-json\/wp\/v2\/media?parent=30257"}],"curies":[{"name":"wp","href":"https:\/\/api.w.org\/{rel}","templated":true}]}}