{"id":30049,"date":"2026-01-19T16:09:10","date_gmt":"2026-01-19T16:09:10","guid":{"rendered":"https:\/\/ccbs.web-devtesting.xyz\/produzione\/"},"modified":"2026-03-05T14:44:48","modified_gmt":"2026-03-05T14:44:48","slug":"produzione","status":"publish","type":"page","link":"https:\/\/ccbs.al\/it\/produzione\/","title":{"rendered":"Produzione"},"content":{"rendered":"\t\t<div data-elementor-type=\"wp-page\" data-elementor-id=\"30049\" class=\"elementor elementor-30049 elementor-579\" data-elementor-post-type=\"page\">\n\t\t\t\t<div class=\"elementor-element elementor-element-2f97f09 wavy-shape image-bg e-flex e-con-boxed e-con e-parent\" data-id=\"2f97f09\" data-element_type=\"container\" data-e-type=\"container\">\n\t\t\t\t\t<div class=\"e-con-inner\">\n\t\t\t\t\t<\/div>\n\t\t\t\t<\/div>\n\t\t<div class=\"elementor-element elementor-element-43fcb64 e-flex e-con-boxed e-con e-parent\" data-id=\"43fcb64\" data-element_type=\"container\" data-e-type=\"container\">\n\t\t\t\t\t<div class=\"e-con-inner\">\n\t\t<div class=\"elementor-element elementor-element-a018744 e-con-full e-flex e-con e-child\" data-id=\"a018744\" data-element_type=\"container\" data-e-type=\"container\">\n\t\t\t\t<div class=\"elementor-element elementor-element-0ca82e0 elementor-widget__width-initial elementor-widget elementor-widget-text-editor\" data-id=\"0ca82e0\" data-element_type=\"widget\" data-e-type=\"widget\" data-widget_type=\"text-editor.default\">\n\t\t\t\t\t\t\t\t\t<p>CCBS \u00e8 una societ\u00e0 con sede a Kashar, in Albania, a circa 5 km dalla capitale, Tirana. <\/p><p>CCBS ha ampliato il proprio portafoglio di prodotti introducendo nuove linee di produzione al 100% rPet, gli standard in altri investimenti assicurano la qualit\u00e0. CCBS ha inoltre ampliato il proprio portafoglio con prodotti come Uji i Ftoht\u00eb Tepelen\u00eb, Monster, Cipriani e Tomarchio.<\/p>\t\t\t\t\t\t\t\t<\/div>\n\t\t\t\t<\/div>\n\t\t\t\t\t<\/div>\n\t\t\t\t<\/div>\n\t\t<div class=\"elementor-element elementor-element-a825a98 e-flex e-con-boxed e-con e-parent\" data-id=\"a825a98\" data-element_type=\"container\" data-e-type=\"container\">\n\t\t\t\t\t<div class=\"e-con-inner\">\n\t\t<div class=\"elementor-element elementor-element-59f2112 e-con-full e-flex e-con e-child\" data-id=\"59f2112\" data-element_type=\"container\" data-e-type=\"container\">\n\t\t\t\t<div class=\"elementor-element elementor-element-5559c3c elementor-widget elementor-widget-heading\" data-id=\"5559c3c\" data-element_type=\"widget\" data-e-type=\"widget\" data-widget_type=\"heading.default\">\n\t\t\t\t\t<h2 class=\"elementor-heading-title elementor-size-default\">4 LINEE DI PRODUZIONE<\/h2>\t\t\t\t<\/div>\n\t\t\t\t<div class=\"elementor-element elementor-element-af89bb7 elementor-widget__width-initial elementor-widget elementor-widget-text-editor\" data-id=\"af89bb7\" data-element_type=\"widget\" data-e-type=\"widget\" data-widget_type=\"text-editor.default\">\n\t\t\t\t\t\t\t\t\t<p>L&#8217;impianto offre soluzioni tecnologiche innovative per garantire il mantenimento degli standard qualitativi richiesti da Coca-Cola in tutto il mondo. <\/p>\t\t\t\t\t\t\t\t<\/div>\n\t\t\t\t<\/div>\n\t\t<div class=\"elementor-element elementor-element-d0af8a4 e-con-full e-flex e-con e-child\" data-id=\"d0af8a4\" data-element_type=\"container\" data-e-type=\"container\">\n\t\t\t\t<div class=\"elementor-element elementor-element-d38af0d elementor-widget elementor-widget-image\" data-id=\"d38af0d\" data-element_type=\"widget\" data-e-type=\"widget\" data-widget_type=\"image.default\">\n\t\t\t\t\t\t\t\t\t\t\t\t\t\t\t<img fetchpriority=\"high\" decoding=\"async\" width=\"1274\" height=\"1080\" src=\"https:\/\/ccbs.al\/wp-content\/uploads\/2026\/01\/sibeg_produzione_img1b@2x.jpg\" class=\"attachment-full size-full wp-image-30042\" alt=\"\" srcset=\"https:\/\/ccbs.al\/wp-content\/uploads\/2026\/01\/sibeg_produzione_img1b@2x.jpg 1274w, https:\/\/ccbs.al\/wp-content\/uploads\/2026\/01\/sibeg_produzione_img1b@2x-300x254.jpg 300w, https:\/\/ccbs.al\/wp-content\/uploads\/2026\/01\/sibeg_produzione_img1b@2x-1024x868.jpg 1024w, https:\/\/ccbs.al\/wp-content\/uploads\/2026\/01\/sibeg_produzione_img1b@2x-768x651.jpg 768w\" sizes=\"(max-width: 1274px) 100vw, 1274px\" \/>\t\t\t\t\t\t\t\t\t\t\t\t\t\t\t<\/div>\n\t\t\t\t<\/div>\n\t\t\t\t\t<\/div>\n\t\t\t\t<\/div>\n\t\t<div class=\"elementor-element elementor-element-dabeace gallery-grid-three e-flex e-con-boxed e-con e-parent\" data-id=\"dabeace\" data-element_type=\"container\" data-e-type=\"container\">\n\t\t\t\t\t<div class=\"e-con-inner\">\n\t\t\t\t<div class=\"elementor-element elementor-element-a1b95cc elementor-widget__width-inherit elementor-widget elementor-widget-image-gallery\" data-id=\"a1b95cc\" data-element_type=\"widget\" data-e-type=\"widget\" data-widget_type=\"image-gallery.default\">\n\t\t\t\t\t\t\t<div class=\"elementor-image-gallery\">\n\t\t\t<div id='gallery-1' class='gallery galleryid-30049 gallery-columns-3 gallery-size-full'><figure class='gallery-item'>\n\t\t\t<div class='gallery-icon landscape'>\n\t\t\t\t<a data-elementor-open-lightbox=\"yes\" data-elementor-lightbox-slideshow=\"a1b95cc\" data-elementor-lightbox-title=\"prodhimi-1\" data-e-action-hash=\"#elementor-action%3Aaction%3Dlightbox%26settings%3DeyJpZCI6MzAwNDMsInVybCI6Imh0dHBzOlwvXC9jY2JzLmFsXC93cC1jb250ZW50XC91cGxvYWRzXC8yMDI2XC8wMlwvcHJvZGhpbWktMS1zY2FsZWQucG5nIiwic2xpZGVzaG93IjoiYTFiOTVjYyJ9\" href='https:\/\/ccbs.al\/wp-content\/uploads\/2026\/02\/prodhimi-1-scaled.png'><img decoding=\"async\" width=\"2560\" height=\"1422\" src=\"https:\/\/ccbs.al\/wp-content\/uploads\/2026\/02\/prodhimi-1-scaled.png\" class=\"attachment-full size-full\" alt=\"\" srcset=\"https:\/\/ccbs.al\/wp-content\/uploads\/2026\/02\/prodhimi-1-scaled.png 2560w, https:\/\/ccbs.al\/wp-content\/uploads\/2026\/02\/prodhimi-1-300x167.png 300w, https:\/\/ccbs.al\/wp-content\/uploads\/2026\/02\/prodhimi-1-1024x569.png 1024w, https:\/\/ccbs.al\/wp-content\/uploads\/2026\/02\/prodhimi-1-768x426.png 768w, https:\/\/ccbs.al\/wp-content\/uploads\/2026\/02\/prodhimi-1-1536x853.png 1536w, https:\/\/ccbs.al\/wp-content\/uploads\/2026\/02\/prodhimi-1-2048x1137.png 2048w\" sizes=\"(max-width: 2560px) 100vw, 2560px\" \/><\/a>\n\t\t\t<\/div><\/figure><figure class='gallery-item'>\n\t\t\t<div class='gallery-icon landscape'>\n\t\t\t\t<a data-elementor-open-lightbox=\"yes\" data-elementor-lightbox-slideshow=\"a1b95cc\" data-elementor-lightbox-title=\"prodhimi-2\" data-e-action-hash=\"#elementor-action%3Aaction%3Dlightbox%26settings%3DeyJpZCI6MzAwNDQsInVybCI6Imh0dHBzOlwvXC9jY2JzLmFsXC93cC1jb250ZW50XC91cGxvYWRzXC8yMDI2XC8wMlwvcHJvZGhpbWktMi5qcGciLCJzbGlkZXNob3ciOiJhMWI5NWNjIn0%3D\" href='https:\/\/ccbs.al\/wp-content\/uploads\/2026\/02\/prodhimi-2.jpg'><img decoding=\"async\" width=\"800\" height=\"454\" src=\"https:\/\/ccbs.al\/wp-content\/uploads\/2026\/02\/prodhimi-2.jpg\" class=\"attachment-full size-full\" alt=\"\" srcset=\"https:\/\/ccbs.al\/wp-content\/uploads\/2026\/02\/prodhimi-2.jpg 800w, https:\/\/ccbs.al\/wp-content\/uploads\/2026\/02\/prodhimi-2-300x170.jpg 300w, https:\/\/ccbs.al\/wp-content\/uploads\/2026\/02\/prodhimi-2-768x436.jpg 768w\" sizes=\"(max-width: 800px) 100vw, 800px\" \/><\/a>\n\t\t\t<\/div><\/figure><figure class='gallery-item'>\n\t\t\t<div class='gallery-icon landscape'>\n\t\t\t\t<a data-elementor-open-lightbox=\"yes\" data-elementor-lightbox-slideshow=\"a1b95cc\" data-elementor-lightbox-title=\"prodhimi-3\" data-e-action-hash=\"#elementor-action%3Aaction%3Dlightbox%26settings%3DeyJpZCI6MzAwNDUsInVybCI6Imh0dHBzOlwvXC9jY2JzLmFsXC93cC1jb250ZW50XC91cGxvYWRzXC8yMDI2XC8wMlwvcHJvZGhpbWktMy5qcGciLCJzbGlkZXNob3ciOiJhMWI5NWNjIn0%3D\" href='https:\/\/ccbs.al\/wp-content\/uploads\/2026\/02\/prodhimi-3.jpg'><img loading=\"lazy\" decoding=\"async\" width=\"800\" height=\"378\" src=\"https:\/\/ccbs.al\/wp-content\/uploads\/2026\/02\/prodhimi-3.jpg\" class=\"attachment-full size-full\" alt=\"\" srcset=\"https:\/\/ccbs.al\/wp-content\/uploads\/2026\/02\/prodhimi-3.jpg 800w, https:\/\/ccbs.al\/wp-content\/uploads\/2026\/02\/prodhimi-3-300x142.jpg 300w, https:\/\/ccbs.al\/wp-content\/uploads\/2026\/02\/prodhimi-3-768x363.jpg 768w\" sizes=\"(max-width: 800px) 100vw, 800px\" \/><\/a>\n\t\t\t<\/div><\/figure>\n\t\t<\/div>\n\t\t<\/div>\n\t\t\t\t\t\t<\/div>\n\t\t\t\t\t<\/div>\n\t\t\t\t<\/div>\n\t\t<div class=\"elementor-element elementor-element-7cce713 e-flex e-con-boxed e-con e-parent\" data-id=\"7cce713\" data-element_type=\"container\" data-e-type=\"container\" data-settings=\"{&quot;background_background&quot;:&quot;classic&quot;}\">\n\t\t\t\t\t<div class=\"e-con-inner\">\n\t\t<div class=\"elementor-element elementor-element-768bf7b e-con-full e-flex e-con e-child\" data-id=\"768bf7b\" data-element_type=\"container\" data-e-type=\"container\" data-settings=\"{&quot;background_background&quot;:&quot;classic&quot;}\">\n\t\t\t\t<div class=\"elementor-element elementor-element-e883391 elementor-widget elementor-widget-heading\" data-id=\"e883391\" data-element_type=\"widget\" data-e-type=\"widget\" data-widget_type=\"heading.default\">\n\t\t\t\t\t<h2 class=\"elementor-heading-title elementor-size-default\">LOCALE E SOSTENIBILE\n<\/h2>\t\t\t\t<\/div>\n\t\t\t\t<div class=\"elementor-element elementor-element-1db1f27 elementor-widget__width-initial elementor-widget elementor-widget-text-editor\" data-id=\"1db1f27\" data-element_type=\"widget\" data-e-type=\"widget\" data-widget_type=\"text-editor.default\">\n\t\t\t\t\t\t\t\t\t<p>CCBS si impegna a ridurre il consumo di acqua per litro di bevanda prodotta attraverso continui miglioramenti dell&#8217;efficienza e ottimizzazione operativa. Obiettivo: riduzione significativa dell&#8217;intensit\u00e0 di utilizzo dell&#8217;acqua entro il 2030.<\/p>\t\t\t\t\t\t\t\t<\/div>\n\t\t<div class=\"elementor-element elementor-element-2cc5318 e-con-full e-flex e-con e-child\" data-id=\"2cc5318\" data-element_type=\"container\" data-e-type=\"container\">\n\t\t<div class=\"elementor-element elementor-element-17b5052 e-con-full e-flex e-con e-child\" data-id=\"17b5052\" data-element_type=\"container\" data-e-type=\"container\">\n\t\t\t\t<div class=\"elementor-element elementor-element-193c6ed elementor-widget elementor-widget-image\" data-id=\"193c6ed\" data-element_type=\"widget\" data-e-type=\"widget\" data-widget_type=\"image.default\">\n\t\t\t\t\t\t\t\t\t\t\t\t\t\t\t<img loading=\"lazy\" decoding=\"async\" width=\"180\" height=\"180\" src=\"https:\/\/ccbs.al\/wp-content\/uploads\/2026\/01\/acqua.svg\" class=\"attachment-full size-full wp-image-30046\" alt=\"\" \/>\t\t\t\t\t\t\t\t\t\t\t\t\t\t\t<\/div>\n\t\t\t\t<div class=\"elementor-element elementor-element-e1badcd elementor-widget elementor-widget-heading\" data-id=\"e1badcd\" data-element_type=\"widget\" data-e-type=\"widget\" data-widget_type=\"heading.default\">\n\t\t\t\t\t<h2 class=\"elementor-heading-title elementor-size-default\">ACQUA 100% ALBANESE\n<\/h2>\t\t\t\t<\/div>\n\t\t\t\t<\/div>\n\t\t<div class=\"elementor-element elementor-element-b49bd15 e-con-full e-flex e-con e-child\" data-id=\"b49bd15\" data-element_type=\"container\" data-e-type=\"container\">\n\t\t\t\t<div class=\"elementor-element elementor-element-4ec3860 elementor-widget elementor-widget-image\" data-id=\"4ec3860\" data-element_type=\"widget\" data-e-type=\"widget\" data-widget_type=\"image.default\">\n\t\t\t\t\t\t\t\t\t\t\t\t\t\t\t<img loading=\"lazy\" decoding=\"async\" width=\"180\" height=\"180\" src=\"https:\/\/ccbs.al\/wp-content\/uploads\/2026\/01\/energia.svg\" class=\"attachment-full size-full wp-image-30047\" alt=\"\" \/>\t\t\t\t\t\t\t\t\t\t\t\t\t\t\t<\/div>\n\t\t\t\t<div class=\"elementor-element elementor-element-5f75917 elementor-widget elementor-widget-heading\" data-id=\"5f75917\" data-element_type=\"widget\" data-e-type=\"widget\" data-widget_type=\"heading.default\">\n\t\t\t\t\t<h2 class=\"elementor-heading-title elementor-size-default\">ENERGIA DA FONTI RINNOVABILI*<\/h2>\t\t\t\t<\/div>\n\t\t\t\t<\/div>\n\t\t<div class=\"elementor-element elementor-element-c76c84f e-con-full e-flex e-con e-child\" data-id=\"c76c84f\" data-element_type=\"container\" data-e-type=\"container\">\n\t\t\t\t<div class=\"elementor-element elementor-element-e692664 elementor-align-left elementor-mobile-align-center elementor-widget elementor-widget-button\" data-id=\"e692664\" data-element_type=\"widget\" data-e-type=\"widget\" data-widget_type=\"button.default\">\n\t\t\t\t\t\t\t\t\t\t<a class=\"elementor-button elementor-button-link elementor-size-sm\" href=\"https:\/\/ccbs.al\/it\/sostenibilita\/\">\n\t\t\t\t\t\t<span class=\"elementor-button-content-wrapper\">\n\t\t\t\t\t\t<span class=\"elementor-button-icon\">\n\t\t\t\t<svg aria-hidden=\"true\" class=\"e-font-icon-svg e-fas-angle-right\" viewBox=\"0 0 256 512\" xmlns=\"http:\/\/www.w3.org\/2000\/svg\"><path d=\"M224.3 273l-136 136c-9.4 9.4-24.6 9.4-33.9 0l-22.6-22.6c-9.4-9.4-9.4-24.6 0-33.9l96.4-96.4-96.4-96.4c-9.4-9.4-9.4-24.6 0-33.9L54.3 103c9.4-9.4 24.6-9.4 33.9 0l136 136c9.5 9.4 9.5 24.6.1 34z\"><\/path><\/svg>\t\t\t<\/span>\n\t\t\t\t\t\t\t\t\t<span class=\"elementor-button-text\">SCOPRI DI PI\u00d9<\/span>\n\t\t\t\t\t<\/span>\n\t\t\t\t\t<\/a>\n\t\t\t\t\t\t\t\t<\/div>\n\t\t\t\t<\/div>\n\t\t\t\t<\/div>\n\t\t\t\t<\/div>\n\t\t\t\t\t<\/div>\n\t\t\t\t<\/div>\n\t\t\t\t<\/div>\n\t\t","protected":false},"excerpt":{"rendered":"<p> [&hellip;]<\/p>\n","protected":false},"author":1,"featured_media":0,"parent":0,"menu_order":0,"comment_status":"closed","ping_status":"closed","template":"elementor_header_footer","meta":{"_acf_changed":false,"inline_featured_image":false,"footnotes":""},"class_list":["post-30049","page","type-page","status-publish","hentry"],"acf":[],"yoast_head":"<!-- This site is optimized with the Yoast SEO plugin v27.0 - https:\/\/yoast.com\/product\/yoast-seo-wordpress\/ -->\n<title>Produzione - CCBS<\/title>\n<meta name=\"robots\" content=\"index, follow, max-snippet:-1, max-image-preview:large, max-video-preview:-1\" \/>\n<link rel=\"canonical\" href=\"https:\/\/ccbs.al\/it\/produzione\/\" \/>\n<meta property=\"og:locale\" content=\"it_IT\" \/>\n<meta property=\"og:type\" content=\"article\" \/>\n<meta property=\"og:title\" content=\"Produzione - CCBS\" \/>\n<meta property=\"og:description\" content=\"[&hellip;]\" \/>\n<meta property=\"og:url\" content=\"https:\/\/ccbs.al\/it\/produzione\/\" \/>\n<meta property=\"og:site_name\" content=\"CCBS\" \/>\n<meta property=\"article:modified_time\" content=\"2026-03-05T14:44:48+00:00\" \/>\n<meta property=\"og:image\" content=\"https:\/\/ccbs.al\/wp-content\/uploads\/2026\/01\/sibeg_produzione_img1b@2x.jpg\" \/>\n\t<meta property=\"og:image:width\" content=\"1274\" \/>\n\t<meta property=\"og:image:height\" content=\"1080\" \/>\n\t<meta property=\"og:image:type\" content=\"image\/jpeg\" \/>\n<meta name=\"twitter:card\" content=\"summary_large_image\" \/>\n<meta name=\"twitter:label1\" content=\"Est. reading time\" \/>\n\t<meta name=\"twitter:data1\" content=\"1 minuto\" \/>\n<script type=\"application\/ld+json\" class=\"yoast-schema-graph\">{\"@context\":\"https:\/\/schema.org\",\"@graph\":[{\"@type\":\"WebPage\",\"@id\":\"https:\/\/ccbs.al\/it\/produzione\/\",\"url\":\"https:\/\/ccbs.al\/it\/produzione\/\",\"name\":\"Produzione - CCBS\",\"isPartOf\":{\"@id\":\"https:\/\/ccbs.al\/it\/#website\"},\"primaryImageOfPage\":{\"@id\":\"https:\/\/ccbs.al\/it\/produzione\/#primaryimage\"},\"image\":{\"@id\":\"https:\/\/ccbs.al\/it\/produzione\/#primaryimage\"},\"thumbnailUrl\":\"https:\/\/ccbs.al\/wp-content\/uploads\/2026\/01\/sibeg_produzione_img1b@2x.jpg\",\"datePublished\":\"2026-01-19T16:09:10+00:00\",\"dateModified\":\"2026-03-05T14:44:48+00:00\",\"breadcrumb\":{\"@id\":\"https:\/\/ccbs.al\/it\/produzione\/#breadcrumb\"},\"inLanguage\":\"it-IT\",\"potentialAction\":[{\"@type\":\"ReadAction\",\"target\":[\"https:\/\/ccbs.al\/it\/produzione\/\"]}]},{\"@type\":\"ImageObject\",\"inLanguage\":\"it-IT\",\"@id\":\"https:\/\/ccbs.al\/it\/produzione\/#primaryimage\",\"url\":\"https:\/\/ccbs.al\/wp-content\/uploads\/2026\/01\/sibeg_produzione_img1b@2x.jpg\",\"contentUrl\":\"https:\/\/ccbs.al\/wp-content\/uploads\/2026\/01\/sibeg_produzione_img1b@2x.jpg\"},{\"@type\":\"BreadcrumbList\",\"@id\":\"https:\/\/ccbs.al\/it\/produzione\/#breadcrumb\",\"itemListElement\":[{\"@type\":\"ListItem\",\"position\":1,\"name\":\"Home\",\"item\":\"https:\/\/ccbs.al\/it\/\"},{\"@type\":\"ListItem\",\"position\":2,\"name\":\"Produzione\"}]},{\"@type\":\"WebSite\",\"@id\":\"https:\/\/ccbs.al\/it\/#website\",\"url\":\"https:\/\/ccbs.al\/it\/\",\"name\":\"CCBS\",\"description\":\"\",\"potentialAction\":[{\"@type\":\"SearchAction\",\"target\":{\"@type\":\"EntryPoint\",\"urlTemplate\":\"https:\/\/ccbs.al\/it\/?s={search_term_string}\"},\"query-input\":{\"@type\":\"PropertyValueSpecification\",\"valueRequired\":true,\"valueName\":\"search_term_string\"}}],\"inLanguage\":\"it-IT\"}]}<\/script>\n<!-- \/ Yoast SEO plugin. -->","yoast_head_json":{"title":"Produzione - CCBS","robots":{"index":"index","follow":"follow","max-snippet":"max-snippet:-1","max-image-preview":"max-image-preview:large","max-video-preview":"max-video-preview:-1"},"canonical":"https:\/\/ccbs.al\/it\/produzione\/","og_locale":"it_IT","og_type":"article","og_title":"Produzione - CCBS","og_description":"[&hellip;]","og_url":"https:\/\/ccbs.al\/it\/produzione\/","og_site_name":"CCBS","article_modified_time":"2026-03-05T14:44:48+00:00","og_image":[{"width":1274,"height":1080,"url":"https:\/\/ccbs.al\/wp-content\/uploads\/2026\/01\/sibeg_produzione_img1b@2x.jpg","type":"image\/jpeg"}],"twitter_card":"summary_large_image","twitter_misc":{"Est. reading time":"1 minuto"},"schema":{"@context":"https:\/\/schema.org","@graph":[{"@type":"WebPage","@id":"https:\/\/ccbs.al\/it\/produzione\/","url":"https:\/\/ccbs.al\/it\/produzione\/","name":"Produzione - CCBS","isPartOf":{"@id":"https:\/\/ccbs.al\/it\/#website"},"primaryImageOfPage":{"@id":"https:\/\/ccbs.al\/it\/produzione\/#primaryimage"},"image":{"@id":"https:\/\/ccbs.al\/it\/produzione\/#primaryimage"},"thumbnailUrl":"https:\/\/ccbs.al\/wp-content\/uploads\/2026\/01\/sibeg_produzione_img1b@2x.jpg","datePublished":"2026-01-19T16:09:10+00:00","dateModified":"2026-03-05T14:44:48+00:00","breadcrumb":{"@id":"https:\/\/ccbs.al\/it\/produzione\/#breadcrumb"},"inLanguage":"it-IT","potentialAction":[{"@type":"ReadAction","target":["https:\/\/ccbs.al\/it\/produzione\/"]}]},{"@type":"ImageObject","inLanguage":"it-IT","@id":"https:\/\/ccbs.al\/it\/produzione\/#primaryimage","url":"https:\/\/ccbs.al\/wp-content\/uploads\/2026\/01\/sibeg_produzione_img1b@2x.jpg","contentUrl":"https:\/\/ccbs.al\/wp-content\/uploads\/2026\/01\/sibeg_produzione_img1b@2x.jpg"},{"@type":"BreadcrumbList","@id":"https:\/\/ccbs.al\/it\/produzione\/#breadcrumb","itemListElement":[{"@type":"ListItem","position":1,"name":"Home","item":"https:\/\/ccbs.al\/it\/"},{"@type":"ListItem","position":2,"name":"Produzione"}]},{"@type":"WebSite","@id":"https:\/\/ccbs.al\/it\/#website","url":"https:\/\/ccbs.al\/it\/","name":"CCBS","description":"","potentialAction":[{"@type":"SearchAction","target":{"@type":"EntryPoint","urlTemplate":"https:\/\/ccbs.al\/it\/?s={search_term_string}"},"query-input":{"@type":"PropertyValueSpecification","valueRequired":true,"valueName":"search_term_string"}}],"inLanguage":"it-IT"}]}},"_links":{"self":[{"href":"https:\/\/ccbs.al\/it\/wp-json\/wp\/v2\/pages\/30049","targetHints":{"allow":["GET"]}}],"collection":[{"href":"https:\/\/ccbs.al\/it\/wp-json\/wp\/v2\/pages"}],"about":[{"href":"https:\/\/ccbs.al\/it\/wp-json\/wp\/v2\/types\/page"}],"author":[{"embeddable":true,"href":"https:\/\/ccbs.al\/it\/wp-json\/wp\/v2\/users\/1"}],"replies":[{"embeddable":true,"href":"https:\/\/ccbs.al\/it\/wp-json\/wp\/v2\/comments?post=30049"}],"version-history":[{"count":4,"href":"https:\/\/ccbs.al\/it\/wp-json\/wp\/v2\/pages\/30049\/revisions"}],"predecessor-version":[{"id":32608,"href":"https:\/\/ccbs.al\/it\/wp-json\/wp\/v2\/pages\/30049\/revisions\/32608"}],"wp:attachment":[{"href":"https:\/\/ccbs.al\/it\/wp-json\/wp\/v2\/media?parent=30049"}],"curies":[{"name":"wp","href":"https:\/\/api.w.org\/{rel}","templated":true}]}}