{"id":29967,"date":"2026-01-13T13:42:22","date_gmt":"2026-01-13T13:42:22","guid":{"rendered":"https:\/\/ccbs.web-devtesting.xyz\/contatti\/"},"modified":"2026-03-06T10:52:18","modified_gmt":"2026-03-06T10:52:18","slug":"contatti","status":"publish","type":"page","link":"https:\/\/ccbs.al\/it\/contatti\/","title":{"rendered":"Contatti"},"content":{"rendered":"\t\t<div data-elementor-type=\"wp-page\" data-elementor-id=\"29967\" class=\"elementor elementor-29967 elementor-248\" data-elementor-post-type=\"page\">\n\t\t\t\t<div class=\"elementor-element elementor-element-ec4fdf5 e-flex e-con-boxed e-con e-parent\" data-id=\"ec4fdf5\" data-element_type=\"container\" data-e-type=\"container\">\n\t\t\t\t\t<div class=\"e-con-inner\">\n\t\t<div class=\"elementor-element elementor-element-ed484a7 e-con-full e-flex e-con e-child\" data-id=\"ed484a7\" data-element_type=\"container\" data-e-type=\"container\">\n\t\t\t\t<div class=\"elementor-element elementor-element-f95a645 elementor-widget__width-initial elementor-widget elementor-widget-heading\" data-id=\"f95a645\" data-element_type=\"widget\" data-e-type=\"widget\" data-widget_type=\"heading.default\">\n\t\t\t\t\t<h2 class=\"elementor-heading-title elementor-size-default\">Sempre al tuo fianco<\/h2>\t\t\t\t<\/div>\n\t\t\t\t<\/div>\n\t\t\t\t\t<\/div>\n\t\t\t\t<\/div>\n\t\t<div class=\"elementor-element elementor-element-79c1446 e-flex e-con-boxed e-con e-parent\" data-id=\"79c1446\" data-element_type=\"container\" data-e-type=\"container\">\n\t\t\t\t\t<div class=\"e-con-inner\">\n\t\t<div class=\"elementor-element elementor-element-e662344 e-con-full color-link e-flex e-con e-child\" data-id=\"e662344\" data-element_type=\"container\" data-e-type=\"container\">\n\t\t\t\t<div class=\"elementor-element elementor-element-ca22ca3 elementor-widget__width-initial elementor-widget elementor-widget-heading\" data-id=\"ca22ca3\" data-element_type=\"widget\" data-e-type=\"widget\" data-widget_type=\"heading.default\">\n\t\t\t\t\t<h2 class=\"elementor-heading-title elementor-size-default\">SEDE CENTRALE<br><\/h2>\t\t\t\t<\/div>\n\t\t\t\t<div class=\"elementor-element elementor-element-730b93a elementor-widget__width-initial elementor-widget elementor-widget-text-editor\" data-id=\"730b93a\" data-element_type=\"widget\" data-e-type=\"widget\" data-widget_type=\"text-editor.default\">\n\t\t\t\t\t\t\t\t\t<p><b>Coca-Cola Bottling Shqip\u00ebria<\/b><br>Rruga Komb\u00ebtare Tiran\u00eb-Durr\u00ebs, km 5, Kashar, Tirana.<\/p>\t\t\t\t\t\t\t\t<\/div>\n\t\t\t\t<div class=\"elementor-element elementor-element-22e86ae elementor-widget__width-initial elementor-widget elementor-widget-text-editor\" data-id=\"22e86ae\" data-element_type=\"widget\" data-e-type=\"widget\" data-widget_type=\"text-editor.default\">\n\t\t\t\t\t\t\t\t\t<p><em><strong>Ufficio Amministrativo<\/strong><\/em><\/p><p>E-mail: <a href=\"mailto:info@cocacola.al\">info@cocacola.al<\/a><br>Numero di telefono: <strong>+355 45 60 6060<\/strong><\/p>\t\t\t\t\t\t\t\t<\/div>\n\t\t\t\t<div class=\"elementor-element elementor-element-bac4b1b elementor-widget__width-initial elementor-widget elementor-widget-text-editor\" data-id=\"bac4b1b\" data-element_type=\"widget\" data-e-type=\"widget\" data-widget_type=\"text-editor.default\">\n\t\t\t\t\t\t\t\t\t<p>Le candidature (CV) inviate a questo indirizzo e-mail non saranno prese in considerazione. Ti invitiamo a utilizzare la sezione <a href=\"https:\/\/ccbs.al\/it\/lavora-con-noi\/\">\u201cLavora con noi\u201d <\/a>del sito web.<br><br> <\/p>\t\t\t\t\t\t\t\t<\/div>\n\t\t\t\t<\/div>\n\t\t<div class=\"elementor-element elementor-element-76188c2 e-con-full e-flex e-con e-child\" data-id=\"76188c2\" data-element_type=\"container\" data-e-type=\"container\">\n\t\t\t\t<div class=\"elementor-element elementor-element-742a85b elementor-widget elementor-widget-google_maps\" data-id=\"742a85b\" data-element_type=\"widget\" data-e-type=\"widget\" data-widget_type=\"google_maps.default\">\n\t\t\t\t\t\t\t<div class=\"elementor-custom-embed\">\n\t\t\t<iframe loading=\"lazy\"\n\t\t\t\t\tsrc=\"https:\/\/maps.google.com\/maps?q=Coca-Cola%20Bottling%20Shqip%C3%ABria&#038;t=m&#038;z=15&#038;output=embed&#038;iwloc=near\"\n\t\t\t\t\ttitle=\"Coca-Cola Bottling Shqip\u00ebria\"\n\t\t\t\t\taria-label=\"Coca-Cola Bottling Shqip\u00ebria\"\n\t\t\t><\/iframe>\n\t\t<\/div>\n\t\t\t\t\t\t<\/div>\n\t\t\t\t<\/div>\n\t\t\t\t\t<\/div>\n\t\t\t\t<\/div>\n\t\t\t\t<\/div>\n\t\t","protected":false},"excerpt":{"rendered":"<p> [&hellip;]<\/p>\n","protected":false},"author":1,"featured_media":0,"parent":0,"menu_order":0,"comment_status":"closed","ping_status":"closed","template":"","meta":{"_acf_changed":false,"inline_featured_image":false,"footnotes":""},"class_list":["post-29967","page","type-page","status-publish","hentry"],"acf":[],"yoast_head":"<!-- This site is optimized with the Yoast SEO plugin v27.0 - https:\/\/yoast.com\/product\/yoast-seo-wordpress\/ -->\n<title>Contatti - CCBS<\/title>\n<meta name=\"robots\" content=\"index, follow, max-snippet:-1, max-image-preview:large, max-video-preview:-1\" \/>\n<link rel=\"canonical\" href=\"https:\/\/ccbs.al\/it\/contatti\/\" \/>\n<meta property=\"og:locale\" content=\"it_IT\" \/>\n<meta property=\"og:type\" content=\"article\" \/>\n<meta property=\"og:title\" content=\"Contatti - CCBS\" \/>\n<meta property=\"og:description\" content=\"[&hellip;]\" \/>\n<meta property=\"og:url\" content=\"https:\/\/ccbs.al\/it\/contatti\/\" \/>\n<meta property=\"og:site_name\" content=\"CCBS\" \/>\n<meta property=\"article:modified_time\" content=\"2026-03-06T10:52:18+00:00\" \/>\n<meta name=\"twitter:card\" content=\"summary_large_image\" \/>\n<script type=\"application\/ld+json\" class=\"yoast-schema-graph\">{\"@context\":\"https:\/\/schema.org\",\"@graph\":[{\"@type\":\"WebPage\",\"@id\":\"https:\/\/ccbs.al\/it\/contatti\/\",\"url\":\"https:\/\/ccbs.al\/it\/contatti\/\",\"name\":\"Contatti - CCBS\",\"isPartOf\":{\"@id\":\"https:\/\/ccbs.al\/it\/#website\"},\"datePublished\":\"2026-01-13T13:42:22+00:00\",\"dateModified\":\"2026-03-06T10:52:18+00:00\",\"breadcrumb\":{\"@id\":\"https:\/\/ccbs.al\/it\/contatti\/#breadcrumb\"},\"inLanguage\":\"it-IT\",\"potentialAction\":[{\"@type\":\"ReadAction\",\"target\":[\"https:\/\/ccbs.al\/it\/contatti\/\"]}]},{\"@type\":\"BreadcrumbList\",\"@id\":\"https:\/\/ccbs.al\/it\/contatti\/#breadcrumb\",\"itemListElement\":[{\"@type\":\"ListItem\",\"position\":1,\"name\":\"Home\",\"item\":\"https:\/\/ccbs.al\/it\/\"},{\"@type\":\"ListItem\",\"position\":2,\"name\":\"Contatti\"}]},{\"@type\":\"WebSite\",\"@id\":\"https:\/\/ccbs.al\/it\/#website\",\"url\":\"https:\/\/ccbs.al\/it\/\",\"name\":\"CCBS\",\"description\":\"\",\"potentialAction\":[{\"@type\":\"SearchAction\",\"target\":{\"@type\":\"EntryPoint\",\"urlTemplate\":\"https:\/\/ccbs.al\/it\/?s={search_term_string}\"},\"query-input\":{\"@type\":\"PropertyValueSpecification\",\"valueRequired\":true,\"valueName\":\"search_term_string\"}}],\"inLanguage\":\"it-IT\"}]}<\/script>\n<!-- \/ Yoast SEO plugin. -->","yoast_head_json":{"title":"Contatti - CCBS","robots":{"index":"index","follow":"follow","max-snippet":"max-snippet:-1","max-image-preview":"max-image-preview:large","max-video-preview":"max-video-preview:-1"},"canonical":"https:\/\/ccbs.al\/it\/contatti\/","og_locale":"it_IT","og_type":"article","og_title":"Contatti - CCBS","og_description":"[&hellip;]","og_url":"https:\/\/ccbs.al\/it\/contatti\/","og_site_name":"CCBS","article_modified_time":"2026-03-06T10:52:18+00:00","twitter_card":"summary_large_image","schema":{"@context":"https:\/\/schema.org","@graph":[{"@type":"WebPage","@id":"https:\/\/ccbs.al\/it\/contatti\/","url":"https:\/\/ccbs.al\/it\/contatti\/","name":"Contatti - CCBS","isPartOf":{"@id":"https:\/\/ccbs.al\/it\/#website"},"datePublished":"2026-01-13T13:42:22+00:00","dateModified":"2026-03-06T10:52:18+00:00","breadcrumb":{"@id":"https:\/\/ccbs.al\/it\/contatti\/#breadcrumb"},"inLanguage":"it-IT","potentialAction":[{"@type":"ReadAction","target":["https:\/\/ccbs.al\/it\/contatti\/"]}]},{"@type":"BreadcrumbList","@id":"https:\/\/ccbs.al\/it\/contatti\/#breadcrumb","itemListElement":[{"@type":"ListItem","position":1,"name":"Home","item":"https:\/\/ccbs.al\/it\/"},{"@type":"ListItem","position":2,"name":"Contatti"}]},{"@type":"WebSite","@id":"https:\/\/ccbs.al\/it\/#website","url":"https:\/\/ccbs.al\/it\/","name":"CCBS","description":"","potentialAction":[{"@type":"SearchAction","target":{"@type":"EntryPoint","urlTemplate":"https:\/\/ccbs.al\/it\/?s={search_term_string}"},"query-input":{"@type":"PropertyValueSpecification","valueRequired":true,"valueName":"search_term_string"}}],"inLanguage":"it-IT"}]}},"_links":{"self":[{"href":"https:\/\/ccbs.al\/it\/wp-json\/wp\/v2\/pages\/29967","targetHints":{"allow":["GET"]}}],"collection":[{"href":"https:\/\/ccbs.al\/it\/wp-json\/wp\/v2\/pages"}],"about":[{"href":"https:\/\/ccbs.al\/it\/wp-json\/wp\/v2\/types\/page"}],"author":[{"embeddable":true,"href":"https:\/\/ccbs.al\/it\/wp-json\/wp\/v2\/users\/1"}],"replies":[{"embeddable":true,"href":"https:\/\/ccbs.al\/it\/wp-json\/wp\/v2\/comments?post=29967"}],"version-history":[{"count":3,"href":"https:\/\/ccbs.al\/it\/wp-json\/wp\/v2\/pages\/29967\/revisions"}],"predecessor-version":[{"id":32718,"href":"https:\/\/ccbs.al\/it\/wp-json\/wp\/v2\/pages\/29967\/revisions\/32718"}],"wp:attachment":[{"href":"https:\/\/ccbs.al\/it\/wp-json\/wp\/v2\/media?parent=29967"}],"curies":[{"name":"wp","href":"https:\/\/api.w.org\/{rel}","templated":true}]}}