{"id":29300,"date":"2026-01-13T13:33:38","date_gmt":"2026-01-13T13:33:38","guid":{"rendered":"https:\/\/ccbs.web-devtesting.xyz\/history\/"},"modified":"2026-03-05T14:31:12","modified_gmt":"2026-03-05T14:31:12","slug":"storia","status":"publish","type":"page","link":"https:\/\/ccbs.al\/it\/storia\/","title":{"rendered":"Storia"},"content":{"rendered":"\t\t<div data-elementor-type=\"wp-page\" data-elementor-id=\"29300\" class=\"elementor elementor-29300 elementor-226\" data-elementor-post-type=\"page\">\n\t\t\t\t<div class=\"elementor-element elementor-element-7f5025c e-flex e-con-boxed e-con e-parent\" data-id=\"7f5025c\" data-element_type=\"container\" data-e-type=\"container\">\n\t\t\t\t\t<div class=\"e-con-inner\">\n\t\t\t\t<div class=\"elementor-element elementor-element-a6a63d6 elementor-widget__width-initial elementor-widget elementor-widget-heading\" data-id=\"a6a63d6\" data-element_type=\"widget\" data-e-type=\"widget\" data-widget_type=\"heading.default\">\n\t\t\t\t\t<h2 class=\"elementor-heading-title elementor-size-default\">Coca-Cola in Albania dal 1994<\/h2>\t\t\t\t<\/div>\n\t\t\t\t\t<\/div>\n\t\t\t\t<\/div>\n\t\t<div class=\"elementor-element elementor-element-057716f e-flex e-con-boxed e-con e-parent\" data-id=\"057716f\" data-element_type=\"container\" data-e-type=\"container\">\n\t\t\t\t\t<div class=\"e-con-inner\">\n\t\t\t\t<div class=\"elementor-element elementor-element-ee646d4 elementor-widget elementor-widget-akt_timeline_history\" data-id=\"ee646d4\" data-element_type=\"widget\" data-e-type=\"widget\" data-widget_type=\"akt_timeline_history.default\">\n\t\t\t\t<div class=\"elementor-widget-container\">\n\t\t\t\t\t    \r\n        <div class=\"akt-timeline-wrapper\">\r\n                            <div class=\"akt-timeline-item \">\r\n                    \r\n                    <div class=\"akt-timeline-year-col\">\r\n                        <div class=\"akt-year-circle\">\r\n                            1994                         <\/div>\r\n                                                    <div class=\"akt-line-connector\"><\/div>\r\n                                            <\/div>\r\n    \r\n                    <div class=\"akt-timeline-image-col\">\r\n                                                    <img decoding=\"async\" src=\"https:\/\/ccbs.al\/wp-content\/uploads\/2026\/02\/1994-e1770805677576.jpg\" alt=\"Fondazione e Inizio Attivit\u00e0\">\r\n                                            <\/div>\r\n    \r\n                    <div class=\"akt-timeline-content-col\">\r\n                                                    <h3 class=\"akt-title\">Fondazione e Inizio Attivit\u00e0<\/h3>\r\n                            \r\n                                                    <div class=\"akt-description\">\r\n                                Nasce la Coca-Cola Bottling Shqip\u00ebria (CCBS) che inizia ufficialmente ad operare in Albania.                             <\/div>\r\n                                            <\/div>\r\n    \r\n                <\/div>\r\n                            <div class=\"akt-timeline-item \">\r\n                    \r\n                    <div class=\"akt-timeline-year-col\">\r\n                        <div class=\"akt-year-circle\">\r\n                            1997                        <\/div>\r\n                                                    <div class=\"akt-line-connector\"><\/div>\r\n                                            <\/div>\r\n    \r\n                    <div class=\"akt-timeline-image-col\">\r\n                                                    <img decoding=\"async\" src=\"https:\/\/ccbs.al\/wp-content\/uploads\/2026\/02\/1997.jpg\" alt=\"Consolidamento del marchio Coca-Cola\">\r\n                                            <\/div>\r\n    \r\n                    <div class=\"akt-timeline-content-col\">\r\n                                                    <h3 class=\"akt-title\">Consolidamento del marchio Coca-Cola<\/h3>\r\n                            \r\n                                                    <div class=\"akt-description\">\r\n                                Coca-Cola si posiziona rapidamente come un marchio iconico nel mercato albanese. Inizia la costruzione della prima rete di distribuzione nazionale, che copre i principali punti vendita e i consumi fuori casa (HoReCa).                            <\/div>\r\n                                            <\/div>\r\n    \r\n                <\/div>\r\n                            <div class=\"akt-timeline-item \">\r\n                    \r\n                    <div class=\"akt-timeline-year-col\">\r\n                        <div class=\"akt-year-circle\">\r\n                            2000                        <\/div>\r\n                                                    <div class=\"akt-line-connector\"><\/div>\r\n                                            <\/div>\r\n    \r\n                    <div class=\"akt-timeline-image-col\">\r\n                                                    <img decoding=\"async\" src=\"https:\/\/ccbs.al\/wp-content\/uploads\/2026\/02\/2000-2010-e1770805757269.jpg\" alt=\"Investimenti ed Espansione dopo la Crisi\">\r\n                                            <\/div>\r\n    \r\n                    <div class=\"akt-timeline-content-col\">\r\n                                                    <h3 class=\"akt-title\">Investimenti ed Espansione dopo la Crisi<\/h3>\r\n                            \r\n                                                    <div class=\"akt-description\">\r\n                                Dopo il 1997, CCBS reinveste in: \n<ul>\n  <li>Nuove line di produzione<\/li>\n  <li>Maggiore capacit\u00e0<\/li>\n  <li>Stabilizzazione operativa<\/li>\n  <li>Il portafoglio si amplia con Fanta e Sprite, rafforzando la presenza sul mercato.<\/li>\n<\/ul>                            <\/div>\r\n                                            <\/div>\r\n    \r\n                <\/div>\r\n                            <div class=\"akt-timeline-item \">\r\n                    \r\n                    <div class=\"akt-timeline-year-col\">\r\n                        <div class=\"akt-year-circle\">\r\n                            2000 - 2010                         <\/div>\r\n                                                    <div class=\"akt-line-connector\"><\/div>\r\n                                            <\/div>\r\n    \r\n                    <div class=\"akt-timeline-image-col\">\r\n                                                    <img decoding=\"async\" src=\"https:\/\/ccbs.al\/wp-content\/uploads\/2026\/02\/2000-e1770805710782.jpg\" alt=\"Costruire un Modello di Business Moderno\">\r\n                                            <\/div>\r\n    \r\n                    <div class=\"akt-timeline-content-col\">\r\n                                                    <h3 class=\"akt-title\">Costruire un Modello di Business Moderno<\/h3>\r\n                            \r\n                                                    <div class=\"akt-description\">\r\n                                CCBS passa da un'operazione iniziale a un modello di business internazionale strutturato. Il portafoglio si espande con marchi come Schweppes e Uji Tepelene. <br>\nSi effettuano continui investimenti in:\n<ul>\n  <li>Tecnologia di produzione<\/li>\n  <li>Standard di qualit\u00e0 e sicurezza alimentare\n  <li>Logistica e distribuzione<\/li>\n  <li>L'azienda diventa un attore chiave nello sviluppo del mercato delle bevande analcoliche in Albania..<\/li>\n<\/ul>\n                            <\/div>\r\n                                            <\/div>\r\n    \r\n                <\/div>\r\n                            <div class=\"akt-timeline-item \">\r\n                    \r\n                    <div class=\"akt-timeline-year-col\">\r\n                        <div class=\"akt-year-circle\">\r\n                            2010 \u2013 2014                        <\/div>\r\n                                                    <div class=\"akt-line-connector\"><\/div>\r\n                                            <\/div>\r\n    \r\n                    <div class=\"akt-timeline-image-col\">\r\n                                                    <img decoding=\"async\" src=\"https:\/\/ccbs.al\/wp-content\/uploads\/2026\/02\/2010-2014.jpg\" alt=\"Leadership di Mercato e 20\u00b0 anniversario\">\r\n                                            <\/div>\r\n    \r\n                    <div class=\"akt-timeline-content-col\">\r\n                                                    <h3 class=\"akt-title\">Leadership di Mercato e 20\u00b0 anniversario<\/h3>\r\n                            \r\n                                                    <div class=\"akt-description\">\r\n                                CCBS celebra il suo 20\u00b0 anniversario nel 2014 e ha lanciato Project 100%, un'iniziativa volta a raggiungere la piena copertura del mercato albanese. <br>\nGli investimenti totali superano i 50 milioni USD.<br>\n                             <\/div>\r\n                                            <\/div>\r\n    \r\n                <\/div>\r\n                            <div class=\"akt-timeline-item \">\r\n                    \r\n                    <div class=\"akt-timeline-year-col\">\r\n                        <div class=\"akt-year-circle\">\r\n                            2015 \u2013 2020                        <\/div>\r\n                                                    <div class=\"akt-line-connector\"><\/div>\r\n                                            <\/div>\r\n    \r\n                    <div class=\"akt-timeline-image-col\">\r\n                                                    <img decoding=\"async\" src=\"https:\/\/ccbs.al\/wp-content\/uploads\/2026\/02\/2015-2020.jpg\" alt=\"Diversificazione del portafoglio\">\r\n                                            <\/div>\r\n    \r\n                    <div class=\"akt-timeline-content-col\">\r\n                                                    <h3 class=\"akt-title\">Diversificazione del portafoglio<\/h3>\r\n                            \r\n                                                    <div class=\"akt-description\">\r\n                                Il portfolio si amplia con Monster Energy e CCBS rafforza il suo ruolo nei settori: HoReCa, commercio moderno e eventi.                             <\/div>\r\n                                            <\/div>\r\n    \r\n                <\/div>\r\n                            <div class=\"akt-timeline-item \">\r\n                    \r\n                    <div class=\"akt-timeline-year-col\">\r\n                        <div class=\"akt-year-circle\">\r\n                            2020 \u2013 2023                        <\/div>\r\n                                                    <div class=\"akt-line-connector\"><\/div>\r\n                                            <\/div>\r\n    \r\n                    <div class=\"akt-timeline-image-col\">\r\n                                                    <img decoding=\"async\" src=\"https:\/\/ccbs.al\/wp-content\/uploads\/2026\/02\/Raporti-i-Qendrueshmerise-2022-Mockup-612x492px.jpg\" alt=\"Sostenibilit\u00e0 e Responsabilit\u00e0\">\r\n                                            <\/div>\r\n    \r\n                    <div class=\"akt-timeline-content-col\">\r\n                                                    <h3 class=\"akt-title\">Sostenibilit\u00e0 e Responsabilit\u00e0<\/h3>\r\n                            \r\n                                                    <div class=\"akt-description\">\r\n                                CCBS rafforza la sua posizione di azienda Viene pubblicato il Primo Bilancio di Sostenibilit\u00e0 del volontariato. Forte attenzione a: ambiente, comunit\u00e0 e standard ESG.con un reale impatto economico e sociale.<br>\n                            <\/div>\r\n                                            <\/div>\r\n    \r\n                <\/div>\r\n                            <div class=\"akt-timeline-item is-last\">\r\n                    \r\n                    <div class=\"akt-timeline-year-col\">\r\n                        <div class=\"akt-year-circle\">\r\n                            2024 \u2013  2026                        <\/div>\r\n                                            <\/div>\r\n    \r\n                    <div class=\"akt-timeline-image-col\">\r\n                                                    <img decoding=\"async\" src=\"https:\/\/ccbs.al\/wp-content\/uploads\/2026\/02\/Foto-Fasada-3-scaled.jpg\" alt=\"Ambizione per la Neutralit\u00e0 Carbonica\">\r\n                                            <\/div>\r\n    \r\n                    <div class=\"akt-timeline-content-col\">\r\n                                                    <h3 class=\"akt-title\">Ambizione per la Neutralit\u00e0 Carbonica<\/h3>\r\n                            \r\n                                                    <div class=\"akt-description\">\r\n                                CCBS annuncia il suo obiettivo di diventare la prima azienda Carbon Neutral in Albania entro il 2030. <br>\nGuidando il suo modello di business in Albania, CCBS mira a passare al livello successivo, diventando la prima azienda a raggiungere la Carbon Neutrality entro il 2030, con una chiara tabella di marcia per azioni e investimenti, contribuendo cos\u00ec a una societ\u00e0 albanese pi\u00f9 brillante.                            <\/div>\r\n                                            <\/div>\r\n    \r\n                <\/div>\r\n                    <\/div>\r\n        \t\t\t\t<\/div>\n\t\t\t\t<\/div>\n\t\t\t\t\t<\/div>\n\t\t\t\t<\/div>\n\t\t\t\t<\/div>\n\t\t","protected":false},"excerpt":{"rendered":"<p> [&hellip;]<\/p>\n","protected":false},"author":1,"featured_media":0,"parent":0,"menu_order":0,"comment_status":"closed","ping_status":"closed","template":"","meta":{"_acf_changed":false,"inline_featured_image":false,"footnotes":""},"class_list":["post-29300","page","type-page","status-publish","hentry"],"acf":[],"yoast_head":"<!-- This site is optimized with the Yoast SEO plugin v27.0 - https:\/\/yoast.com\/product\/yoast-seo-wordpress\/ -->\n<title>Storia - CCBS<\/title>\n<meta name=\"robots\" content=\"index, follow, max-snippet:-1, max-image-preview:large, max-video-preview:-1\" \/>\n<link rel=\"canonical\" href=\"https:\/\/ccbs.al\/it\/storia\/\" \/>\n<meta property=\"og:locale\" content=\"it_IT\" \/>\n<meta property=\"og:type\" content=\"article\" \/>\n<meta property=\"og:title\" content=\"Storia - CCBS\" \/>\n<meta property=\"og:description\" content=\"[&hellip;]\" \/>\n<meta property=\"og:url\" content=\"https:\/\/ccbs.al\/it\/storia\/\" \/>\n<meta property=\"og:site_name\" content=\"CCBS\" \/>\n<meta property=\"article:modified_time\" content=\"2026-03-05T14:31:12+00:00\" \/>\n<meta property=\"og:image\" content=\"https:\/\/ccbs.al\/wp-content\/uploads\/2026\/02\/1994-e1770805677576.jpg\" \/>\n<meta name=\"twitter:card\" content=\"summary_large_image\" \/>\n<meta name=\"twitter:label1\" content=\"Est. reading time\" \/>\n\t<meta name=\"twitter:data1\" content=\"4 minuti\" \/>\n<script type=\"application\/ld+json\" class=\"yoast-schema-graph\">{\"@context\":\"https:\/\/schema.org\",\"@graph\":[{\"@type\":\"WebPage\",\"@id\":\"https:\/\/ccbs.al\/it\/storia\/\",\"url\":\"https:\/\/ccbs.al\/it\/storia\/\",\"name\":\"Storia - CCBS\",\"isPartOf\":{\"@id\":\"https:\/\/ccbs.al\/it\/#website\"},\"primaryImageOfPage\":{\"@id\":\"https:\/\/ccbs.al\/it\/storia\/#primaryimage\"},\"image\":{\"@id\":\"https:\/\/ccbs.al\/it\/storia\/#primaryimage\"},\"thumbnailUrl\":\"https:\/\/ccbs.al\/wp-content\/uploads\/2026\/02\/1994-e1770805677576.jpg\",\"datePublished\":\"2026-01-13T13:33:38+00:00\",\"dateModified\":\"2026-03-05T14:31:12+00:00\",\"breadcrumb\":{\"@id\":\"https:\/\/ccbs.al\/it\/storia\/#breadcrumb\"},\"inLanguage\":\"it-IT\",\"potentialAction\":[{\"@type\":\"ReadAction\",\"target\":[\"https:\/\/ccbs.al\/it\/storia\/\"]}]},{\"@type\":\"ImageObject\",\"inLanguage\":\"it-IT\",\"@id\":\"https:\/\/ccbs.al\/it\/storia\/#primaryimage\",\"url\":\"https:\/\/ccbs.al\/wp-content\/uploads\/2026\/02\/1994-e1770805677576.jpg\",\"contentUrl\":\"https:\/\/ccbs.al\/wp-content\/uploads\/2026\/02\/1994-e1770805677576.jpg\"},{\"@type\":\"BreadcrumbList\",\"@id\":\"https:\/\/ccbs.al\/it\/storia\/#breadcrumb\",\"itemListElement\":[{\"@type\":\"ListItem\",\"position\":1,\"name\":\"Home\",\"item\":\"https:\/\/ccbs.al\/it\/\"},{\"@type\":\"ListItem\",\"position\":2,\"name\":\"Storia\"}]},{\"@type\":\"WebSite\",\"@id\":\"https:\/\/ccbs.al\/it\/#website\",\"url\":\"https:\/\/ccbs.al\/it\/\",\"name\":\"CCBS\",\"description\":\"\",\"potentialAction\":[{\"@type\":\"SearchAction\",\"target\":{\"@type\":\"EntryPoint\",\"urlTemplate\":\"https:\/\/ccbs.al\/it\/?s={search_term_string}\"},\"query-input\":{\"@type\":\"PropertyValueSpecification\",\"valueRequired\":true,\"valueName\":\"search_term_string\"}}],\"inLanguage\":\"it-IT\"}]}<\/script>\n<!-- \/ Yoast SEO plugin. -->","yoast_head_json":{"title":"Storia - CCBS","robots":{"index":"index","follow":"follow","max-snippet":"max-snippet:-1","max-image-preview":"max-image-preview:large","max-video-preview":"max-video-preview:-1"},"canonical":"https:\/\/ccbs.al\/it\/storia\/","og_locale":"it_IT","og_type":"article","og_title":"Storia - CCBS","og_description":"[&hellip;]","og_url":"https:\/\/ccbs.al\/it\/storia\/","og_site_name":"CCBS","article_modified_time":"2026-03-05T14:31:12+00:00","og_image":[{"url":"https:\/\/ccbs.al\/wp-content\/uploads\/2026\/02\/1994-e1770805677576.jpg","type":"","width":"","height":""}],"twitter_card":"summary_large_image","twitter_misc":{"Est. reading time":"4 minuti"},"schema":{"@context":"https:\/\/schema.org","@graph":[{"@type":"WebPage","@id":"https:\/\/ccbs.al\/it\/storia\/","url":"https:\/\/ccbs.al\/it\/storia\/","name":"Storia - CCBS","isPartOf":{"@id":"https:\/\/ccbs.al\/it\/#website"},"primaryImageOfPage":{"@id":"https:\/\/ccbs.al\/it\/storia\/#primaryimage"},"image":{"@id":"https:\/\/ccbs.al\/it\/storia\/#primaryimage"},"thumbnailUrl":"https:\/\/ccbs.al\/wp-content\/uploads\/2026\/02\/1994-e1770805677576.jpg","datePublished":"2026-01-13T13:33:38+00:00","dateModified":"2026-03-05T14:31:12+00:00","breadcrumb":{"@id":"https:\/\/ccbs.al\/it\/storia\/#breadcrumb"},"inLanguage":"it-IT","potentialAction":[{"@type":"ReadAction","target":["https:\/\/ccbs.al\/it\/storia\/"]}]},{"@type":"ImageObject","inLanguage":"it-IT","@id":"https:\/\/ccbs.al\/it\/storia\/#primaryimage","url":"https:\/\/ccbs.al\/wp-content\/uploads\/2026\/02\/1994-e1770805677576.jpg","contentUrl":"https:\/\/ccbs.al\/wp-content\/uploads\/2026\/02\/1994-e1770805677576.jpg"},{"@type":"BreadcrumbList","@id":"https:\/\/ccbs.al\/it\/storia\/#breadcrumb","itemListElement":[{"@type":"ListItem","position":1,"name":"Home","item":"https:\/\/ccbs.al\/it\/"},{"@type":"ListItem","position":2,"name":"Storia"}]},{"@type":"WebSite","@id":"https:\/\/ccbs.al\/it\/#website","url":"https:\/\/ccbs.al\/it\/","name":"CCBS","description":"","potentialAction":[{"@type":"SearchAction","target":{"@type":"EntryPoint","urlTemplate":"https:\/\/ccbs.al\/it\/?s={search_term_string}"},"query-input":{"@type":"PropertyValueSpecification","valueRequired":true,"valueName":"search_term_string"}}],"inLanguage":"it-IT"}]}},"_links":{"self":[{"href":"https:\/\/ccbs.al\/it\/wp-json\/wp\/v2\/pages\/29300","targetHints":{"allow":["GET"]}}],"collection":[{"href":"https:\/\/ccbs.al\/it\/wp-json\/wp\/v2\/pages"}],"about":[{"href":"https:\/\/ccbs.al\/it\/wp-json\/wp\/v2\/types\/page"}],"author":[{"embeddable":true,"href":"https:\/\/ccbs.al\/it\/wp-json\/wp\/v2\/users\/1"}],"replies":[{"embeddable":true,"href":"https:\/\/ccbs.al\/it\/wp-json\/wp\/v2\/comments?post=29300"}],"version-history":[{"count":7,"href":"https:\/\/ccbs.al\/it\/wp-json\/wp\/v2\/pages\/29300\/revisions"}],"predecessor-version":[{"id":32600,"href":"https:\/\/ccbs.al\/it\/wp-json\/wp\/v2\/pages\/29300\/revisions\/32600"}],"wp:attachment":[{"href":"https:\/\/ccbs.al\/it\/wp-json\/wp\/v2\/media?parent=29300"}],"curies":[{"name":"wp","href":"https:\/\/api.w.org\/{rel}","templated":true}]}}